{"id":1641,"date":"2021-10-13T11:19:20","date_gmt":"2021-10-13T11:19:20","guid":{"rendered":"https:\/\/www.iberfruta.es\/politica-de-cookies\/"},"modified":"2022-03-25T10:28:35","modified_gmt":"2022-03-25T09:28:35","slug":"politica-dei-cookie","status":"publish","type":"page","link":"https:\/\/www.iberfruta.es\/it\/politica-dei-cookie\/","title":{"rendered":"Politica dei cookie"},"content":{"rendered":"<div class=\"wpb-content-wrapper\"><p>[vc_row el_class=&#8221;section-interior-texto section-first&#8221;][vc_column el_class=&#8221;container&#8221;][vc_column_text]Un cookie \u00e8 un file che viene scaricato sul computer dell\u2019utente quando accede a certi siti web. I cookie permettono a un sito web, tra le altre cose, di immagazzinare e recuperare informazioni sulle abitudini di navigazione di un utente o del suo computer e, secondo le informazioni che contengono e secondo il modo in cui si usa il computer, possono essere utilizzati per riconoscere l&#8217;utente. Il browser dell&#8217;utente memorizza i cookie sull\u2019hard disk solo durante la sessione in corso, occupando uno spazio di memoria minimo, senza danneggiare il computer. I cookie non contengono informazioni personali specifiche e la maggior parte dei cookie viene cancellata dall\u2019hard disk alla fine della sessione del browser (i cosiddetti cookie di sessione).<\/p>\n<p>La maggior parte dei browser accettano i cookie come standard e, indipendentemente da essi, permettono o impediscono i cookie temporanei o memorizzati nelle impostazioni di sicurezza.<\/p>\n<p>Senza il consenso espresso da parte dell\u2019utente (attivando i cookie nel proprio browser) Iberfruta non collegher\u00e0 nei cookie i dati memorizzati con i dati personali dell\u2019utente forniti al momento della registrazione o dell&#8217;acquisto.<\/p>\n<p><strong>Quali tipi di cookie utilizza questo sito web?<\/strong><\/p>\n<ul>\n<li><strong>Cookie tecnici<\/strong>:\u00a0Sono quelli che permettono all&#8217;utente di navigare in un sito web, piattaforma o applicazione, e di utilizzare le diverse opzioni o servizi che esistono in esso come, per esempio, controllare il traffico e la comunicazione dei dati, identificare la sessione, accedere a parti ad accesso limitato, ricordare gli elementi che compongono un ordine, realizzare il processo di acquisto di un ordine, richiedere la registrazione o la partecipazione a un evento, utilizzare elementi di sicurezza durante la navigazione, memorizzare i contenuti per la diffusione di video o suoni o condividere contenuti attraverso i social network.<\/li>\n<li><strong> Cookie di personalizzazione:\u00a0<\/strong>Questi cookie permettono all&#8217;utente di accedere al servizio con alcune caratteristiche generali predefinite in funzione di una serie di criteri nel terminale dell&#8217;utente, come la lingua, il tipo di browser utilizzato per accedere al servizio, la configurazione regionale da cui si accede al servizio, ecc.<\/li>\n<li><strong> Cookies de an\u00e1lisis:<\/strong>Son aqu\u00e9llas que bien tratadas por nosotros o por terceros, nos permiten cuantificar el n\u00famero de usuarios y as\u00ed realizar la medici\u00f3n y an\u00e1lisis estad\u00edstico de la utilizaci\u00f3n que hacen los usuarios del servicio ofertado. Para ello se analiza su navegaci\u00f3n en nuestra p\u00e1gina web con el fin de mejorar la oferta de productos o servicios que le ofrecemos.<\/li>\n<li><strong> Cookie pubblicitari:<\/strong> Sono cookie che, trattati da noi o da terzi, ci permettono di gestire nel modo pi\u00f9 efficace possibile l&#8217;offerta di spazi pubblicitari sul sito web, adattando il contenuto dell&#8217;annuncio al contenuto del servizio richiesto o all&#8217;uso che l\u2019utente fa del nostro sito web. A tal fine, possiamo analizzare le abitudini di navigazione in Internet dell\u2019utente e possiamo mostrargli pubblicit\u00e0 affini al suo profilo di navigazione.<\/li>\n<li><strong> Cookie di pubblicit\u00e0 comportamentale:<\/strong> Questi cookie permettono di gestire nel modo pi\u00f9 efficace possibile gli spazi pubblicitari che l&#8217;editore pu\u00f2 inserire nel sito web, nell\u2019applicazione o nella piattaforma da cui viene fornito il servizio richiesto. Questi cookie memorizzano informazioni sul comportamento degli utenti, ottenute attraverso l&#8217;osservazione continua delle loro abitudini di navigazione, il che permette di sviluppare un profilo specifico al fine di mostrare pubblicit\u00e0 mirata in funzione del loro comportamento.<\/li>\n<li><strong> Cookie di terze parti:<\/strong> Il sito web di Iberfruta pu\u00f2 utilizzare servizi di terze parti che, per conto di Iberfruta, raccolgono informazioni a fini statistici sull\u2019uso del sito da parte dell&#8217;utente e per la fornitura di altri servizi relativi all&#8217;attivit\u00e0 del sito web e di altri servizi Internet.<\/li>\n<\/ul>\n<p>In particolare, questo sito web utilizza Google Analytics, un servizio di analisi web fornito da Google, Inc. con sede a 1600 Amphitheatre Parkway, Mountain View, California 94043, Stati Uniti. Per fornire questi servizi vengono utilizzati cookie che raccolgono informazioni, tra cui l&#8217;indirizzo IP dell&#8217;utente, che vengono trasmesse, elaborate e conservate da Google in conformit\u00e0 alle condizioni indicate sul sito Google.com. Ci\u00f2 include l&#8217;eventuale trasmissione di tali informazioni a terzi per motivi di obbligo legale o laddove tali terzi trattino le informazioni per conto di Google.<br \/>\n(A questo punto l\u2019agenzia spagnola per la protezione dei dati, AGPD, suggerisce di includere ciascuno dei cookie di terzi utilizzati e i dettagli di questi terzi. Per ovvie ragioni \u00e8 stato incluso solo Google Analytics in questo modello, in quanto si tratta dello strumento di analisi e seguimento pi\u00f9 diffuso e comune).<\/p>\n<p>L&#8217;utente accetta espressamente, attraverso l\u2019uso di questo sito, il trattamento delle informazioni raccolte nel modo e per le finalit\u00e0 di cui sopra. L\u2019utente riconosce inoltre di essere a conoscenza della possibilit\u00e0 di rifiutare il trattamento di tali dati o informazioni rifiutando l&#8217;uso dei cookie attraverso la selezione delle impostazioni appropriate nel proprio browser. Tuttavia questa opzione di blocco dei cookie nel proprio browser potrebbe non permettere di utilizzare appieno tutte le funzionalit\u00e0 del sito web.<\/p>\n<p>L\u2019utente pu\u00f2 permettere, bloccare o cancellare i cookie installati sul proprio computer configurando le opzioni del browser installato sul proprio computer:<\/p>\n<ul>\n<li><a href=\"https:\/\/support.google.com\/chrome\/answer\/95647?hl=es\">Chrome<\/a><\/li>\n<li><a href=\"https:\/\/support.microsoft.com\/kb\/196955\/es\">Explorer<\/a><\/li>\n<li><a href=\"https:\/\/support.mozilla.org\/es\/kb\/cookies-informacion-que-los-sitios-web-guardan-en-?redirectlocale=en-US&amp;redirectslug=Cookies\">Firefox<\/a><\/li>\n<li><a href=\"https:\/\/support.apple.com\/es-es\/HT201265\">Safari<\/a><\/li>\n<\/ul>\n<p>In caso di dubbi sulla presente politica dei cookie, contattare Iberfruta all&#8217;indirizzo <a href=\"mailto:info@iberfruta.es\"><em><strong>info@iberfruta.es<\/strong><\/em><\/a><\/p>\n<p>Di seguito informiamo in dettaglio dei cookie che possono essere installati dal nostro sito web www.iberfruta.es; secondo le abitudini di navigazione dell\u2019utente, potrebbero essere installati tutti o solo alcuni di essi.<\/p>\n<div class=\"table-responsive\">\n<table class=\"table table-striped\">\n<thead>\n<tr>\n<th class=\"destaca-lista\">Dominio<\/th>\n<th class=\"destaca-lista\">Nome del cookie<\/th>\n<th class=\"destaca-lista\">Descrizione<\/th>\n<th class=\"Destaca-lista\">Tempo di scadenza<\/th>\n<th class=\"destaca-lista\">Altre informazioni<\/th>\n<\/tr>\n<\/thead>\n<tbody>\n<tr>\n<td>www.iberfruta.es<\/td>\n<td>PHPSESSID<\/td>\n<td>Cookie utilizzato dal linguaggio di programmazione PHP per permettere la memorizzazione di variabili di sessione sul server web. Questo cookie \u00e8 essenziale per il funzionamento del sito web.<\/td>\n<td>Data di scadenza: Al termine della sessione<\/td>\n<td><a href=\"http:\/\/www.iberfruta.es\/aviso-legal\" target=\"_blank\" rel=\"noopener noreferrer\">Politica sulla privacy<\/a><\/td>\n<\/tr>\n<tr>\n<td>www.iberfruta.es<\/td>\n<td>_ga<\/td>\n<td>Google Analytics \u00e8 uno strumento di analisi web gratuito di Google che permette principalmente ai proprietari di siti web di capire come gli utenti interagiscono con il loro sito web. Permette inoltre ai cookie di raccogliere informazioni in modo anonimo e di elaborare report sulle tendenze del sito web senza identificare i singoli utenti.<\/td>\n<td>Data di scadenza: 24 mesi (2 anni)<\/td>\n<td><a href=\"https:\/\/policies.google.com\/privacy?hl=es\" target=\"_blank\" rel=\"noopener noreferrer\">Politica sulla privacy<\/a><\/td>\n<\/tr>\n<tr>\n<td>www.iberfruta.es<\/td>\n<td>_gid<\/td>\n<td>Strumenti analitici (servizio Google Analytics): \u00c8 usato per distinguere gli utenti. Utilizziamo i cookie di Google Analytics incorporati nel nostro sito web per raccogliere informazioni su come i visitatori navigano nel nostro sito. Usiamo le informazioni raccolte per compilare rapporti e migliorare il sito. I cookie raccolgono informazioni in forma anonima, tra cui il numero di visitatori, da dove sono arrivati al nostro sito e le pagine che hanno visitato nel nostro sito.<\/td>\n<td>Data di scadenza: 1 giorno<\/td>\n<td><a href=\"https:\/\/policies.google.com\/privacy?hl=es\" target=\"_blank\" rel=\"noopener noreferrer\">Politica sulla privacy<\/a><\/td>\n<\/tr>\n<tr>\n<td>www.iberfruta.es<\/td>\n<td>_gat<\/td>\n<td>Strumenti analitici (servizio Google Analytics): Usato per limitare la percentuale di richieste. Utilizziamo i cookie di Google Analytics incorporati nel nostro sito web per raccogliere informazioni su come i visitatori navigano nel nostro sito. Usiamo le informazioni raccolte per compilare rapporti e migliorare il sito. I cookie raccolgono informazioni in forma anonima, tra cui il numero di visitatori, da dove questi sono arrivati al nostro sito e le pagine che hanno visitato nel nostro sito.<\/td>\n<td>Data di scadenza: 10 minuti<\/td>\n<td><a href=\"https:\/\/policies.google.com\/privacy?hl=es\" target=\"_blank\" rel=\"noopener noreferrer\">Politica sulla privacy<\/a><\/td>\n<\/tr>\n<tr>\n<td>www.iberfruta.es<\/td>\n<td>wp_settings_1, wp_settings_time_1<\/td>\n<td>Installano cookie tecnici che ci facilitano l&#8217;invio di moduli e l&#8217;identificazione dell&#8217;utente quando si registra su WordPress.<\/td>\n<td>Data di scadenza: 1 anno dall\u2019inizio della sessione.<\/td>\n<td><a href=\"http:\/\/www.iberfruta.es\/aviso-legal\" target=\"_blank\" rel=\"noopener noreferrer\">Politica sulla privacy<\/a><\/td>\n<\/tr>\n<tr>\n<td>www.iberfruta.es<\/td>\n<td>wp_test_cookie<\/td>\n<td>Installano cookie tecnici che ci facilitano l&#8217;invio di moduli e l&#8217;identificazione dell&#8217;utente quando si registra su WordPress.<\/td>\n<td>Data di scadenza: di sessione.<\/td>\n<td><a href=\"http:\/\/www.iberfruta.es\/aviso-legal\" target=\"_blank\" rel=\"noopener noreferrer\">Politica sulla privacy<\/a><\/td>\n<\/tr>\n<tr>\n<td>www.iberfruta.es<\/td>\n<td>gp_cookies_closed<\/td>\n<td>Cookie che indica che l&#8217;utente ha chiuso la finestra delle preferenze dei cookie.<\/td>\n<td>Data di scadenza: 24 mesi (2 anni)<\/td>\n<td><a href=\"https:\/\/www.iberfruta.es\/aviso-legal\/\/\" rel=\"noopener noreferrer\">Politica sulla privacy<\/a><\/td>\n<\/tr>\n<tr>\n<td>www.iberfruta.es<\/td>\n<td>gp_cookies_groups<\/td>\n<td>Cookie che raccoglie i gruppi di cookie che l&#8217;utente accetta e che noi installiamo.<\/td>\n<td>Data di scadenza: 24 mesi (2 anni)<\/td>\n<td><a href=\"https:\/\/www.iberfruta.es\/aviso-legal\/\/\" rel=\"noopener noreferrer\">Politica sulla privacy\/a&gt;<\/a><\/td>\n<\/tr>\n<tr>\n<td>google.com<\/td>\n<td>1P_JAR<\/td>\n<td>Memorizzazione delle preferenze dell&#8217;utente di Google.<\/td>\n<td>Data di scadenza: 1 settimana<\/td>\n<td><a href=\"http:\/\/www.google.com\/intl\/es_ALL\/privacypolicy.html\" target=\"_blank\" rel=\"noopener noreferrer\">Politica sulla privacy<\/a><\/td>\n<\/tr>\n<tr>\n<td>google.com<\/td>\n<td>NID, AID, ANID, identificador de canal<\/td>\n<td>Pubblicit\u00e0. Migliora la pubblicit\u00e0, spesso usata per indirizzare l&#8217;utente.<\/td>\n<td>Data di scadenza: 6 mesi<\/td>\n<td><a href=\"http:\/\/www.google.com\/intl\/es_ALL\/privacypolicy.html\" target=\"_blank\" rel=\"noopener noreferrer\">Politica sulla privacy<\/a><\/td>\n<\/tr>\n<tr>\n<td>google.com<\/td>\n<td>CONSENT<\/td>\n<td>Pubblicit\u00e0. Migliora la pubblicit\u00e0, spesso usata per indirizzare l&#8217;utente.<\/td>\n<td>Data di scadenza: 6 mesi<\/td>\n<td><a href=\"http:\/\/www.google.com\/intl\/es_ALL\/privacypolicy.html\" target=\"_blank\" rel=\"noopener noreferrer\">Politica sulla privacy<\/a><\/td>\n<\/tr>\n<tr>\n<td>google.com<\/td>\n<td>__Secure-3PAPISID, __Secure-3PSID, __Secure-APISID, __Secure-HSID, __Secure-SSID<\/td>\n<td>Pubblicit\u00e0. Questi cookie sono utilizzati per fornire annunci pi\u00f9 pertinenti per l\u2019utente in base ai suoi interessi.<\/td>\n<td>Data di scadenza: 2 anni<\/td>\n<td><a href=\"https:\/\/policies.google.com\/technologies\/ads?hl=es\">Politica sulla privacy<\/a><\/td>\n<\/tr>\n<tr>\n<td>doubleclick.net<\/td>\n<td>DSID, IDE<\/td>\n<td>Cookie DoubleClick, che viene utilizzato da Google AdSense per registrare e produrre rapporti sulle azioni dell&#8217;utente sul sito web dopo aver visualizzato o cliccato su uno degli inserzionisti pubblicitari, al fine di misurare l&#8217;efficacia della pubblicit\u00e0 e la presentazione di annunci mirati all&#8217;utente.<\/td>\n<td>Data di scadenza: 2 anni<\/td>\n<td><a href=\"https:\/\/policies.google.com\/technologies\/ads?hl=es\">Politica sulla privacy<\/a><\/td>\n<\/tr>\n<\/tbody>\n<\/table>\n<\/div>\n<p><strong>Come gestire le impostazioni dei cookie?<\/strong><\/p>\n<p>Quando l&#8217;utente accede per la prima volta al nostro sito web, viene visualizzata una finestra che permette all&#8217;utente di accettare i cookie, configurarne il trattamento o rifiutarli.<\/p>\n<p>A questo proposito, si fornisce di seguito un pannello di configurazione che permette di accettare o rifiutare l&#8217;installazione di cookie, ad eccezione di quelli strettamente necessari, senza i quali il sito web non funzionerebbe correttamente o non sarebbe possibile fornire il servizio richiesto dall&#8217;utente.<\/p>\n<p><a class=\"open-gp-cookies\" href=\"#\">Impostare i cookie<\/a>[\/vc_column_text][\/vc_column][\/vc_row]<\/p>\n<\/div>","protected":false},"excerpt":{"rendered":"<p>[vc_row el_class=&#8221;section-interior-texto section-first&#8221;][vc_column el_class=&#8221;container&#8221;][vc_column_text]Un cookie \u00e8 un file che viene scaricato sul computer dell\u2019utente quando accede a certi siti web. I cookie permettono a un sito web, tra le altre cose, di immagazzinare e recuperare informazioni sulle abitudini di navigazione di un utente o del suo computer e, secondo le informazioni che contengono e secondo [&hellip;]<\/p>\n","protected":false},"author":1,"featured_media":0,"parent":0,"menu_order":0,"comment_status":"closed","ping_status":"closed","template":"","meta":{"_acf_changed":false,"footnotes":""},"class_list":["post-1641","page","type-page","status-publish","hentry"],"acf":[],"yoast_head":"<!-- This site is optimized with the Yoast SEO plugin v27.2 - https:\/\/yoast.com\/product\/yoast-seo-wordpress\/ -->\n<title>Politica dei cookie - Iberfruta<\/title>\n<meta name=\"robots\" content=\"index, follow, max-snippet:-1, max-image-preview:large, max-video-preview:-1\" \/>\n<link rel=\"canonical\" href=\"https:\/\/www.iberfruta.es\/it\/politica-dei-cookie\/\" \/>\n<meta property=\"og:locale\" content=\"it_IT\" \/>\n<meta property=\"og:type\" content=\"article\" \/>\n<meta property=\"og:title\" content=\"Politica dei cookie - Iberfruta\" \/>\n<meta property=\"og:description\" content=\"[vc_row el_class=&#8221;section-interior-texto section-first&#8221;][vc_column el_class=&#8221;container&#8221;][vc_column_text]Un cookie \u00e8 un file che viene scaricato sul computer dell\u2019utente quando accede a certi siti web. I cookie permettono a un sito web, tra le altre cose, di immagazzinare e recuperare informazioni sulle abitudini di navigazione di un utente o del suo computer e, secondo le informazioni che contengono e secondo [&hellip;]\" \/>\n<meta property=\"og:url\" content=\"https:\/\/www.iberfruta.es\/it\/politica-dei-cookie\/\" \/>\n<meta property=\"og:site_name\" content=\"Iberfruta\" \/>\n<meta property=\"article:modified_time\" content=\"2022-03-25T09:28:35+00:00\" \/>\n<meta property=\"og:image\" content=\"https:\/\/www.iberfruta.es\/wp-content\/uploads\/2022\/03\/fb-share.png\" \/>\n\t<meta property=\"og:image:width\" content=\"1200\" \/>\n\t<meta property=\"og:image:height\" content=\"630\" \/>\n\t<meta property=\"og:image:type\" content=\"image\/png\" \/>\n<meta name=\"twitter:card\" content=\"summary_large_image\" \/>\n<meta name=\"twitter:label1\" content=\"Tempo di lettura stimato\" \/>\n\t<meta name=\"twitter:data1\" content=\"7 minuti\" \/>\n<script type=\"application\/ld+json\" class=\"yoast-schema-graph\">{\"@context\":\"https:\/\/schema.org\",\"@graph\":[{\"@type\":\"WebPage\",\"@id\":\"https:\/\/www.iberfruta.es\/it\/politica-dei-cookie\/\",\"url\":\"https:\/\/www.iberfruta.es\/it\/politica-dei-cookie\/\",\"name\":\"Politica dei cookie - Iberfruta\",\"isPartOf\":{\"@id\":\"https:\/\/www.iberfruta.es\/#website\"},\"datePublished\":\"2021-10-13T11:19:20+00:00\",\"dateModified\":\"2022-03-25T09:28:35+00:00\",\"inLanguage\":\"it-IT\",\"potentialAction\":[{\"@type\":\"ReadAction\",\"target\":[\"https:\/\/www.iberfruta.es\/it\/politica-dei-cookie\/\"]}]},{\"@type\":\"WebSite\",\"@id\":\"https:\/\/www.iberfruta.es\/#website\",\"url\":\"https:\/\/www.iberfruta.es\/\",\"name\":\"Iberfruta\",\"description\":\"\",\"potentialAction\":[{\"@type\":\"SearchAction\",\"target\":{\"@type\":\"EntryPoint\",\"urlTemplate\":\"https:\/\/www.iberfruta.es\/?s={search_term_string}\"},\"query-input\":{\"@type\":\"PropertyValueSpecification\",\"valueRequired\":true,\"valueName\":\"search_term_string\"}}],\"inLanguage\":\"it-IT\"}]}<\/script>\n<!-- \/ Yoast SEO plugin. -->","yoast_head_json":{"title":"Politica dei cookie - Iberfruta","robots":{"index":"index","follow":"follow","max-snippet":"max-snippet:-1","max-image-preview":"max-image-preview:large","max-video-preview":"max-video-preview:-1"},"canonical":"https:\/\/www.iberfruta.es\/it\/politica-dei-cookie\/","og_locale":"it_IT","og_type":"article","og_title":"Politica dei cookie - Iberfruta","og_description":"[vc_row el_class=&#8221;section-interior-texto section-first&#8221;][vc_column el_class=&#8221;container&#8221;][vc_column_text]Un cookie \u00e8 un file che viene scaricato sul computer dell\u2019utente quando accede a certi siti web. I cookie permettono a un sito web, tra le altre cose, di immagazzinare e recuperare informazioni sulle abitudini di navigazione di un utente o del suo computer e, secondo le informazioni che contengono e secondo [&hellip;]","og_url":"https:\/\/www.iberfruta.es\/it\/politica-dei-cookie\/","og_site_name":"Iberfruta","article_modified_time":"2022-03-25T09:28:35+00:00","og_image":[{"width":1200,"height":630,"url":"https:\/\/www.iberfruta.es\/wp-content\/uploads\/2022\/03\/fb-share.png","type":"image\/png"}],"twitter_card":"summary_large_image","twitter_misc":{"Tempo di lettura stimato":"7 minuti"},"schema":{"@context":"https:\/\/schema.org","@graph":[{"@type":"WebPage","@id":"https:\/\/www.iberfruta.es\/it\/politica-dei-cookie\/","url":"https:\/\/www.iberfruta.es\/it\/politica-dei-cookie\/","name":"Politica dei cookie - Iberfruta","isPartOf":{"@id":"https:\/\/www.iberfruta.es\/#website"},"datePublished":"2021-10-13T11:19:20+00:00","dateModified":"2022-03-25T09:28:35+00:00","inLanguage":"it-IT","potentialAction":[{"@type":"ReadAction","target":["https:\/\/www.iberfruta.es\/it\/politica-dei-cookie\/"]}]},{"@type":"WebSite","@id":"https:\/\/www.iberfruta.es\/#website","url":"https:\/\/www.iberfruta.es\/","name":"Iberfruta","description":"","potentialAction":[{"@type":"SearchAction","target":{"@type":"EntryPoint","urlTemplate":"https:\/\/www.iberfruta.es\/?s={search_term_string}"},"query-input":{"@type":"PropertyValueSpecification","valueRequired":true,"valueName":"search_term_string"}}],"inLanguage":"it-IT"}]}},"_links":{"self":[{"href":"https:\/\/www.iberfruta.es\/it\/wp-json\/wp\/v2\/pages\/1641","targetHints":{"allow":["GET"]}}],"collection":[{"href":"https:\/\/www.iberfruta.es\/it\/wp-json\/wp\/v2\/pages"}],"about":[{"href":"https:\/\/www.iberfruta.es\/it\/wp-json\/wp\/v2\/types\/page"}],"author":[{"embeddable":true,"href":"https:\/\/www.iberfruta.es\/it\/wp-json\/wp\/v2\/users\/1"}],"replies":[{"embeddable":true,"href":"https:\/\/www.iberfruta.es\/it\/wp-json\/wp\/v2\/comments?post=1641"}],"version-history":[{"count":4,"href":"https:\/\/www.iberfruta.es\/it\/wp-json\/wp\/v2\/pages\/1641\/revisions"}],"predecessor-version":[{"id":1772,"href":"https:\/\/www.iberfruta.es\/it\/wp-json\/wp\/v2\/pages\/1641\/revisions\/1772"}],"wp:attachment":[{"href":"https:\/\/www.iberfruta.es\/it\/wp-json\/wp\/v2\/media?parent=1641"}],"curies":[{"name":"wp","href":"https:\/\/api.w.org\/{rel}","templated":true}]}}