{"id":1640,"date":"2021-10-13T11:19:41","date_gmt":"2021-10-13T11:19:41","guid":{"rendered":"https:\/\/www.iberfruta.es\/politica-corporativa\/"},"modified":"2022-03-25T10:43:00","modified_gmt":"2022-03-25T09:43:00","slug":"politica-aziendale","status":"publish","type":"page","link":"https:\/\/www.iberfruta.es\/it\/politica-aziendale\/","title":{"rendered":"Politica aziendale"},"content":{"rendered":"<div class=\"wpb-content-wrapper\"><p>[vc_row el_class=&#8221;section-texto section-lista section-text-legal section-first section-interior-texto&#8221;][vc_column el_class=&#8221;container&#8221;][vc_column_text]<\/p>\n<h2>Politica aziendale<\/h2>\n<p>La Direzione della IBERFRUTA-M., S.A., azienda dedicata alla produzione di polpa e purea di frutta, con l&#8217;obiettivo di adattare la sua attivit\u00e0 alle esigenze attuali in termini di:<\/p>\n<ul>\n<li>Qualit\u00e0, legalit\u00e0 e sicurezza del prodotto<\/li>\n<li>Soddisfazione del cliente<\/li>\n<li>Miglioramento continuo<\/li>\n<li>Responsabilit\u00e0 e sostenibilit\u00e0 ambientale<\/li>\n<li>Responsabilit\u00e0 etica e professionale<\/li>\n<\/ul>\n<p>Elabora politiche che si occupano di:<\/p>\n<ul>\n<li>Qualit\u00e0-sicurezza del prodotto<\/li>\n<li>Ambiente<\/li>\n<li>Salute e sicurezza sul lavoro<\/li>\n<\/ul>\n<p>Prevede inoltre, per quanto possibile, le esigenze che possono essere richieste dall&#8217;industria alimentare in futuro.<br \/>\nPer realizzare tutte le azioni proposte nelle diverse Politiche, la Direzione parte dal presupposto che siano disponibili le risorse necessarie (finanziarie, umane, di know-how, tecnologiche).<\/p>\n<h2>POLITICA DELLA QUALIT\u00c0<\/h2>\n<p>L&#8217;impegno di IBERFRUTA-M per la qualit\u00e0, la legalit\u00e0 e la sicurezza dei prodotti, cos\u00ec come per la soddisfazione del cliente e per il miglioramento continuo si basa sulle seguenti premesse:<\/p>\n<ul>\n<li>Attuazione e rispetto del sistema di qualit\u00e0 e sicurezza alimentare con il conseguente impegno della Direzione per il suo sviluppo. La base di tale sistema sono i 7 principi del sistema HACCP del Codex Alimentarius.<\/li>\n<li>Rispetto delle norme giuridiche vigenti applicabili all&#8217;attivit\u00e0 dell&#8217;azienda.<\/li>\n<li>Soddisfazione del cliente come strategia di base tenendo in considerazione, tra l&#8217;altro, le aspettative del prodotto realizzato, l&#8217;ottimizzazione delle produzioni a livello tecnico ed economico, lo sviluppo di progetti di R&amp;S&amp;I, il supporto tecnico interno ed esterno nei confronti dei nostri clienti&#8230;<\/li>\n<li>Miglioramento continuo dell&#8217;efficacia del sistema di qualit\u00e0 e sicurezza alimentare. Obiettivo che sar\u00e0 raggiunto attraverso il monitoraggio delle azioni preventive e correttive, l&#8217;analisi degli audit interni ed esterni, l&#8217;analisi degli indicatori e degli obiettivi di qualit\u00e0.<\/li>\n<li>Rafforzamento della cultura del lavoro di squadra nell&#8217;area della qualit\u00e0 e della sicurezza alimentare. Attraverso la formazione, l\u2019istruzione e la sensibilizzazione di tutto il personale su qualit\u00e0 e sicurezza alimentare negli aspetti richiesti dal proprio posto di lavoro.<\/li>\n<\/ul>\n<h2>POLITICA AMBIENTALE<\/h2>\n<p>I principi di base che regolano questa politica sono i seguenti:<\/p>\n<ul>\n<li>Applicare una politica di miglioramento continuo in materia ambientale e implementare un sistema di gestione e controllo efficace per raggiungere gli obiettivi proposti.<\/li>\n<li>Rispettare la legislazione vigente applicabile all&#8217;attivit\u00e0, cos\u00ec come tutti i requisiti normativi applicabili delle Amministrazioni.<\/li>\n<li>Gestire in modo corretti i rifiuti per prevenire l&#8217;inquinamento ambientale, garantendo cos\u00ec il miglioramento continuo del nostro impegno ambientale.<\/li>\n<li>Applicare, nelle fasi di progettazione e sviluppo dei prodotti a livello industriale, la tecnologia pi\u00f9 appropriata in termini di generazione di rifiuti, assicurandone il riciclaggio, evitando le emissioni di rumore, gas&#8230;<\/li>\n<li>Modernizzare le risorse materiali per prevenire e minimizzare i rifiuti, le emissioni e altri effetti negativi.<\/li>\n<li>Stabilire obiettivi e traguardi ambientali fattibili e monitorarli regolarmente attraverso i rispettivi indicatori.<\/li>\n<li>Garantire la sostenibilit\u00e0, la conservazione e la protezione dell&#8217;ambiente ottimizzando il consumo delle risorse naturali, assicurando l&#8217;uso ottimale dell&#8217;energia utilizzata attraverso la prevenzione, e minimizzando il pi\u00f9 possibile l&#8217;impatto ambientale dell&#8217;attivit\u00e0, soddisfacendo al tempo stesso le esigenze dei clienti in termini di sicurezza alimentare, qualit\u00e0 e variet\u00e0 del prodotto.<\/li>\n<\/ul>\n<h2>POLITICA DI SALUTE E SICUREZZA SUL LAVORO<\/h2>\n<p>L&#8217;azienda si focalizza su questa politica in quanto strumento strategico per la sostenibilit\u00e0 dell&#8217;azienda stessa, facendo affidamento sulla partecipazione dei lavoratori e dei loro rappresentanti. Sulla base di questa premessa, gli impegni che stabilisce sono:<\/p>\n<ul>\n<li>Piena integrazione del sistema di gestione della prevenzione dei rischi professionali nell&#8217;attivit\u00e0 dell&#8217;azienda.<\/li>\n<li>Rispetto delle norme giuridiche vigenti applicabili all&#8217;attivit\u00e0.<\/li>\n<li>Promuovere e incoraggiare il miglioramento continuo delle condizioni di lavoro per raggiungere un alto livello di sicurezza, salute e benessere fisico, mentale e sociale dei lavoratori.<\/li>\n<li>Formare e informare i lavoratori attraverso programmi di apprendimento e sensibilizzazione, incoraggiando l&#8217;attuazione di &#8220;pratiche sicure&#8221;.<\/li>\n<\/ul>\n<p>La Direzione chiede la collaborazione e l&#8217;impegno di tutti i lavoratori dell&#8217;organizzazione per fare nostra questa Politica.<\/p>\n<p>&nbsp;<\/p>\n<p><a href=\"https:\/\/www.iberfruta.es\/wp-content\/uploads\/2022\/03\/politica-corporativa.pdf\" target=\"_blank\" rel=\"noopener\">Politica aziendale<\/a>[\/vc_column_text][\/vc_column][\/vc_row]<\/p>\n<\/div>","protected":false},"excerpt":{"rendered":"<p>[vc_row el_class=&#8221;section-texto section-lista section-text-legal section-first section-interior-texto&#8221;][vc_column el_class=&#8221;container&#8221;][vc_column_text] Politica aziendale La Direzione della IBERFRUTA-M., S.A., azienda dedicata alla produzione di polpa e purea di frutta, con l&#8217;obiettivo di adattare la sua attivit\u00e0 alle esigenze attuali in termini di: Qualit\u00e0, legalit\u00e0 e sicurezza del prodotto Soddisfazione del cliente Miglioramento continuo Responsabilit\u00e0 e sostenibilit\u00e0 ambientale Responsabilit\u00e0 etica e [&hellip;]<\/p>\n","protected":false},"author":1,"featured_media":0,"parent":0,"menu_order":0,"comment_status":"closed","ping_status":"closed","template":"","meta":{"_acf_changed":false,"footnotes":""},"class_list":["post-1640","page","type-page","status-publish","hentry"],"acf":[],"yoast_head":"<!-- This site is optimized with the Yoast SEO plugin v27.2 - https:\/\/yoast.com\/product\/yoast-seo-wordpress\/ -->\n<title>Politica aziendale - Iberfruta<\/title>\n<meta name=\"robots\" content=\"index, follow, max-snippet:-1, max-image-preview:large, max-video-preview:-1\" \/>\n<link rel=\"canonical\" href=\"https:\/\/www.iberfruta.es\/it\/politica-aziendale\/\" \/>\n<meta property=\"og:locale\" content=\"it_IT\" \/>\n<meta property=\"og:type\" content=\"article\" \/>\n<meta property=\"og:title\" content=\"Politica aziendale - Iberfruta\" \/>\n<meta property=\"og:description\" content=\"[vc_row el_class=&#8221;section-texto section-lista section-text-legal section-first section-interior-texto&#8221;][vc_column el_class=&#8221;container&#8221;][vc_column_text] Politica aziendale La Direzione della IBERFRUTA-M., S.A., azienda dedicata alla produzione di polpa e purea di frutta, con l&#8217;obiettivo di adattare la sua attivit\u00e0 alle esigenze attuali in termini di: Qualit\u00e0, legalit\u00e0 e sicurezza del prodotto Soddisfazione del cliente Miglioramento continuo Responsabilit\u00e0 e sostenibilit\u00e0 ambientale Responsabilit\u00e0 etica e [&hellip;]\" \/>\n<meta property=\"og:url\" content=\"https:\/\/www.iberfruta.es\/it\/politica-aziendale\/\" \/>\n<meta property=\"og:site_name\" content=\"Iberfruta\" \/>\n<meta property=\"article:modified_time\" content=\"2022-03-25T09:43:00+00:00\" \/>\n<meta property=\"og:image\" content=\"https:\/\/www.iberfruta.es\/wp-content\/uploads\/2022\/03\/fb-share.png\" \/>\n\t<meta property=\"og:image:width\" content=\"1200\" \/>\n\t<meta property=\"og:image:height\" content=\"630\" \/>\n\t<meta property=\"og:image:type\" content=\"image\/png\" \/>\n<meta name=\"twitter:card\" content=\"summary_large_image\" \/>\n<meta name=\"twitter:label1\" content=\"Tempo di lettura stimato\" \/>\n\t<meta name=\"twitter:data1\" content=\"3 minuti\" \/>\n<script type=\"application\/ld+json\" class=\"yoast-schema-graph\">{\"@context\":\"https:\/\/schema.org\",\"@graph\":[{\"@type\":\"WebPage\",\"@id\":\"https:\/\/www.iberfruta.es\/it\/politica-aziendale\/\",\"url\":\"https:\/\/www.iberfruta.es\/it\/politica-aziendale\/\",\"name\":\"Politica aziendale - Iberfruta\",\"isPartOf\":{\"@id\":\"https:\/\/www.iberfruta.es\/#website\"},\"datePublished\":\"2021-10-13T11:19:41+00:00\",\"dateModified\":\"2022-03-25T09:43:00+00:00\",\"inLanguage\":\"it-IT\",\"potentialAction\":[{\"@type\":\"ReadAction\",\"target\":[\"https:\/\/www.iberfruta.es\/it\/politica-aziendale\/\"]}]},{\"@type\":\"WebSite\",\"@id\":\"https:\/\/www.iberfruta.es\/#website\",\"url\":\"https:\/\/www.iberfruta.es\/\",\"name\":\"Iberfruta\",\"description\":\"\",\"potentialAction\":[{\"@type\":\"SearchAction\",\"target\":{\"@type\":\"EntryPoint\",\"urlTemplate\":\"https:\/\/www.iberfruta.es\/?s={search_term_string}\"},\"query-input\":{\"@type\":\"PropertyValueSpecification\",\"valueRequired\":true,\"valueName\":\"search_term_string\"}}],\"inLanguage\":\"it-IT\"}]}<\/script>\n<!-- \/ Yoast SEO plugin. -->","yoast_head_json":{"title":"Politica aziendale - Iberfruta","robots":{"index":"index","follow":"follow","max-snippet":"max-snippet:-1","max-image-preview":"max-image-preview:large","max-video-preview":"max-video-preview:-1"},"canonical":"https:\/\/www.iberfruta.es\/it\/politica-aziendale\/","og_locale":"it_IT","og_type":"article","og_title":"Politica aziendale - Iberfruta","og_description":"[vc_row el_class=&#8221;section-texto section-lista section-text-legal section-first section-interior-texto&#8221;][vc_column el_class=&#8221;container&#8221;][vc_column_text] Politica aziendale La Direzione della IBERFRUTA-M., S.A., azienda dedicata alla produzione di polpa e purea di frutta, con l&#8217;obiettivo di adattare la sua attivit\u00e0 alle esigenze attuali in termini di: Qualit\u00e0, legalit\u00e0 e sicurezza del prodotto Soddisfazione del cliente Miglioramento continuo Responsabilit\u00e0 e sostenibilit\u00e0 ambientale Responsabilit\u00e0 etica e [&hellip;]","og_url":"https:\/\/www.iberfruta.es\/it\/politica-aziendale\/","og_site_name":"Iberfruta","article_modified_time":"2022-03-25T09:43:00+00:00","og_image":[{"width":1200,"height":630,"url":"https:\/\/www.iberfruta.es\/wp-content\/uploads\/2022\/03\/fb-share.png","type":"image\/png"}],"twitter_card":"summary_large_image","twitter_misc":{"Tempo di lettura stimato":"3 minuti"},"schema":{"@context":"https:\/\/schema.org","@graph":[{"@type":"WebPage","@id":"https:\/\/www.iberfruta.es\/it\/politica-aziendale\/","url":"https:\/\/www.iberfruta.es\/it\/politica-aziendale\/","name":"Politica aziendale - Iberfruta","isPartOf":{"@id":"https:\/\/www.iberfruta.es\/#website"},"datePublished":"2021-10-13T11:19:41+00:00","dateModified":"2022-03-25T09:43:00+00:00","inLanguage":"it-IT","potentialAction":[{"@type":"ReadAction","target":["https:\/\/www.iberfruta.es\/it\/politica-aziendale\/"]}]},{"@type":"WebSite","@id":"https:\/\/www.iberfruta.es\/#website","url":"https:\/\/www.iberfruta.es\/","name":"Iberfruta","description":"","potentialAction":[{"@type":"SearchAction","target":{"@type":"EntryPoint","urlTemplate":"https:\/\/www.iberfruta.es\/?s={search_term_string}"},"query-input":{"@type":"PropertyValueSpecification","valueRequired":true,"valueName":"search_term_string"}}],"inLanguage":"it-IT"}]}},"_links":{"self":[{"href":"https:\/\/www.iberfruta.es\/it\/wp-json\/wp\/v2\/pages\/1640","targetHints":{"allow":["GET"]}}],"collection":[{"href":"https:\/\/www.iberfruta.es\/it\/wp-json\/wp\/v2\/pages"}],"about":[{"href":"https:\/\/www.iberfruta.es\/it\/wp-json\/wp\/v2\/types\/page"}],"author":[{"embeddable":true,"href":"https:\/\/www.iberfruta.es\/it\/wp-json\/wp\/v2\/users\/1"}],"replies":[{"embeddable":true,"href":"https:\/\/www.iberfruta.es\/it\/wp-json\/wp\/v2\/comments?post=1640"}],"version-history":[{"count":3,"href":"https:\/\/www.iberfruta.es\/it\/wp-json\/wp\/v2\/pages\/1640\/revisions"}],"predecessor-version":[{"id":1788,"href":"https:\/\/www.iberfruta.es\/it\/wp-json\/wp\/v2\/pages\/1640\/revisions\/1788"}],"wp:attachment":[{"href":"https:\/\/www.iberfruta.es\/it\/wp-json\/wp\/v2\/media?parent=1640"}],"curies":[{"name":"wp","href":"https:\/\/api.w.org\/{rel}","templated":true}]}}