{"id":1638,"date":"2021-10-13T11:19:59","date_gmt":"2021-10-13T11:19:59","guid":{"rendered":"https:\/\/www.iberfruta.es\/inicio\/"},"modified":"2022-03-25T10:25:49","modified_gmt":"2022-03-25T09:25:49","slug":"inicio","status":"publish","type":"page","link":"https:\/\/www.iberfruta.es\/it\/","title":{"rendered":"Inizio"},"content":{"rendered":"<div class=\"wpb-content-wrapper\"><p>[vc_row css_animation=&#8221;none&#8221; el_class=&#8221;section-texto section-texto-right pt-0&#8243;][vc_column el_class=&#8221;container&#8221;][vc_row_inner el_class=&#8221;row-image-space&#8221;][vc_column_inner el_class=&#8221;col-imagen&#8221; width=&#8221;7\/12&#8243;][vc_column_text]<\/p>\n<div data-aos=\"fade-right\"><img loading=\"lazy\" decoding=\"async\" class=\"alignnone size-full wp-image-1000\" src=\"https:\/\/www.iberfruta.es\/wp-content\/uploads\/2022\/01\/home-banner-1.jpg\" alt=\"\" width=\"1490\" height=\"900\" srcset=\"https:\/\/www.iberfruta.es\/wp-content\/uploads\/2022\/01\/home-banner-1.jpg 1490w, https:\/\/www.iberfruta.es\/wp-content\/uploads\/2022\/01\/home-banner-1-300x181.jpg 300w, https:\/\/www.iberfruta.es\/wp-content\/uploads\/2022\/01\/home-banner-1-1024x619.jpg 1024w, https:\/\/www.iberfruta.es\/wp-content\/uploads\/2022\/01\/home-banner-1-768x464.jpg 768w\" sizes=\"auto, (max-width: 1490px) 100vw, 1490px\" \/><\/div>\n<p>[\/vc_column_text][\/vc_column_inner][vc_column_inner el_class=&#8221;col-texto&#8221; width=&#8221;5\/12&#8243;][vc_column_text]<\/p>\n<h2>Chi siamo<\/h2>\n<p>Uno dei principali produttori europei di semilavorati di frutta e verdura per l&#8217;industria alimentare: alimenti per bambini, marmellate, dolciumi, succhi di frutta, preparati in pezzi per yogurt, gelati e molto altro!<\/p>\n<p>    <a href=\"https:\/\/www.iberfruta.es\/it\/chi-siamo\/\" class=\"btn btn-primary\"    >Per saperne di pi\u00f9<\/a>\n[\/vc_column_text][\/vc_column_inner][\/vc_row_inner][\/vc_column][\/vc_row][vc_row el_class=&#8221;section-texto section-texto-left pt-0&#8243;][vc_column el_class=&#8221;container&#8221;][vc_row_inner el_class=&#8221;row-image-space&#8221;][vc_column_inner el_class=&#8221;col-texto&#8221; width=&#8221;5\/12&#8243;][vc_column_text]<\/p>\n<h2>Filosofia<\/h2>\n<p>La nostra strategia e il modo in cui lavoriamo si fondano su tre pilastri: lavoro di squadra, fiducia e adattabilit\u00e0. Questo ci permette di adattarci alle vostre esigenze come nessun altro pu\u00f2 fare: questo \u00e8 il valore differenziale di Iberfruta.<\/p>\n<p>    <a href=\"https:\/\/www.iberfruta.es\/it\/filosofia\/\" class=\"btn btn-primary\"    >Per saperne di pi\u00f9<\/a>\n[\/vc_column_text][\/vc_column_inner][vc_column_inner el_class=&#8221;col-imagen&#8221; width=&#8221;7\/12&#8243;][vc_column_text]<\/p>\n<div data-aos=\"fade-left\"><img loading=\"lazy\" decoding=\"async\" class=\"alignnone size-full wp-image-1005\" src=\"https:\/\/www.iberfruta.es\/wp-content\/uploads\/2022\/01\/home-banner-2.jpg\" alt=\"\" width=\"1490\" height=\"900\" srcset=\"https:\/\/www.iberfruta.es\/wp-content\/uploads\/2022\/01\/home-banner-2.jpg 1490w, https:\/\/www.iberfruta.es\/wp-content\/uploads\/2022\/01\/home-banner-2-300x181.jpg 300w, https:\/\/www.iberfruta.es\/wp-content\/uploads\/2022\/01\/home-banner-2-1024x619.jpg 1024w, https:\/\/www.iberfruta.es\/wp-content\/uploads\/2022\/01\/home-banner-2-768x464.jpg 768w\" sizes=\"auto, (max-width: 1490px) 100vw, 1490px\" \/><\/div>\n<p>[\/vc_column_text][\/vc_column_inner][\/vc_row_inner][\/vc_column][\/vc_row][vc_row parallax=&#8221;content-moving&#8221; parallax_image=&#8221;64&#8243; el_class=&#8221;section-home-banner&#8221;][vc_column el_class=&#8221;container&#8221;][vc_row_inner][vc_column_inner width=&#8221;1\/6&#8243;][\/vc_column_inner][vc_column_inner width=&#8221;2\/3&#8243;][vc_column_text]<\/p>\n<div data-aos=\"fade-down\">\n<h2>Prodotti<\/h2>\n<p>Siamo un fornitore globale e lavoriamo principalmente con prodotti freschi e di stagione. \u00c8 il calendario naturale della frutta e della verdura che segna la nostra attivit\u00e0. Siamo presenti in pi\u00f9 di ottanta Paesi e ci adattiamo alle esigenze di un mercato in continua evoluzione.<\/p>\n    <a href=\"https:\/\/www.iberfruta.es\/it\/prodotti\/\" class=\"btn btn-danger\"    >Per saperne di pi\u00f9<\/a>\n\n<\/div>\n<p>[\/vc_column_text][\/vc_column_inner][vc_column_inner width=&#8221;1\/6&#8243;][\/vc_column_inner][\/vc_row_inner][\/vc_column][\/vc_row][vc_row el_class=&#8221;section-texto section-texto-left&#8221;][vc_column el_class=&#8221;container&#8221;][vc_row_inner el_class=&#8221;row-image-space&#8221;][vc_column_inner el_class=&#8221;col-texto&#8221; width=&#8221;5\/12&#8243;][vc_column_text]<\/p>\n<h2>Qualit\u00e0 e innovazione<\/h2>\n<p>In Iberfruta lavoriamo esclusivamente seguendo i processi di qualit\u00e0 pi\u00f9 esigenti. Abbiamo team di R&amp;S&amp;I all&#8217;avanguardia in grado di adattarsi a tutte le esigenze dei nostri clienti: diteci di cosa avete bisogno e vi forniremo una soluzione su misura.<\/p>\n<p>    <a href=\"https:\/\/www.iberfruta.es\/it\/qualita-e-innovazione\/\" class=\"btn btn-primary\"    >Per saperne di pi\u00f9<\/a>\n[\/vc_column_text][\/vc_column_inner][vc_column_inner el_class=&#8221;col-imagen&#8221; width=&#8221;7\/12&#8243;][vc_column_text]<\/p>\n<div data-aos=\"fade-left\"><img loading=\"lazy\" decoding=\"async\" class=\"alignnone size-full wp-image-1010\" src=\"https:\/\/www.iberfruta.es\/wp-content\/uploads\/2022\/01\/home-banner-3.jpg\" alt=\"\" width=\"1490\" height=\"900\" srcset=\"https:\/\/www.iberfruta.es\/wp-content\/uploads\/2022\/01\/home-banner-3.jpg 1490w, https:\/\/www.iberfruta.es\/wp-content\/uploads\/2022\/01\/home-banner-3-300x181.jpg 300w, https:\/\/www.iberfruta.es\/wp-content\/uploads\/2022\/01\/home-banner-3-1024x619.jpg 1024w, https:\/\/www.iberfruta.es\/wp-content\/uploads\/2022\/01\/home-banner-3-768x464.jpg 768w\" sizes=\"auto, (max-width: 1490px) 100vw, 1490px\" \/><\/div>\n<p>[\/vc_column_text][\/vc_column_inner][\/vc_row_inner][\/vc_column][\/vc_row][vc_row el_class=&#8221;section-texto section-texto-right pt-0&#8243;][vc_column el_class=&#8221;container&#8221;][vc_row_inner el_class=&#8221;row-image-space&#8221;][vc_column_inner el_class=&#8221;col-imagen&#8221; width=&#8221;7\/12&#8243;][vc_column_text]<\/p>\n<div data-aos=\"fade-right\"><img loading=\"lazy\" decoding=\"async\" class=\"alignnone size-full wp-image-1015\" src=\"https:\/\/www.iberfruta.es\/wp-content\/uploads\/2022\/01\/home-banner-4.jpg\" alt=\"\" width=\"1490\" height=\"900\" srcset=\"https:\/\/www.iberfruta.es\/wp-content\/uploads\/2022\/01\/home-banner-4.jpg 1490w, https:\/\/www.iberfruta.es\/wp-content\/uploads\/2022\/01\/home-banner-4-300x181.jpg 300w, https:\/\/www.iberfruta.es\/wp-content\/uploads\/2022\/01\/home-banner-4-1024x619.jpg 1024w, https:\/\/www.iberfruta.es\/wp-content\/uploads\/2022\/01\/home-banner-4-768x464.jpg 768w\" sizes=\"auto, (max-width: 1490px) 100vw, 1490px\" \/><\/div>\n<p>[\/vc_column_text][\/vc_column_inner][vc_column_inner el_class=&#8221;col-texto&#8221; width=&#8221;5\/12&#8243;][vc_column_text]<\/p>\n<h2>Sostenibilit\u00e0<\/h2>\n<p>La preoccupazione per l&#8217;ambiente \u00e8 molto presente in ogni fase della produzione alimentare di Iberfruta: dalla coltivazione, alla lavorazione fino al trasporto. Come parte del nostro impegno, partecipiamo a vari progetti sostenibili e applichiamo le ultime tecnologie all\u2019interno delle nostre strutture.<\/p>\n<p>    <a href=\"https:\/\/www.iberfruta.es\/it\/sostenibilita\/\" class=\"btn btn-primary\"    >Per saperne di pi\u00f9<\/a>\n[\/vc_column_text][\/vc_column_inner][\/vc_row_inner][\/vc_column][\/vc_row]<\/p>\n<\/div>","protected":false},"excerpt":{"rendered":"<p>[vc_row css_animation=&#8221;none&#8221; el_class=&#8221;section-texto section-texto-right pt-0&#8243;][vc_column el_class=&#8221;container&#8221;][vc_row_inner el_class=&#8221;row-image-space&#8221;][vc_column_inner el_class=&#8221;col-imagen&#8221; width=&#8221;7\/12&#8243;][vc_column_text] [\/vc_column_text][\/vc_column_inner][vc_column_inner el_class=&#8221;col-texto&#8221; width=&#8221;5\/12&#8243;][vc_column_text] Chi siamo Uno dei principali produttori europei di semilavorati di frutta e verdura per l&#8217;industria alimentare: alimenti per bambini, marmellate, dolciumi, succhi di frutta, preparati in pezzi per yogurt, gelati e molto altro! [\/vc_column_text][\/vc_column_inner][\/vc_row_inner][\/vc_column][\/vc_row][vc_row el_class=&#8221;section-texto section-texto-left pt-0&#8243;][vc_column el_class=&#8221;container&#8221;][vc_row_inner el_class=&#8221;row-image-space&#8221;][vc_column_inner el_class=&#8221;col-texto&#8221; width=&#8221;5\/12&#8243;][vc_column_text] Filosofia La [&hellip;]<\/p>\n","protected":false},"author":1,"featured_media":0,"parent":0,"menu_order":0,"comment_status":"closed","ping_status":"closed","template":"","meta":{"_acf_changed":false,"footnotes":""},"class_list":["post-1638","page","type-page","status-publish","hentry"],"acf":[],"yoast_head":"<!-- This site is optimized with the Yoast SEO plugin v27.2 - https:\/\/yoast.com\/product\/yoast-seo-wordpress\/ -->\n<title>Iberfruta | Semilavorati di frutta e verdura<\/title>\n<meta name=\"description\" content=\"Siamo uno dei principali produttori europei di semilavorati di frutta e verdura per l&#039;industria alimentare.\" \/>\n<meta name=\"robots\" content=\"index, follow, max-snippet:-1, max-image-preview:large, max-video-preview:-1\" \/>\n<link rel=\"canonical\" href=\"https:\/\/www.iberfruta.es\/it\/\" \/>\n<meta property=\"og:locale\" content=\"it_IT\" \/>\n<meta property=\"og:type\" content=\"article\" \/>\n<meta property=\"og:title\" content=\"Iberfruta | Semilavorati di frutta e verdura\" \/>\n<meta property=\"og:description\" content=\"Siamo uno dei principali produttori europei di semilavorati di frutta e verdura per l&#039;industria alimentare.\" \/>\n<meta property=\"og:url\" content=\"https:\/\/www.iberfruta.es\/it\/\" \/>\n<meta property=\"og:site_name\" content=\"Iberfruta\" \/>\n<meta property=\"article:modified_time\" content=\"2022-03-25T09:25:49+00:00\" \/>\n<meta property=\"og:image\" content=\"https:\/\/www.iberfruta.es\/wp-content\/uploads\/2022\/01\/home-banner-1.jpg\" \/>\n<meta name=\"twitter:card\" content=\"summary_large_image\" \/>\n<meta name=\"twitter:label1\" content=\"Tempo di lettura stimato\" \/>\n\t<meta name=\"twitter:data1\" content=\"3 minuti\" \/>\n<script type=\"application\/ld+json\" class=\"yoast-schema-graph\">{\"@context\":\"https:\/\/schema.org\",\"@graph\":[{\"@type\":\"WebPage\",\"@id\":\"https:\/\/www.iberfruta.es\/it\/\",\"url\":\"https:\/\/www.iberfruta.es\/it\/\",\"name\":\"Iberfruta | Semilavorati di frutta e verdura\",\"isPartOf\":{\"@id\":\"https:\/\/www.iberfruta.es\/#website\"},\"primaryImageOfPage\":{\"@id\":\"https:\/\/www.iberfruta.es\/it\/#primaryimage\"},\"image\":{\"@id\":\"https:\/\/www.iberfruta.es\/it\/#primaryimage\"},\"thumbnailUrl\":\"https:\/\/www.iberfruta.es\/wp-content\/uploads\/2022\/01\/home-banner-1.jpg\",\"datePublished\":\"2021-10-13T11:19:59+00:00\",\"dateModified\":\"2022-03-25T09:25:49+00:00\",\"description\":\"Siamo uno dei principali produttori europei di semilavorati di frutta e verdura per l'industria alimentare.\",\"inLanguage\":\"it-IT\",\"potentialAction\":[{\"@type\":\"ReadAction\",\"target\":[\"https:\/\/www.iberfruta.es\/it\/\"]}]},{\"@type\":\"ImageObject\",\"inLanguage\":\"it-IT\",\"@id\":\"https:\/\/www.iberfruta.es\/it\/#primaryimage\",\"url\":\"https:\/\/www.iberfruta.es\/wp-content\/uploads\/2022\/01\/home-banner-1.jpg\",\"contentUrl\":\"https:\/\/www.iberfruta.es\/wp-content\/uploads\/2022\/01\/home-banner-1.jpg\"},{\"@type\":\"WebSite\",\"@id\":\"https:\/\/www.iberfruta.es\/#website\",\"url\":\"https:\/\/www.iberfruta.es\/\",\"name\":\"Iberfruta\",\"description\":\"\",\"potentialAction\":[{\"@type\":\"SearchAction\",\"target\":{\"@type\":\"EntryPoint\",\"urlTemplate\":\"https:\/\/www.iberfruta.es\/?s={search_term_string}\"},\"query-input\":{\"@type\":\"PropertyValueSpecification\",\"valueRequired\":true,\"valueName\":\"search_term_string\"}}],\"inLanguage\":\"it-IT\"}]}<\/script>\n<!-- \/ Yoast SEO plugin. -->","yoast_head_json":{"title":"Iberfruta | Semilavorati di frutta e verdura","description":"Siamo uno dei principali produttori europei di semilavorati di frutta e verdura per l'industria alimentare.","robots":{"index":"index","follow":"follow","max-snippet":"max-snippet:-1","max-image-preview":"max-image-preview:large","max-video-preview":"max-video-preview:-1"},"canonical":"https:\/\/www.iberfruta.es\/it\/","og_locale":"it_IT","og_type":"article","og_title":"Iberfruta | Semilavorati di frutta e verdura","og_description":"Siamo uno dei principali produttori europei di semilavorati di frutta e verdura per l'industria alimentare.","og_url":"https:\/\/www.iberfruta.es\/it\/","og_site_name":"Iberfruta","article_modified_time":"2022-03-25T09:25:49+00:00","og_image":[{"url":"https:\/\/www.iberfruta.es\/wp-content\/uploads\/2022\/01\/home-banner-1.jpg","type":"","width":"","height":""}],"twitter_card":"summary_large_image","twitter_misc":{"Tempo di lettura stimato":"3 minuti"},"schema":{"@context":"https:\/\/schema.org","@graph":[{"@type":"WebPage","@id":"https:\/\/www.iberfruta.es\/it\/","url":"https:\/\/www.iberfruta.es\/it\/","name":"Iberfruta | Semilavorati di frutta e verdura","isPartOf":{"@id":"https:\/\/www.iberfruta.es\/#website"},"primaryImageOfPage":{"@id":"https:\/\/www.iberfruta.es\/it\/#primaryimage"},"image":{"@id":"https:\/\/www.iberfruta.es\/it\/#primaryimage"},"thumbnailUrl":"https:\/\/www.iberfruta.es\/wp-content\/uploads\/2022\/01\/home-banner-1.jpg","datePublished":"2021-10-13T11:19:59+00:00","dateModified":"2022-03-25T09:25:49+00:00","description":"Siamo uno dei principali produttori europei di semilavorati di frutta e verdura per l'industria alimentare.","inLanguage":"it-IT","potentialAction":[{"@type":"ReadAction","target":["https:\/\/www.iberfruta.es\/it\/"]}]},{"@type":"ImageObject","inLanguage":"it-IT","@id":"https:\/\/www.iberfruta.es\/it\/#primaryimage","url":"https:\/\/www.iberfruta.es\/wp-content\/uploads\/2022\/01\/home-banner-1.jpg","contentUrl":"https:\/\/www.iberfruta.es\/wp-content\/uploads\/2022\/01\/home-banner-1.jpg"},{"@type":"WebSite","@id":"https:\/\/www.iberfruta.es\/#website","url":"https:\/\/www.iberfruta.es\/","name":"Iberfruta","description":"","potentialAction":[{"@type":"SearchAction","target":{"@type":"EntryPoint","urlTemplate":"https:\/\/www.iberfruta.es\/?s={search_term_string}"},"query-input":{"@type":"PropertyValueSpecification","valueRequired":true,"valueName":"search_term_string"}}],"inLanguage":"it-IT"}]}},"_links":{"self":[{"href":"https:\/\/www.iberfruta.es\/it\/wp-json\/wp\/v2\/pages\/1638","targetHints":{"allow":["GET"]}}],"collection":[{"href":"https:\/\/www.iberfruta.es\/it\/wp-json\/wp\/v2\/pages"}],"about":[{"href":"https:\/\/www.iberfruta.es\/it\/wp-json\/wp\/v2\/types\/page"}],"author":[{"embeddable":true,"href":"https:\/\/www.iberfruta.es\/it\/wp-json\/wp\/v2\/users\/1"}],"replies":[{"embeddable":true,"href":"https:\/\/www.iberfruta.es\/it\/wp-json\/wp\/v2\/comments?post=1638"}],"version-history":[{"count":4,"href":"https:\/\/www.iberfruta.es\/it\/wp-json\/wp\/v2\/pages\/1638\/revisions"}],"predecessor-version":[{"id":1771,"href":"https:\/\/www.iberfruta.es\/it\/wp-json\/wp\/v2\/pages\/1638\/revisions\/1771"}],"wp:attachment":[{"href":"https:\/\/www.iberfruta.es\/it\/wp-json\/wp\/v2\/media?parent=1638"}],"curies":[{"name":"wp","href":"https:\/\/api.w.org\/{rel}","templated":true}]}}