{"id":1637,"date":"2021-10-13T12:27:12","date_gmt":"2021-10-13T12:27:12","guid":{"rendered":"https:\/\/www.iberfruta.es\/filosofia\/"},"modified":"2022-03-10T15:58:09","modified_gmt":"2022-03-10T14:58:09","slug":"filosofia","status":"publish","type":"page","link":"https:\/\/www.iberfruta.es\/it\/filosofia\/","title":{"rendered":"Filosofia"},"content":{"rendered":"<div class=\"wpb-content-wrapper\"><p>[vc_row el_class=&#8221;section-lista section-filosofia section-interior-texto section-first&#8221;][vc_column el_class=&#8221;container&#8221;][vc_column_text el_class=&#8221;big-text&#8221;]    <div class=\"section-title main-title centered\">\n      <h2>\u201cTell us what you need and we will do it\u201d<\/h2>\n          <\/div>\n<p style=\"text-align: center;\">La nostra <strong>filosofia di lavoro<\/strong> \u00e8 senza dubbio ci\u00f2 che ci rende unici e diversi.<\/p>\n<p style=\"text-align: center;\">Questa filosofia si realizza grazie alla stretta collaborazione e coordinazione <strong>tra tutti i team di Iberfruta<\/strong>, che si trovano in un ufficio condiviso per garantire un flusso di informazioni ottimo e un processo decisionale agile ed efficiente.<\/p>\n<p style=\"text-align: center;\">Un vettore il cui obiettivo finale \u00e8 sempre la totale soddisfazione del cliente. Possiamo riassumere la nostra filosofia in <strong>tre punti:<\/strong><\/p>\n<p>[\/vc_column_text][\/vc_column][\/vc_row][vc_row el_class=&#8221;section-texto section-texto-left section-icons pt-0&#8243;][vc_column el_class=&#8221;container&#8221;][vc_row_inner][vc_column_inner el_class=&#8221;col-texto&#8221; width=&#8221;1\/2&#8243;][vc_column_text]<\/p>\n<h4 class=\"color-red\">Ci adattiamo ad ogni cliente e ad ogni necessit\u00e0<\/h4>\n<p>Ci adattiamo alle vostre esigenze, questo \u00e8 il valore differenziale di Iberfruta. Diteci solo di cosa avete bisogno e noi vi offriremo una soluzione su misura.[\/vc_column_text][\/vc_column_inner][vc_column_inner el_class=&#8221;col-imagen&#8221; width=&#8221;1\/2&#8243;][vc_column_text]<\/p>\n<div data-aos=\"fade-left\"><img loading=\"lazy\" decoding=\"async\" class=\"alignnone wp-image-453 size-full\" src=\"https:\/\/www.iberfruta.es\/wp-content\/uploads\/2022\/01\/adaptabilidad.png\" alt=\"\" width=\"300\" height=\"300\" srcset=\"https:\/\/www.iberfruta.es\/wp-content\/uploads\/2022\/01\/adaptabilidad.png 300w, https:\/\/www.iberfruta.es\/wp-content\/uploads\/2022\/01\/adaptabilidad-150x150.png 150w\" sizes=\"auto, (max-width: 300px) 100vw, 300px\" \/><\/div>\n<p>[\/vc_column_text][\/vc_column_inner][\/vc_row_inner][\/vc_column][\/vc_row][vc_row el_class=&#8221;section-texto section-texto-right section-icons pt-0&#8243;][vc_column el_class=&#8221;container&#8221;][vc_row_inner][vc_column_inner el_class=&#8221;col-imagen&#8221; width=&#8221;1\/2&#8243;][vc_column_text]<\/p>\n<div data-aos=\"fade-right\"><img loading=\"lazy\" decoding=\"async\" class=\"alignnone wp-image-458 size-full\" src=\"https:\/\/www.iberfruta.es\/wp-content\/uploads\/2022\/01\/productos-frescos.png\" alt=\"\" width=\"300\" height=\"300\" srcset=\"https:\/\/www.iberfruta.es\/wp-content\/uploads\/2022\/01\/productos-frescos.png 300w, https:\/\/www.iberfruta.es\/wp-content\/uploads\/2022\/01\/productos-frescos-150x150.png 150w\" sizes=\"auto, (max-width: 300px) 100vw, 300px\" \/><\/div>\n<p>[\/vc_column_text][\/vc_column_inner][vc_column_inner el_class=&#8221;col-texto&#8221; width=&#8221;1\/2&#8243;][vc_column_text]<\/p>\n<h4 class=\"color-green\">Lavoriamo principalmente con prodotti freschi e di stagione<\/h4>\n<p>Il calendario naturale di frutta e verdura segna la nostra attivit\u00e0. Ci concentriamo sulla materia prima quando \u00e8 di stagione. Questo fa parte del nostro rispetto per la terra ed \u00e8 cos\u00ec che ci assicuriamo che qualit\u00e0, freschezza e sapore del cibo siano sempre al massimo.[\/vc_column_text][\/vc_column_inner][\/vc_row_inner][\/vc_column][\/vc_row][vc_row el_class=&#8221;section-texto section-texto-left section-icons pt-0&#8243;][vc_column el_class=&#8221;container&#8221;][vc_row_inner][vc_column_inner el_class=&#8221;col-texto&#8221; width=&#8221;1\/2&#8243;][vc_column_text]<\/p>\n<h4 class=\"color-blue\">Siamo un fornitore globale<\/h4>\n<p>Il mercato di Iberfruta \u00e8 il mondo, come dimostra la nostra presenza in pi\u00f9 di 80 Paesi. Per noi non ci sono frontiere quando si tratta di offrire, attraverso la nostra potente capacit\u00e0 di esportazione, le soluzioni e i prodotti migliori. Ci adattiamo costantemente e con successo alle esigenze di un mercato globale in continua evoluzione, \u00e8 nel nostro DNA.[\/vc_column_text][\/vc_column_inner][vc_column_inner el_class=&#8221;col-imagen&#8221; width=&#8221;1\/2&#8243;][vc_column_text]<\/p>\n<div data-aos=\"fade-left\"><img loading=\"lazy\" decoding=\"async\" class=\"alignnone wp-image-463 size-full\" src=\"https:\/\/www.iberfruta.es\/wp-content\/uploads\/2022\/01\/proveedor-global.png\" alt=\"\" width=\"300\" height=\"300\" srcset=\"https:\/\/www.iberfruta.es\/wp-content\/uploads\/2022\/01\/proveedor-global.png 300w, https:\/\/www.iberfruta.es\/wp-content\/uploads\/2022\/01\/proveedor-global-150x150.png 150w\" sizes=\"auto, (max-width: 300px) 100vw, 300px\" \/><\/div>\n<p>[\/vc_column_text][\/vc_column_inner][\/vc_row_inner][\/vc_column][\/vc_row]<\/p>\n<\/div>","protected":false},"excerpt":{"rendered":"<p>[vc_row el_class=&#8221;section-lista section-filosofia section-interior-texto section-first&#8221;][vc_column el_class=&#8221;container&#8221;][vc_column_text el_class=&#8221;big-text&#8221;] La nostra filosofia di lavoro \u00e8 senza dubbio ci\u00f2 che ci rende unici e diversi. Questa filosofia si realizza grazie alla stretta collaborazione e coordinazione tra tutti i team di Iberfruta, che si trovano in un ufficio condiviso per garantire un flusso di informazioni ottimo e un processo [&hellip;]<\/p>\n","protected":false},"author":1,"featured_media":0,"parent":0,"menu_order":0,"comment_status":"closed","ping_status":"closed","template":"","meta":{"_acf_changed":false,"footnotes":""},"class_list":["post-1637","page","type-page","status-publish","hentry"],"acf":[],"yoast_head":"<!-- This site is optimized with the Yoast SEO plugin v27.2 - https:\/\/yoast.com\/product\/yoast-seo-wordpress\/ -->\n<title>Filosofia - Iberfruta<\/title>\n<meta name=\"robots\" content=\"index, follow, max-snippet:-1, max-image-preview:large, max-video-preview:-1\" \/>\n<link rel=\"canonical\" href=\"https:\/\/www.iberfruta.es\/it\/filosofia\/\" \/>\n<meta property=\"og:locale\" content=\"it_IT\" \/>\n<meta property=\"og:type\" content=\"article\" \/>\n<meta property=\"og:title\" content=\"Filosofia - Iberfruta\" \/>\n<meta property=\"og:description\" content=\"[vc_row el_class=&#8221;section-lista section-filosofia section-interior-texto section-first&#8221;][vc_column el_class=&#8221;container&#8221;][vc_column_text el_class=&#8221;big-text&#8221;] La nostra filosofia di lavoro \u00e8 senza dubbio ci\u00f2 che ci rende unici e diversi. Questa filosofia si realizza grazie alla stretta collaborazione e coordinazione tra tutti i team di Iberfruta, che si trovano in un ufficio condiviso per garantire un flusso di informazioni ottimo e un processo [&hellip;]\" \/>\n<meta property=\"og:url\" content=\"https:\/\/www.iberfruta.es\/it\/filosofia\/\" \/>\n<meta property=\"og:site_name\" content=\"Iberfruta\" \/>\n<meta property=\"article:modified_time\" content=\"2022-03-10T14:58:09+00:00\" \/>\n<meta property=\"og:image\" content=\"https:\/\/www.iberfruta.es\/wp-content\/uploads\/2022\/01\/adaptabilidad.png\" \/>\n<meta name=\"twitter:card\" content=\"summary_large_image\" \/>\n<meta name=\"twitter:label1\" content=\"Tempo di lettura stimato\" \/>\n\t<meta name=\"twitter:data1\" content=\"2 minuti\" \/>\n<script type=\"application\/ld+json\" class=\"yoast-schema-graph\">{\"@context\":\"https:\/\/schema.org\",\"@graph\":[{\"@type\":\"WebPage\",\"@id\":\"https:\/\/www.iberfruta.es\/it\/filosofia\/\",\"url\":\"https:\/\/www.iberfruta.es\/it\/filosofia\/\",\"name\":\"Filosofia - Iberfruta\",\"isPartOf\":{\"@id\":\"https:\/\/www.iberfruta.es\/#website\"},\"primaryImageOfPage\":{\"@id\":\"https:\/\/www.iberfruta.es\/it\/filosofia\/#primaryimage\"},\"image\":{\"@id\":\"https:\/\/www.iberfruta.es\/it\/filosofia\/#primaryimage\"},\"thumbnailUrl\":\"https:\/\/www.iberfruta.es\/wp-content\/uploads\/2022\/01\/adaptabilidad.png\",\"datePublished\":\"2021-10-13T12:27:12+00:00\",\"dateModified\":\"2022-03-10T14:58:09+00:00\",\"inLanguage\":\"it-IT\",\"potentialAction\":[{\"@type\":\"ReadAction\",\"target\":[\"https:\/\/www.iberfruta.es\/it\/filosofia\/\"]}]},{\"@type\":\"ImageObject\",\"inLanguage\":\"it-IT\",\"@id\":\"https:\/\/www.iberfruta.es\/it\/filosofia\/#primaryimage\",\"url\":\"https:\/\/www.iberfruta.es\/wp-content\/uploads\/2022\/01\/adaptabilidad.png\",\"contentUrl\":\"https:\/\/www.iberfruta.es\/wp-content\/uploads\/2022\/01\/adaptabilidad.png\"},{\"@type\":\"WebSite\",\"@id\":\"https:\/\/www.iberfruta.es\/#website\",\"url\":\"https:\/\/www.iberfruta.es\/\",\"name\":\"Iberfruta\",\"description\":\"\",\"potentialAction\":[{\"@type\":\"SearchAction\",\"target\":{\"@type\":\"EntryPoint\",\"urlTemplate\":\"https:\/\/www.iberfruta.es\/?s={search_term_string}\"},\"query-input\":{\"@type\":\"PropertyValueSpecification\",\"valueRequired\":true,\"valueName\":\"search_term_string\"}}],\"inLanguage\":\"it-IT\"}]}<\/script>\n<!-- \/ Yoast SEO plugin. -->","yoast_head_json":{"title":"Filosofia - Iberfruta","robots":{"index":"index","follow":"follow","max-snippet":"max-snippet:-1","max-image-preview":"max-image-preview:large","max-video-preview":"max-video-preview:-1"},"canonical":"https:\/\/www.iberfruta.es\/it\/filosofia\/","og_locale":"it_IT","og_type":"article","og_title":"Filosofia - Iberfruta","og_description":"[vc_row el_class=&#8221;section-lista section-filosofia section-interior-texto section-first&#8221;][vc_column el_class=&#8221;container&#8221;][vc_column_text el_class=&#8221;big-text&#8221;] La nostra filosofia di lavoro \u00e8 senza dubbio ci\u00f2 che ci rende unici e diversi. Questa filosofia si realizza grazie alla stretta collaborazione e coordinazione tra tutti i team di Iberfruta, che si trovano in un ufficio condiviso per garantire un flusso di informazioni ottimo e un processo [&hellip;]","og_url":"https:\/\/www.iberfruta.es\/it\/filosofia\/","og_site_name":"Iberfruta","article_modified_time":"2022-03-10T14:58:09+00:00","og_image":[{"url":"https:\/\/www.iberfruta.es\/wp-content\/uploads\/2022\/01\/adaptabilidad.png","type":"","width":"","height":""}],"twitter_card":"summary_large_image","twitter_misc":{"Tempo di lettura stimato":"2 minuti"},"schema":{"@context":"https:\/\/schema.org","@graph":[{"@type":"WebPage","@id":"https:\/\/www.iberfruta.es\/it\/filosofia\/","url":"https:\/\/www.iberfruta.es\/it\/filosofia\/","name":"Filosofia - Iberfruta","isPartOf":{"@id":"https:\/\/www.iberfruta.es\/#website"},"primaryImageOfPage":{"@id":"https:\/\/www.iberfruta.es\/it\/filosofia\/#primaryimage"},"image":{"@id":"https:\/\/www.iberfruta.es\/it\/filosofia\/#primaryimage"},"thumbnailUrl":"https:\/\/www.iberfruta.es\/wp-content\/uploads\/2022\/01\/adaptabilidad.png","datePublished":"2021-10-13T12:27:12+00:00","dateModified":"2022-03-10T14:58:09+00:00","inLanguage":"it-IT","potentialAction":[{"@type":"ReadAction","target":["https:\/\/www.iberfruta.es\/it\/filosofia\/"]}]},{"@type":"ImageObject","inLanguage":"it-IT","@id":"https:\/\/www.iberfruta.es\/it\/filosofia\/#primaryimage","url":"https:\/\/www.iberfruta.es\/wp-content\/uploads\/2022\/01\/adaptabilidad.png","contentUrl":"https:\/\/www.iberfruta.es\/wp-content\/uploads\/2022\/01\/adaptabilidad.png"},{"@type":"WebSite","@id":"https:\/\/www.iberfruta.es\/#website","url":"https:\/\/www.iberfruta.es\/","name":"Iberfruta","description":"","potentialAction":[{"@type":"SearchAction","target":{"@type":"EntryPoint","urlTemplate":"https:\/\/www.iberfruta.es\/?s={search_term_string}"},"query-input":{"@type":"PropertyValueSpecification","valueRequired":true,"valueName":"search_term_string"}}],"inLanguage":"it-IT"}]}},"_links":{"self":[{"href":"https:\/\/www.iberfruta.es\/it\/wp-json\/wp\/v2\/pages\/1637","targetHints":{"allow":["GET"]}}],"collection":[{"href":"https:\/\/www.iberfruta.es\/it\/wp-json\/wp\/v2\/pages"}],"about":[{"href":"https:\/\/www.iberfruta.es\/it\/wp-json\/wp\/v2\/types\/page"}],"author":[{"embeddable":true,"href":"https:\/\/www.iberfruta.es\/it\/wp-json\/wp\/v2\/users\/1"}],"replies":[{"embeddable":true,"href":"https:\/\/www.iberfruta.es\/it\/wp-json\/wp\/v2\/comments?post=1637"}],"version-history":[{"count":2,"href":"https:\/\/www.iberfruta.es\/it\/wp-json\/wp\/v2\/pages\/1637\/revisions"}],"predecessor-version":[{"id":1675,"href":"https:\/\/www.iberfruta.es\/it\/wp-json\/wp\/v2\/pages\/1637\/revisions\/1675"}],"wp:attachment":[{"href":"https:\/\/www.iberfruta.es\/it\/wp-json\/wp\/v2\/media?parent=1637"}],"curies":[{"name":"wp","href":"https:\/\/api.w.org\/{rel}","templated":true}]}}