{"id":1634,"date":"2021-10-13T12:27:29","date_gmt":"2021-10-13T12:27:29","guid":{"rendered":"https:\/\/www.iberfruta.es\/calidad-e-innovacion\/"},"modified":"2022-06-20T15:10:53","modified_gmt":"2022-06-20T13:10:53","slug":"qualita-e-innovazione","status":"publish","type":"page","link":"https:\/\/www.iberfruta.es\/it\/qualita-e-innovazione\/","title":{"rendered":"Qualit\u00e0 e innovazione"},"content":{"rendered":"<div class=\"wpb-content-wrapper\"><p>[vc_row el_class=&#8221;section-lista section-interior-texto section-first section-interior-inovacion&#8221;][vc_column el_class=&#8221;container&#8221;][vc_column_text]    <div class=\"section-title main-title\">\n      <h2>Qualit\u00e0<\/h2>\n          <\/div>\n<p>In Iberfruta lavoriamo solo ed esclusivamente seguendo i processi di qualit\u00e0 pi\u00f9 esigenti. Come accreditato dalle diverse certificazioni che vantano le nostre strutture, sia in termini di qualit\u00e0 sia di sostenibilit\u00e0.<\/p>\n<p><img decoding=\"async\" class=\"certificados-calidad\" src=\"https:\/\/www.iberfruta.es\/wp-content\/uploads\/2022\/06\/certificados.jpg\" alt=\"\" \/><\/p>\n<p>Inoltre, i nostri processi e le tecnologie di cui disponiamo ci permettono di certificare i nostri prodotti per qualsiasi esigenza dei nostri clienti, aumentando ulteriormente il nostro valore di adattabilit\u00e0:<\/p>\n<p><img decoding=\"async\" class=\"certificados-calidad\" src=\"https:\/\/www.iberfruta.es\/wp-content\/uploads\/2022\/03\/certificados-b1-v2.jpg\" alt=\"\" \/>[\/vc_column_text][\/vc_column][\/vc_row][vc_row el_class=&#8221;section-interior-texto pagina-interior-innovacion section-gray section-interior-innovacion&#8221;][vc_column el_class=&#8221;container&#8221;][vc_column_text el_class=&#8221;big-text&#8221;]    <div class=\"section-title main-title\">\n      <h2>Innovazione<\/h2>\n          <\/div>\n<p>I team di R&amp;S&amp;I di Iberfruta sono innovativi, all&#8217;avanguardia, in grado di adattarsi a qualsiasi esigenza dei nostri clienti. <strong><a href=\"https:\/\/www.iberfruta.es\/it\/contacto\/\">Diteci semplicemente di cosa avete bisogno, e noi troveremo una soluzione.<\/a><\/strong><\/p>\n<p>Disponiamo inoltre delle migliori capacit\u00e0 tecniche, tutte orientate verso un unico obiettivo: <strong>soddisfare appieno, attraverso le nostre soluzioni, qualsiasi esigenza del cliente.<\/strong>[\/vc_column_text][vc_row_inner el_class=&#8221;fila-innovacion&#8221;][vc_column_inner width=&#8221;1\/4&#8243;][vc_column_text]<\/p>\n<div data-aos=\"fade-up\" data-aos-delay=\"0\">\n<p><img loading=\"lazy\" decoding=\"async\" class=\"alignnone size-full wp-image-816\" src=\"https:\/\/www.iberfruta.es\/wp-content\/uploads\/2022\/02\/cubos-10x10-melocoton.jpg\" alt=\"\" width=\"300\" height=\"300\" \/><\/p>\n<h3>Secchi \/ Porzioni<\/h3>\n<p class=\"mb-0\">Preparati in pezzi di frutta con forme perfettamente <strong>definite e adattate<\/strong> alle necessit\u00e0 del cliente.<\/p>\n<\/div>\n<p>[\/vc_column_text][\/vc_column_inner][vc_column_inner width=&#8221;1\/4&#8243;][vc_column_text]<\/p>\n<div data-aos=\"fade-up\" data-aos-delay=\"300\">\n<p><img loading=\"lazy\" decoding=\"async\" class=\"alignnone size-full wp-image-792\" src=\"https:\/\/www.iberfruta.es\/wp-content\/uploads\/2022\/01\/icono_icegen_iberfrutaweb.png\" alt=\"\" width=\"300\" height=\"300\" srcset=\"https:\/\/www.iberfruta.es\/wp-content\/uploads\/2022\/01\/icono_icegen_iberfrutaweb.png 300w, https:\/\/www.iberfruta.es\/wp-content\/uploads\/2022\/01\/icono_icegen_iberfrutaweb-150x150.png 150w\" sizes=\"auto, (max-width: 300px) 100vw, 300px\" \/><\/p>\n<h3>ICE Gen<\/h3>\n<p class=\"mb-0\">Tecnologia che permette di produrre puree che conservano <strong>tutto il sapore e il colore naturale<\/strong> del prodotto originale, grazie a tempo di elaborazione ridotto e a un minor consumo di energia.<\/p>\n<\/div>\n<p>[\/vc_column_text][\/vc_column_inner][vc_column_inner width=&#8221;1\/4&#8243;][vc_column_text]<\/p>\n<div data-aos=\"fade-up\" data-aos-delay=\"600\">\n<p><img loading=\"lazy\" decoding=\"async\" class=\"alignnone size-full wp-image-809\" src=\"https:\/\/www.iberfruta.es\/wp-content\/uploads\/2022\/01\/img_20220114_132038.jpg\" alt=\"\" width=\"300\" height=\"300\" \/><\/p>\n<h3>Frutta IQF<\/h3>\n<p class=\"mb-0\">IQF \u00e8 l&#8217;acronimo di <em>\u00ab<\/em><em>Individually Quick Frozen\u00bb<\/em> e indica il processo attraverso il quale i prodotti sono <strong>surgelati in modo rapido e individuale<\/strong>. Ogni pezzo di frutta \u00e8 congelato individualmente in un tempo compreso tra i 10 e i 15 minuti, conservando cos\u00ec tutti i nutrienti e le vitamine della frutta fresca, e allo stesso tempo \u00e8 facile da usare perch\u00e9 evita la formazione di blocchi.<\/p>\n<\/div>\n<p>[\/vc_column_text][\/vc_column_inner][vc_column_inner width=&#8221;1\/4&#8243;][vc_column_text]<\/p>\n<div data-aos=\"fade-up\" data-aos-delay=\"900\">\n<p><img loading=\"lazy\" decoding=\"async\" class=\"alignnone size-full wp-image-804\" src=\"https:\/\/www.iberfruta.es\/wp-content\/uploads\/2022\/01\/comparativa-kiwi.jpg\" alt=\"\" width=\"476\" height=\"300\" \/><\/p>\n<h3>Purea non pastorizzata<\/h3>\n<p><strong>Purea senza additivi e senza processo di pastorizzazione<\/strong> per soddisfare qualsiasi esigenza specifica dei nostri clienti.<\/p>\n<p class=\"mb-0\"><small><em>L&#8217;immagine a sinistra mostra l&#8217;aspetto della purea di kiwi sottoposta a trattamento termico, mentre quella a destra mostra l&#8217;aspetto della purea di kiwi non trattata.<\/em><\/small><\/p>\n<\/div>\n<p>[\/vc_column_text][\/vc_column_inner][\/vc_row_inner][\/vc_column][\/vc_row]<\/p>\n<\/div>","protected":false},"excerpt":{"rendered":"<p>[vc_row el_class=&#8221;section-lista section-interior-texto section-first section-interior-inovacion&#8221;][vc_column el_class=&#8221;container&#8221;][vc_column_text] In Iberfruta lavoriamo solo ed esclusivamente seguendo i processi di qualit\u00e0 pi\u00f9 esigenti. Come accreditato dalle diverse certificazioni che vantano le nostre strutture, sia in termini di qualit\u00e0 sia di sostenibilit\u00e0. Inoltre, i nostri processi e le tecnologie di cui disponiamo ci permettono di certificare i nostri prodotti per [&hellip;]<\/p>\n","protected":false},"author":1,"featured_media":0,"parent":0,"menu_order":0,"comment_status":"closed","ping_status":"closed","template":"","meta":{"_acf_changed":false,"footnotes":""},"class_list":["post-1634","page","type-page","status-publish","hentry"],"acf":[],"yoast_head":"<!-- This site is optimized with the Yoast SEO plugin v27.2 - https:\/\/yoast.com\/product\/yoast-seo-wordpress\/ -->\n<title>Qualit\u00e0 e innovazione - Iberfruta<\/title>\n<meta name=\"robots\" content=\"index, follow, max-snippet:-1, max-image-preview:large, max-video-preview:-1\" \/>\n<link rel=\"canonical\" href=\"https:\/\/www.iberfruta.es\/it\/qualita-e-innovazione\/\" \/>\n<meta property=\"og:locale\" content=\"it_IT\" \/>\n<meta property=\"og:type\" content=\"article\" \/>\n<meta property=\"og:title\" content=\"Qualit\u00e0 e innovazione - Iberfruta\" \/>\n<meta property=\"og:description\" content=\"[vc_row el_class=&#8221;section-lista section-interior-texto section-first section-interior-inovacion&#8221;][vc_column el_class=&#8221;container&#8221;][vc_column_text] In Iberfruta lavoriamo solo ed esclusivamente seguendo i processi di qualit\u00e0 pi\u00f9 esigenti. Come accreditato dalle diverse certificazioni che vantano le nostre strutture, sia in termini di qualit\u00e0 sia di sostenibilit\u00e0. Inoltre, i nostri processi e le tecnologie di cui disponiamo ci permettono di certificare i nostri prodotti per [&hellip;]\" \/>\n<meta property=\"og:url\" content=\"https:\/\/www.iberfruta.es\/it\/qualita-e-innovazione\/\" \/>\n<meta property=\"og:site_name\" content=\"Iberfruta\" \/>\n<meta property=\"article:modified_time\" content=\"2022-06-20T13:10:53+00:00\" \/>\n<meta property=\"og:image\" content=\"https:\/\/www.iberfruta.es\/wp-content\/uploads\/2022\/06\/certificados.jpg\" \/>\n<meta name=\"twitter:card\" content=\"summary_large_image\" \/>\n<meta name=\"twitter:label1\" content=\"Tempo di lettura stimato\" \/>\n\t<meta name=\"twitter:data1\" content=\"3 minuti\" \/>\n<script type=\"application\/ld+json\" class=\"yoast-schema-graph\">{\"@context\":\"https:\/\/schema.org\",\"@graph\":[{\"@type\":\"WebPage\",\"@id\":\"https:\/\/www.iberfruta.es\/it\/qualita-e-innovazione\/\",\"url\":\"https:\/\/www.iberfruta.es\/it\/qualita-e-innovazione\/\",\"name\":\"Qualit\u00e0 e innovazione - Iberfruta\",\"isPartOf\":{\"@id\":\"https:\/\/www.iberfruta.es\/#website\"},\"primaryImageOfPage\":{\"@id\":\"https:\/\/www.iberfruta.es\/it\/qualita-e-innovazione\/#primaryimage\"},\"image\":{\"@id\":\"https:\/\/www.iberfruta.es\/it\/qualita-e-innovazione\/#primaryimage\"},\"thumbnailUrl\":\"https:\/\/www.iberfruta.es\/wp-content\/uploads\/2022\/06\/certificados.jpg\",\"datePublished\":\"2021-10-13T12:27:29+00:00\",\"dateModified\":\"2022-06-20T13:10:53+00:00\",\"inLanguage\":\"it-IT\",\"potentialAction\":[{\"@type\":\"ReadAction\",\"target\":[\"https:\/\/www.iberfruta.es\/it\/qualita-e-innovazione\/\"]}]},{\"@type\":\"ImageObject\",\"inLanguage\":\"it-IT\",\"@id\":\"https:\/\/www.iberfruta.es\/it\/qualita-e-innovazione\/#primaryimage\",\"url\":\"https:\/\/www.iberfruta.es\/wp-content\/uploads\/2022\/06\/certificados.jpg\",\"contentUrl\":\"https:\/\/www.iberfruta.es\/wp-content\/uploads\/2022\/06\/certificados.jpg\"},{\"@type\":\"WebSite\",\"@id\":\"https:\/\/www.iberfruta.es\/#website\",\"url\":\"https:\/\/www.iberfruta.es\/\",\"name\":\"Iberfruta\",\"description\":\"\",\"potentialAction\":[{\"@type\":\"SearchAction\",\"target\":{\"@type\":\"EntryPoint\",\"urlTemplate\":\"https:\/\/www.iberfruta.es\/?s={search_term_string}\"},\"query-input\":{\"@type\":\"PropertyValueSpecification\",\"valueRequired\":true,\"valueName\":\"search_term_string\"}}],\"inLanguage\":\"it-IT\"}]}<\/script>\n<!-- \/ Yoast SEO plugin. -->","yoast_head_json":{"title":"Qualit\u00e0 e innovazione - Iberfruta","robots":{"index":"index","follow":"follow","max-snippet":"max-snippet:-1","max-image-preview":"max-image-preview:large","max-video-preview":"max-video-preview:-1"},"canonical":"https:\/\/www.iberfruta.es\/it\/qualita-e-innovazione\/","og_locale":"it_IT","og_type":"article","og_title":"Qualit\u00e0 e innovazione - Iberfruta","og_description":"[vc_row el_class=&#8221;section-lista section-interior-texto section-first section-interior-inovacion&#8221;][vc_column el_class=&#8221;container&#8221;][vc_column_text] In Iberfruta lavoriamo solo ed esclusivamente seguendo i processi di qualit\u00e0 pi\u00f9 esigenti. Come accreditato dalle diverse certificazioni che vantano le nostre strutture, sia in termini di qualit\u00e0 sia di sostenibilit\u00e0. Inoltre, i nostri processi e le tecnologie di cui disponiamo ci permettono di certificare i nostri prodotti per [&hellip;]","og_url":"https:\/\/www.iberfruta.es\/it\/qualita-e-innovazione\/","og_site_name":"Iberfruta","article_modified_time":"2022-06-20T13:10:53+00:00","og_image":[{"url":"https:\/\/www.iberfruta.es\/wp-content\/uploads\/2022\/06\/certificados.jpg","type":"","width":"","height":""}],"twitter_card":"summary_large_image","twitter_misc":{"Tempo di lettura stimato":"3 minuti"},"schema":{"@context":"https:\/\/schema.org","@graph":[{"@type":"WebPage","@id":"https:\/\/www.iberfruta.es\/it\/qualita-e-innovazione\/","url":"https:\/\/www.iberfruta.es\/it\/qualita-e-innovazione\/","name":"Qualit\u00e0 e innovazione - Iberfruta","isPartOf":{"@id":"https:\/\/www.iberfruta.es\/#website"},"primaryImageOfPage":{"@id":"https:\/\/www.iberfruta.es\/it\/qualita-e-innovazione\/#primaryimage"},"image":{"@id":"https:\/\/www.iberfruta.es\/it\/qualita-e-innovazione\/#primaryimage"},"thumbnailUrl":"https:\/\/www.iberfruta.es\/wp-content\/uploads\/2022\/06\/certificados.jpg","datePublished":"2021-10-13T12:27:29+00:00","dateModified":"2022-06-20T13:10:53+00:00","inLanguage":"it-IT","potentialAction":[{"@type":"ReadAction","target":["https:\/\/www.iberfruta.es\/it\/qualita-e-innovazione\/"]}]},{"@type":"ImageObject","inLanguage":"it-IT","@id":"https:\/\/www.iberfruta.es\/it\/qualita-e-innovazione\/#primaryimage","url":"https:\/\/www.iberfruta.es\/wp-content\/uploads\/2022\/06\/certificados.jpg","contentUrl":"https:\/\/www.iberfruta.es\/wp-content\/uploads\/2022\/06\/certificados.jpg"},{"@type":"WebSite","@id":"https:\/\/www.iberfruta.es\/#website","url":"https:\/\/www.iberfruta.es\/","name":"Iberfruta","description":"","potentialAction":[{"@type":"SearchAction","target":{"@type":"EntryPoint","urlTemplate":"https:\/\/www.iberfruta.es\/?s={search_term_string}"},"query-input":{"@type":"PropertyValueSpecification","valueRequired":true,"valueName":"search_term_string"}}],"inLanguage":"it-IT"}]}},"_links":{"self":[{"href":"https:\/\/www.iberfruta.es\/it\/wp-json\/wp\/v2\/pages\/1634","targetHints":{"allow":["GET"]}}],"collection":[{"href":"https:\/\/www.iberfruta.es\/it\/wp-json\/wp\/v2\/pages"}],"about":[{"href":"https:\/\/www.iberfruta.es\/it\/wp-json\/wp\/v2\/types\/page"}],"author":[{"embeddable":true,"href":"https:\/\/www.iberfruta.es\/it\/wp-json\/wp\/v2\/users\/1"}],"replies":[{"embeddable":true,"href":"https:\/\/www.iberfruta.es\/it\/wp-json\/wp\/v2\/comments?post=1634"}],"version-history":[{"count":7,"href":"https:\/\/www.iberfruta.es\/it\/wp-json\/wp\/v2\/pages\/1634\/revisions"}],"predecessor-version":[{"id":1860,"href":"https:\/\/www.iberfruta.es\/it\/wp-json\/wp\/v2\/pages\/1634\/revisions\/1860"}],"wp:attachment":[{"href":"https:\/\/www.iberfruta.es\/it\/wp-json\/wp\/v2\/media?parent=1634"}],"curies":[{"name":"wp","href":"https:\/\/api.w.org\/{rel}","templated":true}]}}