{"id":1633,"date":"2021-10-13T11:18:42","date_gmt":"2021-10-13T11:18:42","guid":{"rendered":"https:\/\/www.iberfruta.es\/aviso-legal\/"},"modified":"2022-03-14T09:26:27","modified_gmt":"2022-03-14T08:26:27","slug":"avviso-legale","status":"publish","type":"page","link":"https:\/\/www.iberfruta.es\/it\/avviso-legale\/","title":{"rendered":"Avviso legale"},"content":{"rendered":"<div class=\"wpb-content-wrapper\"><p>[vc_row el_class=&#8221;section-first section-interior-texto&#8221;][vc_column el_class=&#8221;container&#8221;][vc_column_text]IBERFRUTA-MUERZA S.A., titolare del dominio www.iberfruta.es, in conformit\u00e0 con quanto disposto dalla legge 34\/2002, dell&#8217;11 luglio, sui servizi della societ\u00e0 dell&#8217;informazione e del commercio elettronico (LSSICE) e in conformit\u00e0 con le disposizioni della normativa vigente in materia di protezione dei dati personali, con il regolamento (UE) 2016\/679 del 27 aprile 2016 (GDPR) e con la legge organica sulla protezione dei dati in Spagna e il suo regolamento di attuazione, si riflettono i seguenti dati:<\/p>\n<p><strong>AVVISO DI PROPRIET\u00c0 INDUSTRIALE E INTELLETTUALE<\/strong><br \/>\nQuesta entit\u00e0 \u00e8 registrata nel registro commerciale di Navarra. Pagina NA-1174 Volume 63 Foglio 213. I contenuti del sito web accessibile attraverso l&#8217;URL www.iberfruta.es incluse, a titolo esemplificativo e non esaustivo, immagini, illustrazioni, fotografie, testi, marchi, loghi o disegni sono di propriet\u00e0 di IBERFRUTA-MUERZA S.A. e\/o di altri legittimi collaboratori che hanno concesso i corrispondenti diritti di utilizzo. La propriet\u00e0 industriale e intellettuale di tutti i suddetti contenuti \u00e8 debitamente protetta dalla legislazione spagnola.<\/p>\n<p>\u00c8 severamente vietato qualsiasi uso totale o parziale dei contenuti del sito web consistente nella riproduzione, distribuzione, comunicazione pubblica in qualsiasi forma e con qualsiasi mezzo, salvo espressa autorizzazione scritta di IBERFRUTA-MUERZA S.A.<\/p>\n<p><strong>AVVISO LEGALE FATTURE \/ ORDINI<\/strong><br \/>\nIl Responsabile del trattamento dei dati \u00e8 IBERFRUTA-MUERZA S.A. I dati saranno elaborati e trattati per gestire i servizi amministrativi e logistici forniti dal responsabile, cos\u00ec come le comunicazioni via e-mail riguardanti i servizi forniti, le informazioni commerciali, i preventivi o le attivit\u00e0 svolte dal responsabile. La legittimit\u00e0 dell&#8217;uso dei dati si basa sull&#8217;esecuzione di un contratto o sulla fornitura di servizi. Nessun dato sar\u00e0 trasmesso a terzi, eccetto in caso di obbligo legale. I dati saranno distrutti una volta che l\u2019utente comunicher\u00e0 la cancellazione e\/o i periodi di conservazione legale saranno scaduti. L\u2019utente interessato pu\u00f2 esercitare il diritto di accesso, rettifica, cancellazione, oblio, portabilit\u00e0 e limitazione del trattamento scrivendo all&#8217;indirizzo dell&#8217;emittente della presente fattura. Pu\u00f2 inoltre presentare un reclamo all&#8217;Agenzia spagnola per la protezione dei dati se ritiene che i suoi diritti siano stati violati.<\/p>\n<p><strong>AVVISO LEGALE E-MAIL<\/strong><br \/>\nIl contenuto di questa e-mail e, se del caso, i file allegati sono PRIVATI e CONFIDENZIALI, e sono ad uso esclusivo del destinatario. Se non sei il destinatario corretto, il dipendente o l&#8217;agente responsabile della consegna del messaggio al destinatario, o lo hai ricevuto per errore, ti informiamo che secondo la legislazione vigente \u00e8 severamente vietato divulgarlo, distribuirlo o riprodurlo, e ti chiediamo di avvisarci immediatamente procedendo alla distruzione del messaggio stesso. In conformit\u00e0 con quanto previsto dalla normativa in vigore in materia di protezione dei dati personali, dal Regolamento (UE) 2016\/679 del 27 aprile 2016 (GDPR) e dalla Legge Organica sulla Protezione dei Dati in Spagna e dai suoi regolamenti di attuazione, ti informiamo che IBERFRUTA-MUERZA S.A. \u00e8 Responsabile del trattamento dei tuoi dati. I tuoi dati saranno trattati con la finalit\u00e0 di gestire le comunicazioni effettuate via e-mail dei servizi forniti, delle informazioni commerciali o delle attivit\u00e0 svolte dal responsabile. La legittimit\u00e0 dell&#8217;uso dei dati si basa sull&#8217;esecuzione di un contratto o sulla fornitura di servizi. Nessun dato sar\u00e0 trasmesso a terzi, eccetto in caso di obbligo legale. I dati saranno distrutti una volta che l\u2019utente comunicher\u00e0 la cancellazione e\/o i periodi di conservazione legale saranno scaduti. L\u2019utente interessato pu\u00f2 esercitare il diritto di accesso, rettifica, cancellazione, oblio, portabilit\u00e0 e limitazione del trattamento scrivendo all&#8217;indirizzo: IBERFRUTA-MUERZA S.A. Pol. Ind., Parcela A, 31560 Azagra, Navarra.[\/vc_column_text][\/vc_column][\/vc_row]<\/p>\n<\/div>","protected":false},"excerpt":{"rendered":"<p>[vc_row el_class=&#8221;section-first section-interior-texto&#8221;][vc_column el_class=&#8221;container&#8221;][vc_column_text]IBERFRUTA-MUERZA S.A., titolare del dominio www.iberfruta.es, in conformit\u00e0 con quanto disposto dalla legge 34\/2002, dell&#8217;11 luglio, sui servizi della societ\u00e0 dell&#8217;informazione e del commercio elettronico (LSSICE) e in conformit\u00e0 con le disposizioni della normativa vigente in materia di protezione dei dati personali, con il regolamento (UE) 2016\/679 del 27 aprile 2016 (GDPR) [&hellip;]<\/p>\n","protected":false},"author":1,"featured_media":0,"parent":0,"menu_order":0,"comment_status":"closed","ping_status":"closed","template":"","meta":{"_acf_changed":false,"footnotes":""},"class_list":["post-1633","page","type-page","status-publish","hentry"],"acf":[],"yoast_head":"<!-- This site is optimized with the Yoast SEO plugin v27.2 - https:\/\/yoast.com\/product\/yoast-seo-wordpress\/ -->\n<title>Avviso legale - Iberfruta<\/title>\n<meta name=\"robots\" content=\"index, follow, max-snippet:-1, max-image-preview:large, max-video-preview:-1\" \/>\n<link rel=\"canonical\" href=\"https:\/\/www.iberfruta.es\/it\/avviso-legale\/\" \/>\n<meta property=\"og:locale\" content=\"it_IT\" \/>\n<meta property=\"og:type\" content=\"article\" \/>\n<meta property=\"og:title\" content=\"Avviso legale - Iberfruta\" \/>\n<meta property=\"og:description\" content=\"[vc_row el_class=&#8221;section-first section-interior-texto&#8221;][vc_column el_class=&#8221;container&#8221;][vc_column_text]IBERFRUTA-MUERZA S.A., titolare del dominio www.iberfruta.es, in conformit\u00e0 con quanto disposto dalla legge 34\/2002, dell&#8217;11 luglio, sui servizi della societ\u00e0 dell&#8217;informazione e del commercio elettronico (LSSICE) e in conformit\u00e0 con le disposizioni della normativa vigente in materia di protezione dei dati personali, con il regolamento (UE) 2016\/679 del 27 aprile 2016 (GDPR) [&hellip;]\" \/>\n<meta property=\"og:url\" content=\"https:\/\/www.iberfruta.es\/it\/avviso-legale\/\" \/>\n<meta property=\"og:site_name\" content=\"Iberfruta\" \/>\n<meta property=\"article:modified_time\" content=\"2022-03-14T08:26:27+00:00\" \/>\n<meta property=\"og:image\" content=\"https:\/\/www.iberfruta.es\/wp-content\/uploads\/2022\/03\/fb-share.png\" \/>\n\t<meta property=\"og:image:width\" content=\"1200\" \/>\n\t<meta property=\"og:image:height\" content=\"630\" \/>\n\t<meta property=\"og:image:type\" content=\"image\/png\" \/>\n<meta name=\"twitter:card\" content=\"summary_large_image\" \/>\n<meta name=\"twitter:label1\" content=\"Tempo di lettura stimato\" \/>\n\t<meta name=\"twitter:data1\" content=\"3 minuti\" \/>\n<script type=\"application\/ld+json\" class=\"yoast-schema-graph\">{\"@context\":\"https:\/\/schema.org\",\"@graph\":[{\"@type\":\"WebPage\",\"@id\":\"https:\/\/www.iberfruta.es\/it\/avviso-legale\/\",\"url\":\"https:\/\/www.iberfruta.es\/it\/avviso-legale\/\",\"name\":\"Avviso legale - Iberfruta\",\"isPartOf\":{\"@id\":\"https:\/\/www.iberfruta.es\/#website\"},\"datePublished\":\"2021-10-13T11:18:42+00:00\",\"dateModified\":\"2022-03-14T08:26:27+00:00\",\"inLanguage\":\"it-IT\",\"potentialAction\":[{\"@type\":\"ReadAction\",\"target\":[\"https:\/\/www.iberfruta.es\/it\/avviso-legale\/\"]}]},{\"@type\":\"WebSite\",\"@id\":\"https:\/\/www.iberfruta.es\/#website\",\"url\":\"https:\/\/www.iberfruta.es\/\",\"name\":\"Iberfruta\",\"description\":\"\",\"potentialAction\":[{\"@type\":\"SearchAction\",\"target\":{\"@type\":\"EntryPoint\",\"urlTemplate\":\"https:\/\/www.iberfruta.es\/?s={search_term_string}\"},\"query-input\":{\"@type\":\"PropertyValueSpecification\",\"valueRequired\":true,\"valueName\":\"search_term_string\"}}],\"inLanguage\":\"it-IT\"}]}<\/script>\n<!-- \/ Yoast SEO plugin. -->","yoast_head_json":{"title":"Avviso legale - Iberfruta","robots":{"index":"index","follow":"follow","max-snippet":"max-snippet:-1","max-image-preview":"max-image-preview:large","max-video-preview":"max-video-preview:-1"},"canonical":"https:\/\/www.iberfruta.es\/it\/avviso-legale\/","og_locale":"it_IT","og_type":"article","og_title":"Avviso legale - Iberfruta","og_description":"[vc_row el_class=&#8221;section-first section-interior-texto&#8221;][vc_column el_class=&#8221;container&#8221;][vc_column_text]IBERFRUTA-MUERZA S.A., titolare del dominio www.iberfruta.es, in conformit\u00e0 con quanto disposto dalla legge 34\/2002, dell&#8217;11 luglio, sui servizi della societ\u00e0 dell&#8217;informazione e del commercio elettronico (LSSICE) e in conformit\u00e0 con le disposizioni della normativa vigente in materia di protezione dei dati personali, con il regolamento (UE) 2016\/679 del 27 aprile 2016 (GDPR) [&hellip;]","og_url":"https:\/\/www.iberfruta.es\/it\/avviso-legale\/","og_site_name":"Iberfruta","article_modified_time":"2022-03-14T08:26:27+00:00","og_image":[{"width":1200,"height":630,"url":"https:\/\/www.iberfruta.es\/wp-content\/uploads\/2022\/03\/fb-share.png","type":"image\/png"}],"twitter_card":"summary_large_image","twitter_misc":{"Tempo di lettura stimato":"3 minuti"},"schema":{"@context":"https:\/\/schema.org","@graph":[{"@type":"WebPage","@id":"https:\/\/www.iberfruta.es\/it\/avviso-legale\/","url":"https:\/\/www.iberfruta.es\/it\/avviso-legale\/","name":"Avviso legale - Iberfruta","isPartOf":{"@id":"https:\/\/www.iberfruta.es\/#website"},"datePublished":"2021-10-13T11:18:42+00:00","dateModified":"2022-03-14T08:26:27+00:00","inLanguage":"it-IT","potentialAction":[{"@type":"ReadAction","target":["https:\/\/www.iberfruta.es\/it\/avviso-legale\/"]}]},{"@type":"WebSite","@id":"https:\/\/www.iberfruta.es\/#website","url":"https:\/\/www.iberfruta.es\/","name":"Iberfruta","description":"","potentialAction":[{"@type":"SearchAction","target":{"@type":"EntryPoint","urlTemplate":"https:\/\/www.iberfruta.es\/?s={search_term_string}"},"query-input":{"@type":"PropertyValueSpecification","valueRequired":true,"valueName":"search_term_string"}}],"inLanguage":"it-IT"}]}},"_links":{"self":[{"href":"https:\/\/www.iberfruta.es\/it\/wp-json\/wp\/v2\/pages\/1633","targetHints":{"allow":["GET"]}}],"collection":[{"href":"https:\/\/www.iberfruta.es\/it\/wp-json\/wp\/v2\/pages"}],"about":[{"href":"https:\/\/www.iberfruta.es\/it\/wp-json\/wp\/v2\/types\/page"}],"author":[{"embeddable":true,"href":"https:\/\/www.iberfruta.es\/it\/wp-json\/wp\/v2\/users\/1"}],"replies":[{"embeddable":true,"href":"https:\/\/www.iberfruta.es\/it\/wp-json\/wp\/v2\/comments?post=1633"}],"version-history":[{"count":2,"href":"https:\/\/www.iberfruta.es\/it\/wp-json\/wp\/v2\/pages\/1633\/revisions"}],"predecessor-version":[{"id":1723,"href":"https:\/\/www.iberfruta.es\/it\/wp-json\/wp\/v2\/pages\/1633\/revisions\/1723"}],"wp:attachment":[{"href":"https:\/\/www.iberfruta.es\/it\/wp-json\/wp\/v2\/media?parent=1633"}],"curies":[{"name":"wp","href":"https:\/\/api.w.org\/{rel}","templated":true}]}}