{"id":1388,"date":"2021-10-13T12:27:36","date_gmt":"2021-10-13T12:27:36","guid":{"rendered":"https:\/\/www.iberfruta.es\/sostenibilidad\/"},"modified":"2022-03-25T10:32:27","modified_gmt":"2022-03-25T09:32:27","slug":"durabilite","status":"publish","type":"page","link":"https:\/\/www.iberfruta.es\/fr\/durabilite\/","title":{"rendered":"Durabilit\u00e9"},"content":{"rendered":"<div class=\"wpb-content-wrapper\"><p>[vc_row el_class=\u00a0\u00bbsection-first section-interior-texto section-interior-icons\u00a0\u00bb][vc_column el_class=\u00a0\u00bbcontainer\u00a0\u00bb][vc_column_text el_class=\u00a0\u00bbbig-text\u00a0\u00bb]    <div class=\"section-title main-title centered\">\n      <h2>Notre responsabilit\u00e9<\/h2>\n          <\/div>\n<p style=\"text-align: center;\">La pr\u00e9servation de l\u2019environnement est une pr\u00e9occupation constante \u00e0 chaque \u00e9tape du processus d\u2019\u00e9laboration des aliments chez Iberfrutas:<\/p>\n<p>[\/vc_column_text][vc_row_inner el_class=\u00a0\u00bbrow-double-space\u00a0\u00bb][vc_column_inner width=\u00a0\u00bb1\/4&Prime;][vc_column_text]<\/p>\n<div data-aos=\"fade-up\" data-aos-delay=\"0\">\n<p><img loading=\"lazy\" decoding=\"async\" class=\"alignnone size-thumbnail wp-image-479\" src=\"https:\/\/www.iberfruta.es\/wp-content\/uploads\/2022\/01\/cultivo-1-150x150.png\" alt=\"\" width=\"150\" height=\"150\" srcset=\"https:\/\/www.iberfruta.es\/wp-content\/uploads\/2022\/01\/cultivo-1-150x150.png 150w, https:\/\/www.iberfruta.es\/wp-content\/uploads\/2022\/01\/cultivo-1.png 300w\" sizes=\"auto, (max-width: 150px) 100vw, 150px\" \/><\/p>\n<h4 class=\"color-red\">Depuis la culture<\/h4>\n<p>Parce que nous encourageons les professionnels du secteur \u00e0 employer de bonnes pratiques, nous valorisons les aliments en appliquant un prix juste pour les professionnels et c\u2019est l\u2019ouvrier qui participe \u00e0 l\u2019ensemble du processus.<\/p>\n<\/div>\n<p>[\/vc_column_text][\/vc_column_inner][vc_column_inner width=\u00a0\u00bb1\/4&Prime;][vc_column_text]<\/p>\n<div data-aos=\"fade-up\" data-aos-delay=\"300\">\n<p><img loading=\"lazy\" decoding=\"async\" class=\"alignnone size-thumbnail wp-image-469\" src=\"https:\/\/www.iberfruta.es\/wp-content\/uploads\/2022\/01\/procesado-150x150.png\" alt=\"\" width=\"150\" height=\"150\" srcset=\"https:\/\/www.iberfruta.es\/wp-content\/uploads\/2022\/01\/procesado-150x150.png 150w, https:\/\/www.iberfruta.es\/wp-content\/uploads\/2022\/01\/procesado.png 300w\" sizes=\"auto, (max-width: 150px) 100vw, 150px\" \/><\/p>\n<h4 class=\"color-blue\">Pendant le traitement<\/h4>\n<p>Parce que nous utilisons des bidons recycl\u00e9s, nous d\u00e9veloppons des techniques am\u00e9lior\u00e9es pour optimiser le processus, nous r\u00e9duisons la consommation d\u2019\u00e9nergie et d\u2019eau et, par la suite, nous r\u00e9utilisons une bonne partie de cette \u00e9nergie.<\/p>\n<\/div>\n<p>[\/vc_column_text][\/vc_column_inner][vc_column_inner width=\u00a0\u00bb1\/4&Prime;][vc_column_text]<\/p>\n<div data-aos=\"fade-up\" data-aos-delay=\"600\">\n<p><img loading=\"lazy\" decoding=\"async\" class=\"alignnone size-thumbnail wp-image-474\" src=\"https:\/\/www.iberfruta.es\/wp-content\/uploads\/2022\/01\/transporte-150x150.png\" alt=\"\" width=\"150\" height=\"150\" srcset=\"https:\/\/www.iberfruta.es\/wp-content\/uploads\/2022\/01\/transporte-150x150.png 150w, https:\/\/www.iberfruta.es\/wp-content\/uploads\/2022\/01\/transporte.png 300w\" sizes=\"auto, (max-width: 150px) 100vw, 150px\" \/><\/p>\n<h4 class=\"color-orange\">Pendant le transport<\/h4>\n<p>Parce que nos logistiques optimis\u00e9es visent \u00e0 assurer l\u2019efficacit\u00e9 du transport du produit, en observant principalement les normes applicables en mati\u00e8re de r\u00e9duction des \u00e9missions EURO6.<\/p>\n<\/div>\n<p>[\/vc_column_text][\/vc_column_inner][vc_column_inner width=\u00a0\u00bb1\/4&Prime;][vc_column_text]<\/p>\n<div data-aos=\"fade-up\" data-aos-delay=\"900\">\n<p><img loading=\"lazy\" decoding=\"async\" class=\"alignnone size-thumbnail wp-image-484\" src=\"https:\/\/www.iberfruta.es\/wp-content\/uploads\/2022\/01\/medio-ambiente-150x150.png\" alt=\"\" width=\"150\" height=\"150\" srcset=\"https:\/\/www.iberfruta.es\/wp-content\/uploads\/2022\/01\/medio-ambiente-150x150.png 150w, https:\/\/www.iberfruta.es\/wp-content\/uploads\/2022\/01\/medio-ambiente.png 300w\" sizes=\"auto, (max-width: 150px) 100vw, 150px\" \/><\/p>\n<h4 class=\"color-green\">Avec l\u2019environnement<\/h4>\n<p>Parce que nous avons particip\u00e9 au Programme de D\u00e9veloppement de l\u2019Irrigation \u00e0 Do\u00f1ana, qui nous a permis d\u2019\u00e9conomiser 858 000 m\u00e8tres cubes d\u2019eau, soit l\u2019\u00e9quivalent de 343 piscines olympiques.<\/p>\n<\/div>\n<p>[\/vc_column_text][\/vc_column_inner][\/vc_row_inner][\/vc_column][\/vc_row][vc_row el_class=\u00a0\u00bbsection-texto section-texto-right pt-0 section-interior-compromiso\u00a0\u00bb][vc_column el_class=\u00a0\u00bbcontainer\u00a0\u00bb][vc_column_text el_class=\u00a0\u00bbbig-text\u00a0\u00bb]    <div class=\"section-title main-title centered\">\n      <h2>Notre action et notre engagement envers la durabilit\u00e9<\/h2>\n          <\/div>\n[\/vc_column_text][vc_row_inner][vc_column_inner el_class=\u00a0\u00bbcol-imagen\u00a0\u00bb width=\u00a0\u00bb1\/3&Prime;][vc_column_text]<img decoding=\"async\" class=\"img-fluid\" src=\"https:\/\/www.iberfruta.es\/wp-content\/uploads\/2022\/01\/sostenibilidad-1.jpg\" alt=\"\" \/>[\/vc_column_text][\/vc_column_inner][vc_column_inner el_class=\u00a0\u00bbcol-texto\u00a0\u00bb width=\u00a0\u00bb2\/3&Prime;][vc_column_text]<\/p>\n<ul>\n<li>Nous avons pari\u00e9 sur les <strong>\u00e9nergies renouvelables et l\u2019autoconsommation, par le biais de panneaux solaires<\/strong> d\u2019une capacit\u00e9 de 800 kilowatts.<\/li>\n<li>Nous disposons d\u2019une usine de <strong>traitement de l\u2019eau<\/strong> d\u2019une capacit\u00e9 quotidienne de 4000 m\u00e8tres cubes<\/li>\n<li>Et une <strong>usine de cog\u00e9n\u00e9ration<\/strong> produisant 3 m\u00e9gawatts \/ heure<\/li>\n<li>Nous avons install\u00e9 des <strong>compresseurs d\u2019ammoniac<\/strong> dans notre syst\u00e8me de r\u00e9frig\u00e9ration qui ont <strong>accru l\u2019efficacit\u00e9 \u00e9nerg\u00e9tique de 20 %<\/strong><\/li>\n<li>Nous avons <strong>diminu\u00e9 notre consommation d\u2019eau<\/strong> de plus de 30 000 m\u00e8tre cubes en utilisant des technologies de pointe<\/li>\n<li>Nous encourageons la <strong>durabilit\u00e9 sociale au travers de l\u2019\u00e9galit\u00e9 des genres<\/strong>, avec une proportion de salari\u00e9s de 55 % de femmes et 45 % d\u2019hommes<\/li>\n<li>En 2020, nous avons diminu\u00e9 de <strong>15 % la g\u00e9n\u00e9ration de d\u00e9chets<\/strong><\/li>\n<\/ul>\n<p>[\/vc_column_text][\/vc_column_inner][\/vc_row_inner][vc_empty_space][vc_column_text]Nous souhaitons poursuivre sur notre lanc\u00e9e et nous nous sommes propos\u00e9s, conform\u00e9ment \u00e0 l\u2019Agenda 2030 du Gouvernement, de calculer notre empreinte carbone, d\u2019augmenter la quantit\u00e9 de panneaux solaires et d\u2019obtenir le certificat B-Corp afin de sceller la r\u00e9alit\u00e9 de notre engagement envers l\u2019environnement.[\/vc_column_text][\/vc_column][\/vc_row][vc_row el_class=\u00a0\u00bbsection-interior-texto pt-0 section-interior-proyectos\u00a0\u00bb][vc_column el_class=\u00a0\u00bbcontainer\u00a0\u00bb][vc_column_text]    <div class=\"section-title main-title\">\n      <h2>Les projets auxquels nous participons<\/h2>\n          <\/div>\n<p>Nous participons \u00e0 la <a href=\"https:\/\/saiplatform.org\/\" target=\"_blank\" rel=\"noopener\"><strong>SAI<\/strong><\/a> (Sustainable Agriculture Initiative) de la plateforme FSA (Farm Sustainability Assessment) de recherche de l\u2019innovation pour le d\u00e9veloppement de la durabilit\u00e9.<\/p>\n<p>Nous avons particip\u00e9 \u00e0 <a href=\"http:\/\/www.ferdonana.es\/es\/\" target=\"_blank\" rel=\"noopener\"><strong>FerDo\u00f1ana<\/strong><\/a>, une initiative qui nous a permis de d\u00e9montrer notre engagement envers le d\u00e9veloppement de l\u2019efficacit\u00e9 de l\u2019irrigation sur le site unique de Do\u00f1ana.[\/vc_column_text][\/vc_column][\/vc_row]<\/p>\n<\/div>","protected":false},"excerpt":{"rendered":"<p>[vc_row el_class=\u00a0\u00bbsection-first section-interior-texto section-interior-icons\u00a0\u00bb][vc_column el_class=\u00a0\u00bbcontainer\u00a0\u00bb][vc_column_text el_class=\u00a0\u00bbbig-text\u00a0\u00bb] La pr\u00e9servation de l\u2019environnement est une pr\u00e9occupation constante \u00e0 chaque \u00e9tape du processus d\u2019\u00e9laboration des aliments chez Iberfrutas: [\/vc_column_text][vc_row_inner el_class=\u00a0\u00bbrow-double-space\u00a0\u00bb][vc_column_inner width=\u00a0\u00bb1\/4&Prime;][vc_column_text] Depuis la culture Parce que nous encourageons les professionnels du secteur \u00e0 employer de bonnes pratiques, nous valorisons les aliments en appliquant un prix juste pour les professionnels [&hellip;]<\/p>\n","protected":false},"author":1,"featured_media":0,"parent":0,"menu_order":0,"comment_status":"closed","ping_status":"closed","template":"","meta":{"_acf_changed":false,"footnotes":""},"class_list":["post-1388","page","type-page","status-publish","hentry"],"acf":[],"yoast_head":"<!-- This site is optimized with the Yoast SEO plugin v27.2 - https:\/\/yoast.com\/product\/yoast-seo-wordpress\/ -->\n<title>Durabilit\u00e9 - Iberfruta<\/title>\n<meta name=\"robots\" content=\"index, follow, max-snippet:-1, max-image-preview:large, max-video-preview:-1\" \/>\n<link rel=\"canonical\" href=\"https:\/\/www.iberfruta.es\/fr\/durabilite\/\" \/>\n<meta property=\"og:locale\" content=\"fr_FR\" \/>\n<meta property=\"og:type\" content=\"article\" \/>\n<meta property=\"og:title\" content=\"Durabilit\u00e9 - Iberfruta\" \/>\n<meta property=\"og:description\" content=\"[vc_row el_class=\u00a0\u00bbsection-first section-interior-texto section-interior-icons\u00a0\u00bb][vc_column el_class=\u00a0\u00bbcontainer\u00a0\u00bb][vc_column_text el_class=\u00a0\u00bbbig-text\u00a0\u00bb] La pr\u00e9servation de l\u2019environnement est une pr\u00e9occupation constante \u00e0 chaque \u00e9tape du processus d\u2019\u00e9laboration des aliments chez Iberfrutas: [\/vc_column_text][vc_row_inner el_class=\u00a0\u00bbrow-double-space\u00a0\u00bb][vc_column_inner width=\u00a0\u00bb1\/4&Prime;][vc_column_text] Depuis la culture Parce que nous encourageons les professionnels du secteur \u00e0 employer de bonnes pratiques, nous valorisons les aliments en appliquant un prix juste pour les professionnels [&hellip;]\" \/>\n<meta property=\"og:url\" content=\"https:\/\/www.iberfruta.es\/fr\/durabilite\/\" \/>\n<meta property=\"og:site_name\" content=\"Iberfruta\" \/>\n<meta property=\"article:modified_time\" content=\"2022-03-25T09:32:27+00:00\" \/>\n<meta property=\"og:image\" content=\"https:\/\/www.iberfruta.es\/wp-content\/uploads\/2022\/01\/cultivo-1-150x150.png\" \/>\n<meta name=\"twitter:card\" content=\"summary_large_image\" \/>\n<meta name=\"twitter:label1\" content=\"Dur\u00e9e de lecture estim\u00e9e\" \/>\n\t<meta name=\"twitter:data1\" content=\"3 minutes\" \/>\n<script type=\"application\/ld+json\" class=\"yoast-schema-graph\">{\"@context\":\"https:\/\/schema.org\",\"@graph\":[{\"@type\":\"WebPage\",\"@id\":\"https:\/\/www.iberfruta.es\/fr\/durabilite\/\",\"url\":\"https:\/\/www.iberfruta.es\/fr\/durabilite\/\",\"name\":\"Durabilit\u00e9 - Iberfruta\",\"isPartOf\":{\"@id\":\"https:\/\/www.iberfruta.es\/#website\"},\"primaryImageOfPage\":{\"@id\":\"https:\/\/www.iberfruta.es\/fr\/durabilite\/#primaryimage\"},\"image\":{\"@id\":\"https:\/\/www.iberfruta.es\/fr\/durabilite\/#primaryimage\"},\"thumbnailUrl\":\"https:\/\/www.iberfruta.es\/wp-content\/uploads\/2022\/01\/cultivo-1-150x150.png\",\"datePublished\":\"2021-10-13T12:27:36+00:00\",\"dateModified\":\"2022-03-25T09:32:27+00:00\",\"inLanguage\":\"fr-FR\",\"potentialAction\":[{\"@type\":\"ReadAction\",\"target\":[\"https:\/\/www.iberfruta.es\/fr\/durabilite\/\"]}]},{\"@type\":\"ImageObject\",\"inLanguage\":\"fr-FR\",\"@id\":\"https:\/\/www.iberfruta.es\/fr\/durabilite\/#primaryimage\",\"url\":\"https:\/\/www.iberfruta.es\/wp-content\/uploads\/2022\/01\/cultivo-1-150x150.png\",\"contentUrl\":\"https:\/\/www.iberfruta.es\/wp-content\/uploads\/2022\/01\/cultivo-1-150x150.png\"},{\"@type\":\"WebSite\",\"@id\":\"https:\/\/www.iberfruta.es\/#website\",\"url\":\"https:\/\/www.iberfruta.es\/\",\"name\":\"Iberfruta\",\"description\":\"\",\"potentialAction\":[{\"@type\":\"SearchAction\",\"target\":{\"@type\":\"EntryPoint\",\"urlTemplate\":\"https:\/\/www.iberfruta.es\/?s={search_term_string}\"},\"query-input\":{\"@type\":\"PropertyValueSpecification\",\"valueRequired\":true,\"valueName\":\"search_term_string\"}}],\"inLanguage\":\"fr-FR\"}]}<\/script>\n<!-- \/ Yoast SEO plugin. -->","yoast_head_json":{"title":"Durabilit\u00e9 - Iberfruta","robots":{"index":"index","follow":"follow","max-snippet":"max-snippet:-1","max-image-preview":"max-image-preview:large","max-video-preview":"max-video-preview:-1"},"canonical":"https:\/\/www.iberfruta.es\/fr\/durabilite\/","og_locale":"fr_FR","og_type":"article","og_title":"Durabilit\u00e9 - Iberfruta","og_description":"[vc_row el_class=\u00a0\u00bbsection-first section-interior-texto section-interior-icons\u00a0\u00bb][vc_column el_class=\u00a0\u00bbcontainer\u00a0\u00bb][vc_column_text el_class=\u00a0\u00bbbig-text\u00a0\u00bb] La pr\u00e9servation de l\u2019environnement est une pr\u00e9occupation constante \u00e0 chaque \u00e9tape du processus d\u2019\u00e9laboration des aliments chez Iberfrutas: [\/vc_column_text][vc_row_inner el_class=\u00a0\u00bbrow-double-space\u00a0\u00bb][vc_column_inner width=\u00a0\u00bb1\/4&Prime;][vc_column_text] Depuis la culture Parce que nous encourageons les professionnels du secteur \u00e0 employer de bonnes pratiques, nous valorisons les aliments en appliquant un prix juste pour les professionnels [&hellip;]","og_url":"https:\/\/www.iberfruta.es\/fr\/durabilite\/","og_site_name":"Iberfruta","article_modified_time":"2022-03-25T09:32:27+00:00","og_image":[{"url":"https:\/\/www.iberfruta.es\/wp-content\/uploads\/2022\/01\/cultivo-1-150x150.png","type":"","width":"","height":""}],"twitter_card":"summary_large_image","twitter_misc":{"Dur\u00e9e de lecture estim\u00e9e":"3 minutes"},"schema":{"@context":"https:\/\/schema.org","@graph":[{"@type":"WebPage","@id":"https:\/\/www.iberfruta.es\/fr\/durabilite\/","url":"https:\/\/www.iberfruta.es\/fr\/durabilite\/","name":"Durabilit\u00e9 - Iberfruta","isPartOf":{"@id":"https:\/\/www.iberfruta.es\/#website"},"primaryImageOfPage":{"@id":"https:\/\/www.iberfruta.es\/fr\/durabilite\/#primaryimage"},"image":{"@id":"https:\/\/www.iberfruta.es\/fr\/durabilite\/#primaryimage"},"thumbnailUrl":"https:\/\/www.iberfruta.es\/wp-content\/uploads\/2022\/01\/cultivo-1-150x150.png","datePublished":"2021-10-13T12:27:36+00:00","dateModified":"2022-03-25T09:32:27+00:00","inLanguage":"fr-FR","potentialAction":[{"@type":"ReadAction","target":["https:\/\/www.iberfruta.es\/fr\/durabilite\/"]}]},{"@type":"ImageObject","inLanguage":"fr-FR","@id":"https:\/\/www.iberfruta.es\/fr\/durabilite\/#primaryimage","url":"https:\/\/www.iberfruta.es\/wp-content\/uploads\/2022\/01\/cultivo-1-150x150.png","contentUrl":"https:\/\/www.iberfruta.es\/wp-content\/uploads\/2022\/01\/cultivo-1-150x150.png"},{"@type":"WebSite","@id":"https:\/\/www.iberfruta.es\/#website","url":"https:\/\/www.iberfruta.es\/","name":"Iberfruta","description":"","potentialAction":[{"@type":"SearchAction","target":{"@type":"EntryPoint","urlTemplate":"https:\/\/www.iberfruta.es\/?s={search_term_string}"},"query-input":{"@type":"PropertyValueSpecification","valueRequired":true,"valueName":"search_term_string"}}],"inLanguage":"fr-FR"}]}},"_links":{"self":[{"href":"https:\/\/www.iberfruta.es\/fr\/wp-json\/wp\/v2\/pages\/1388","targetHints":{"allow":["GET"]}}],"collection":[{"href":"https:\/\/www.iberfruta.es\/fr\/wp-json\/wp\/v2\/pages"}],"about":[{"href":"https:\/\/www.iberfruta.es\/fr\/wp-json\/wp\/v2\/types\/page"}],"author":[{"embeddable":true,"href":"https:\/\/www.iberfruta.es\/fr\/wp-json\/wp\/v2\/users\/1"}],"replies":[{"embeddable":true,"href":"https:\/\/www.iberfruta.es\/fr\/wp-json\/wp\/v2\/comments?post=1388"}],"version-history":[{"count":6,"href":"https:\/\/www.iberfruta.es\/fr\/wp-json\/wp\/v2\/pages\/1388\/revisions"}],"predecessor-version":[{"id":1775,"href":"https:\/\/www.iberfruta.es\/fr\/wp-json\/wp\/v2\/pages\/1388\/revisions\/1775"}],"wp:attachment":[{"href":"https:\/\/www.iberfruta.es\/fr\/wp-json\/wp\/v2\/media?parent=1388"}],"curies":[{"name":"wp","href":"https:\/\/api.w.org\/{rel}","templated":true}]}}