{"id":1386,"date":"2021-10-13T12:27:04","date_gmt":"2021-10-13T12:27:04","guid":{"rendered":"https:\/\/www.iberfruta.es\/quienes-somos\/"},"modified":"2024-10-07T14:43:44","modified_gmt":"2024-10-07T12:43:44","slug":"qui-sommes-nous","status":"publish","type":"page","link":"https:\/\/www.iberfruta.es\/fr\/qui-sommes-nous\/","title":{"rendered":"Qui sommes-nous"},"content":{"rendered":"<div class=\"wpb-content-wrapper\"><p>[vc_row el_class=\u00a0\u00bbsection-interior-texto section-first\u00a0\u00bb][vc_column el_class=\u00a0\u00bbcontainer\u00a0\u00bb][vc_column_text el_class=\u00a0\u00bbbig-text\u00a0\u00bb]    <div class=\"section-title main-title centered\">\n      <h2>Qui sommes-nous?<\/h2>\n          <\/div>\n<p>L\u2019un des principaux producteurs europ\u00e9ens de <strong>fruits et l\u00e9gumes semi-\u00e9labor\u00e9s<\/strong> dans l\u2019industrie de l\u2019alimentation : aliments pour enfants, confitures, p\u00e2tisseries, jus de fruits, particules pour yoghourts, glaces et bien d\u2019autres choses !<\/p>\n<p>Avec une exp\u00e9rience de plus de 25 ans, nous sommes pr\u00e9sents dans pr\u00e8s de 80 pays, gr\u00e2ce au succ\u00e8s de notre mode de travail, bas\u00e9 sur trois piliers : <strong>qualit\u00e9, personnalisation et service.<\/strong>[\/vc_column_text][\/vc_column][\/vc_row][vc_row el_class=\u00a0\u00bbsection-interior-texto section-quienes-iconos pt-0&Prime;][vc_column el_class=\u00a0\u00bbcontainer\u00a0\u00bb][vc_column_text]    <div class=\"section-title main-title centered\">\n      <h2>Valeurs<\/h2>\n          <\/div>\n[\/vc_column_text][vc_row_inner][vc_column_inner width=\u00a0\u00bb1\/3&Prime;][vc_column_text]<\/p>\n<div data-aos=\"fade-up\">\n<p><img loading=\"lazy\" decoding=\"async\" class=\"size-thumbnail wp-image-440 aligncenter\" src=\"https:\/\/www.iberfruta.es\/wp-content\/uploads\/2022\/01\/trabajo-en-equipo-150x150.png\" alt=\"\" width=\"150\" height=\"150\" srcset=\"https:\/\/www.iberfruta.es\/wp-content\/uploads\/2022\/01\/trabajo-en-equipo-150x150.png 150w, https:\/\/www.iberfruta.es\/wp-content\/uploads\/2022\/01\/trabajo-en-equipo.png 300w\" sizes=\"auto, (max-width: 150px) 100vw, 150px\" \/><\/p>\n<h3 class=\"color-blue\">Le travail en \u00e9quipe<\/h3>\n<p>La polyvalence de nos professionnels et l\u2019objectif commun de toute la soci\u00e9t\u00e9 sont les deux points essentiels de notre succ\u00e8s. Nous pensons sinc\u00e8rement que la combinaison des deux est notre plus grande force et la seule fa\u00e7on d\u2019obtenir des r\u00e9sultats d\u2019une qualit\u00e9 maximale.<\/p>\n<\/div>\n<p>[\/vc_column_text][\/vc_column_inner][vc_column_inner width=\u00a0\u00bb1\/3&Prime;][vc_column_text]<\/p>\n<div data-aos=\"fade-up\" data-aos-delay=\"300\">\n<p><img loading=\"lazy\" decoding=\"async\" class=\"size-thumbnail wp-image-435 aligncenter\" src=\"https:\/\/www.iberfruta.es\/wp-content\/uploads\/2022\/01\/resposabilidad-y-confianza-150x150.png\" alt=\"\" width=\"150\" height=\"150\" srcset=\"https:\/\/www.iberfruta.es\/wp-content\/uploads\/2022\/01\/resposabilidad-y-confianza-150x150.png 150w, https:\/\/www.iberfruta.es\/wp-content\/uploads\/2022\/01\/resposabilidad-y-confianza.png 300w\" sizes=\"auto, (max-width: 150px) 100vw, 150px\" \/><\/p>\n<h3 class=\"color-red\">Responsabilit\u00e9 et confiance<\/h3>\n<p>Dans chaque commande, nous d\u00e9montrons notre engagement envers les clients et la qualit\u00e9 de notre travail. Nous sommes convaincus que c\u2019est la base de la confiance que nos clients affichent envers Iberfrutas et qui les m\u00e8ne \u00e0 b\u00e2tir des liens \u00e0 long terme avec nous.<\/p>\n<\/div>\n<p>[\/vc_column_text][\/vc_column_inner][vc_column_inner width=\u00a0\u00bb1\/3&Prime;][vc_column_text]<\/p>\n<div data-aos=\"fade-up\" data-aos-delay=\"600\">\n<p><img loading=\"lazy\" decoding=\"async\" class=\"size-thumbnail wp-image-445 aligncenter\" src=\"https:\/\/www.iberfruta.es\/wp-content\/uploads\/2022\/01\/comunidad-y-medioambiente-150x150.png\" alt=\"\" width=\"150\" height=\"150\" srcset=\"https:\/\/www.iberfruta.es\/wp-content\/uploads\/2022\/01\/comunidad-y-medioambiente-150x150.png 150w, https:\/\/www.iberfruta.es\/wp-content\/uploads\/2022\/01\/comunidad-y-medioambiente.png 300w\" sizes=\"auto, (max-width: 150px) 100vw, 150px\" \/><\/p>\n<h3 class=\"color-green\">Communaut\u00e9 et environnement<\/h3>\n<p>Pour Iberfrutas, il est primordial de cr\u00e9er de la valeur pour nos clients et pour la soci\u00e9t\u00e9 en g\u00e9n\u00e9ral. C\u2019est pour cela que nous consid\u00e9rons que la \u00ab mani\u00e8re dont nous faisons les choses \u00bb et notre contribution \u00e0 l\u2019ensemble de la soci\u00e9t\u00e9 sont essentielles.<\/p>\n<\/div>\n<p>[\/vc_column_text][\/vc_column_inner][\/vc_row_inner][\/vc_column][\/vc_row][vc_row el_class=\u00a0\u00bbsection-interior-timeline section-gray\u00a0\u00bb][vc_column][vc_column_text]    <div class=\"section-title main-title centered\">\n      <h2>Histoire<\/h2>\n          <\/div>\n<p><style><\/style>    <div class=\"timeline\" visible-items=\"5\">\n      <div class=\"timeline__wrap\">\n        <div class=\"timeline__items\" id=\"timeline-wrap\">\n\n\n                      <div class=\"timeline__item timeline__item-1\">\n                \n                <div class=\"timeline__content\">\n                  <div class=\"section-title section-title-sm\">\n                        <h3>1991<\/h3>\n                        <h2>Cr\u00e9ation d\u2019Iberfrutas <\/h2>      \n                  <\/div>\n                  <img decoding=\"async\" src=\"https:\/\/www.iberfruta.es\/wp-content\/uploads\/2024\/10\/iberfruta-timeline-1-n.jpg \" class='img-fluid'>\n                <\/div>\n\n              <\/div><!-- .timeline__item -->\n              \n                          <div class=\"timeline__item timeline__item-2\">\n                \n                <div class=\"timeline__content\">\n                  <div class=\"section-title section-title-sm\">\n                        <h3>1995<\/h3>\n                        <h2>Ouverture de l\u2019usine d\u2019Azagra <\/h2>      \n                  <\/div>\n                  <img decoding=\"async\" src=\"https:\/\/www.iberfruta.es\/wp-content\/uploads\/2022\/01\/azagra.jpg \" class='img-fluid'>\n                <\/div>\n\n              <\/div><!-- .timeline__item -->\n              \n                          <div class=\"timeline__item timeline__item-3\">\n                \n                <div class=\"timeline__content\">\n                  <div class=\"section-title section-title-sm\">\n                        <h3>1997<\/h3>\n                        <h2>Ouverture de l\u2019usine de Huelva <\/h2>      \n                  <\/div>\n                  <img decoding=\"async\" src=\"https:\/\/www.iberfruta.es\/wp-content\/uploads\/2022\/01\/huelva.jpg \" class='img-fluid'>\n                <\/div>\n\n              <\/div><!-- .timeline__item -->\n              \n                          <div class=\"timeline__item timeline__item-4\">\n                \n                <div class=\"timeline__content\">\n                  <div class=\"section-title section-title-sm\">\n                        <h3>1999<\/h3>\n                        <h2>Ouverture d\u2019une usine au Maroc <\/h2>      \n                  <\/div>\n                  <img decoding=\"async\" src=\"https:\/\/www.iberfruta.es\/wp-content\/uploads\/2022\/01\/pures.jpg \" class='img-fluid'>\n                <\/div>\n\n              <\/div><!-- .timeline__item -->\n              \n                          <div class=\"timeline__item timeline__item-5\">\n                \n                <div class=\"timeline__content\">\n                  <div class=\"section-title section-title-sm\">\n                        <h3>2011<\/h3>\n                        <h2>Nouvelle ligne de production aseptis\u00e9e pour pur\u00e9es \u00e0 Azagra <\/h2>      \n                  <\/div>\n                  <img decoding=\"async\" src=\"https:\/\/www.iberfruta.es\/wp-content\/uploads\/2022\/01\/maroco.jpg \" class='img-fluid'>\n                <\/div>\n\n              <\/div><!-- .timeline__item -->\n              \n                          <div class=\"timeline__item timeline__item-6\">\n                \n                <div class=\"timeline__content\">\n                  <div class=\"section-title section-title-sm\">\n                        <h3>2014<\/h3>\n                        <h2>Acquisition de 17 000 m2 de terrain \u00e0 Azagra <\/h2>      \n                  <\/div>\n                  <img decoding=\"async\" src=\"https:\/\/www.iberfruta.es\/wp-content\/uploads\/2022\/01\/17-azagra.jpg \" class='img-fluid'>\n                <\/div>\n\n              <\/div><!-- .timeline__item -->\n              \n                          <div class=\"timeline__item timeline__item-7\">\n                \n                <div class=\"timeline__content\">\n                  <div class=\"section-title section-title-sm\">\n                        <h3>2020<\/h3>\n                        <h2>Installation de panneaux solaires \u00e0 Azagra et Huelva <\/h2>      \n                  <\/div>\n                  <img decoding=\"async\" src=\"https:\/\/www.iberfruta.es\/wp-content\/uploads\/2022\/01\/paneles-solares.jpg \" class='img-fluid'>\n                <\/div>\n\n              <\/div><!-- .timeline__item -->\n              \n                    \n\n\n        <\/div>\n      <\/div>\n    <\/div>\n\n    <script>\n      jQuery(function($){\n        $('.timeline').timeline({\n          mode: 'horizontal',\n        });\n\n\n        var myElement = document.getElementById('timeline-wrap');\n\n        var mc = new Hammer(myElement);\n\n        mc.get('pan').set({ direction: Hammer.DIRECTION_ALL });\n\n        mc.on(\"panleft panright\", function(ev) {\n\n          if(ev.type===\"panright\"){\n            $(\".timeline-nav-button.timeline-nav-button--prev\").click();\n          }\n\n          if(ev.type===\"panleft\"){\n            $(\".timeline-nav-button.timeline-nav-button--next\").click();\n          }\n\n        });\n\n\n      });\n    <\/script>\n[\/vc_column_text][\/vc_column][\/vc_row][vc_row el_class=\u00a0\u00bbsection-interior-quienes section-lista section-interior-texto\u00a0\u00bb][vc_column el_class=\u00a0\u00bbcontainer\u00a0\u00bb][vc_column_text]    <div class=\"section-title main-title centered\">\n      <h2>Installations et capacit\u00e9s<\/h2>\n          <\/div>\n[\/vc_column_text][vc_column_text el_class=\u00a0\u00bbbig-text\u00a0\u00bb]Iberfrutas compte de puissantes et modernes installations, strat\u00e9giquement situ\u00e9es le <strong>plus pr\u00e8s possible des champs de culture<\/strong>, afin d\u2019obtenir une mati\u00e8re premi\u00e8re d\u2019une qualit\u00e9 maximale.<\/p>\n<p>Actuellement, nos installations se situent \u00e0 : Azagra (Navarre), La Palma del Condado (Huelva) et Kenitra (Maroc) (PLAN)[\/vc_column_text][\/vc_column][\/vc_row][vc_row el_class=\u00a0\u00bbsection-texto section-texto-left pt-0&Prime;][vc_column el_class=\u00a0\u00bbcontainer\u00a0\u00bb][vc_row_inner el_class=\u00a0\u00bbrow-image-space\u00a0\u00bb][vc_column_inner el_class=\u00a0\u00bbcol-texto\u00a0\u00bb width=\u00a0\u00bb5\/12&Prime;][vc_column_text]<\/p>\n<h2><strong>Azagra<\/strong><\/h2>\n<p>Une usine d\u2019une capacit\u00e9 de production de 90 000 tonnes, sp\u00e9cialis\u00e9e dans les pur\u00e9es aseptis\u00e9es, pulpes et portions. Parmi les mati\u00e8res premi\u00e8res les plus importantes, soulignons : les fruits \u00e0 noyau, les agrumes et les l\u00e9gumes.[\/vc_column_text][\/vc_column_inner][vc_column_inner el_class=\u00a0\u00bbcol-imagen\u00a0\u00bb width=\u00a0\u00bb7\/12&Prime;][vc_column_text]<img loading=\"lazy\" decoding=\"async\" class=\"alignnone size-full wp-image-1044\" src=\"https:\/\/www.iberfruta.es\/wp-content\/uploads\/2022\/01\/azagra.jpg\" alt=\"\" width=\"1490\" height=\"900\" srcset=\"https:\/\/www.iberfruta.es\/wp-content\/uploads\/2022\/01\/azagra.jpg 1490w, https:\/\/www.iberfruta.es\/wp-content\/uploads\/2022\/01\/azagra-300x181.jpg 300w, https:\/\/www.iberfruta.es\/wp-content\/uploads\/2022\/01\/azagra-1024x619.jpg 1024w, https:\/\/www.iberfruta.es\/wp-content\/uploads\/2022\/01\/azagra-768x464.jpg 768w\" sizes=\"auto, (max-width: 1490px) 100vw, 1490px\" \/>[\/vc_column_text][\/vc_column_inner][\/vc_row_inner][\/vc_column][\/vc_row][vc_row el_class=\u00a0\u00bbsection-texto section-texto-right pt-0&Prime;][vc_column el_class=\u00a0\u00bbcontainer\u00a0\u00bb][vc_row_inner el_class=\u00a0\u00bbrow-image-space\u00a0\u00bb][vc_column_inner el_class=\u00a0\u00bbcol-imagen\u00a0\u00bb width=\u00a0\u00bb7\/12&Prime;][vc_column_text]<img loading=\"lazy\" decoding=\"async\" class=\"alignnone size-full wp-image-1049\" src=\"https:\/\/www.iberfruta.es\/wp-content\/uploads\/2022\/01\/huelva.jpg\" alt=\"\" width=\"1490\" height=\"900\" srcset=\"https:\/\/www.iberfruta.es\/wp-content\/uploads\/2022\/01\/huelva.jpg 1490w, https:\/\/www.iberfruta.es\/wp-content\/uploads\/2022\/01\/huelva-300x181.jpg 300w, https:\/\/www.iberfruta.es\/wp-content\/uploads\/2022\/01\/huelva-1024x619.jpg 1024w, https:\/\/www.iberfruta.es\/wp-content\/uploads\/2022\/01\/huelva-768x464.jpg 768w\" sizes=\"auto, (max-width: 1490px) 100vw, 1490px\" \/>[\/vc_column_text][\/vc_column_inner][vc_column_inner el_class=\u00a0\u00bbcol-texto\u00a0\u00bb width=\u00a0\u00bb5\/12&Prime;][vc_column_text]<\/p>\n<h2>Huelva<\/h2>\n<p>D\u2019une capacit\u00e9 de production de 14 000 tonnes, sa sp\u00e9cialit\u00e9 est le produit surgel\u00e9, autant en pur\u00e9es qu\u2019en particules, principalement des fruits rouges, citrons et figues, entre autres.[\/vc_column_text][\/vc_column_inner][\/vc_row_inner][\/vc_column][\/vc_row][vc_row el_class=\u00a0\u00bbsection-texto section-texto-left pt-0&Prime;][vc_column el_class=\u00a0\u00bbcontainer\u00a0\u00bb][vc_row_inner el_class=\u00a0\u00bbrow-image-space\u00a0\u00bb][vc_column_inner el_class=\u00a0\u00bbcol-texto\u00a0\u00bb width=\u00a0\u00bb5\/12&Prime;][vc_column_text]<\/p>\n<h2>Kenitra (Maroc)<\/h2>\n<p>Cette usine peut traiter plus de 5000 tonnes de produit fini, principalement surgel\u00e9 et sp\u00e9cialis\u00e9 en fruits rouges.[\/vc_column_text][\/vc_column_inner][vc_column_inner el_class=\u00a0\u00bbcol-imagen\u00a0\u00bb width=\u00a0\u00bb7\/12&Prime;][vc_column_text]<img loading=\"lazy\" decoding=\"async\" class=\"alignnone size-full wp-image-1054\" src=\"https:\/\/www.iberfruta.es\/wp-content\/uploads\/2022\/01\/maroco.jpg\" alt=\"\" width=\"1490\" height=\"900\" srcset=\"https:\/\/www.iberfruta.es\/wp-content\/uploads\/2022\/01\/maroco.jpg 1490w, https:\/\/www.iberfruta.es\/wp-content\/uploads\/2022\/01\/maroco-300x181.jpg 300w, https:\/\/www.iberfruta.es\/wp-content\/uploads\/2022\/01\/maroco-1024x619.jpg 1024w, https:\/\/www.iberfruta.es\/wp-content\/uploads\/2022\/01\/maroco-768x464.jpg 768w\" sizes=\"auto, (max-width: 1490px) 100vw, 1490px\" \/>[\/vc_column_text][\/vc_column_inner][\/vc_row_inner][\/vc_column][\/vc_row]<\/p>\n<\/div>","protected":false},"excerpt":{"rendered":"<p>[vc_row el_class=\u00a0\u00bbsection-interior-texto section-first\u00a0\u00bb][vc_column el_class=\u00a0\u00bbcontainer\u00a0\u00bb][vc_column_text el_class=\u00a0\u00bbbig-text\u00a0\u00bb] L\u2019un des principaux producteurs europ\u00e9ens de fruits et l\u00e9gumes semi-\u00e9labor\u00e9s dans l\u2019industrie de l\u2019alimentation : aliments pour enfants, confitures, p\u00e2tisseries, jus de fruits, particules pour yoghourts, glaces et bien d\u2019autres choses ! Avec une exp\u00e9rience de plus de 25 ans, nous sommes pr\u00e9sents dans pr\u00e8s de 80 pays, gr\u00e2ce au [&hellip;]<\/p>\n","protected":false},"author":1,"featured_media":0,"parent":0,"menu_order":0,"comment_status":"closed","ping_status":"closed","template":"page-timeline.php","meta":{"_acf_changed":false,"footnotes":""},"class_list":["post-1386","page","type-page","status-publish","hentry"],"acf":[],"yoast_head":"<!-- This site is optimized with the Yoast SEO plugin v27.2 - https:\/\/yoast.com\/product\/yoast-seo-wordpress\/ -->\n<title>Qui sommes-nous - Iberfruta<\/title>\n<meta name=\"robots\" content=\"index, follow, max-snippet:-1, max-image-preview:large, max-video-preview:-1\" \/>\n<link rel=\"canonical\" href=\"https:\/\/www.iberfruta.es\/fr\/qui-sommes-nous\/\" \/>\n<meta property=\"og:locale\" content=\"fr_FR\" \/>\n<meta property=\"og:type\" content=\"article\" \/>\n<meta property=\"og:title\" content=\"Qui sommes-nous - Iberfruta\" \/>\n<meta property=\"og:description\" content=\"[vc_row el_class=\u00a0\u00bbsection-interior-texto section-first\u00a0\u00bb][vc_column el_class=\u00a0\u00bbcontainer\u00a0\u00bb][vc_column_text el_class=\u00a0\u00bbbig-text\u00a0\u00bb] L\u2019un des principaux producteurs europ\u00e9ens de fruits et l\u00e9gumes semi-\u00e9labor\u00e9s dans l\u2019industrie de l\u2019alimentation : aliments pour enfants, confitures, p\u00e2tisseries, jus de fruits, particules pour yoghourts, glaces et bien d\u2019autres choses ! Avec une exp\u00e9rience de plus de 25 ans, nous sommes pr\u00e9sents dans pr\u00e8s de 80 pays, gr\u00e2ce au [&hellip;]\" \/>\n<meta property=\"og:url\" content=\"https:\/\/www.iberfruta.es\/fr\/qui-sommes-nous\/\" \/>\n<meta property=\"og:site_name\" content=\"Iberfruta\" \/>\n<meta property=\"article:modified_time\" content=\"2024-10-07T12:43:44+00:00\" \/>\n<meta property=\"og:image\" content=\"https:\/\/www.iberfruta.es\/wp-content\/uploads\/2022\/01\/trabajo-en-equipo-150x150.png\" \/>\n<meta name=\"twitter:card\" content=\"summary_large_image\" \/>\n<meta name=\"twitter:label1\" content=\"Dur\u00e9e de lecture estim\u00e9e\" \/>\n\t<meta name=\"twitter:data1\" content=\"4 minutes\" \/>\n<script type=\"application\/ld+json\" class=\"yoast-schema-graph\">{\"@context\":\"https:\/\/schema.org\",\"@graph\":[{\"@type\":\"WebPage\",\"@id\":\"https:\/\/www.iberfruta.es\/fr\/qui-sommes-nous\/\",\"url\":\"https:\/\/www.iberfruta.es\/fr\/qui-sommes-nous\/\",\"name\":\"Qui sommes-nous - Iberfruta\",\"isPartOf\":{\"@id\":\"https:\/\/www.iberfruta.es\/#website\"},\"primaryImageOfPage\":{\"@id\":\"https:\/\/www.iberfruta.es\/fr\/qui-sommes-nous\/#primaryimage\"},\"image\":{\"@id\":\"https:\/\/www.iberfruta.es\/fr\/qui-sommes-nous\/#primaryimage\"},\"thumbnailUrl\":\"https:\/\/www.iberfruta.es\/wp-content\/uploads\/2022\/01\/trabajo-en-equipo-150x150.png\",\"datePublished\":\"2021-10-13T12:27:04+00:00\",\"dateModified\":\"2024-10-07T12:43:44+00:00\",\"inLanguage\":\"fr-FR\",\"potentialAction\":[{\"@type\":\"ReadAction\",\"target\":[\"https:\/\/www.iberfruta.es\/fr\/qui-sommes-nous\/\"]}]},{\"@type\":\"ImageObject\",\"inLanguage\":\"fr-FR\",\"@id\":\"https:\/\/www.iberfruta.es\/fr\/qui-sommes-nous\/#primaryimage\",\"url\":\"https:\/\/www.iberfruta.es\/wp-content\/uploads\/2022\/01\/trabajo-en-equipo-150x150.png\",\"contentUrl\":\"https:\/\/www.iberfruta.es\/wp-content\/uploads\/2022\/01\/trabajo-en-equipo-150x150.png\"},{\"@type\":\"WebSite\",\"@id\":\"https:\/\/www.iberfruta.es\/#website\",\"url\":\"https:\/\/www.iberfruta.es\/\",\"name\":\"Iberfruta\",\"description\":\"\",\"potentialAction\":[{\"@type\":\"SearchAction\",\"target\":{\"@type\":\"EntryPoint\",\"urlTemplate\":\"https:\/\/www.iberfruta.es\/?s={search_term_string}\"},\"query-input\":{\"@type\":\"PropertyValueSpecification\",\"valueRequired\":true,\"valueName\":\"search_term_string\"}}],\"inLanguage\":\"fr-FR\"}]}<\/script>\n<!-- \/ Yoast SEO plugin. -->","yoast_head_json":{"title":"Qui sommes-nous - Iberfruta","robots":{"index":"index","follow":"follow","max-snippet":"max-snippet:-1","max-image-preview":"max-image-preview:large","max-video-preview":"max-video-preview:-1"},"canonical":"https:\/\/www.iberfruta.es\/fr\/qui-sommes-nous\/","og_locale":"fr_FR","og_type":"article","og_title":"Qui sommes-nous - Iberfruta","og_description":"[vc_row el_class=\u00a0\u00bbsection-interior-texto section-first\u00a0\u00bb][vc_column el_class=\u00a0\u00bbcontainer\u00a0\u00bb][vc_column_text el_class=\u00a0\u00bbbig-text\u00a0\u00bb] L\u2019un des principaux producteurs europ\u00e9ens de fruits et l\u00e9gumes semi-\u00e9labor\u00e9s dans l\u2019industrie de l\u2019alimentation : aliments pour enfants, confitures, p\u00e2tisseries, jus de fruits, particules pour yoghourts, glaces et bien d\u2019autres choses ! Avec une exp\u00e9rience de plus de 25 ans, nous sommes pr\u00e9sents dans pr\u00e8s de 80 pays, gr\u00e2ce au [&hellip;]","og_url":"https:\/\/www.iberfruta.es\/fr\/qui-sommes-nous\/","og_site_name":"Iberfruta","article_modified_time":"2024-10-07T12:43:44+00:00","og_image":[{"url":"https:\/\/www.iberfruta.es\/wp-content\/uploads\/2022\/01\/trabajo-en-equipo-150x150.png","type":"","width":"","height":""}],"twitter_card":"summary_large_image","twitter_misc":{"Dur\u00e9e de lecture estim\u00e9e":"4 minutes"},"schema":{"@context":"https:\/\/schema.org","@graph":[{"@type":"WebPage","@id":"https:\/\/www.iberfruta.es\/fr\/qui-sommes-nous\/","url":"https:\/\/www.iberfruta.es\/fr\/qui-sommes-nous\/","name":"Qui sommes-nous - Iberfruta","isPartOf":{"@id":"https:\/\/www.iberfruta.es\/#website"},"primaryImageOfPage":{"@id":"https:\/\/www.iberfruta.es\/fr\/qui-sommes-nous\/#primaryimage"},"image":{"@id":"https:\/\/www.iberfruta.es\/fr\/qui-sommes-nous\/#primaryimage"},"thumbnailUrl":"https:\/\/www.iberfruta.es\/wp-content\/uploads\/2022\/01\/trabajo-en-equipo-150x150.png","datePublished":"2021-10-13T12:27:04+00:00","dateModified":"2024-10-07T12:43:44+00:00","inLanguage":"fr-FR","potentialAction":[{"@type":"ReadAction","target":["https:\/\/www.iberfruta.es\/fr\/qui-sommes-nous\/"]}]},{"@type":"ImageObject","inLanguage":"fr-FR","@id":"https:\/\/www.iberfruta.es\/fr\/qui-sommes-nous\/#primaryimage","url":"https:\/\/www.iberfruta.es\/wp-content\/uploads\/2022\/01\/trabajo-en-equipo-150x150.png","contentUrl":"https:\/\/www.iberfruta.es\/wp-content\/uploads\/2022\/01\/trabajo-en-equipo-150x150.png"},{"@type":"WebSite","@id":"https:\/\/www.iberfruta.es\/#website","url":"https:\/\/www.iberfruta.es\/","name":"Iberfruta","description":"","potentialAction":[{"@type":"SearchAction","target":{"@type":"EntryPoint","urlTemplate":"https:\/\/www.iberfruta.es\/?s={search_term_string}"},"query-input":{"@type":"PropertyValueSpecification","valueRequired":true,"valueName":"search_term_string"}}],"inLanguage":"fr-FR"}]}},"_links":{"self":[{"href":"https:\/\/www.iberfruta.es\/fr\/wp-json\/wp\/v2\/pages\/1386","targetHints":{"allow":["GET"]}}],"collection":[{"href":"https:\/\/www.iberfruta.es\/fr\/wp-json\/wp\/v2\/pages"}],"about":[{"href":"https:\/\/www.iberfruta.es\/fr\/wp-json\/wp\/v2\/types\/page"}],"author":[{"embeddable":true,"href":"https:\/\/www.iberfruta.es\/fr\/wp-json\/wp\/v2\/users\/1"}],"replies":[{"embeddable":true,"href":"https:\/\/www.iberfruta.es\/fr\/wp-json\/wp\/v2\/comments?post=1386"}],"version-history":[{"count":6,"href":"https:\/\/www.iberfruta.es\/fr\/wp-json\/wp\/v2\/pages\/1386\/revisions"}],"predecessor-version":[{"id":2090,"href":"https:\/\/www.iberfruta.es\/fr\/wp-json\/wp\/v2\/pages\/1386\/revisions\/2090"}],"wp:attachment":[{"href":"https:\/\/www.iberfruta.es\/fr\/wp-json\/wp\/v2\/media?parent=1386"}],"curies":[{"name":"wp","href":"https:\/\/api.w.org\/{rel}","templated":true}]}}