{"id":1382,"date":"2021-10-13T11:19:20","date_gmt":"2021-10-13T11:19:20","guid":{"rendered":"https:\/\/www.iberfruta.es\/politica-de-cookies\/"},"modified":"2022-03-10T23:56:23","modified_gmt":"2022-03-10T22:56:23","slug":"politique-de-cookies","status":"publish","type":"page","link":"https:\/\/www.iberfruta.es\/fr\/politique-de-cookies\/","title":{"rendered":"Politique de cookies"},"content":{"rendered":"<div class=\"wpb-content-wrapper\"><p>[vc_row el_class=\u00a0\u00bbsection-interior-texto section-first\u00a0\u00bb][vc_column el_class=\u00a0\u00bbcontainer\u00a0\u00bb][vc_column_text]Un cookie est un petit fichier t\u00e9l\u00e9charg\u00e9 sur votre ordinateur afin de permettre d\u2019acc\u00e9der \u00e0 certaines pages web. Les cookies servent \u00e0 une page web, entre autres, de stocker et r\u00e9cup\u00e9rer des donn\u00e9es relatives aux habitudes de navigation d\u2019un utilisateur ou de son ordinateur et, en fonction des informations collect\u00e9es et de la mani\u00e8re dont l\u2019utilisateur se sert de son appareil, les cookies peuvent \u00e9galement \u00eatre utilis\u00e9s pour reconna\u00eetre l\u2019utilisateur. Le navigateur de l\u2019ordinateur de l\u2019utilisateur m\u00e9morise les cookies sur le disque dur uniquement pendant la session actuelle, occupant ainsi un espace de m\u00e9moire minimum et n\u2019endommageant pas l\u2019ordinateur. Les cookies n\u2019enregistrent aucun type de donn\u00e9es personnelles sp\u00e9cifiques et la plupart s\u2019effacent du disque dur au terme de la session du navigateur (les d\u00e9nomm\u00e9s cookies de session).<\/p>\n<p>La majorit\u00e9 des navigateurs acceptent les cookies et, ind\u00e9pendamment de ceux-ci, autorisent ou refusent les cookies temporaires ou m\u00e9moris\u00e9s dans les param\u00e8tres de s\u00e9curit\u00e9.<\/p>\n<p>Sans votre consentement express \u2013en activant les cookies sur votre navigateur\u2013 Iberfrutas ne reliera pas les cookies aux donn\u00e9es personnelles enregistr\u00e9es au moment de votre inscription ou votre commande.<\/p>\n<p><strong>Quels types de cookies cette page web utilise-t-elle ?<\/strong><\/p>\n<ul>\n<li><strong>Cookies techniques <\/strong>: il s\u2019agit de ceux permettant \u00e0 l\u2019utilisateur de naviguer sur une page web, une plateforme ou une application, ainsi que d\u2019acc\u00e9der aux diverses options ou services propos\u00e9s, par exemple, contr\u00f4ler le trafic et la communication de donn\u00e9es, identifier la session, acc\u00e9der \u00e0 des domaines r\u00e9serv\u00e9s, rappeler les \u00e9l\u00e9ments d\u2019une commande, passer une commande, s\u2019inscrire ou participer \u00e0 un \u00e9v\u00e9nement, utiliser des \u00e9l\u00e9ments de s\u00e9curit\u00e9 pendant la navigation, stocker des contenus en vue de la diffusion de vid\u00e9os ou de fichiers sonores ou encore partager des contenus sur les r\u00e9seaux sociaux.<\/li>\n<li><strong> Cookies de personnalisation :\u00a0<\/strong>il s\u2019agit de ceux permettant \u00e0 l\u2019utilisateur d\u2019acc\u00e9der au service, avec quelques caract\u00e9ristiques g\u00e9n\u00e9rales pr\u00e9d\u00e9finies en fonction d\u2019une s\u00e9rie de crit\u00e8res sur le terminal de l\u2019utilisateur, comme par exemple la langue, le type de navigateur au travers duquel on acc\u00e8de au service, la configuration r\u00e9gionale du lieu d\u2019acc\u00e8s au service, etc.<\/li>\n<li><strong>Cookies d\u2019analyse: <\/strong>il s\u2019agit de ceux qui, trait\u00e9s par nous-m\u00eames ou des tiers, permettent de quantifier le nombre d\u2019utilisateurs et ainsi \u00e9valuer et analyser statistiquement l\u2019utilisation du service propos\u00e9. Dans ce but, nous analyserons votre navigation sur notre page web, dans le but d\u2019am\u00e9liorer l\u2019offre de produits ou services.<\/li>\n<li><strong> Cookies publicitaires :<\/strong>: il s\u2019agit de ceux qui, trait\u00e9s par nous-m\u00eames ou des tiers, permettent de g\u00e9rer le plus efficacement possible l\u2019offre des espaces publicitaires pr\u00e9sents sur la page web, en adaptant le contenu de l\u2019annonce au contenu du service demand\u00e9 ou \u00e0 l\u2019usage de notre page web. Dans ce but, nous pourrons analyser vos habitudes de navigation sur internet et vous montrer des publicit\u00e9s en rapport avec votre profil de navigation.<\/li>\n<li><strong> Cookies de publicit\u00e9 comportementale :<\/strong>ce sont ceux qui permettent de g\u00e9rer, de la mani\u00e8re la plus efficace possible, les espaces publicitaires \u00e9ventuellement inclus par l\u2019\u00e9diteur sur une page web, une application ou une plateforme depuis laquelle est fourni le service demand\u00e9. Ces cookies stockent des informations relatives au comportement des utilisateurs, obtenues en observant leurs habitudes de navigation, permettant ainsi de d\u00e9velopper un profil sp\u00e9cifique afin d\u2019afficher des publicit\u00e9s en fonction.<\/li>\n<li><strong> Cookies de tiers: <\/strong>le site web de la soci\u00e9t\u00e9 Iberfrutas peut utiliser les services de tiers qui collecteront, pour le compte d\u2019Iberfrutas et \u00e0 des fins statistiques, des donn\u00e9es quant \u00e0 l\u2019usage du site par l\u2019utilisateur, en vue de la prestation d\u2019autres services li\u00e9s \u00e0 l\u2019activit\u00e9 du site et \u00e0 internet.<\/li>\n<\/ul>\n<p>Ce site utilise notamment Google Analytics, un service analytique fourni par Google Inc., si\u00e9geant aux \u00c9tats-Unis, 1600 Amphitheatre Parkway, Mountain View, California 94043. La prestation de ces services n\u00e9cessite des cookies collectant des donn\u00e9es, y compris l\u2019adresse IP de l\u2019utilisateur, lesquelles seront transmises, trait\u00e9es et stock\u00e9es par Google selon les termes \u00e9tablis sur le site web de Google.com. Ces donn\u00e9es peuvent \u00e9galement \u00eatre c\u00e9d\u00e9es \u00e0 des tiers, pour des raisons d\u2019exigence l\u00e9gale ou lorsque ces tiers sont des sous-traitants de Google.<br \/>\n(Sur ce point, l\u2019AGPD sugg\u00e8re d\u2019inclure chacun des cookies de tiers utilis\u00e9s et les donn\u00e9es de fichiers tiers. Pour des raisons \u00e9videntes, dans ce document, seul Google a \u00e9t\u00e9 inclus pour l\u2019usage des cookies analytiques, \u00e9tant l\u2019entreprise la plus vaste et courante).<\/p>\n<p>En utilisant ce site, vous acceptez express\u00e9ment le traitement des donn\u00e9es collect\u00e9es de la mani\u00e8re et aux fins pr\u00e9c\u00e9demment d\u00e9taill\u00e9es. De m\u00eame, vous reconnaissez avoir \u00e9t\u00e9 inform\u00e9 de la possibilit\u00e9 de refuser le traitement de ces donn\u00e9es en n\u2019autorisant pas les cookies sur la configuration de votre navigateur, bien que le blocage des cookies sur le navigateur peut emp\u00eacher d\u2019acc\u00e9der \u00e0 certaines fonctionnalit\u00e9s du site web.<\/p>\n<p>Vous pouvez autoriser, bloquer ou \u00e9liminer les cookies install\u00e9es sur votre ordinateur en configurant les options du navigateur:<\/p>\n<ul>\n<li><a href=\"https:\/\/support.google.com\/chrome\/answer\/95647?hl=es\">Chrome<\/a><\/li>\n<li><a href=\"https:\/\/support.microsoft.com\/kb\/196955\/es\">Explorer<\/a><\/li>\n<li><a href=\"https:\/\/support.mozilla.org\/es\/kb\/cookies-informacion-que-los-sitios-web-guardan-en-?redirectlocale=en-US&amp;redirectslug=Cookies\">Firefox<\/a><\/li>\n<li><a href=\"https:\/\/support.apple.com\/es-es\/HT201265\">Safari<\/a><\/li>\n<\/ul>\n<p>En cas de doutes sur cette politique de cookies, vous pouvez contacter Iberfrutas \u00e0 s\u00a0<a href=\"mailto:info@iberfruta.es\"><em><strong>info@iberfruta.es<\/strong><\/em><\/a><\/p>\n<p>Ci-apr\u00e8s sont d\u00e9taill\u00e9s les cookies pouvant \u00eatre install\u00e9s \u00e0 partir de notre site www.Iberfrutas.es. En fonction de votre navigateur, tous ou seulement quelques-uns pourront \u00eatre install\u00e9s.<\/p>\n<div class=\"table-responsive\">\n<table class=\"table table-striped\">\n<thead>\n<tr>\n<th class=\"destaca-lista\">Domaine<\/th>\n<th class=\"destaca-lista\">Nom du cookie<\/th>\n<th class=\"destaca-lista\">Description<\/th>\n<th class=\"Destaca-lista\">Expiration<\/th>\n<th class=\"destaca-lista\">Plus d\u2019informations<\/th>\n<\/tr>\n<\/thead>\n<tbody>\n<tr>\n<td>www.iberfruta.es<\/td>\n<td>PHPSESSID<\/td>\n<td>Cookie utilis\u00e9 par le langage de programmation PHP afin de permettre que les variables de session soient enregistr\u00e9es sur le serveur web. Ce cookie est essentiel au fonctionnement du site.<\/td>\n<td>Expiration : fermeture de la session<\/td>\n<td><a href=\"http:\/\/www.iberfruta.es\/aviso-legal\" target=\"_blank\" rel=\"noopener noreferrer\">Politique de Confidentialit\u00e9<\/a><\/td>\n<\/tr>\n<tr>\n<td>www.iberfruta.es<\/td>\n<td>_ga<\/td>\n<td>Google Analytics est un outil gratuit d\u2019analyse web de Google permettant principalement aux propri\u00e9taires de sites web de conna\u00eetre la mani\u00e8re dont les utilisateurs interagissent avec leur site. Il habilite \u00e9galement les cookies afin de collecter des donn\u00e9es en tout anonymat et d\u2019\u00e9laborer des tendances de sites web sans identifier les utilisateurs individuels.<\/td>\n<td>Expiration : 24 mois (2 ans)<\/td>\n<td><a href=\"https:\/\/policies.google.com\/privacy?hl=es\" target=\"_blank\" rel=\"noopener noreferrer\">Politique de Confidentialit\u00e9<\/a><\/td>\n<\/tr>\n<tr>\n<td>www.iberfruta.es<\/td>\n<td>_gid<\/td>\n<td>Analytique (service Google Analytics) : utilis\u00e9 pour distinguer les utilisateurs. Nous utilisons les cookies de Google Analytics int\u00e9gr\u00e9s \u00e0 notre site web afin de collecter des informations au sujet du mode de navigation des visiteurs de notre site. Nous utilisons ces informations afin d\u2019\u00e9laborer des comptes-rendus et d\u2019aider \u00e0 am\u00e9liorer le site. Les cookies collectent des donn\u00e9es de mani\u00e8re anonyme, y compris le nombre de visiteurs, leur provenance et les pages visit\u00e9es sur notre site<\/td>\n<td>Expiration : 1 1<\/td>\n<td><a href=\"https:\/\/policies.google.com\/privacy?hl=es\" target=\"_blank\" rel=\"noopener noreferrer\">Politique de Confidentialit\u00e9<\/a><\/td>\n<\/tr>\n<tr>\n<td>www.iberfruta.es<\/td>\n<td>_gat<\/td>\n<td>Analytique (service Google Analytics) : utilis\u00e9 pour distinguer les utilisateurs. Nous utilisons les cookies de Google Analytics int\u00e9gr\u00e9s \u00e0 notre site web afin de collecter des informations au sujet du mode de navigation des visiteurs de notre site. Nous utilisons ces informations afin d\u2019\u00e9laborer des comptes-rendus et d\u2019aider \u00e0 am\u00e9liorer le site. Les cookies collectent des donn\u00e9es de mani\u00e8re anonyme, y compris le nombre de visiteurs, leur provenance et les pages visit\u00e9es sur notre site.<\/td>\n<td>Expiration : 10 minutes<\/td>\n<td><a href=\"https:\/\/policies.google.com\/privacy?hl=es\" target=\"_blank\" rel=\"noopener noreferrer\">Politique de Confidentialit\u00e9<\/a><\/td>\n<\/tr>\n<tr>\n<td>www.iberfruta.es<\/td>\n<td>wp_settings_1, wp_settings_time_1<\/td>\n<td>Des cookies techniques sont install\u00e9s afin de faciliter l\u2019envoi de formulaires, ainsi que l\u2019identification de l\u2019utilisateur au moment de son enregistrement sur WordPress.<\/td>\n<td>Expiration : an \u00e0 compter de l\u2019ouverture de session.<\/td>\n<td><a href=\"http:\/\/www.iberfruta.es\/aviso-legal\" target=\"_blank\" rel=\"noopener noreferrer\">Politique de Confidentialit\u00e9<\/a><\/td>\n<\/tr>\n<tr>\n<td>www.iberfruta.es<\/td>\n<td>wp_test_cookie<\/td>\n<td>Des cookies techniques sont install\u00e9s afin de faciliter l\u2019envoi de formulaires, ainsi que l\u2019identification de l\u2019utilisateur au moment de son enregistrement sur WordPress.<\/td>\n<td>Expiration : session.<\/td>\n<td><a href=\"http:\/\/www.iberfruta.es\/aviso-legal\" target=\"_blank\" rel=\"noopener noreferrer\">Politique de Confidentialit\u00e9<\/a><\/td>\n<\/tr>\n<tr>\n<td>www.iberfruta.es<\/td>\n<td>gp_cookies_closed<\/td>\n<td>Cookie indiquant que l\u2019utilisateur a ferm\u00e9 la fen\u00eatre de pr\u00e9f\u00e9rences de cookies.<\/td>\n<td>Expiration: 24 mois (2 ans)<\/td>\n<td><a href=\"https:\/\/www.iberfruta.es\/aviso-legal\/\/\" rel=\"noopener noreferrer\">Politique de Confidentialit\u00e9<\/a><\/td>\n<\/tr>\n<tr>\n<td>www.iberfruta.es<\/td>\n<td>gp_cookies_groups<\/td>\n<td>Cookie collectant les groupes de cookies que l\u2019utilisateur accepte que nous installions.<\/td>\n<td>Expiration: 24 mois (2 ans)<\/td>\n<td><a href=\"https:\/\/www.iberfruta.es\/aviso-legal\/\/\" rel=\"noopener noreferrer\">Politique de Confidentialit\u00e9<\/a><\/td>\n<\/tr>\n<tr>\n<td>google.com<\/td>\n<td>1P_JAR<\/td>\n<td>Enregistrement des pr\u00e9f\u00e9rences de l\u2019utilisateur de Google.<\/td>\n<td>Expiration : 1 semaine<\/td>\n<td><a href=\"http:\/\/www.google.com\/intl\/es_ALL\/privacypolicy.html\" target=\"_blank\" rel=\"noopener noreferrer\">Politique de Confidentialit\u00e9<\/a><\/td>\n<\/tr>\n<tr>\n<td>google.com<\/td>\n<td>NID, AID, ANID, identificateur de canal<\/td>\n<td>Collecte anonymement les habitudes d\u2019utilisation du site par les visiteurs et les pages visit\u00e9s.<\/td>\n<td>Expiration : 6 mois<\/td>\n<td><a href=\"http:\/\/www.google.com\/intl\/es_ALL\/privacypolicy.html\" target=\"_blank\" rel=\"noopener noreferrer\">Politique de Confidentialit\u00e9<\/a><\/td>\n<\/tr>\n<tr>\n<td>google.com<\/td>\n<td>CONSENT<\/td>\n<td>Publicitaire. Am\u00e9liore la publicit\u00e9, habituellement utilis\u00e9 pour orienter l\u2019utilisateur.<\/td>\n<td>Expiration : 6 mois<\/td>\n<td><a href=\"http:\/\/www.google.com\/intl\/es_ALL\/privacypolicy.html\" target=\"_blank\" rel=\"noopener noreferrer\">Politique de Confidentialit\u00e9<\/a><\/td>\n<\/tr>\n<tr>\n<td>google.com<\/td>\n<td>__Secure-3PAPISID, __Secure-3PSID, __Secure-APISID, __Secure-HSID, __Secure-SSID<\/td>\n<td>Publicitaire. Am\u00e9liore la publicit\u00e9, habituellement utilis\u00e9 pour orienter l\u2019utilisateur<\/td>\n<td>Expiration : 2 ans<\/td>\n<td><a href=\"https:\/\/policies.google.com\/technologies\/ads?hl=es\">Politique de Confidentialit\u00e9<\/a><\/td>\n<\/tr>\n<tr>\n<td>doubleclick.net<\/td>\n<td>DSID, IDE<\/td>\n<td>Cookie de DoubleClick, utilis\u00e9 par Google AdSense pour enregistrer et produire des rapports sur les actions de l\u2019utilisateur sur le site web, apr\u00e8s avoir visionn\u00e9 ou cliqu\u00e9 sur l\u2019une des annonces publicitaires, dans le but de mesurer l\u2019effectivit\u00e9 de la publicit\u00e9 et la pr\u00e9sentation des annonces visant l\u2019utilisateur.<\/td>\n<td>Expiration : 2 ans<\/td>\n<td><a href=\"https:\/\/policies.google.com\/technologies\/ads?hl=es\">Politique de Confidentialit\u00e9<\/a><\/td>\n<\/tr>\n<\/tbody>\n<\/table>\n<\/div>\n<p><strong>Comment g\u00e9rer la configuration des cookies?<\/strong><\/p>\n<p>Lorsque l\u2019utilisateur acc\u00e8de pour la premi\u00e8re fois \u00e0 notre site web, une fen\u00eatre lui indiquant qu\u2019il peut accepter les cookies, configurer le traitement ou les refuser s\u2019affichera.<\/p>\n<p>En ce sens, un panneau de configuration s\u2019affichera ensuite, afin d\u2019accepter ou de refuser l\u2019installation des cookies, \u00e0 l\u2019exception de ceux strictement n\u00e9cessaires, sans lesquels le site ne pourra pas fonctionner correctement et ou le service ne pourra pas \u00eatre fourni \u00e0 l\u2019utilisateur.<\/p>\n<p><a class=\"open-gp-cookies\" href=\"#\">Configurer les cookies<\/a>[\/vc_column_text][\/vc_column][\/vc_row]<\/p>\n<\/div>","protected":false},"excerpt":{"rendered":"<p>[vc_row el_class=\u00a0\u00bbsection-interior-texto section-first\u00a0\u00bb][vc_column el_class=\u00a0\u00bbcontainer\u00a0\u00bb][vc_column_text]Un cookie est un petit fichier t\u00e9l\u00e9charg\u00e9 sur votre ordinateur afin de permettre d\u2019acc\u00e9der \u00e0 certaines pages web. Les cookies servent \u00e0 une page web, entre autres, de stocker et r\u00e9cup\u00e9rer des donn\u00e9es relatives aux habitudes de navigation d\u2019un utilisateur ou de son ordinateur et, en fonction des informations collect\u00e9es et de [&hellip;]<\/p>\n","protected":false},"author":1,"featured_media":0,"parent":0,"menu_order":0,"comment_status":"closed","ping_status":"closed","template":"","meta":{"_acf_changed":false,"footnotes":""},"class_list":["post-1382","page","type-page","status-publish","hentry"],"acf":[],"yoast_head":"<!-- This site is optimized with the Yoast SEO plugin v27.2 - https:\/\/yoast.com\/product\/yoast-seo-wordpress\/ -->\n<title>Politique de cookies - Iberfruta<\/title>\n<meta name=\"robots\" content=\"index, follow, max-snippet:-1, max-image-preview:large, max-video-preview:-1\" \/>\n<link rel=\"canonical\" href=\"https:\/\/www.iberfruta.es\/fr\/politique-de-cookies\/\" \/>\n<meta property=\"og:locale\" content=\"fr_FR\" \/>\n<meta property=\"og:type\" content=\"article\" \/>\n<meta property=\"og:title\" content=\"Politique de cookies - Iberfruta\" \/>\n<meta property=\"og:description\" content=\"[vc_row el_class=\u00a0\u00bbsection-interior-texto section-first\u00a0\u00bb][vc_column el_class=\u00a0\u00bbcontainer\u00a0\u00bb][vc_column_text]Un cookie est un petit fichier t\u00e9l\u00e9charg\u00e9 sur votre ordinateur afin de permettre d\u2019acc\u00e9der \u00e0 certaines pages web. Les cookies servent \u00e0 une page web, entre autres, de stocker et r\u00e9cup\u00e9rer des donn\u00e9es relatives aux habitudes de navigation d\u2019un utilisateur ou de son ordinateur et, en fonction des informations collect\u00e9es et de [&hellip;]\" \/>\n<meta property=\"og:url\" content=\"https:\/\/www.iberfruta.es\/fr\/politique-de-cookies\/\" \/>\n<meta property=\"og:site_name\" content=\"Iberfruta\" \/>\n<meta property=\"article:modified_time\" content=\"2022-03-10T22:56:23+00:00\" \/>\n<meta property=\"og:image\" content=\"https:\/\/www.iberfruta.es\/wp-content\/uploads\/2022\/03\/fb-share.png\" \/>\n\t<meta property=\"og:image:width\" content=\"1200\" \/>\n\t<meta property=\"og:image:height\" content=\"630\" \/>\n\t<meta property=\"og:image:type\" content=\"image\/png\" \/>\n<meta name=\"twitter:card\" content=\"summary_large_image\" \/>\n<meta name=\"twitter:label1\" content=\"Dur\u00e9e de lecture estim\u00e9e\" \/>\n\t<meta name=\"twitter:data1\" content=\"7 minutes\" \/>\n<script type=\"application\/ld+json\" class=\"yoast-schema-graph\">{\"@context\":\"https:\/\/schema.org\",\"@graph\":[{\"@type\":\"WebPage\",\"@id\":\"https:\/\/www.iberfruta.es\/fr\/politique-de-cookies\/\",\"url\":\"https:\/\/www.iberfruta.es\/fr\/politique-de-cookies\/\",\"name\":\"Politique de cookies - Iberfruta\",\"isPartOf\":{\"@id\":\"https:\/\/www.iberfruta.es\/#website\"},\"datePublished\":\"2021-10-13T11:19:20+00:00\",\"dateModified\":\"2022-03-10T22:56:23+00:00\",\"inLanguage\":\"fr-FR\",\"potentialAction\":[{\"@type\":\"ReadAction\",\"target\":[\"https:\/\/www.iberfruta.es\/fr\/politique-de-cookies\/\"]}]},{\"@type\":\"WebSite\",\"@id\":\"https:\/\/www.iberfruta.es\/#website\",\"url\":\"https:\/\/www.iberfruta.es\/\",\"name\":\"Iberfruta\",\"description\":\"\",\"potentialAction\":[{\"@type\":\"SearchAction\",\"target\":{\"@type\":\"EntryPoint\",\"urlTemplate\":\"https:\/\/www.iberfruta.es\/?s={search_term_string}\"},\"query-input\":{\"@type\":\"PropertyValueSpecification\",\"valueRequired\":true,\"valueName\":\"search_term_string\"}}],\"inLanguage\":\"fr-FR\"}]}<\/script>\n<!-- \/ Yoast SEO plugin. -->","yoast_head_json":{"title":"Politique de cookies - Iberfruta","robots":{"index":"index","follow":"follow","max-snippet":"max-snippet:-1","max-image-preview":"max-image-preview:large","max-video-preview":"max-video-preview:-1"},"canonical":"https:\/\/www.iberfruta.es\/fr\/politique-de-cookies\/","og_locale":"fr_FR","og_type":"article","og_title":"Politique de cookies - Iberfruta","og_description":"[vc_row el_class=\u00a0\u00bbsection-interior-texto section-first\u00a0\u00bb][vc_column el_class=\u00a0\u00bbcontainer\u00a0\u00bb][vc_column_text]Un cookie est un petit fichier t\u00e9l\u00e9charg\u00e9 sur votre ordinateur afin de permettre d\u2019acc\u00e9der \u00e0 certaines pages web. Les cookies servent \u00e0 une page web, entre autres, de stocker et r\u00e9cup\u00e9rer des donn\u00e9es relatives aux habitudes de navigation d\u2019un utilisateur ou de son ordinateur et, en fonction des informations collect\u00e9es et de [&hellip;]","og_url":"https:\/\/www.iberfruta.es\/fr\/politique-de-cookies\/","og_site_name":"Iberfruta","article_modified_time":"2022-03-10T22:56:23+00:00","og_image":[{"width":1200,"height":630,"url":"https:\/\/www.iberfruta.es\/wp-content\/uploads\/2022\/03\/fb-share.png","type":"image\/png"}],"twitter_card":"summary_large_image","twitter_misc":{"Dur\u00e9e de lecture estim\u00e9e":"7 minutes"},"schema":{"@context":"https:\/\/schema.org","@graph":[{"@type":"WebPage","@id":"https:\/\/www.iberfruta.es\/fr\/politique-de-cookies\/","url":"https:\/\/www.iberfruta.es\/fr\/politique-de-cookies\/","name":"Politique de cookies - Iberfruta","isPartOf":{"@id":"https:\/\/www.iberfruta.es\/#website"},"datePublished":"2021-10-13T11:19:20+00:00","dateModified":"2022-03-10T22:56:23+00:00","inLanguage":"fr-FR","potentialAction":[{"@type":"ReadAction","target":["https:\/\/www.iberfruta.es\/fr\/politique-de-cookies\/"]}]},{"@type":"WebSite","@id":"https:\/\/www.iberfruta.es\/#website","url":"https:\/\/www.iberfruta.es\/","name":"Iberfruta","description":"","potentialAction":[{"@type":"SearchAction","target":{"@type":"EntryPoint","urlTemplate":"https:\/\/www.iberfruta.es\/?s={search_term_string}"},"query-input":{"@type":"PropertyValueSpecification","valueRequired":true,"valueName":"search_term_string"}}],"inLanguage":"fr-FR"}]}},"_links":{"self":[{"href":"https:\/\/www.iberfruta.es\/fr\/wp-json\/wp\/v2\/pages\/1382","targetHints":{"allow":["GET"]}}],"collection":[{"href":"https:\/\/www.iberfruta.es\/fr\/wp-json\/wp\/v2\/pages"}],"about":[{"href":"https:\/\/www.iberfruta.es\/fr\/wp-json\/wp\/v2\/types\/page"}],"author":[{"embeddable":true,"href":"https:\/\/www.iberfruta.es\/fr\/wp-json\/wp\/v2\/users\/1"}],"replies":[{"embeddable":true,"href":"https:\/\/www.iberfruta.es\/fr\/wp-json\/wp\/v2\/comments?post=1382"}],"version-history":[{"count":4,"href":"https:\/\/www.iberfruta.es\/fr\/wp-json\/wp\/v2\/pages\/1382\/revisions"}],"predecessor-version":[{"id":1683,"href":"https:\/\/www.iberfruta.es\/fr\/wp-json\/wp\/v2\/pages\/1382\/revisions\/1683"}],"wp:attachment":[{"href":"https:\/\/www.iberfruta.es\/fr\/wp-json\/wp\/v2\/media?parent=1382"}],"curies":[{"name":"wp","href":"https:\/\/api.w.org\/{rel}","templated":true}]}}