{"id":1381,"date":"2021-10-13T11:19:41","date_gmt":"2021-10-13T11:19:41","guid":{"rendered":"https:\/\/www.iberfruta.es\/politica-corporativa\/"},"modified":"2022-03-25T10:43:57","modified_gmt":"2022-03-25T09:43:57","slug":"politique-de-lentreprise","status":"publish","type":"page","link":"https:\/\/www.iberfruta.es\/fr\/politique-de-lentreprise\/","title":{"rendered":"Politique de l\u2019entreprise"},"content":{"rendered":"<div class=\"wpb-content-wrapper\"><p>[vc_row el_class=\u00a0\u00bbsection-texto section-lista section-text-legal section-first section-interior-texto\u00a0\u00bb][vc_column el_class=\u00a0\u00bbcontainer\u00a0\u00bb][vc_column_text]<\/p>\n<h2>Politique de l\u2019entreprise<\/h2>\n<p>La direction d\u2019IBERFRUTAS-M. S.A., une entreprise consacr\u00e9e \u00e0 l\u2019\u00e9laboration de pulpes et de pur\u00e9es de fruits, dans le but d\u2019adapter son activit\u00e9 aux besoins actuels, notamment en ce qui concerne :<\/p>\n<ul>\n<li>La qualit\u00e9, l\u00e9galit\u00e9 et s\u00e9curit\u00e9 du produit<\/li>\n<li>La satisfaction du client<\/li>\n<li>L\u2019am\u00e9lioration permanente<\/li>\n<li>La responsabilit\u00e9 et la durabilit\u00e9 environnementale<\/li>\n<li>La responsabilit\u00e9 \u00e9thique et professionnelle<\/li>\n<\/ul>\n<p>\u00c9laboration des politiques de :<\/p>\n<ul>\n<li>Qualit\u00e9-S\u00e9curit\u00e9 du produit<\/li>\n<li>Environnement<\/li>\n<li>S\u00e9curit\u00e9 et sant\u00e9 professionnelle<\/li>\n<\/ul>\n<p>Dans la mesure du possible, les futurs besoins de l\u2019industrie alimentaire sont \u00e9galement pr\u00e9vus.<br \/>\nPour toutes les actions pr\u00e9vues dans les diff\u00e9rentes politiques, la direction assume que les ressources n\u00e9cessaires (\u00e9conomiques, humaines, de connaissances sp\u00e9cialis\u00e9es, technologiques) sont disponibles afin de les mener \u00e0 bien.<\/p>\n<h2>POLITIQUE DE QUALIT\u00c9<\/h2>\n<p>L\u2019engagement de la soci\u00e9t\u00e9 IBERFRUTAS-M en ce qui concerne la qualit\u00e9, la l\u00e9galit\u00e9 et la s\u00e9curit\u00e9 du produit, ainsi que la satisfaction du client et l\u2019am\u00e9lioration permanente est bas\u00e9 sur les conditions suivantes :<\/p>\n<ul>\n<li>Mise en \u0153uvre et respect du syst\u00e8me de qualit\u00e9 et de s\u00e9curit\u00e9 alimentaire avec l\u2019engagement cons\u00e9quent de la direction envers son d\u00e9veloppement. La base de ce syst\u00e8me sera les 7 principes du syst\u00e8me APPCC du Codex Alimentarius.<\/li>\n<li>Respect de la r\u00e9glementation l\u00e9gale en vigueur applicable \u00e0 l\u2019activit\u00e9 de la soci\u00e9t\u00e9.<\/li>\n<li>Comme strat\u00e9gie de base, nous analyserons la satisfaction du client, en tenant compte, entre autres, de ses attentes quant au produit \u00e9labor\u00e9, l\u2019optimisation des productions au niveau technique et \u00e9conomique, le d\u00e9veloppement de projets de R+D+i, le soutien technique (autant interne qu\u2019externe) apport\u00e9 \u00e0 nos clients, etc.<\/li>\n<li>Am\u00e9liorer en permanence l\u2019efficacit\u00e9 du syst\u00e8me de qualit\u00e9 et de s\u00e9curit\u00e9 alimentaire. Cet objectif sera atteint en assurant le suivi des actions pr\u00e9ventives et correctives, en analysant les r\u00e9sultats des audits internes et externes et en analysant les indicateurs et les objectifs de qualit\u00e9.<\/li>\n<li>Favoriser la culture du travail en \u00e9quipe dans le domaine de la qualit\u00e9 et la s\u00e9curit\u00e9 alimentaire. La totalit\u00e9 du personnel doit \u00eatre form\u00e9 et sensibilis\u00e9 aux aspects relatifs \u00e0 la qualit\u00e9 et la s\u00e9curit\u00e9 alimentaire de leur fonction.<\/li>\n<\/ul>\n<h2>POLITIQUE ENVIRONNEMENTALE<\/h2>\n<p>Les principes de base r\u00e9gissant cette politique sont les suivants :<\/p>\n<ul>\n<li>Apply a policy of continuous improvement in terms of the Environment and implement an effective management and control system that allows the proposed objectives to be achieved.<\/li>\n<li>Respect de la l\u00e9gislation en vigueur applicable \u00e0 l\u2019activit\u00e9, ainsi que de l\u2019ensemble des conditions r\u00e9glementaires des administrations applicables.<\/li>\n<li>Assurer une gestion des d\u00e9chets correcte afin de pr\u00e9venir la pollution environnementale, tout en garantissant l\u2019am\u00e9lioration permanente de notre engagement envers l\u2019environnement.<\/li>\n<li>Lors des \u00e9tapes de design et d\u00e9veloppement des produits au niveau industriel, nous appliquerons la technologie la mieux adapt\u00e9e en termes de g\u00e9n\u00e9ration de d\u00e9chets, de recyclage, de diminution des nuisances sonores et d\u2019\u00e9mission de gaz, etc.<\/li>\n<li>Modernisation des ressources mat\u00e9rielles visant \u00e0 pr\u00e9venir et minimiser les d\u00e9chets g\u00e9n\u00e9r\u00e9s, \u00e9missions et autres effets ind\u00e9sirables.<\/li>\n<li>\u00c9tablir des objectifs environnementaux r\u00e9alisables et assurer leur suivi r\u00e9gulier, au travers d\u2019indicateurs.<\/li>\n<li>Garantir la durabilit\u00e9, la pr\u00e9servation et la protection de l\u2019environnement en optimisant la consommation des ressources naturelles, tout en assurant un usage optimal des \u00e9nergies utilis\u00e9es gr\u00e2ce \u00e0 la pr\u00e9vention et la r\u00e9duction de l\u2019impact environnemental de l\u2019activit\u00e9, dans la mesure du possible, du moment que les attentes des clients en mati\u00e8re de s\u00e9curit\u00e9 alimentaire, qualit\u00e9 et vari\u00e9t\u00e9 des produits soient satisfaites.<\/li>\n<\/ul>\n<h2>POLITIQUE DE S\u00c9CURIT\u00c9 ET DE SANT\u00c9 PROFESSIONNELLE<\/h2>\n<p>L\u2019entreprise utilise cette politique comme un instrument strat\u00e9gique pour la durabilit\u00e9 de la soci\u00e9t\u00e9 en elle-m\u00eame et compte pour cela sur la participation de ses salari\u00e9s et ses repr\u00e9sentants. Sur la base de cette condition, les engagements pris sont les suivants :<\/p>\n<ul>\n<li>Int\u00e9gration totale du Syst\u00e8me de Gestion de la Pr\u00e9vention des Risques Professionnels (SGPRL selon son sigle en espagnol) \u00e0 l\u2019activit\u00e9 de l\u2019entreprise.<\/li>\n<li>Respect de la l\u00e9gislation en vigueur applicable \u00e0 l\u2019activit\u00e9.<\/li>\n<li>Encourager et promouvoir l\u2019am\u00e9lioration permanente des conditions de travail afin d\u2019atteindre un haut niveau de s\u00e9curit\u00e9, sant\u00e9 et bien-\u00eatre physique, mental et social des salari\u00e9s.<\/li>\n<li>Former et informer les salari\u00e9s par le biais de programmes d\u2019apprentissage et de sensibilisation, en favorisant la mise en place de \u00ab pratiques s\u00fbres \u00bb.\u00a0\u00bb<\/li>\n<\/ul>\n<p>La direction sollicite la coop\u00e9ration et l\u2019engagement de tous les salari\u00e9s de l\u2019entreprise afin de nous approprier cette politique.<\/p>\n<p>&nbsp;<\/p>\n<p><a href=\"https:\/\/www.iberfruta.es\/wp-content\/uploads\/2022\/03\/politica-corporativa.pdf\" target=\"_blank\" rel=\"noopener\">Politique de l\u2019entreprise<\/a>[\/vc_column_text][\/vc_column][\/vc_row]<\/p>\n<\/div>","protected":false},"excerpt":{"rendered":"<p>[vc_row el_class=\u00a0\u00bbsection-texto section-lista section-text-legal section-first section-interior-texto\u00a0\u00bb][vc_column el_class=\u00a0\u00bbcontainer\u00a0\u00bb][vc_column_text] Politique de l\u2019entreprise La direction d\u2019IBERFRUTAS-M. S.A., une entreprise consacr\u00e9e \u00e0 l\u2019\u00e9laboration de pulpes et de pur\u00e9es de fruits, dans le but d\u2019adapter son activit\u00e9 aux besoins actuels, notamment en ce qui concerne : La qualit\u00e9, l\u00e9galit\u00e9 et s\u00e9curit\u00e9 du produit La satisfaction du client L\u2019am\u00e9lioration permanente La [&hellip;]<\/p>\n","protected":false},"author":1,"featured_media":0,"parent":0,"menu_order":0,"comment_status":"closed","ping_status":"closed","template":"","meta":{"_acf_changed":false,"footnotes":""},"class_list":["post-1381","page","type-page","status-publish","hentry"],"acf":[],"yoast_head":"<!-- This site is optimized with the Yoast SEO plugin v27.2 - https:\/\/yoast.com\/product\/yoast-seo-wordpress\/ -->\n<title>Politique de l\u2019entreprise - Iberfruta<\/title>\n<meta name=\"robots\" content=\"index, follow, max-snippet:-1, max-image-preview:large, max-video-preview:-1\" \/>\n<link rel=\"canonical\" href=\"https:\/\/www.iberfruta.es\/fr\/politique-de-lentreprise\/\" \/>\n<meta property=\"og:locale\" content=\"fr_FR\" \/>\n<meta property=\"og:type\" content=\"article\" \/>\n<meta property=\"og:title\" content=\"Politique de l\u2019entreprise - Iberfruta\" \/>\n<meta property=\"og:description\" content=\"[vc_row el_class=\u00a0\u00bbsection-texto section-lista section-text-legal section-first section-interior-texto\u00a0\u00bb][vc_column el_class=\u00a0\u00bbcontainer\u00a0\u00bb][vc_column_text] Politique de l\u2019entreprise La direction d\u2019IBERFRUTAS-M. S.A., une entreprise consacr\u00e9e \u00e0 l\u2019\u00e9laboration de pulpes et de pur\u00e9es de fruits, dans le but d\u2019adapter son activit\u00e9 aux besoins actuels, notamment en ce qui concerne : La qualit\u00e9, l\u00e9galit\u00e9 et s\u00e9curit\u00e9 du produit La satisfaction du client L\u2019am\u00e9lioration permanente La [&hellip;]\" \/>\n<meta property=\"og:url\" content=\"https:\/\/www.iberfruta.es\/fr\/politique-de-lentreprise\/\" \/>\n<meta property=\"og:site_name\" content=\"Iberfruta\" \/>\n<meta property=\"article:modified_time\" content=\"2022-03-25T09:43:57+00:00\" \/>\n<meta property=\"og:image\" content=\"https:\/\/www.iberfruta.es\/wp-content\/uploads\/2022\/03\/fb-share.png\" \/>\n\t<meta property=\"og:image:width\" content=\"1200\" \/>\n\t<meta property=\"og:image:height\" content=\"630\" \/>\n\t<meta property=\"og:image:type\" content=\"image\/png\" \/>\n<meta name=\"twitter:card\" content=\"summary_large_image\" \/>\n<meta name=\"twitter:label1\" content=\"Dur\u00e9e de lecture estim\u00e9e\" \/>\n\t<meta name=\"twitter:data1\" content=\"4 minutes\" \/>\n<script type=\"application\/ld+json\" class=\"yoast-schema-graph\">{\"@context\":\"https:\/\/schema.org\",\"@graph\":[{\"@type\":\"WebPage\",\"@id\":\"https:\/\/www.iberfruta.es\/fr\/politique-de-lentreprise\/\",\"url\":\"https:\/\/www.iberfruta.es\/fr\/politique-de-lentreprise\/\",\"name\":\"Politique de l\u2019entreprise - Iberfruta\",\"isPartOf\":{\"@id\":\"https:\/\/www.iberfruta.es\/#website\"},\"datePublished\":\"2021-10-13T11:19:41+00:00\",\"dateModified\":\"2022-03-25T09:43:57+00:00\",\"inLanguage\":\"fr-FR\",\"potentialAction\":[{\"@type\":\"ReadAction\",\"target\":[\"https:\/\/www.iberfruta.es\/fr\/politique-de-lentreprise\/\"]}]},{\"@type\":\"WebSite\",\"@id\":\"https:\/\/www.iberfruta.es\/#website\",\"url\":\"https:\/\/www.iberfruta.es\/\",\"name\":\"Iberfruta\",\"description\":\"\",\"potentialAction\":[{\"@type\":\"SearchAction\",\"target\":{\"@type\":\"EntryPoint\",\"urlTemplate\":\"https:\/\/www.iberfruta.es\/?s={search_term_string}\"},\"query-input\":{\"@type\":\"PropertyValueSpecification\",\"valueRequired\":true,\"valueName\":\"search_term_string\"}}],\"inLanguage\":\"fr-FR\"}]}<\/script>\n<!-- \/ Yoast SEO plugin. -->","yoast_head_json":{"title":"Politique de l\u2019entreprise - Iberfruta","robots":{"index":"index","follow":"follow","max-snippet":"max-snippet:-1","max-image-preview":"max-image-preview:large","max-video-preview":"max-video-preview:-1"},"canonical":"https:\/\/www.iberfruta.es\/fr\/politique-de-lentreprise\/","og_locale":"fr_FR","og_type":"article","og_title":"Politique de l\u2019entreprise - Iberfruta","og_description":"[vc_row el_class=\u00a0\u00bbsection-texto section-lista section-text-legal section-first section-interior-texto\u00a0\u00bb][vc_column el_class=\u00a0\u00bbcontainer\u00a0\u00bb][vc_column_text] Politique de l\u2019entreprise La direction d\u2019IBERFRUTAS-M. S.A., une entreprise consacr\u00e9e \u00e0 l\u2019\u00e9laboration de pulpes et de pur\u00e9es de fruits, dans le but d\u2019adapter son activit\u00e9 aux besoins actuels, notamment en ce qui concerne : La qualit\u00e9, l\u00e9galit\u00e9 et s\u00e9curit\u00e9 du produit La satisfaction du client L\u2019am\u00e9lioration permanente La [&hellip;]","og_url":"https:\/\/www.iberfruta.es\/fr\/politique-de-lentreprise\/","og_site_name":"Iberfruta","article_modified_time":"2022-03-25T09:43:57+00:00","og_image":[{"width":1200,"height":630,"url":"https:\/\/www.iberfruta.es\/wp-content\/uploads\/2022\/03\/fb-share.png","type":"image\/png"}],"twitter_card":"summary_large_image","twitter_misc":{"Dur\u00e9e de lecture estim\u00e9e":"4 minutes"},"schema":{"@context":"https:\/\/schema.org","@graph":[{"@type":"WebPage","@id":"https:\/\/www.iberfruta.es\/fr\/politique-de-lentreprise\/","url":"https:\/\/www.iberfruta.es\/fr\/politique-de-lentreprise\/","name":"Politique de l\u2019entreprise - Iberfruta","isPartOf":{"@id":"https:\/\/www.iberfruta.es\/#website"},"datePublished":"2021-10-13T11:19:41+00:00","dateModified":"2022-03-25T09:43:57+00:00","inLanguage":"fr-FR","potentialAction":[{"@type":"ReadAction","target":["https:\/\/www.iberfruta.es\/fr\/politique-de-lentreprise\/"]}]},{"@type":"WebSite","@id":"https:\/\/www.iberfruta.es\/#website","url":"https:\/\/www.iberfruta.es\/","name":"Iberfruta","description":"","potentialAction":[{"@type":"SearchAction","target":{"@type":"EntryPoint","urlTemplate":"https:\/\/www.iberfruta.es\/?s={search_term_string}"},"query-input":{"@type":"PropertyValueSpecification","valueRequired":true,"valueName":"search_term_string"}}],"inLanguage":"fr-FR"}]}},"_links":{"self":[{"href":"https:\/\/www.iberfruta.es\/fr\/wp-json\/wp\/v2\/pages\/1381","targetHints":{"allow":["GET"]}}],"collection":[{"href":"https:\/\/www.iberfruta.es\/fr\/wp-json\/wp\/v2\/pages"}],"about":[{"href":"https:\/\/www.iberfruta.es\/fr\/wp-json\/wp\/v2\/types\/page"}],"author":[{"embeddable":true,"href":"https:\/\/www.iberfruta.es\/fr\/wp-json\/wp\/v2\/users\/1"}],"replies":[{"embeddable":true,"href":"https:\/\/www.iberfruta.es\/fr\/wp-json\/wp\/v2\/comments?post=1381"}],"version-history":[{"count":6,"href":"https:\/\/www.iberfruta.es\/fr\/wp-json\/wp\/v2\/pages\/1381\/revisions"}],"predecessor-version":[{"id":1790,"href":"https:\/\/www.iberfruta.es\/fr\/wp-json\/wp\/v2\/pages\/1381\/revisions\/1790"}],"wp:attachment":[{"href":"https:\/\/www.iberfruta.es\/fr\/wp-json\/wp\/v2\/media?parent=1381"}],"curies":[{"name":"wp","href":"https:\/\/api.w.org\/{rel}","templated":true}]}}