{"id":1378,"date":"2021-10-13T12:27:12","date_gmt":"2021-10-13T12:27:12","guid":{"rendered":"https:\/\/www.iberfruta.es\/filosofia\/"},"modified":"2022-03-14T14:42:00","modified_gmt":"2022-03-14T13:42:00","slug":"philosophie","status":"publish","type":"page","link":"https:\/\/www.iberfruta.es\/fr\/philosophie\/","title":{"rendered":"Philosophie"},"content":{"rendered":"<div class=\"wpb-content-wrapper\"><p>[vc_row el_class=\u00a0\u00bbsection-lista section-filosofia section-interior-texto section-first\u00a0\u00bb][vc_column el_class=\u00a0\u00bbcontainer\u00a0\u00bb][vc_column_text el_class=\u00a0\u00bbbig-text\u00a0\u00bb]    <div class=\"section-title main-title centered\">\n      <h2>\u201cTell us what you need and we will do it\u201d<\/h2>\n          <\/div>\n<p style=\"text-align: center;\">Notre <strong>philosophie de travail<\/strong> esest sans aucun doute ce qui nous rend uniques et diff\u00e9rents.<\/p>\n<p style=\"text-align: center;\">Cette philosophie s\u2019obtient gr\u00e2ce \u00e0 l\u2019\u00e9troite <strong>collaboration et coordination entre toutes les \u00e9quipes humaines d\u2019Iberfrutas<\/strong>, lesquelles travaillent au sein d\u2019un espace de coworking, afin de garantir le meilleur flux d\u2019informations et une prise de d\u00e9cisions rapide et efficace.<\/p>\n<p style=\"text-align: center;\">Un vecteur dont l\u2019objectif final est toujours de satisfaire le client. Celui-ci peut se r\u00e9sumer en <strong>trois piliers<\/strong>:<\/p>\n<p>[\/vc_column_text][\/vc_column][\/vc_row][vc_row el_class=\u00a0\u00bbsection-texto section-texto-left section-icons pt-0&Prime;][vc_column el_class=\u00a0\u00bbcontainer\u00a0\u00bb][vc_row_inner][vc_column_inner el_class=\u00a0\u00bbcol-texto\u00a0\u00bb width=\u00a0\u00bb1\/2&Prime;][vc_column_text]<\/p>\n<h4 class=\"color-red\">Nous nous adaptons \u00e0 chaque client et chaque besoin<\/h4>\n<p>La valeur diff\u00e9rentielle d\u2019Iberfrutas est notre adaptation \u00e0 vos besoins comme personne. Dites-nous juste ce qu\u2019il vous faut et nous le r\u00e9alisons.[\/vc_column_text][\/vc_column_inner][vc_column_inner el_class=\u00a0\u00bbcol-imagen\u00a0\u00bb width=\u00a0\u00bb1\/2&Prime;][vc_column_text]<\/p>\n<div data-aos=\"fade-left\"><img loading=\"lazy\" decoding=\"async\" class=\"alignnone wp-image-453 size-full\" src=\"https:\/\/www.iberfruta.es\/wp-content\/uploads\/2022\/01\/adaptabilidad.png\" alt=\"\" width=\"300\" height=\"300\" srcset=\"https:\/\/www.iberfruta.es\/wp-content\/uploads\/2022\/01\/adaptabilidad.png 300w, https:\/\/www.iberfruta.es\/wp-content\/uploads\/2022\/01\/adaptabilidad-150x150.png 150w\" sizes=\"auto, (max-width: 300px) 100vw, 300px\" \/><\/div>\n<p>[\/vc_column_text][\/vc_column_inner][\/vc_row_inner][\/vc_column][\/vc_row][vc_row el_class=\u00a0\u00bbsection-texto section-texto-right section-icons pt-0&Prime;][vc_column el_class=\u00a0\u00bbcontainer\u00a0\u00bb][vc_row_inner][vc_column_inner el_class=\u00a0\u00bbcol-imagen\u00a0\u00bb width=\u00a0\u00bb1\/2&Prime;][vc_column_text]<\/p>\n<div data-aos=\"fade-right\"><img loading=\"lazy\" decoding=\"async\" class=\"alignnone wp-image-458 size-full\" src=\"https:\/\/www.iberfruta.es\/wp-content\/uploads\/2022\/01\/productos-frescos.png\" alt=\"\" width=\"300\" height=\"300\" srcset=\"https:\/\/www.iberfruta.es\/wp-content\/uploads\/2022\/01\/productos-frescos.png 300w, https:\/\/www.iberfruta.es\/wp-content\/uploads\/2022\/01\/productos-frescos-150x150.png 150w\" sizes=\"auto, (max-width: 300px) 100vw, 300px\" \/><\/div>\n<p>[\/vc_column_text][\/vc_column_inner][vc_column_inner el_class=\u00a0\u00bbcol-texto\u00a0\u00bb width=\u00a0\u00bb1\/2&Prime;][vc_column_text]<\/p>\n<h4 class=\"color-green\">Nous travaillons essentiellement avec des produits frais et de saison<\/h4>\n<p>Le calendrier naturel des fruits et l\u00e9gumes rythme notre activit\u00e9. Nous utilisons chaque mati\u00e8re premi\u00e8re lors des saisons opportunes. Nous respectons la terre, ce qui nous permet d\u2019assurer que la qualit\u00e9 et la propre fra\u00eecheur et saveur des aliments soient toujours les meilleures.[\/vc_column_text][\/vc_column_inner][\/vc_row_inner][\/vc_column][\/vc_row][vc_row el_class=\u00a0\u00bbsection-texto section-texto-left section-icons pt-0&Prime;][vc_column el_class=\u00a0\u00bbcontainer\u00a0\u00bb][vc_row_inner][vc_column_inner el_class=\u00a0\u00bbcol-texto\u00a0\u00bb width=\u00a0\u00bb1\/2&Prime;][vc_column_text]<\/p>\n<h4 class=\"color-blue\">Nous sommes un fournisseur mondial<\/h4>\n<p>Le march\u00e9 d\u2019Iberfrutas, c\u2019est le monde, comme le prouve notre pr\u00e9sence dans plus de 80 pays. Pour nous, il n\u2019existe pas de fronti\u00e8res quand il s\u2019agit d\u2019offrir, gr\u00e2ce \u00e0 notre puissante capacit\u00e9 d\u2019exportation, les meilleures solutions et produits. La permanente adaptation avec succ\u00e8s aux attentes d\u2019un march\u00e9 mondial en perp\u00e9tuelle \u00e9volution est dans notre ADN.[\/vc_column_text][\/vc_column_inner][vc_column_inner el_class=\u00a0\u00bbcol-imagen\u00a0\u00bb width=\u00a0\u00bb1\/2&Prime;][vc_column_text]<\/p>\n<div data-aos=\"fade-left\"><img loading=\"lazy\" decoding=\"async\" class=\"alignnone wp-image-463 size-full\" src=\"https:\/\/www.iberfruta.es\/wp-content\/uploads\/2022\/01\/proveedor-global.png\" alt=\"\" width=\"300\" height=\"300\" srcset=\"https:\/\/www.iberfruta.es\/wp-content\/uploads\/2022\/01\/proveedor-global.png 300w, https:\/\/www.iberfruta.es\/wp-content\/uploads\/2022\/01\/proveedor-global-150x150.png 150w\" sizes=\"auto, (max-width: 300px) 100vw, 300px\" \/><\/div>\n<p>[\/vc_column_text][\/vc_column_inner][\/vc_row_inner][\/vc_column][\/vc_row]<\/p>\n<\/div>","protected":false},"excerpt":{"rendered":"<p>[vc_row el_class=\u00a0\u00bbsection-lista section-filosofia section-interior-texto section-first\u00a0\u00bb][vc_column el_class=\u00a0\u00bbcontainer\u00a0\u00bb][vc_column_text el_class=\u00a0\u00bbbig-text\u00a0\u00bb] Notre philosophie de travail esest sans aucun doute ce qui nous rend uniques et diff\u00e9rents. Cette philosophie s\u2019obtient gr\u00e2ce \u00e0 l\u2019\u00e9troite collaboration et coordination entre toutes les \u00e9quipes humaines d\u2019Iberfrutas, lesquelles travaillent au sein d\u2019un espace de coworking, afin de garantir le meilleur flux d\u2019informations et une prise [&hellip;]<\/p>\n","protected":false},"author":1,"featured_media":0,"parent":0,"menu_order":0,"comment_status":"closed","ping_status":"closed","template":"","meta":{"_acf_changed":false,"footnotes":""},"class_list":["post-1378","page","type-page","status-publish","hentry"],"acf":[],"yoast_head":"<!-- This site is optimized with the Yoast SEO plugin v27.2 - https:\/\/yoast.com\/product\/yoast-seo-wordpress\/ -->\n<title>Philosophie - Iberfruta<\/title>\n<meta name=\"robots\" content=\"index, follow, max-snippet:-1, max-image-preview:large, max-video-preview:-1\" \/>\n<link rel=\"canonical\" href=\"https:\/\/www.iberfruta.es\/fr\/philosophie\/\" \/>\n<meta property=\"og:locale\" content=\"fr_FR\" \/>\n<meta property=\"og:type\" content=\"article\" \/>\n<meta property=\"og:title\" content=\"Philosophie - Iberfruta\" \/>\n<meta property=\"og:description\" content=\"[vc_row el_class=\u00a0\u00bbsection-lista section-filosofia section-interior-texto section-first\u00a0\u00bb][vc_column el_class=\u00a0\u00bbcontainer\u00a0\u00bb][vc_column_text el_class=\u00a0\u00bbbig-text\u00a0\u00bb] Notre philosophie de travail esest sans aucun doute ce qui nous rend uniques et diff\u00e9rents. Cette philosophie s\u2019obtient gr\u00e2ce \u00e0 l\u2019\u00e9troite collaboration et coordination entre toutes les \u00e9quipes humaines d\u2019Iberfrutas, lesquelles travaillent au sein d\u2019un espace de coworking, afin de garantir le meilleur flux d\u2019informations et une prise [&hellip;]\" \/>\n<meta property=\"og:url\" content=\"https:\/\/www.iberfruta.es\/fr\/philosophie\/\" \/>\n<meta property=\"og:site_name\" content=\"Iberfruta\" \/>\n<meta property=\"article:modified_time\" content=\"2022-03-14T13:42:00+00:00\" \/>\n<meta property=\"og:image\" content=\"https:\/\/www.iberfruta.es\/wp-content\/uploads\/2022\/01\/adaptabilidad.png\" \/>\n<meta name=\"twitter:card\" content=\"summary_large_image\" \/>\n<meta name=\"twitter:label1\" content=\"Dur\u00e9e de lecture estim\u00e9e\" \/>\n\t<meta name=\"twitter:data1\" content=\"2 minutes\" \/>\n<script type=\"application\/ld+json\" class=\"yoast-schema-graph\">{\"@context\":\"https:\/\/schema.org\",\"@graph\":[{\"@type\":\"WebPage\",\"@id\":\"https:\/\/www.iberfruta.es\/fr\/philosophie\/\",\"url\":\"https:\/\/www.iberfruta.es\/fr\/philosophie\/\",\"name\":\"Philosophie - Iberfruta\",\"isPartOf\":{\"@id\":\"https:\/\/www.iberfruta.es\/#website\"},\"primaryImageOfPage\":{\"@id\":\"https:\/\/www.iberfruta.es\/fr\/philosophie\/#primaryimage\"},\"image\":{\"@id\":\"https:\/\/www.iberfruta.es\/fr\/philosophie\/#primaryimage\"},\"thumbnailUrl\":\"https:\/\/www.iberfruta.es\/wp-content\/uploads\/2022\/01\/adaptabilidad.png\",\"datePublished\":\"2021-10-13T12:27:12+00:00\",\"dateModified\":\"2022-03-14T13:42:00+00:00\",\"inLanguage\":\"fr-FR\",\"potentialAction\":[{\"@type\":\"ReadAction\",\"target\":[\"https:\/\/www.iberfruta.es\/fr\/philosophie\/\"]}]},{\"@type\":\"ImageObject\",\"inLanguage\":\"fr-FR\",\"@id\":\"https:\/\/www.iberfruta.es\/fr\/philosophie\/#primaryimage\",\"url\":\"https:\/\/www.iberfruta.es\/wp-content\/uploads\/2022\/01\/adaptabilidad.png\",\"contentUrl\":\"https:\/\/www.iberfruta.es\/wp-content\/uploads\/2022\/01\/adaptabilidad.png\"},{\"@type\":\"WebSite\",\"@id\":\"https:\/\/www.iberfruta.es\/#website\",\"url\":\"https:\/\/www.iberfruta.es\/\",\"name\":\"Iberfruta\",\"description\":\"\",\"potentialAction\":[{\"@type\":\"SearchAction\",\"target\":{\"@type\":\"EntryPoint\",\"urlTemplate\":\"https:\/\/www.iberfruta.es\/?s={search_term_string}\"},\"query-input\":{\"@type\":\"PropertyValueSpecification\",\"valueRequired\":true,\"valueName\":\"search_term_string\"}}],\"inLanguage\":\"fr-FR\"}]}<\/script>\n<!-- \/ Yoast SEO plugin. -->","yoast_head_json":{"title":"Philosophie - Iberfruta","robots":{"index":"index","follow":"follow","max-snippet":"max-snippet:-1","max-image-preview":"max-image-preview:large","max-video-preview":"max-video-preview:-1"},"canonical":"https:\/\/www.iberfruta.es\/fr\/philosophie\/","og_locale":"fr_FR","og_type":"article","og_title":"Philosophie - Iberfruta","og_description":"[vc_row el_class=\u00a0\u00bbsection-lista section-filosofia section-interior-texto section-first\u00a0\u00bb][vc_column el_class=\u00a0\u00bbcontainer\u00a0\u00bb][vc_column_text el_class=\u00a0\u00bbbig-text\u00a0\u00bb] Notre philosophie de travail esest sans aucun doute ce qui nous rend uniques et diff\u00e9rents. Cette philosophie s\u2019obtient gr\u00e2ce \u00e0 l\u2019\u00e9troite collaboration et coordination entre toutes les \u00e9quipes humaines d\u2019Iberfrutas, lesquelles travaillent au sein d\u2019un espace de coworking, afin de garantir le meilleur flux d\u2019informations et une prise [&hellip;]","og_url":"https:\/\/www.iberfruta.es\/fr\/philosophie\/","og_site_name":"Iberfruta","article_modified_time":"2022-03-14T13:42:00+00:00","og_image":[{"url":"https:\/\/www.iberfruta.es\/wp-content\/uploads\/2022\/01\/adaptabilidad.png","type":"","width":"","height":""}],"twitter_card":"summary_large_image","twitter_misc":{"Dur\u00e9e de lecture estim\u00e9e":"2 minutes"},"schema":{"@context":"https:\/\/schema.org","@graph":[{"@type":"WebPage","@id":"https:\/\/www.iberfruta.es\/fr\/philosophie\/","url":"https:\/\/www.iberfruta.es\/fr\/philosophie\/","name":"Philosophie - Iberfruta","isPartOf":{"@id":"https:\/\/www.iberfruta.es\/#website"},"primaryImageOfPage":{"@id":"https:\/\/www.iberfruta.es\/fr\/philosophie\/#primaryimage"},"image":{"@id":"https:\/\/www.iberfruta.es\/fr\/philosophie\/#primaryimage"},"thumbnailUrl":"https:\/\/www.iberfruta.es\/wp-content\/uploads\/2022\/01\/adaptabilidad.png","datePublished":"2021-10-13T12:27:12+00:00","dateModified":"2022-03-14T13:42:00+00:00","inLanguage":"fr-FR","potentialAction":[{"@type":"ReadAction","target":["https:\/\/www.iberfruta.es\/fr\/philosophie\/"]}]},{"@type":"ImageObject","inLanguage":"fr-FR","@id":"https:\/\/www.iberfruta.es\/fr\/philosophie\/#primaryimage","url":"https:\/\/www.iberfruta.es\/wp-content\/uploads\/2022\/01\/adaptabilidad.png","contentUrl":"https:\/\/www.iberfruta.es\/wp-content\/uploads\/2022\/01\/adaptabilidad.png"},{"@type":"WebSite","@id":"https:\/\/www.iberfruta.es\/#website","url":"https:\/\/www.iberfruta.es\/","name":"Iberfruta","description":"","potentialAction":[{"@type":"SearchAction","target":{"@type":"EntryPoint","urlTemplate":"https:\/\/www.iberfruta.es\/?s={search_term_string}"},"query-input":{"@type":"PropertyValueSpecification","valueRequired":true,"valueName":"search_term_string"}}],"inLanguage":"fr-FR"}]}},"_links":{"self":[{"href":"https:\/\/www.iberfruta.es\/fr\/wp-json\/wp\/v2\/pages\/1378","targetHints":{"allow":["GET"]}}],"collection":[{"href":"https:\/\/www.iberfruta.es\/fr\/wp-json\/wp\/v2\/pages"}],"about":[{"href":"https:\/\/www.iberfruta.es\/fr\/wp-json\/wp\/v2\/types\/page"}],"author":[{"embeddable":true,"href":"https:\/\/www.iberfruta.es\/fr\/wp-json\/wp\/v2\/users\/1"}],"replies":[{"embeddable":true,"href":"https:\/\/www.iberfruta.es\/fr\/wp-json\/wp\/v2\/comments?post=1378"}],"version-history":[{"count":4,"href":"https:\/\/www.iberfruta.es\/fr\/wp-json\/wp\/v2\/pages\/1378\/revisions"}],"predecessor-version":[{"id":1728,"href":"https:\/\/www.iberfruta.es\/fr\/wp-json\/wp\/v2\/pages\/1378\/revisions\/1728"}],"wp:attachment":[{"href":"https:\/\/www.iberfruta.es\/fr\/wp-json\/wp\/v2\/media?parent=1378"}],"curies":[{"name":"wp","href":"https:\/\/api.w.org\/{rel}","templated":true}]}}