{"id":1377,"date":"2022-01-03T10:33:22","date_gmt":"2022-01-03T10:33:22","guid":{"rendered":"https:\/\/www.iberfruta.es\/contacto\/"},"modified":"2022-03-15T15:50:10","modified_gmt":"2022-03-15T14:50:10","slug":"contacter","status":"publish","type":"page","link":"https:\/\/www.iberfruta.es\/fr\/contacter\/","title":{"rendered":"contacter"},"content":{"rendered":"<div class=\"wpb-content-wrapper\"><p>[vc_row el_class=\u00a0\u00bbsection-interior-texto section-first section-interior-contacto\u00a0\u00bb][vc_column el_class=\u00a0\u00bbcontainer\u00a0\u00bb][vc_column_text]    <div class=\"section-title main-title\">\n      <h2>Nous contacter<\/h2>\n          <\/div>\n<p>\u00c9crivez-nous et la personne la plus \u00e0 m\u00eame de r\u00e9pondre \u00e0 votre question chez Iberfrutas vous r\u00e9pondra.<\/p>\n<div class=\"row justify-content-center\">\n        <div class=\"col-md-12\">\n          \n          <form id=\"contact_form\" action=\"https:\/\/www.iberfruta.es\/wp-content\/themes\/iberfuta\/inc\/controlador.php\" method=\"post\" enctype=\"multipart\/form-data\">\n            <input type=\"hidden\" name=\"opcion\" value=\"contacto\">\n            <input type=\"hidden\" id=\"xuser\" class=\"xuser\" name=\"xuser\" value=\"\">\n            <input type=\"hidden\" id=\"xtoken\" class=\"xtoken\" name=\"xtoken\" value=\"\">\n            <input type=\"hidden\" id=\"xemail\" class=\"xemail\" name=\"xemail\" value=\"\">\n            <div class=\"row\">\n              <div class=\"col-md-6\">\n                <div class=\"form-group\">\n                  <input type=\"text\" class=\"form-control mandatory xname\" id=\"nombre\" name=\"nombre\" placeholder=\"Pr\u00e9nom  * (champ obligatoire)\" value=\"\">\n                <\/div><!-- .form-group -->\n              <\/div><!-- .col -->\n\n              <div class=\"col-md-6\">\n                <div class=\"form-group\">\n                  <input type=\"text\" class=\"form-control mandatory xsurname\" id=\"apellidos\" name=\"apellidos\" placeholder=\"Noms  * (champ obligatoire)\" value=\"\">\n                <\/div><!-- .form-group -->\n              <\/div><!-- .col -->\n\n              <div class=\"col-md-6\">\n                <div class=\"form-group\">\n                  <input type=\"email\" class=\"form-control mandatory xemail\" id=\"email\" name=\"email\" placeholder=\"Courrier \u00e9lectronique  * (champ obligatoire)\" value=\"\">\n                <\/div><!-- .form-group -->\n              <\/div><!-- .col -->\n\n              <div class=\"col-md-6\">\n                <div class=\"form-group\">\n                  <input type=\"text\" class=\"form-control xtelefono\" id=\"telefono\" name=\"telefono\" placeholder=\"T\u00e9l\u00e9phone (facultatif)\" value=\"\">\n                <\/div><!-- .form-group -->\n              <\/div><!-- .col -->                 \n\n              <div class=\"col-md-6\">\n                <div class=\"form-group\">\n                  <input type=\"text\" class=\"form-control\" name=\"codigo_postal\" placeholder=\"Code postal (facultatif)\" value=\"\">\n                <\/div><!-- .form-group -->\n              <\/div><!-- .col -->\n\n              <div class=\"col-md-6\">\n                <div class=\"form-group\">\n                  <input type=\"text\" class=\"form-control\" name=\"poblacion\" placeholder=\"Localit\u00e9 (facultatif)\" value=\"\">\n                <\/div><!-- .form-group -->\n              <\/div><!-- .col -->\n\n              <div class=\"col-md-12\">\n                <div class=\"form-group\">\n                  <select name=\"variante\" class=\"select-variante\">\n                    <option value=\"\">Objet du message  * (champ obligatoire)<\/option>\n                    <option value=\"1\">Probl\u00e8me avec un produit<\/option>\n                    <option value=\"2\">Suggestion<\/option>\n                    <option value=\"3\">Consultation<\/option>\n                    <option value=\"4\">Proposition de collaboration<\/option>\n                    <option value=\"6\">Problemas de car\u00e1cter \u00e9tico<\/option>\n                    <option value=\"5\">Les autres<\/option>\n                  <\/select>\n                <\/div><!-- .form-group -->\n              <\/div><!-- .col -->                 \n            <\/div><!-- .row -->\n\n            <div class=\"variante-form\" id=\"variante-1\">\n              <div class=\"row\">\n                <div class=\"col-md-12\">\n                  <div class=\"form-group\">\n                    <textarea class=\"form-control mandatory-1\" name=\"mensaje-1\" placeholder=\"Expliquer le probl\u00e8me * (champ obligatoire)\"><\/textarea>\n                  <\/div><!-- .form-group -->\n                <\/div><!-- .col -->\n              <\/div>\n\n              <div class=\"row\">\n                <div class=\"col-md-12\">\n                  <p>Les informations suivantes nous aideront \u00e0 traiter votre r\u00e9clamation plus rapidement:<\/p>\n                  <div class=\"form-group\">\n                    <input type=\"text\" class=\"form-control mandatory-1\" name=\"producto\" placeholder=\"Produit * (champ obligatoire)\" value=\"\">\n                  <\/div><!-- .form-group -->\n                <\/div><!-- .col -->\n\n\n                <div class=\"col-md-6\">\n                  <div class=\"form-group\">\n                    <input type=\"text\" class=\"form-control\" name=\"lote\" placeholder=\"Parcelle (facultatif)\" value=\"\">\n                  <\/div><!-- .form-group -->\n                <\/div><!-- .col -->\n\n                <div class=\"col-md-6\">\n                  <div class=\"form-group\">\n                    <input type=\"text\" class=\"form-control\" name=\"caducidad\" placeholder=\"Date d'expiration (facultatif)\" value=\"\">\n                  <\/div><!-- .form-group -->\n                <\/div><!-- .col -->\n\n              <\/div><!-- .row -->\n\n              <div class=\"row\">\n                <div class=\"col-md-12\">\n                  <p>Si vous le pouvez, t\u00e9l\u00e9chargez une photo du probl\u00e8me\u00a0:<\/p>\n                  <div class=\"form-group\">\n                    <div class=\"fileinput fileinput-new input-group\" data-provides=\"fileinput\">\n                      <div class=\"form-control\" data-trigger=\"fileinput\"><span class=\"fileinput-filename\"><\/span><\/div>\n                      <span class=\"input-group-addon btn btn-primary btn-file\"><span class=\"fileinput-new\">Choisir le dossier<\/span><span class=\"fileinput-exists\">Cambiar<\/span><input type=\"file\" name=\"file\"><\/span>\n                      <a href=\"#\" class=\"input-group-addon btn btn-primary fileinput-exists\" data-dismiss=\"fileinput\">Eliminar<\/a>\n                    <\/div>\n                  <\/div><!-- .form-group -->\n                <\/div><!-- .col -->\n              <\/div><!-- .row -->\n\n              <div class=\"row\">\n\n                <div class=\"col-md-12\">\n\n                  <p>Comment pr\u00e9f\u00e9rez-vous \u00eatre contact\u00e9 ?* (champ obligatoire)<\/p>\n\n                  <div class=\"form-group form-inline\">\n                    \n                    <div class=\"radio\">\n                      <label>\n                        <input id=\"forma_contacto_email\" type=\"radio\" name=\"forma_contacto\" value=\"email\"> <span>Courrier \u00e9lectronique <\/span>&nbsp;&nbsp;&nbsp;\n                      <\/label>\n                    <\/div>\n\n                    <div class=\"radio\">\n                      <label>\n                        <input id=\"forma_contacto_telefono\" type=\"radio\" name=\"forma_contacto\" value=\"telefono\"> <span>T\u00e9l\u00e9phone<\/span>\n                      <\/label>\n                    <\/div>\n                  <\/div><!-- .form-group -->\n                <\/div><!-- .col -->\n              <\/div>\n              \n            <\/div><!-- #variante-1 -->\n\n\n            <div class=\"variante-form\" id=\"variante-2\">\n              <div class=\"row\">\n                <div class=\"col-md-12\">\n                  <div class=\"form-group\">\n                    <textarea class=\"form-control mandatory-2\" name=\"mensaje-2\" placeholder=\"Expliquer votre proposition * (champ obligatoire)\"><\/textarea>\n                  <\/div><!-- .form-group -->\n                <\/div><!-- .col -->\n              <\/div>\n            <\/div><!-- #variante-2 -->\n\n            <div class=\"variante-form\" id=\"variante-3\">\n              <div class=\"row\">\n                <div class=\"col-md-12\">\n                  <div class=\"form-group\">\n                    <textarea class=\"form-control mandatory-3\" name=\"mensaje-3\" placeholder=\"Expliquer votre requ\u00eate * (champ obligatoire)\"><\/textarea>\n                  <\/div><!-- .form-group -->\n                <\/div><!-- .col -->\n              <\/div>\n            <\/div><!-- #variante-3 -->\n\n            <div class=\"variante-form\" id=\"variante-4\">\n              <div class=\"row\">\n                <div class=\"col-md-12\">\n                  <div class=\"form-group\">\n                    <textarea class=\"form-control mandatory-4\" name=\"mensaje-4\" placeholder=\"Expliquer votre proposition * (champ obligatoire)\"><\/textarea>\n                  <\/div><!-- .form-group -->\n                <\/div><!-- .col -->\n              <\/div>\n            <\/div><!-- #variante-4 -->\n\n            <div class=\"variante-form\" id=\"variante-5\">\n              <div class=\"row\">\n                <div class=\"col-md-12\">\n                  <div class=\"form-group\">\n                    <textarea class=\"form-control mandatory-5\" name=\"mensaje-5\" placeholder=\"Ecris ici * (champ obligatoire)\"><\/textarea>\n                  <\/div><!-- .form-group -->\n                <\/div><!-- .col -->\n              <\/div>\n            <\/div><!-- #variante-5 -->\n\n            <div class=\"variante-form\" id=\"variante-6\">\n              <div class=\"row\">\n                <div class=\"col-md-12\">\n                  <div class=\"form-group\">\n                    <textarea class=\"form-control mandatory-6\" name=\"mensaje-6\" placeholder=\"Ecris ici * (champ obligatoire)\"><\/textarea>\n                  <\/div><!-- .form-group -->\n                <\/div><!-- .col -->\n              <\/div>\n            <\/div><!-- #variante-6 -->\n\n            <div class=\"form-group\">\n            \t            \t<img decoding=\"async\" class=\"mt-2 mb-1\" src=\"https:\/\/www.iberfruta.es\/wp-content\/plugins\/really-simple-captcha\/tmp\/124651309.png\">\n            \t<input type=\"hidden\" name=\"prefix_captcha\" value=\"124651309\">\n            \t<input type=\"text\" class=\"form-control mandatory\" name=\"captcha\" placeholder=\"Entrez les caract\u00e8res de l'image pr\u00e9c\u00e9dente * (champ obligatoire)\" value=\"\">\n            <\/div>\n\n            <div class=\"row row-submit\">\n              <div class=\"col-md-12\">\n                <div class=\"form-group\">\n                  <div class=\"checkbox mt-4\">\n                    <label>\n                      <input type=\"checkbox\" name=\"comunicaciones\" id=\"comunicaciones\"> <span>Je souhaite recevoir des informations, offres et promotions par courrier \u00e9lectronique, au sujet des produits et services d\u2019Iberfrutas.<\/span>\n                    <\/label>\n                  <\/div>\n\n                  <div class=\"checkbox mt-2\">\n                    <label>\n                      <input type=\"checkbox\" name=\"privacidad\" id=\"privacidad\"> <span>J\u2019ai lu et j\u2019accepte la  <a href=\"https:\/\/www.iberfruta.es\/politica-corporativa\/\" target=\"_blank\" rel=\"nofollow\"><strong>Politique de confidentialit\u00e9<\/strong><\/a><\/span>\n                    <\/label>\n                  <\/div>\n                <\/div><!-- .form-group -->\n              <\/div><!-- .col -->\n            <\/div><!-- .row -->\n\n            <div class=\"row row-submit\">\n              <div class=\"col-md-12\">\n                <div class=\"form-group\">\n                  <div id=\"msgError\" class=\"alert alert-warning\"><\/div>\n                <\/div><!-- .form-group -->\n              <\/div><!-- .col -->\n\n              <div class=\"col-md-12\">\n                <div class=\"form-group form-group-btn\">\n                  <a href=\"#\" class=\"btn btn-primary btnEnviarContacto\">ENVOYER<\/a>\n                <\/div><!-- .form-group -->\n              <\/div><!-- .col -->\n            <\/div><!-- .row -->\n          <\/form>\n\n          <script>\n            jQuery(function($){\n              $('.fileinput').fileinput();\n\n              $(document).on('click', '.btnEnviarContacto', function(event) {\n                event.preventDefault();\n\n                $(\"#msgError\").hide();\n                $('.input-error').removeClass('input-error');\n\n                var campos_obligatorios = 1;\n                if(!$(\".select-variante\").val()){\n                  campos_obligatorios = 0;\n                }\n                else{\n                  var variante = $(\".select-variante\").val();\n                  $( \".mandatory\" ).each(function( index ) {\n                    if(!$(this).val()){\n                      $(this).addClass('input-error');\n                      campos_obligatorios = 0;\n                    }\n                  });\n\n                  $( \".mandatory-\"+variante ).each(function( index ) {\n                    if(!$(this).val()){\n                      $(this).addClass('input-error');\n                      campos_obligatorios = 0;\n                    }\n                  });\n\n                  if(variante == 1){\n                    if(!$(\"#forma_contacto_email\").is(':checked') && !$(\"#forma_contacto_telefono\").is(':checked')){\n                      $(\"#forma_contacto_email\").addClass('input-error');\n                      $(\"#forma_contacto_telefono\").addClass('input-error');\n                      campos_obligatorios = 0;\n                    }\n                  }\n                }\n\n\n                if(!campos_obligatorios){\n                  $(\"#msgError\").html('Les champs marqu\u00e9 d\u00b4une \u00e9toile sont obligatoires');\n                  $(\"#msgError\").fadeIn();\n                }\n                else if(!$(\"#privacidad\").is(':checked')){\n                  $(\"#privacidad\").addClass('input-error');\n                  $(\"#msgError\").html('Vous devez accepter la politique de confidentialit\u00e9');\n                  $(\"#msgError\").fadeIn();\n                }\n                else{\n                  $(\".btnEnviarContacto\").spin(\"small\", \"white\");\n                  $(\"#contact_form\").submit();\n                }\n\n              });\n\n              $(\".select-variante\").select2({\n                  minimumResultsForSearch: 10\n              });\n\n              $(document.body).on(\"change\", \".select-variante\", function(){\n                $(\".variante-form\").hide();\n                $(\"#variante-\"+this.value).show();\n              });\n            });\n          <\/script>\n        <\/div><!-- .col -->\n      <\/div><!-- .row -->\n\n[\/vc_column_text][\/vc_column][\/vc_row][vc_row el_class=\u00a0\u00bbsection-interior-texto section-interior-donde section-gray\u00a0\u00bb][vc_column el_class=\u00a0\u00bbcontainer\u00a0\u00bb][vc_column_text]    <div class=\"section-title main-title\">\n      <h2>O\u00f9 sommes-nous<\/h2>\n          <\/div>\n[\/vc_column_text][vc_row_inner el_class=\u00a0\u00bbfila-innovacion fila-direcciones\u00a0\u00bb][vc_column_inner offset=\u00a0\u00bbvc_col-lg-4 vc_col-md-4&Prime;][vc_column_text]<\/p>\n<h5>IBERFRUTA, S.A.<\/h5>\n<p>Pol. Ind. Parcela A<br \/>\n31560 Azagra, Navarra (Espagne)<\/p>\n<p><strong>T<\/strong> +34 948 692 977<br \/>\n<strong>F<\/strong> +34 948 692 877<\/p>\n<p class=\"mb-0\"><strong><a href=\"https:\/\/www.google.es\/maps\/place\/Iberfruta+Muerza+S.A.\/@42.3151356,-1.90374,17z\/data=!4m12!1m6!3m5!1s0xd5a8f05aab04edb:0x5a23165d5b554bc!2sIberfruta+Muerza+S.A.!8m2!3d42.3146789!4d-1.9020078!3m4!1s0xd5a8f05aab04edb:0x5a23165d5b554bc!8m2!3d42.3146789!4d-1.9020078\" target=\"_blank\" rel=\"noopener\">    <i class=\"fas fa-map-marker-alt\"><\/i>\n Voir la localisation<\/a><\/strong><\/p>\n<p>[\/vc_column_text][\/vc_column_inner][vc_column_inner offset=\u00a0\u00bbvc_col-lg-4 vc_col-md-4&Prime;][vc_column_text]<\/p>\n<h5>LA PALMA FACTORY<\/h5>\n<p>Ctra. La Palma-Almonte, Km 3.6<br \/>\n21700 La Palma del Condado<br \/>\nHuelva (Espagne)<\/p>\n<p><strong>T<\/strong> +34 959 402 115<br \/>\n<strong>F<\/strong> +34 959 401 090<\/p>\n<p class=\"mb-0\"><strong><a href=\"https:\/\/www.google.es\/maps\/place\/Iberfruta\/@37.3655249,-6.5425079,18z\/data=!4m8!1m2!2m1!1siberfruta+Ctra.+La+Palma-Almonte,+Km+4+21700+La+Palma+del+Condado++Huelva+(Espa%C3%B1a)!3m4!1s0xd11f1847504911b:0xeaa4168db8493424!8m2!3d37.3664652!4d-6.5413135\" target=\"_blank\" rel=\"noopener\">    <i class=\"fas fa-map-marker-alt\"><\/i>\n Voir la localisation<\/a><\/strong><\/p>\n<p>[\/vc_column_text][\/vc_column_inner][vc_column_inner offset=\u00a0\u00bbvc_col-lg-4 vc_col-md-4&Prime;][vc_column_text]<\/p>\n<h5>IBERFRUTA MAROC S.R.L.<\/h5>\n<p>Quartier Industriel Saknia, n\u00ba 84<br \/>\nKenitra (Maroc)<\/p>\n<p><strong>T\/F<\/strong> +212 37 361 984<\/p>\n<p class=\"mb-0\"><strong><a href=\"https:\/\/www.google.es\/maps\/place\/IBERFRUTA+MAROC+SARL\/@34.2855793,-6.5584711,17z\/data=!4m8!1m2!2m1!1siberfruta+Quartier+Industriel+Saknia,+n%C2%BA+84+Kenitra+(Maroc)+!3m4!1s0x0:0x5d3d837987149072!8m2!3d34.2855752!4d-6.5562817\" target=\"_blank\" rel=\"noopener\">    <i class=\"fas fa-map-marker-alt\"><\/i>\n Voir la localisation<\/a><\/strong><\/p>\n<p>[\/vc_column_text][\/vc_column_inner][\/vc_row_inner][\/vc_column][\/vc_row]<\/p>\n<\/div>","protected":false},"excerpt":{"rendered":"<p>[vc_row el_class=\u00a0\u00bbsection-interior-texto section-first section-interior-contacto\u00a0\u00bb][vc_column el_class=\u00a0\u00bbcontainer\u00a0\u00bb][vc_column_text] \u00c9crivez-nous et la personne la plus \u00e0 m\u00eame de r\u00e9pondre \u00e0 votre question chez Iberfrutas vous r\u00e9pondra. [\/vc_column_text][\/vc_column][\/vc_row][vc_row el_class=\u00a0\u00bbsection-interior-texto section-interior-donde section-gray\u00a0\u00bb][vc_column el_class=\u00a0\u00bbcontainer\u00a0\u00bb][vc_column_text][\/vc_column_text][vc_row_inner el_class=\u00a0\u00bbfila-innovacion fila-direcciones\u00a0\u00bb][vc_column_inner offset=\u00a0\u00bbvc_col-lg-4 vc_col-md-4&Prime;][vc_column_text] IBERFRUTA, S.A. Pol. Ind. Parcela A 31560 Azagra, Navarra (Espagne) T +34 948 692 977 F +34 948 692 877 Voir la localisation [\/vc_column_text][\/vc_column_inner][vc_column_inner [&hellip;]<\/p>\n","protected":false},"author":1,"featured_media":0,"parent":0,"menu_order":0,"comment_status":"closed","ping_status":"closed","template":"","meta":{"_acf_changed":false,"footnotes":""},"class_list":["post-1377","page","type-page","status-publish","hentry"],"acf":[],"yoast_head":"<!-- This site is optimized with the Yoast SEO plugin v27.2 - https:\/\/yoast.com\/product\/yoast-seo-wordpress\/ -->\n<title>contacter - Iberfruta<\/title>\n<meta name=\"robots\" content=\"index, follow, max-snippet:-1, max-image-preview:large, max-video-preview:-1\" \/>\n<link rel=\"canonical\" href=\"https:\/\/www.iberfruta.es\/fr\/contacter\/\" \/>\n<meta property=\"og:locale\" content=\"fr_FR\" \/>\n<meta property=\"og:type\" content=\"article\" \/>\n<meta property=\"og:title\" content=\"contacter - Iberfruta\" \/>\n<meta property=\"og:description\" content=\"[vc_row el_class=\u00a0\u00bbsection-interior-texto section-first section-interior-contacto\u00a0\u00bb][vc_column el_class=\u00a0\u00bbcontainer\u00a0\u00bb][vc_column_text] \u00c9crivez-nous et la personne la plus \u00e0 m\u00eame de r\u00e9pondre \u00e0 votre question chez Iberfrutas vous r\u00e9pondra. [\/vc_column_text][\/vc_column][\/vc_row][vc_row el_class=\u00a0\u00bbsection-interior-texto section-interior-donde section-gray\u00a0\u00bb][vc_column el_class=\u00a0\u00bbcontainer\u00a0\u00bb][vc_column_text][\/vc_column_text][vc_row_inner el_class=\u00a0\u00bbfila-innovacion fila-direcciones\u00a0\u00bb][vc_column_inner offset=\u00a0\u00bbvc_col-lg-4 vc_col-md-4&Prime;][vc_column_text] IBERFRUTA, S.A. Pol. Ind. Parcela A 31560 Azagra, Navarra (Espagne) T +34 948 692 977 F +34 948 692 877 Voir la localisation [\/vc_column_text][\/vc_column_inner][vc_column_inner [&hellip;]\" \/>\n<meta property=\"og:url\" content=\"https:\/\/www.iberfruta.es\/fr\/contacter\/\" \/>\n<meta property=\"og:site_name\" content=\"Iberfruta\" \/>\n<meta property=\"article:modified_time\" content=\"2022-03-15T14:50:10+00:00\" \/>\n<meta property=\"og:image\" content=\"https:\/\/www.iberfruta.es\/wp-content\/uploads\/2022\/03\/fb-share.png\" \/>\n\t<meta property=\"og:image:width\" content=\"1200\" \/>\n\t<meta property=\"og:image:height\" content=\"630\" \/>\n\t<meta property=\"og:image:type\" content=\"image\/png\" \/>\n<meta name=\"twitter:card\" content=\"summary_large_image\" \/>\n<meta name=\"twitter:label1\" content=\"Dur\u00e9e de lecture estim\u00e9e\" \/>\n\t<meta name=\"twitter:data1\" content=\"1 minute\" \/>\n<script type=\"application\/ld+json\" class=\"yoast-schema-graph\">{\"@context\":\"https:\/\/schema.org\",\"@graph\":[{\"@type\":\"WebPage\",\"@id\":\"https:\/\/www.iberfruta.es\/fr\/contacter\/\",\"url\":\"https:\/\/www.iberfruta.es\/fr\/contacter\/\",\"name\":\"contacter - Iberfruta\",\"isPartOf\":{\"@id\":\"https:\/\/www.iberfruta.es\/#website\"},\"datePublished\":\"2022-01-03T10:33:22+00:00\",\"dateModified\":\"2022-03-15T14:50:10+00:00\",\"inLanguage\":\"fr-FR\",\"potentialAction\":[{\"@type\":\"ReadAction\",\"target\":[\"https:\/\/www.iberfruta.es\/fr\/contacter\/\"]}]},{\"@type\":\"WebSite\",\"@id\":\"https:\/\/www.iberfruta.es\/#website\",\"url\":\"https:\/\/www.iberfruta.es\/\",\"name\":\"Iberfruta\",\"description\":\"\",\"potentialAction\":[{\"@type\":\"SearchAction\",\"target\":{\"@type\":\"EntryPoint\",\"urlTemplate\":\"https:\/\/www.iberfruta.es\/?s={search_term_string}\"},\"query-input\":{\"@type\":\"PropertyValueSpecification\",\"valueRequired\":true,\"valueName\":\"search_term_string\"}}],\"inLanguage\":\"fr-FR\"}]}<\/script>\n<!-- \/ Yoast SEO plugin. -->","yoast_head_json":{"title":"contacter - Iberfruta","robots":{"index":"index","follow":"follow","max-snippet":"max-snippet:-1","max-image-preview":"max-image-preview:large","max-video-preview":"max-video-preview:-1"},"canonical":"https:\/\/www.iberfruta.es\/fr\/contacter\/","og_locale":"fr_FR","og_type":"article","og_title":"contacter - Iberfruta","og_description":"[vc_row el_class=\u00a0\u00bbsection-interior-texto section-first section-interior-contacto\u00a0\u00bb][vc_column el_class=\u00a0\u00bbcontainer\u00a0\u00bb][vc_column_text] \u00c9crivez-nous et la personne la plus \u00e0 m\u00eame de r\u00e9pondre \u00e0 votre question chez Iberfrutas vous r\u00e9pondra. [\/vc_column_text][\/vc_column][\/vc_row][vc_row el_class=\u00a0\u00bbsection-interior-texto section-interior-donde section-gray\u00a0\u00bb][vc_column el_class=\u00a0\u00bbcontainer\u00a0\u00bb][vc_column_text][\/vc_column_text][vc_row_inner el_class=\u00a0\u00bbfila-innovacion fila-direcciones\u00a0\u00bb][vc_column_inner offset=\u00a0\u00bbvc_col-lg-4 vc_col-md-4&Prime;][vc_column_text] IBERFRUTA, S.A. Pol. Ind. Parcela A 31560 Azagra, Navarra (Espagne) T +34 948 692 977 F +34 948 692 877 Voir la localisation [\/vc_column_text][\/vc_column_inner][vc_column_inner [&hellip;]","og_url":"https:\/\/www.iberfruta.es\/fr\/contacter\/","og_site_name":"Iberfruta","article_modified_time":"2022-03-15T14:50:10+00:00","og_image":[{"width":1200,"height":630,"url":"https:\/\/www.iberfruta.es\/wp-content\/uploads\/2022\/03\/fb-share.png","type":"image\/png"}],"twitter_card":"summary_large_image","twitter_misc":{"Dur\u00e9e de lecture estim\u00e9e":"1 minute"},"schema":{"@context":"https:\/\/schema.org","@graph":[{"@type":"WebPage","@id":"https:\/\/www.iberfruta.es\/fr\/contacter\/","url":"https:\/\/www.iberfruta.es\/fr\/contacter\/","name":"contacter - Iberfruta","isPartOf":{"@id":"https:\/\/www.iberfruta.es\/#website"},"datePublished":"2022-01-03T10:33:22+00:00","dateModified":"2022-03-15T14:50:10+00:00","inLanguage":"fr-FR","potentialAction":[{"@type":"ReadAction","target":["https:\/\/www.iberfruta.es\/fr\/contacter\/"]}]},{"@type":"WebSite","@id":"https:\/\/www.iberfruta.es\/#website","url":"https:\/\/www.iberfruta.es\/","name":"Iberfruta","description":"","potentialAction":[{"@type":"SearchAction","target":{"@type":"EntryPoint","urlTemplate":"https:\/\/www.iberfruta.es\/?s={search_term_string}"},"query-input":{"@type":"PropertyValueSpecification","valueRequired":true,"valueName":"search_term_string"}}],"inLanguage":"fr-FR"}]}},"_links":{"self":[{"href":"https:\/\/www.iberfruta.es\/fr\/wp-json\/wp\/v2\/pages\/1377","targetHints":{"allow":["GET"]}}],"collection":[{"href":"https:\/\/www.iberfruta.es\/fr\/wp-json\/wp\/v2\/pages"}],"about":[{"href":"https:\/\/www.iberfruta.es\/fr\/wp-json\/wp\/v2\/types\/page"}],"author":[{"embeddable":true,"href":"https:\/\/www.iberfruta.es\/fr\/wp-json\/wp\/v2\/users\/1"}],"replies":[{"embeddable":true,"href":"https:\/\/www.iberfruta.es\/fr\/wp-json\/wp\/v2\/comments?post=1377"}],"version-history":[{"count":4,"href":"https:\/\/www.iberfruta.es\/fr\/wp-json\/wp\/v2\/pages\/1377\/revisions"}],"predecessor-version":[{"id":1754,"href":"https:\/\/www.iberfruta.es\/fr\/wp-json\/wp\/v2\/pages\/1377\/revisions\/1754"}],"wp:attachment":[{"href":"https:\/\/www.iberfruta.es\/fr\/wp-json\/wp\/v2\/media?parent=1377"}],"curies":[{"name":"wp","href":"https:\/\/api.w.org\/{rel}","templated":true}]}}