{"id":1375,"date":"2021-10-13T12:27:29","date_gmt":"2021-10-13T12:27:29","guid":{"rendered":"https:\/\/www.iberfruta.es\/calidad-e-innovacion\/"},"modified":"2022-06-20T15:10:38","modified_gmt":"2022-06-20T13:10:38","slug":"qualite-et-innovation","status":"publish","type":"page","link":"https:\/\/www.iberfruta.es\/fr\/qualite-et-innovation\/","title":{"rendered":"Qualit\u00e9 et innovation"},"content":{"rendered":"<div class=\"wpb-content-wrapper\"><p>[vc_row el_class=\u00a0\u00bbsection-lista section-interior-texto section-first section-interior-inovacion\u00a0\u00bb][vc_column el_class=\u00a0\u00bbcontainer\u00a0\u00bb][vc_column_text]    <div class=\"section-title main-title\">\n      <h2>Qualit\u00e9<\/h2>\n          <\/div>\n<p>Chez Iberfrutas, nous travaillons uniquement et exclusivement avec les <strong>processus de qualit\u00e9 <\/strong>les plus exigeants, ainsi que le prouvent les diverses certifications de nos installations, autant en mati\u00e8re de qualit\u00e9 que de durabilit\u00e9.<\/p>\n<p><img decoding=\"async\" class=\"certificados-calidad\" src=\"https:\/\/www.iberfruta.es\/wp-content\/uploads\/2022\/06\/certificados.jpg\" alt=\"\" \/><\/p>\n<p>Nous comptons \u00e9galement sur des processus et des technologies permettant de certifier nos produits par rapport \u00e0 toute attente de nos clients, en approfondissant notre capacit\u00e9 d\u2019adaptabilit\u00e9:<\/p>\n<p><img decoding=\"async\" class=\"certificados-calidad\" src=\"https:\/\/www.iberfruta.es\/wp-content\/uploads\/2022\/03\/certificados-b1-v2.jpg\" alt=\"\" \/>[\/vc_column_text][\/vc_column][\/vc_row][vc_row el_class=\u00a0\u00bbsection-interior-texto pagina-interior-innovacion section-gray section-interior-innovacion\u00a0\u00bb][vc_column el_class=\u00a0\u00bbcontainer\u00a0\u00bb][vc_column_text el_class=\u00a0\u00bbbig-text\u00a0\u00bb]    <div class=\"section-title main-title\">\n      <h2>Innovation<\/h2>\n          <\/div>\n<p>Chez Iberfrutas, nos \u00e9quipes de R+D+i sont compos\u00e9es de leaders et de professionnels de pointe capables de s\u2019adapter \u00e0 tous les <strong>besoins de nos clients<\/strong>. Dites-nous ce qu\u2019il vous faut et nous vous <a href=\"https:\/\/www.iberfruta.es\/fr\/contacto\/\"><strong>apporterons la solution.<\/strong><\/a><\/p>\n<p>Nous disposons \u00e9galement des meilleures capacit\u00e9s techniques, visant toutes le m\u00eame objectif: <strong>satisfaire toutes les attentes du client gr\u00e2ce \u00e0 nos solutions.<\/strong>[\/vc_column_text][vc_row_inner el_class=\u00a0\u00bbfila-innovacion\u00a0\u00bb][vc_column_inner width=\u00a0\u00bb1\/4&Prime;][vc_column_text]<\/p>\n<div data-aos=\"fade-up\" data-aos-delay=\"0\">\n<p><img loading=\"lazy\" decoding=\"async\" class=\"alignnone size-full wp-image-816\" src=\"https:\/\/www.iberfruta.es\/wp-content\/uploads\/2022\/02\/cubos-10x10-melocoton.jpg\" alt=\"\" width=\"300\" height=\"300\" \/><\/p>\n<h3>Cubes \/ Portions<\/h3>\n<p class=\"mb-0\">Particules de fruits aux formes parfaitement d\u00e9finies et adapt\u00e9es aux <strong>besoins du client<\/strong>.<\/p>\n<\/div>\n<p>[\/vc_column_text][\/vc_column_inner][vc_column_inner width=\u00a0\u00bb1\/4&Prime;][vc_column_text]<\/p>\n<div data-aos=\"fade-up\" data-aos-delay=\"300\">\n<p><img loading=\"lazy\" decoding=\"async\" class=\"alignnone size-full wp-image-792\" src=\"https:\/\/www.iberfruta.es\/wp-content\/uploads\/2022\/01\/icono_icegen_iberfrutaweb.png\" alt=\"\" width=\"300\" height=\"300\" srcset=\"https:\/\/www.iberfruta.es\/wp-content\/uploads\/2022\/01\/icono_icegen_iberfrutaweb.png 300w, https:\/\/www.iberfruta.es\/wp-content\/uploads\/2022\/01\/icono_icegen_iberfrutaweb-150x150.png 150w\" sizes=\"auto, (max-width: 300px) 100vw, 300px\" \/><\/p>\n<h3>ICE Gen<\/h3>\n<p class=\"mb-0\">Une technologie permettant d\u2019\u00e9laborer des pur\u00e9es tout en <strong>pr\u00e9servant la saveur et la couleur<\/strong> naturelle du produit original, gr\u00e2ce \u00e0 sa dur\u00e9e de traitement limit\u00e9e et une moindre consommation d\u2019\u00e9nergie.<\/p>\n<\/div>\n<p>[\/vc_column_text][\/vc_column_inner][vc_column_inner width=\u00a0\u00bb1\/4&Prime;][vc_column_text]<\/p>\n<div data-aos=\"fade-up\" data-aos-delay=\"600\">\n<p><img loading=\"lazy\" decoding=\"async\" class=\"alignnone size-full wp-image-809\" src=\"https:\/\/www.iberfruta.es\/wp-content\/uploads\/2022\/01\/img_20220114_132038.jpg\" alt=\"\" width=\"300\" height=\"300\" \/><\/p>\n<h3>Fruta IQF<\/h3>\n<p class=\"mb-0\">IQF est le sigle pour <em>\u00abIndividually Quick frozen\u00bb<\/em>, c\u2019est-\u00e0-dire <strong>\u00abcong\u00e9lation rapide individuelle\u00bb<\/strong>. Chaque fruit est congel\u00e9 individuellement pendant 10 \u00e0 15 minutes, afin de <strong>pr\u00e9server tous les nutriments et les vitamines des fruits frais<\/strong>, leur utilisation \u00e9tant facilit\u00e9e car on \u00e9vite ainsi la formation de blocs.<\/p>\n<\/div>\n<p>[\/vc_column_text][\/vc_column_inner][vc_column_inner width=\u00a0\u00bb1\/4&Prime;][vc_column_text]<\/p>\n<div data-aos=\"fade-up\" data-aos-delay=\"900\">\n<p><img loading=\"lazy\" decoding=\"async\" class=\"alignnone size-full wp-image-804\" src=\"https:\/\/www.iberfruta.es\/wp-content\/uploads\/2022\/01\/comparativa-kiwi.jpg\" alt=\"\" width=\"476\" height=\"300\" \/><\/p>\n<h3>Unpasterized puree<\/h3>\n<p><strong>Des pur\u00e9es sans additifs<\/strong> et sans processus de pasteurisation, afin de remplir toute condition sp\u00e9cifique requise par nos clients<\/p>\n<p class=\"mb-0\"><small><em>Sur la photo, \u00e0 gauche, nous pouvons observer l\u2019aspect de la pur\u00e9e de kiwi obtenue gr\u00e2ce \u00e0 un traitement thermique, tandis qu\u2019\u00e0 droite, il n\u2019y a eu aucun traitement.<\/em><\/small><\/p>\n<\/div>\n<p>[\/vc_column_text][\/vc_column_inner][\/vc_row_inner][\/vc_column][\/vc_row]<\/p>\n<\/div>","protected":false},"excerpt":{"rendered":"<p>[vc_row el_class=\u00a0\u00bbsection-lista section-interior-texto section-first section-interior-inovacion\u00a0\u00bb][vc_column el_class=\u00a0\u00bbcontainer\u00a0\u00bb][vc_column_text] Chez Iberfrutas, nous travaillons uniquement et exclusivement avec les processus de qualit\u00e9 les plus exigeants, ainsi que le prouvent les diverses certifications de nos installations, autant en mati\u00e8re de qualit\u00e9 que de durabilit\u00e9. Nous comptons \u00e9galement sur des processus et des technologies permettant de certifier nos produits par rapport [&hellip;]<\/p>\n","protected":false},"author":1,"featured_media":0,"parent":0,"menu_order":0,"comment_status":"closed","ping_status":"closed","template":"","meta":{"_acf_changed":false,"footnotes":""},"class_list":["post-1375","page","type-page","status-publish","hentry"],"acf":[],"yoast_head":"<!-- This site is optimized with the Yoast SEO plugin v27.2 - https:\/\/yoast.com\/product\/yoast-seo-wordpress\/ -->\n<title>Qualit\u00e9 et innovation - Iberfruta<\/title>\n<meta name=\"robots\" content=\"index, follow, max-snippet:-1, max-image-preview:large, max-video-preview:-1\" \/>\n<link rel=\"canonical\" href=\"https:\/\/www.iberfruta.es\/fr\/qualite-et-innovation\/\" \/>\n<meta property=\"og:locale\" content=\"fr_FR\" \/>\n<meta property=\"og:type\" content=\"article\" \/>\n<meta property=\"og:title\" content=\"Qualit\u00e9 et innovation - Iberfruta\" \/>\n<meta property=\"og:description\" content=\"[vc_row el_class=\u00a0\u00bbsection-lista section-interior-texto section-first section-interior-inovacion\u00a0\u00bb][vc_column el_class=\u00a0\u00bbcontainer\u00a0\u00bb][vc_column_text] Chez Iberfrutas, nous travaillons uniquement et exclusivement avec les processus de qualit\u00e9 les plus exigeants, ainsi que le prouvent les diverses certifications de nos installations, autant en mati\u00e8re de qualit\u00e9 que de durabilit\u00e9. Nous comptons \u00e9galement sur des processus et des technologies permettant de certifier nos produits par rapport [&hellip;]\" \/>\n<meta property=\"og:url\" content=\"https:\/\/www.iberfruta.es\/fr\/qualite-et-innovation\/\" \/>\n<meta property=\"og:site_name\" content=\"Iberfruta\" \/>\n<meta property=\"article:modified_time\" content=\"2022-06-20T13:10:38+00:00\" \/>\n<meta property=\"og:image\" content=\"https:\/\/www.iberfruta.es\/wp-content\/uploads\/2022\/06\/certificados.jpg\" \/>\n<meta name=\"twitter:card\" content=\"summary_large_image\" \/>\n<meta name=\"twitter:label1\" content=\"Dur\u00e9e de lecture estim\u00e9e\" \/>\n\t<meta name=\"twitter:data1\" content=\"3 minutes\" \/>\n<script type=\"application\/ld+json\" class=\"yoast-schema-graph\">{\"@context\":\"https:\/\/schema.org\",\"@graph\":[{\"@type\":\"WebPage\",\"@id\":\"https:\/\/www.iberfruta.es\/fr\/qualite-et-innovation\/\",\"url\":\"https:\/\/www.iberfruta.es\/fr\/qualite-et-innovation\/\",\"name\":\"Qualit\u00e9 et innovation - Iberfruta\",\"isPartOf\":{\"@id\":\"https:\/\/www.iberfruta.es\/#website\"},\"primaryImageOfPage\":{\"@id\":\"https:\/\/www.iberfruta.es\/fr\/qualite-et-innovation\/#primaryimage\"},\"image\":{\"@id\":\"https:\/\/www.iberfruta.es\/fr\/qualite-et-innovation\/#primaryimage\"},\"thumbnailUrl\":\"https:\/\/www.iberfruta.es\/wp-content\/uploads\/2022\/06\/certificados.jpg\",\"datePublished\":\"2021-10-13T12:27:29+00:00\",\"dateModified\":\"2022-06-20T13:10:38+00:00\",\"inLanguage\":\"fr-FR\",\"potentialAction\":[{\"@type\":\"ReadAction\",\"target\":[\"https:\/\/www.iberfruta.es\/fr\/qualite-et-innovation\/\"]}]},{\"@type\":\"ImageObject\",\"inLanguage\":\"fr-FR\",\"@id\":\"https:\/\/www.iberfruta.es\/fr\/qualite-et-innovation\/#primaryimage\",\"url\":\"https:\/\/www.iberfruta.es\/wp-content\/uploads\/2022\/06\/certificados.jpg\",\"contentUrl\":\"https:\/\/www.iberfruta.es\/wp-content\/uploads\/2022\/06\/certificados.jpg\"},{\"@type\":\"WebSite\",\"@id\":\"https:\/\/www.iberfruta.es\/#website\",\"url\":\"https:\/\/www.iberfruta.es\/\",\"name\":\"Iberfruta\",\"description\":\"\",\"potentialAction\":[{\"@type\":\"SearchAction\",\"target\":{\"@type\":\"EntryPoint\",\"urlTemplate\":\"https:\/\/www.iberfruta.es\/?s={search_term_string}\"},\"query-input\":{\"@type\":\"PropertyValueSpecification\",\"valueRequired\":true,\"valueName\":\"search_term_string\"}}],\"inLanguage\":\"fr-FR\"}]}<\/script>\n<!-- \/ Yoast SEO plugin. -->","yoast_head_json":{"title":"Qualit\u00e9 et innovation - Iberfruta","robots":{"index":"index","follow":"follow","max-snippet":"max-snippet:-1","max-image-preview":"max-image-preview:large","max-video-preview":"max-video-preview:-1"},"canonical":"https:\/\/www.iberfruta.es\/fr\/qualite-et-innovation\/","og_locale":"fr_FR","og_type":"article","og_title":"Qualit\u00e9 et innovation - Iberfruta","og_description":"[vc_row el_class=\u00a0\u00bbsection-lista section-interior-texto section-first section-interior-inovacion\u00a0\u00bb][vc_column el_class=\u00a0\u00bbcontainer\u00a0\u00bb][vc_column_text] Chez Iberfrutas, nous travaillons uniquement et exclusivement avec les processus de qualit\u00e9 les plus exigeants, ainsi que le prouvent les diverses certifications de nos installations, autant en mati\u00e8re de qualit\u00e9 que de durabilit\u00e9. Nous comptons \u00e9galement sur des processus et des technologies permettant de certifier nos produits par rapport [&hellip;]","og_url":"https:\/\/www.iberfruta.es\/fr\/qualite-et-innovation\/","og_site_name":"Iberfruta","article_modified_time":"2022-06-20T13:10:38+00:00","og_image":[{"url":"https:\/\/www.iberfruta.es\/wp-content\/uploads\/2022\/06\/certificados.jpg","type":"","width":"","height":""}],"twitter_card":"summary_large_image","twitter_misc":{"Dur\u00e9e de lecture estim\u00e9e":"3 minutes"},"schema":{"@context":"https:\/\/schema.org","@graph":[{"@type":"WebPage","@id":"https:\/\/www.iberfruta.es\/fr\/qualite-et-innovation\/","url":"https:\/\/www.iberfruta.es\/fr\/qualite-et-innovation\/","name":"Qualit\u00e9 et innovation - Iberfruta","isPartOf":{"@id":"https:\/\/www.iberfruta.es\/#website"},"primaryImageOfPage":{"@id":"https:\/\/www.iberfruta.es\/fr\/qualite-et-innovation\/#primaryimage"},"image":{"@id":"https:\/\/www.iberfruta.es\/fr\/qualite-et-innovation\/#primaryimage"},"thumbnailUrl":"https:\/\/www.iberfruta.es\/wp-content\/uploads\/2022\/06\/certificados.jpg","datePublished":"2021-10-13T12:27:29+00:00","dateModified":"2022-06-20T13:10:38+00:00","inLanguage":"fr-FR","potentialAction":[{"@type":"ReadAction","target":["https:\/\/www.iberfruta.es\/fr\/qualite-et-innovation\/"]}]},{"@type":"ImageObject","inLanguage":"fr-FR","@id":"https:\/\/www.iberfruta.es\/fr\/qualite-et-innovation\/#primaryimage","url":"https:\/\/www.iberfruta.es\/wp-content\/uploads\/2022\/06\/certificados.jpg","contentUrl":"https:\/\/www.iberfruta.es\/wp-content\/uploads\/2022\/06\/certificados.jpg"},{"@type":"WebSite","@id":"https:\/\/www.iberfruta.es\/#website","url":"https:\/\/www.iberfruta.es\/","name":"Iberfruta","description":"","potentialAction":[{"@type":"SearchAction","target":{"@type":"EntryPoint","urlTemplate":"https:\/\/www.iberfruta.es\/?s={search_term_string}"},"query-input":{"@type":"PropertyValueSpecification","valueRequired":true,"valueName":"search_term_string"}}],"inLanguage":"fr-FR"}]}},"_links":{"self":[{"href":"https:\/\/www.iberfruta.es\/fr\/wp-json\/wp\/v2\/pages\/1375","targetHints":{"allow":["GET"]}}],"collection":[{"href":"https:\/\/www.iberfruta.es\/fr\/wp-json\/wp\/v2\/pages"}],"about":[{"href":"https:\/\/www.iberfruta.es\/fr\/wp-json\/wp\/v2\/types\/page"}],"author":[{"embeddable":true,"href":"https:\/\/www.iberfruta.es\/fr\/wp-json\/wp\/v2\/users\/1"}],"replies":[{"embeddable":true,"href":"https:\/\/www.iberfruta.es\/fr\/wp-json\/wp\/v2\/comments?post=1375"}],"version-history":[{"count":4,"href":"https:\/\/www.iberfruta.es\/fr\/wp-json\/wp\/v2\/pages\/1375\/revisions"}],"predecessor-version":[{"id":1858,"href":"https:\/\/www.iberfruta.es\/fr\/wp-json\/wp\/v2\/pages\/1375\/revisions\/1858"}],"wp:attachment":[{"href":"https:\/\/www.iberfruta.es\/fr\/wp-json\/wp\/v2\/media?parent=1375"}],"curies":[{"name":"wp","href":"https:\/\/api.w.org\/{rel}","templated":true}]}}