{"id":1374,"date":"2021-10-13T11:18:42","date_gmt":"2021-10-13T11:18:42","guid":{"rendered":"https:\/\/www.iberfruta.es\/aviso-legal\/"},"modified":"2022-03-11T00:03:08","modified_gmt":"2022-03-10T23:03:08","slug":"mentions-legales","status":"publish","type":"page","link":"https:\/\/www.iberfruta.es\/fr\/mentions-legales\/","title":{"rendered":"Mentions l\u00e9gales"},"content":{"rendered":"<div class=\"wpb-content-wrapper\"><p>[vc_row el_class=\u00a0\u00bbsection-first section-interior-texto\u00a0\u00bb][vc_column el_class=\u00a0\u00bbcontainer\u00a0\u00bb][vc_column_text]La soci\u00e9t\u00e9 IBERFRUTAS-MUERZA S.A., propri\u00e9taire du domaine www.Iberfrutas.es, en vertu de la Loi n\u00ba 34\/2002 du 11 juillet 2002 des Services de la Soci\u00e9t\u00e9 de l\u2019Information et du Commerce \u00c9lectronique (LSSICE) et des dispositions des r\u00e8glementations en vigueur en mati\u00e8re de protection des donn\u00e9es \u00e0 caract\u00e8re personnel, du r\u00e8glement (UE) n\u00ba 2016\/679 du 27 avril 2016 (RGPD) et de la Loi Organique de Protection des Donn\u00e9es espagnole et ses normes applicables, expose ci-apr\u00e8s les donn\u00e9es suivantes :<\/p>\n<p><strong>MENTIONS L\u00c9GALES PROPRI\u00c9T\u00c9 INDUSTRIELLE ET INTELLECTUELLE<\/strong><br \/>\nCette soci\u00e9t\u00e9 est immatricul\u00e9e au Registre du Commerce de Navarre, page NA-1174, tome 63, feuille 213. Les contenus de tout ordre inclus sur le site web accessibles par le biais du site www.Iberfrutas.es, y compris, \u00e0 titre purement indicatif, les images, illustrations, photographies, textes, marques, logos ou dessins sont la propri\u00e9t\u00e9 d\u2019IBERFRUTAS-MUERZA S.A. et\/ou des autres partenaires l\u00e9gitimes ayant c\u00e9d\u00e9s \u00e0 la soci\u00e9t\u00e9 les droits d\u2019utilisation. La propri\u00e9t\u00e9 industrielle et intellectuelle de tous les contenus mentionn\u00e9s est d\u00fbment prot\u00e9g\u00e9e par la l\u00e9gislation espagnole.<\/p>\n<p>Toute utilisation, totale ou partielle, des contenus du site web \u00e0 des fins de reproduction, distribution, diffusion publique sous toute forme et par tout moyen que ce soit est strictement interdite, sauf autorisation expresse \u00e9crite de la soci\u00e9t\u00e9 IBERFRUTAS-MUERZA S.A.<\/p>\n<p><strong>MENTIONS L\u00c9GALES FACTURES \/ COMMANDES<\/strong><br \/>\nLe responsable du traitement de vos donn\u00e9es est la soci\u00e9t\u00e9 IBERFRUTAS-MUERZA S.A. Vos donn\u00e9es seront trait\u00e9es dans le but de g\u00e9rer les services administratifs et logistiques \u00e0 la charge du responsable, ainsi que les \u00e9changes par courrier \u00e9lectronique relatifs aux services fournis, les informations commerciales, devis ou activit\u00e9s r\u00e9alis\u00e9es par le responsable. La l\u00e9gitimation de l\u2019utilisation de vos donn\u00e9es est bas\u00e9e sur l\u2019ex\u00e9cution d\u2019un contrat ou de la prestation des services. Vos donn\u00e9es ne seront pas c\u00e9d\u00e9es \u00e0 des tiers, sauf obligation l\u00e9gale. Vos donn\u00e9es seront d\u00e9truites \u00e0 votre demande et\/ou au terme des dur\u00e9es l\u00e9gales de conservation. Vous pourrez exercer vos droits d\u2019acc\u00e8s, de rectification, de suppression, d\u2019oubli, de portabilit\u00e9 et de restriction du traitement en vous adressant \u00e0 la direction de l\u2019\u00e9metteur de cette facture. Vous avez \u00e9galement la possibilit\u00e9 de d\u00e9poser une r\u00e9clamation aupr\u00e8s de l\u2019Agence Espagnole de Protection des Donn\u00e9es si vous estimez que vos droits ont \u00e9t\u00e9 bafou\u00e9s.<\/p>\n<p><strong>MENTIONS L\u00c9GALES COURRIER \u00c9LECTRONIQUE<\/strong><br \/>\nLe contenu de ce courrier \u00e9lectronique et, le cas \u00e9ch\u00e9ant, ses pi\u00e8ces jointes sont \u00e0 caract\u00e8re PRIV\u00c9 et CONFIDENTIEL, \u00e9tant exclusivement r\u00e9serv\u00e9 \u00e0 son destinataire. Si vous n\u2019\u00eates pas le destinataire, le salari\u00e9 ou l\u2019agent responsable de la remise de ce message \u00e0 son destinataire ou si vous l\u2019avez re\u00e7u par erreur, nous vous informons que, en vertu de la l\u00e9gislation en vigueur, il est strictement interdit de divulguer ce courrier, le distribuer ou le reproduire et nous vous prions de bien vouloir nous en avertir imm\u00e9diatement, avant de l\u2019\u00e9liminer. Conform\u00e9ment aux dispositions des r\u00e9glementations en vigueur en mati\u00e8re de protection des donn\u00e9es \u00e0 caract\u00e8re personnel, le r\u00e8glement (UE) n\u00ba 2016\/679 du 27 avril 2016 (RGPD) et la Loi Organique de Protection des Donn\u00e9es espagnole et ses normes applicables, nous vous informons que le responsable du traitement de vos donn\u00e9es est la soci\u00e9t\u00e9 IBERFRUTAS-MUERZA S.A. Vos donn\u00e9es seront trait\u00e9es dans le but de g\u00e9rer les \u00e9changes par courrier \u00e9lectronique relatifs aux services fournis, les informations commerciales ou les activit\u00e9s r\u00e9alis\u00e9es par le responsable. La l\u00e9gitimation de l\u2019utilisation de vos donn\u00e9es est bas\u00e9e sur l\u2019ex\u00e9cution d\u2019un contrat ou de la prestation des services. Vos donn\u00e9es ne seront pas c\u00e9d\u00e9es \u00e0 des tiers, sauf obligation l\u00e9gale. Vos donn\u00e9es seront d\u00e9truites \u00e0 votre demande et\/ou au terme des dur\u00e9es l\u00e9gales de conservation. Vous pourrez exercer vos droits d\u2019acc\u00e8s, de rectification, de suppression, d\u2019oubli, de portabilit\u00e9 et de restriction du traitement en adressant un courrier \u00e0 l\u2019adresse suivante : IBERFRUTAS-MUERZA S.A. Pol. Ind., Parcela A, 31560 Azagra, Navarre.[\/vc_column_text][\/vc_column][\/vc_row]<\/p>\n<\/div>","protected":false},"excerpt":{"rendered":"<p>[vc_row el_class=\u00a0\u00bbsection-first section-interior-texto\u00a0\u00bb][vc_column el_class=\u00a0\u00bbcontainer\u00a0\u00bb][vc_column_text]La soci\u00e9t\u00e9 IBERFRUTAS-MUERZA S.A., propri\u00e9taire du domaine www.Iberfrutas.es, en vertu de la Loi n\u00ba 34\/2002 du 11 juillet 2002 des Services de la Soci\u00e9t\u00e9 de l\u2019Information et du Commerce \u00c9lectronique (LSSICE) et des dispositions des r\u00e8glementations en vigueur en mati\u00e8re de protection des donn\u00e9es \u00e0 caract\u00e8re personnel, du r\u00e8glement (UE) n\u00ba 2016\/679 [&hellip;]<\/p>\n","protected":false},"author":1,"featured_media":0,"parent":0,"menu_order":0,"comment_status":"closed","ping_status":"closed","template":"","meta":{"_acf_changed":false,"footnotes":""},"class_list":["post-1374","page","type-page","status-publish","hentry"],"acf":[],"yoast_head":"<!-- This site is optimized with the Yoast SEO plugin v27.2 - https:\/\/yoast.com\/product\/yoast-seo-wordpress\/ -->\n<title>Mentions l\u00e9gales - Iberfruta<\/title>\n<meta name=\"robots\" content=\"index, follow, max-snippet:-1, max-image-preview:large, max-video-preview:-1\" \/>\n<link rel=\"canonical\" href=\"https:\/\/www.iberfruta.es\/fr\/mentions-legales\/\" \/>\n<meta property=\"og:locale\" content=\"fr_FR\" \/>\n<meta property=\"og:type\" content=\"article\" \/>\n<meta property=\"og:title\" content=\"Mentions l\u00e9gales - Iberfruta\" \/>\n<meta property=\"og:description\" content=\"[vc_row el_class=\u00a0\u00bbsection-first section-interior-texto\u00a0\u00bb][vc_column el_class=\u00a0\u00bbcontainer\u00a0\u00bb][vc_column_text]La soci\u00e9t\u00e9 IBERFRUTAS-MUERZA S.A., propri\u00e9taire du domaine www.Iberfrutas.es, en vertu de la Loi n\u00ba 34\/2002 du 11 juillet 2002 des Services de la Soci\u00e9t\u00e9 de l\u2019Information et du Commerce \u00c9lectronique (LSSICE) et des dispositions des r\u00e8glementations en vigueur en mati\u00e8re de protection des donn\u00e9es \u00e0 caract\u00e8re personnel, du r\u00e8glement (UE) n\u00ba 2016\/679 [&hellip;]\" \/>\n<meta property=\"og:url\" content=\"https:\/\/www.iberfruta.es\/fr\/mentions-legales\/\" \/>\n<meta property=\"og:site_name\" content=\"Iberfruta\" \/>\n<meta property=\"article:modified_time\" content=\"2022-03-10T23:03:08+00:00\" \/>\n<meta property=\"og:image\" content=\"https:\/\/www.iberfruta.es\/wp-content\/uploads\/2022\/03\/fb-share.png\" \/>\n\t<meta property=\"og:image:width\" content=\"1200\" \/>\n\t<meta property=\"og:image:height\" content=\"630\" \/>\n\t<meta property=\"og:image:type\" content=\"image\/png\" \/>\n<meta name=\"twitter:card\" content=\"summary_large_image\" \/>\n<meta name=\"twitter:label1\" content=\"Dur\u00e9e de lecture estim\u00e9e\" \/>\n\t<meta name=\"twitter:data1\" content=\"3 minutes\" \/>\n<script type=\"application\/ld+json\" class=\"yoast-schema-graph\">{\"@context\":\"https:\/\/schema.org\",\"@graph\":[{\"@type\":\"WebPage\",\"@id\":\"https:\/\/www.iberfruta.es\/fr\/mentions-legales\/\",\"url\":\"https:\/\/www.iberfruta.es\/fr\/mentions-legales\/\",\"name\":\"Mentions l\u00e9gales - Iberfruta\",\"isPartOf\":{\"@id\":\"https:\/\/www.iberfruta.es\/#website\"},\"datePublished\":\"2021-10-13T11:18:42+00:00\",\"dateModified\":\"2022-03-10T23:03:08+00:00\",\"inLanguage\":\"fr-FR\",\"potentialAction\":[{\"@type\":\"ReadAction\",\"target\":[\"https:\/\/www.iberfruta.es\/fr\/mentions-legales\/\"]}]},{\"@type\":\"WebSite\",\"@id\":\"https:\/\/www.iberfruta.es\/#website\",\"url\":\"https:\/\/www.iberfruta.es\/\",\"name\":\"Iberfruta\",\"description\":\"\",\"potentialAction\":[{\"@type\":\"SearchAction\",\"target\":{\"@type\":\"EntryPoint\",\"urlTemplate\":\"https:\/\/www.iberfruta.es\/?s={search_term_string}\"},\"query-input\":{\"@type\":\"PropertyValueSpecification\",\"valueRequired\":true,\"valueName\":\"search_term_string\"}}],\"inLanguage\":\"fr-FR\"}]}<\/script>\n<!-- \/ Yoast SEO plugin. -->","yoast_head_json":{"title":"Mentions l\u00e9gales - Iberfruta","robots":{"index":"index","follow":"follow","max-snippet":"max-snippet:-1","max-image-preview":"max-image-preview:large","max-video-preview":"max-video-preview:-1"},"canonical":"https:\/\/www.iberfruta.es\/fr\/mentions-legales\/","og_locale":"fr_FR","og_type":"article","og_title":"Mentions l\u00e9gales - Iberfruta","og_description":"[vc_row el_class=\u00a0\u00bbsection-first section-interior-texto\u00a0\u00bb][vc_column el_class=\u00a0\u00bbcontainer\u00a0\u00bb][vc_column_text]La soci\u00e9t\u00e9 IBERFRUTAS-MUERZA S.A., propri\u00e9taire du domaine www.Iberfrutas.es, en vertu de la Loi n\u00ba 34\/2002 du 11 juillet 2002 des Services de la Soci\u00e9t\u00e9 de l\u2019Information et du Commerce \u00c9lectronique (LSSICE) et des dispositions des r\u00e8glementations en vigueur en mati\u00e8re de protection des donn\u00e9es \u00e0 caract\u00e8re personnel, du r\u00e8glement (UE) n\u00ba 2016\/679 [&hellip;]","og_url":"https:\/\/www.iberfruta.es\/fr\/mentions-legales\/","og_site_name":"Iberfruta","article_modified_time":"2022-03-10T23:03:08+00:00","og_image":[{"width":1200,"height":630,"url":"https:\/\/www.iberfruta.es\/wp-content\/uploads\/2022\/03\/fb-share.png","type":"image\/png"}],"twitter_card":"summary_large_image","twitter_misc":{"Dur\u00e9e de lecture estim\u00e9e":"3 minutes"},"schema":{"@context":"https:\/\/schema.org","@graph":[{"@type":"WebPage","@id":"https:\/\/www.iberfruta.es\/fr\/mentions-legales\/","url":"https:\/\/www.iberfruta.es\/fr\/mentions-legales\/","name":"Mentions l\u00e9gales - Iberfruta","isPartOf":{"@id":"https:\/\/www.iberfruta.es\/#website"},"datePublished":"2021-10-13T11:18:42+00:00","dateModified":"2022-03-10T23:03:08+00:00","inLanguage":"fr-FR","potentialAction":[{"@type":"ReadAction","target":["https:\/\/www.iberfruta.es\/fr\/mentions-legales\/"]}]},{"@type":"WebSite","@id":"https:\/\/www.iberfruta.es\/#website","url":"https:\/\/www.iberfruta.es\/","name":"Iberfruta","description":"","potentialAction":[{"@type":"SearchAction","target":{"@type":"EntryPoint","urlTemplate":"https:\/\/www.iberfruta.es\/?s={search_term_string}"},"query-input":{"@type":"PropertyValueSpecification","valueRequired":true,"valueName":"search_term_string"}}],"inLanguage":"fr-FR"}]}},"_links":{"self":[{"href":"https:\/\/www.iberfruta.es\/fr\/wp-json\/wp\/v2\/pages\/1374","targetHints":{"allow":["GET"]}}],"collection":[{"href":"https:\/\/www.iberfruta.es\/fr\/wp-json\/wp\/v2\/pages"}],"about":[{"href":"https:\/\/www.iberfruta.es\/fr\/wp-json\/wp\/v2\/types\/page"}],"author":[{"embeddable":true,"href":"https:\/\/www.iberfruta.es\/fr\/wp-json\/wp\/v2\/users\/1"}],"replies":[{"embeddable":true,"href":"https:\/\/www.iberfruta.es\/fr\/wp-json\/wp\/v2\/comments?post=1374"}],"version-history":[{"count":2,"href":"https:\/\/www.iberfruta.es\/fr\/wp-json\/wp\/v2\/pages\/1374\/revisions"}],"predecessor-version":[{"id":1687,"href":"https:\/\/www.iberfruta.es\/fr\/wp-json\/wp\/v2\/pages\/1374\/revisions\/1687"}],"wp:attachment":[{"href":"https:\/\/www.iberfruta.es\/fr\/wp-json\/wp\/v2\/media?parent=1374"}],"curies":[{"name":"wp","href":"https:\/\/api.w.org\/{rel}","templated":true}]}}