{"id":1467,"date":"2021-10-13T12:27:36","date_gmt":"2021-10-13T12:27:36","guid":{"rendered":"https:\/\/www.iberfruta.es\/sostenibilidad\/"},"modified":"2022-03-25T10:19:40","modified_gmt":"2022-03-25T09:19:40","slug":"nachhaltigkeit","status":"publish","type":"page","link":"https:\/\/www.iberfruta.es\/de\/nachhaltigkeit\/","title":{"rendered":"Nachhaltigkeit"},"content":{"rendered":"<div class=\"wpb-content-wrapper\"><p>[vc_row el_class=&#8220;section-first section-interior-texto section-interior-icons&#8220;][vc_column el_class=&#8220;container&#8220;][vc_column_text el_class=&#8220;big-text&#8220;]    <div class=\"section-title main-title centered\">\n      <h2>Unsere Verantwortung<\/h2>\n          <\/div>\n<p style=\"text-align: center;\">Die Sorge um die Umwelt ist bei Iberfruta in jeder Phase der Lebensmittelproduktion sp\u00fcrbar:<\/p>\n<p>[\/vc_column_text][vc_row_inner el_class=&#8220;row-double-space&#8220;][vc_column_inner width=&#8220;1\/4&#8243;][vc_column_text]<\/p>\n<div data-aos=\"fade-up\" data-aos-delay=\"0\">\n<p><img loading=\"lazy\" decoding=\"async\" class=\"alignnone size-thumbnail wp-image-479\" src=\"https:\/\/www.iberfruta.es\/wp-content\/uploads\/2022\/01\/cultivo-1-150x150.png\" alt=\"\" width=\"150\" height=\"150\" srcset=\"https:\/\/www.iberfruta.es\/wp-content\/uploads\/2022\/01\/cultivo-1-150x150.png 150w, https:\/\/www.iberfruta.es\/wp-content\/uploads\/2022\/01\/cultivo-1.png 300w\" sizes=\"auto, (max-width: 150px) 100vw, 150px\" \/><\/p>\n<h4 class=\"color-red\">Beim Anbau<\/h4>\n<p>Wir ermutigen die Landwirte vor Ort, gute Praktiken beizubehalten, wir bieten einen fairen Preis und der Arbeiter selbst ist an dem gesamten Prozess beteiligt.<\/p>\n<\/div>\n<p>[\/vc_column_text][\/vc_column_inner][vc_column_inner width=&#8220;1\/4&#8243;][vc_column_text]<\/p>\n<div data-aos=\"fade-up\" data-aos-delay=\"300\">\n<p><img loading=\"lazy\" decoding=\"async\" class=\"alignnone size-thumbnail wp-image-469\" src=\"https:\/\/www.iberfruta.es\/wp-content\/uploads\/2022\/01\/procesado-150x150.png\" alt=\"\" width=\"150\" height=\"150\" srcset=\"https:\/\/www.iberfruta.es\/wp-content\/uploads\/2022\/01\/procesado-150x150.png 150w, https:\/\/www.iberfruta.es\/wp-content\/uploads\/2022\/01\/procesado.png 300w\" sizes=\"auto, (max-width: 150px) 100vw, 150px\" \/><\/p>\n<h4 class=\"color-blue\">W\u00e4hrend der Verarbeitung<\/h4>\n<p>Wir verwenden recycelte F\u00e4sser, entwickeln verbesserte Techniken zur Optimierung des Prozesses, reduzieren den Energie- und Wasserverbrauch und k\u00f6nnen einen Gro\u00dfteil dieser Energie in einem weiteren Schritt wiederverwenden.<\/p>\n<\/div>\n<p>[\/vc_column_text][\/vc_column_inner][vc_column_inner width=&#8220;1\/4&#8243;][vc_column_text]<\/p>\n<div data-aos=\"fade-up\" data-aos-delay=\"600\">\n<p><img loading=\"lazy\" decoding=\"async\" class=\"alignnone size-thumbnail wp-image-474\" src=\"https:\/\/www.iberfruta.es\/wp-content\/uploads\/2022\/01\/transporte-150x150.png\" alt=\"\" width=\"150\" height=\"150\" srcset=\"https:\/\/www.iberfruta.es\/wp-content\/uploads\/2022\/01\/transporte-150x150.png 150w, https:\/\/www.iberfruta.es\/wp-content\/uploads\/2022\/01\/transporte.png 300w\" sizes=\"auto, (max-width: 150px) 100vw, 150px\" \/><\/p>\n<h4 class=\"color-orange\">W\u00e4hrend des Transports<\/h4>\n<p>Unsere optimierte Logistik zielt n\u00e4mlich auf die Effizienz des Produkttransports ab, vor allem durch die Einhaltung der Normen der EURO6-Emissionsreduktionsverordnung.<\/p>\n<\/div>\n<p>[\/vc_column_text][\/vc_column_inner][vc_column_inner width=&#8220;1\/4&#8243;][vc_column_text]<\/p>\n<div data-aos=\"fade-up\" data-aos-delay=\"900\">\n<p><img loading=\"lazy\" decoding=\"async\" class=\"alignnone size-thumbnail wp-image-484\" src=\"https:\/\/www.iberfruta.es\/wp-content\/uploads\/2022\/01\/medio-ambiente-150x150.png\" alt=\"\" width=\"150\" height=\"150\" srcset=\"https:\/\/www.iberfruta.es\/wp-content\/uploads\/2022\/01\/medio-ambiente-150x150.png 150w, https:\/\/www.iberfruta.es\/wp-content\/uploads\/2022\/01\/medio-ambiente.png 300w\" sizes=\"auto, (max-width: 150px) 100vw, 150px\" \/><\/p>\n<h4 class=\"color-green\">Umweltschutz<\/h4>\n<p>Wir nehmen n\u00e4mlich am Programm zur F\u00f6rderung der Bew\u00e4sserungseffizienz in Do\u00f1ana teil: Dadurch k\u00f6nnen wir 858.000 Kubikmeter Wasser einsparen, was der Menge von 343 olympischen Schwimmbecken entspricht.<\/p>\n<\/div>\n<p>[\/vc_column_text][\/vc_column_inner][\/vc_row_inner][\/vc_column][\/vc_row][vc_row el_class=&#8220;section-texto section-texto-right pt-0 section-interior-compromiso&#8220;][vc_column el_class=&#8220;container&#8220;][vc_column_text el_class=&#8220;big-text&#8220;]    <div class=\"section-title main-title centered\">\n      <h2>Unser Handeln und unser Engagement f\u00fcr Nachhaltigkeit<\/h2>\n          <\/div>\n[\/vc_column_text][vc_row_inner][vc_column_inner el_class=&#8220;col-imagen&#8220; width=&#8220;1\/3&#8243;][vc_column_text]<img decoding=\"async\" class=\"img-fluid\" src=\"https:\/\/www.iberfruta.es\/wp-content\/uploads\/2022\/01\/sostenibilidad-1.jpg\" alt=\"\" \/>[\/vc_column_text][\/vc_column_inner][vc_column_inner el_class=&#8220;col-texto&#8220; width=&#8220;2\/3&#8243;][vc_column_text]<\/p>\n<ul>\n<li>Wir setzen auf erneuerbare Energieerzeugung und Eigenverbrauch durch Solarpaneele mit einer Leistung von 800 Kilowatt.<\/li>\n<li>Wir verf\u00fcgen \u00fcber eine Wasseraufbereitungsanlage mit einer Kapazit\u00e4t von 4.000 Kubikmetern pro Tag.<\/li>\n<li>Und ein Heizkraftwerk mit einer Leistung von 3 Megawatt pro Stunde<\/li>\n<li>Wir haben Ammoniakkompressoren in unserem K\u00fchlsystem installiert, die die Energieeffizienz um 20 % erh\u00f6ht haben<\/li>\n<li>Wir haben unseren Wasserverbrauch durch den Einsatz modernster Technologien um mehr als 30.000 Kubikmeter pro Jahr gesenkt.<\/li>\n<li>Wir f\u00f6rdern die soziale Nachhaltigkeit durch die Gleichstellung der Geschlechter mit einem Verh\u00e4ltnis von 55 % Frauen und 45 % M\u00e4nnern in der Belegschaft.<\/li>\n<li>Bis 2020 haben wir eine Reduzierung des Abfallaufkommens um 15 % erreicht.<\/li>\n<\/ul>\n<p>[\/vc_column_text][\/vc_column_inner][\/vc_row_inner][vc_empty_space][vc_column_text]Unser Ziel ist es, weiter voranzukommen, und zu diesem Zweck beabsichtigen wir, im Einklang mit der Umsetzung der Agenda 2030 der Regierung unseren CO2-Fu\u00dfabdruck zu berechnen, die Anzahl der Sonnenkollektoren zu erh\u00f6hen und das B-Corp-Zertifikat zu erlangen, das die Realit\u00e4t unseres Umweltengagements best\u00e4tigt.[\/vc_column_text][\/vc_column][\/vc_row][vc_row el_class=&#8220;section-interior-texto pt-0 section-interior-proyectos&#8220;][vc_column el_class=&#8220;container&#8220;][vc_column_text]    <div class=\"section-title main-title\">\n      <h2>Projekte, an denen wir beteiligt sind<\/h2>\n          <\/div>\n<p>Wir beteiligen uns an der <a href=\"https:\/\/saiplatform.org\/\" target=\"_blank\" rel=\"noopener\"><strong>SAI (Sustainable Agricultura Initiative)<\/strong><\/a> der FSA-Plattform (Farm Sustainability Assessment), die Innovationen f\u00fcr eine nachhaltige Entwicklung erforscht.<\/p>\n<p>Au\u00dferdem haben wir bei der Initiative <a href=\"http:\/\/www.ferdonana.es\/es\/\" target=\"_blank\" rel=\"noopener\"><strong>FerDo\u00f1ana<\/strong><\/a> mitgewirkt, mit der wir unser Engagement f\u00fcr die F\u00f6rderung der Bew\u00e4sserungseffizienz in der einzigartigen Landschaft von Do\u00f1ana zeigen konnten.[\/vc_column_text][\/vc_column][\/vc_row]<\/p>\n<\/div>","protected":false},"excerpt":{"rendered":"<p>[vc_row el_class=&#8220;section-first section-interior-texto section-interior-icons&#8220;][vc_column el_class=&#8220;container&#8220;][vc_column_text el_class=&#8220;big-text&#8220;] Die Sorge um die Umwelt ist bei Iberfruta in jeder Phase der Lebensmittelproduktion sp\u00fcrbar: [\/vc_column_text][vc_row_inner el_class=&#8220;row-double-space&#8220;][vc_column_inner width=&#8220;1\/4&#8243;][vc_column_text] Beim Anbau Wir ermutigen die Landwirte vor Ort, gute Praktiken beizubehalten, wir bieten einen fairen Preis und der Arbeiter selbst ist an dem gesamten Prozess beteiligt. [\/vc_column_text][\/vc_column_inner][vc_column_inner width=&#8220;1\/4&#8243;][vc_column_text] W\u00e4hrend der Verarbeitung Wir [&hellip;]<\/p>\n","protected":false},"author":1,"featured_media":0,"parent":0,"menu_order":0,"comment_status":"closed","ping_status":"closed","template":"","meta":{"_acf_changed":false,"footnotes":""},"class_list":["post-1467","page","type-page","status-publish","hentry"],"acf":[],"yoast_head":"<!-- This site is optimized with the Yoast SEO plugin v27.2 - https:\/\/yoast.com\/product\/yoast-seo-wordpress\/ -->\n<title>Nachhaltigkeit - Iberfruta<\/title>\n<meta name=\"robots\" content=\"index, follow, max-snippet:-1, max-image-preview:large, max-video-preview:-1\" \/>\n<link rel=\"canonical\" href=\"https:\/\/www.iberfruta.es\/de\/nachhaltigkeit\/\" \/>\n<meta property=\"og:locale\" content=\"de_DE\" \/>\n<meta property=\"og:type\" content=\"article\" \/>\n<meta property=\"og:title\" content=\"Nachhaltigkeit - Iberfruta\" \/>\n<meta property=\"og:description\" content=\"[vc_row el_class=&#8220;section-first section-interior-texto section-interior-icons&#8220;][vc_column el_class=&#8220;container&#8220;][vc_column_text el_class=&#8220;big-text&#8220;] Die Sorge um die Umwelt ist bei Iberfruta in jeder Phase der Lebensmittelproduktion sp\u00fcrbar: [\/vc_column_text][vc_row_inner el_class=&#8220;row-double-space&#8220;][vc_column_inner width=&#8220;1\/4&#8243;][vc_column_text] Beim Anbau Wir ermutigen die Landwirte vor Ort, gute Praktiken beizubehalten, wir bieten einen fairen Preis und der Arbeiter selbst ist an dem gesamten Prozess beteiligt. [\/vc_column_text][\/vc_column_inner][vc_column_inner width=&#8220;1\/4&#8243;][vc_column_text] W\u00e4hrend der Verarbeitung Wir [&hellip;]\" \/>\n<meta property=\"og:url\" content=\"https:\/\/www.iberfruta.es\/de\/nachhaltigkeit\/\" \/>\n<meta property=\"og:site_name\" content=\"Iberfruta\" \/>\n<meta property=\"article:modified_time\" content=\"2022-03-25T09:19:40+00:00\" \/>\n<meta property=\"og:image\" content=\"https:\/\/www.iberfruta.es\/wp-content\/uploads\/2022\/01\/cultivo-1-150x150.png\" \/>\n<meta name=\"twitter:card\" content=\"summary_large_image\" \/>\n<meta name=\"twitter:label1\" content=\"Gesch\u00e4tzte Lesezeit\" \/>\n\t<meta name=\"twitter:data1\" content=\"3\u00a0Minuten\" \/>\n<script type=\"application\/ld+json\" class=\"yoast-schema-graph\">{\"@context\":\"https:\/\/schema.org\",\"@graph\":[{\"@type\":\"WebPage\",\"@id\":\"https:\/\/www.iberfruta.es\/de\/nachhaltigkeit\/\",\"url\":\"https:\/\/www.iberfruta.es\/de\/nachhaltigkeit\/\",\"name\":\"Nachhaltigkeit - Iberfruta\",\"isPartOf\":{\"@id\":\"https:\/\/www.iberfruta.es\/#website\"},\"primaryImageOfPage\":{\"@id\":\"https:\/\/www.iberfruta.es\/de\/nachhaltigkeit\/#primaryimage\"},\"image\":{\"@id\":\"https:\/\/www.iberfruta.es\/de\/nachhaltigkeit\/#primaryimage\"},\"thumbnailUrl\":\"https:\/\/www.iberfruta.es\/wp-content\/uploads\/2022\/01\/cultivo-1-150x150.png\",\"datePublished\":\"2021-10-13T12:27:36+00:00\",\"dateModified\":\"2022-03-25T09:19:40+00:00\",\"inLanguage\":\"de\",\"potentialAction\":[{\"@type\":\"ReadAction\",\"target\":[\"https:\/\/www.iberfruta.es\/de\/nachhaltigkeit\/\"]}]},{\"@type\":\"ImageObject\",\"inLanguage\":\"de\",\"@id\":\"https:\/\/www.iberfruta.es\/de\/nachhaltigkeit\/#primaryimage\",\"url\":\"https:\/\/www.iberfruta.es\/wp-content\/uploads\/2022\/01\/cultivo-1-150x150.png\",\"contentUrl\":\"https:\/\/www.iberfruta.es\/wp-content\/uploads\/2022\/01\/cultivo-1-150x150.png\"},{\"@type\":\"WebSite\",\"@id\":\"https:\/\/www.iberfruta.es\/#website\",\"url\":\"https:\/\/www.iberfruta.es\/\",\"name\":\"Iberfruta\",\"description\":\"\",\"potentialAction\":[{\"@type\":\"SearchAction\",\"target\":{\"@type\":\"EntryPoint\",\"urlTemplate\":\"https:\/\/www.iberfruta.es\/?s={search_term_string}\"},\"query-input\":{\"@type\":\"PropertyValueSpecification\",\"valueRequired\":true,\"valueName\":\"search_term_string\"}}],\"inLanguage\":\"de\"}]}<\/script>\n<!-- \/ Yoast SEO plugin. -->","yoast_head_json":{"title":"Nachhaltigkeit - Iberfruta","robots":{"index":"index","follow":"follow","max-snippet":"max-snippet:-1","max-image-preview":"max-image-preview:large","max-video-preview":"max-video-preview:-1"},"canonical":"https:\/\/www.iberfruta.es\/de\/nachhaltigkeit\/","og_locale":"de_DE","og_type":"article","og_title":"Nachhaltigkeit - Iberfruta","og_description":"[vc_row el_class=&#8220;section-first section-interior-texto section-interior-icons&#8220;][vc_column el_class=&#8220;container&#8220;][vc_column_text el_class=&#8220;big-text&#8220;] Die Sorge um die Umwelt ist bei Iberfruta in jeder Phase der Lebensmittelproduktion sp\u00fcrbar: [\/vc_column_text][vc_row_inner el_class=&#8220;row-double-space&#8220;][vc_column_inner width=&#8220;1\/4&#8243;][vc_column_text] Beim Anbau Wir ermutigen die Landwirte vor Ort, gute Praktiken beizubehalten, wir bieten einen fairen Preis und der Arbeiter selbst ist an dem gesamten Prozess beteiligt. [\/vc_column_text][\/vc_column_inner][vc_column_inner width=&#8220;1\/4&#8243;][vc_column_text] W\u00e4hrend der Verarbeitung Wir [&hellip;]","og_url":"https:\/\/www.iberfruta.es\/de\/nachhaltigkeit\/","og_site_name":"Iberfruta","article_modified_time":"2022-03-25T09:19:40+00:00","og_image":[{"url":"https:\/\/www.iberfruta.es\/wp-content\/uploads\/2022\/01\/cultivo-1-150x150.png","type":"","width":"","height":""}],"twitter_card":"summary_large_image","twitter_misc":{"Gesch\u00e4tzte Lesezeit":"3\u00a0Minuten"},"schema":{"@context":"https:\/\/schema.org","@graph":[{"@type":"WebPage","@id":"https:\/\/www.iberfruta.es\/de\/nachhaltigkeit\/","url":"https:\/\/www.iberfruta.es\/de\/nachhaltigkeit\/","name":"Nachhaltigkeit - Iberfruta","isPartOf":{"@id":"https:\/\/www.iberfruta.es\/#website"},"primaryImageOfPage":{"@id":"https:\/\/www.iberfruta.es\/de\/nachhaltigkeit\/#primaryimage"},"image":{"@id":"https:\/\/www.iberfruta.es\/de\/nachhaltigkeit\/#primaryimage"},"thumbnailUrl":"https:\/\/www.iberfruta.es\/wp-content\/uploads\/2022\/01\/cultivo-1-150x150.png","datePublished":"2021-10-13T12:27:36+00:00","dateModified":"2022-03-25T09:19:40+00:00","inLanguage":"de","potentialAction":[{"@type":"ReadAction","target":["https:\/\/www.iberfruta.es\/de\/nachhaltigkeit\/"]}]},{"@type":"ImageObject","inLanguage":"de","@id":"https:\/\/www.iberfruta.es\/de\/nachhaltigkeit\/#primaryimage","url":"https:\/\/www.iberfruta.es\/wp-content\/uploads\/2022\/01\/cultivo-1-150x150.png","contentUrl":"https:\/\/www.iberfruta.es\/wp-content\/uploads\/2022\/01\/cultivo-1-150x150.png"},{"@type":"WebSite","@id":"https:\/\/www.iberfruta.es\/#website","url":"https:\/\/www.iberfruta.es\/","name":"Iberfruta","description":"","potentialAction":[{"@type":"SearchAction","target":{"@type":"EntryPoint","urlTemplate":"https:\/\/www.iberfruta.es\/?s={search_term_string}"},"query-input":{"@type":"PropertyValueSpecification","valueRequired":true,"valueName":"search_term_string"}}],"inLanguage":"de"}]}},"_links":{"self":[{"href":"https:\/\/www.iberfruta.es\/de\/wp-json\/wp\/v2\/pages\/1467","targetHints":{"allow":["GET"]}}],"collection":[{"href":"https:\/\/www.iberfruta.es\/de\/wp-json\/wp\/v2\/pages"}],"about":[{"href":"https:\/\/www.iberfruta.es\/de\/wp-json\/wp\/v2\/types\/page"}],"author":[{"embeddable":true,"href":"https:\/\/www.iberfruta.es\/de\/wp-json\/wp\/v2\/users\/1"}],"replies":[{"embeddable":true,"href":"https:\/\/www.iberfruta.es\/de\/wp-json\/wp\/v2\/comments?post=1467"}],"version-history":[{"count":4,"href":"https:\/\/www.iberfruta.es\/de\/wp-json\/wp\/v2\/pages\/1467\/revisions"}],"predecessor-version":[{"id":1770,"href":"https:\/\/www.iberfruta.es\/de\/wp-json\/wp\/v2\/pages\/1467\/revisions\/1770"}],"wp:attachment":[{"href":"https:\/\/www.iberfruta.es\/de\/wp-json\/wp\/v2\/media?parent=1467"}],"curies":[{"name":"wp","href":"https:\/\/api.w.org\/{rel}","templated":true}]}}