{"id":1465,"date":"2021-10-13T12:27:04","date_gmt":"2021-10-13T12:27:04","guid":{"rendered":"https:\/\/www.iberfruta.es\/quienes-somos\/"},"modified":"2024-10-07T14:43:51","modified_gmt":"2024-10-07T12:43:51","slug":"unternehmen","status":"publish","type":"page","link":"https:\/\/www.iberfruta.es\/de\/unternehmen\/","title":{"rendered":"Unternehmen"},"content":{"rendered":"<div class=\"wpb-content-wrapper\"><p>[vc_row el_class=&#8220;section-interior-texto section-first&#8220;][vc_column el_class=&#8220;container&#8220;][vc_column_text el_class=&#8220;big-text&#8220;]    <div class=\"section-title main-title centered\">\n      <h2>Wer sind wir?<\/h2>\n          <\/div>\n<p>Wir sind einer der f\u00fchrenden europ\u00e4ischen <strong>Hersteller von Halbfertigprodukten aus Obst und Gem\u00fcse<\/strong> f\u00fcr die Lebensmittelindustrie: Kindernahrung, Marmeladen, S\u00fc\u00dfwaren, Fruchts\u00e4fte, Fruchtzubereitungen f\u00fcr Joghurts, Fruchteis und vieles mehr!<\/p>\n<p>Mit einer Erfolgsgeschichte von mehr als 25 Jahren sind wir in fast 80 L\u00e4ndern vertreten, was dem Erfolg unserer Arbeitsweise zu verdanken ist, die auf 3 S\u00e4ulen beruht: Qualit\u00e4t, <strong>Personalisierung und Service<\/strong>.[\/vc_column_text][\/vc_column][\/vc_row][vc_row el_class=&#8220;section-interior-texto section-quienes-iconos pt-0&#8243;][vc_column el_class=&#8220;container&#8220;][vc_column_text]    <div class=\"section-title main-title centered\">\n      <h2>Werte<\/h2>\n          <\/div>\n[\/vc_column_text][vc_row_inner][vc_column_inner width=&#8220;1\/3&#8243;][vc_column_text]<\/p>\n<div data-aos=\"fade-up\">\n<p><img loading=\"lazy\" decoding=\"async\" class=\"size-thumbnail wp-image-440 aligncenter\" src=\"https:\/\/www.iberfruta.es\/wp-content\/uploads\/2022\/01\/trabajo-en-equipo-150x150.png\" alt=\"\" width=\"150\" height=\"150\" srcset=\"https:\/\/www.iberfruta.es\/wp-content\/uploads\/2022\/01\/trabajo-en-equipo-150x150.png 150w, https:\/\/www.iberfruta.es\/wp-content\/uploads\/2022\/01\/trabajo-en-equipo.png 300w\" sizes=\"auto, (max-width: 150px) 100vw, 150px\" \/><\/p>\n<h3 class=\"color-blue\">Teamwork<\/h3>\n<p>Die Diversit\u00e4t unserer Fachleute und die gemeinsame Ausrichtung der gesamten Organisation sind die beiden Schl\u00fcssel zu unserem Erfolg. Wir sind der festen \u00dcberzeugung, dass diese Kombination unsere gr\u00f6\u00dfte St\u00e4rke ist und der einzige Weg, um Ergebnisse von h\u00f6chster Qualit\u00e4t zu erzielen.<\/p>\n<\/div>\n<p>[\/vc_column_text][\/vc_column_inner][vc_column_inner width=&#8220;1\/3&#8243;][vc_column_text]<\/p>\n<div data-aos=\"fade-up\" data-aos-delay=\"300\">\n<p><img loading=\"lazy\" decoding=\"async\" class=\"size-thumbnail wp-image-435 aligncenter\" src=\"https:\/\/www.iberfruta.es\/wp-content\/uploads\/2022\/01\/resposabilidad-y-confianza-150x150.png\" alt=\"\" width=\"150\" height=\"150\" srcset=\"https:\/\/www.iberfruta.es\/wp-content\/uploads\/2022\/01\/resposabilidad-y-confianza-150x150.png 150w, https:\/\/www.iberfruta.es\/wp-content\/uploads\/2022\/01\/resposabilidad-y-confianza.png 300w\" sizes=\"auto, (max-width: 150px) 100vw, 150px\" \/><\/p>\n<h3 class=\"color-red\">Verantwortung und Vertrauen<\/h3>\n<p>Unser Engagement f\u00fcr unsere Kunden und die Qualit\u00e4t unserer Arbeit stellen wir mit jedem Auftrag unter Beweis. Denn wir sind davon \u00fcberzeugt, dass dies die Grundlage f\u00fcr das Vertrauen ist, das unsere Kunden in Iberfruta setzen und das sie dazu veranlasst, langfristige Beziehungen mit uns aufzubauen.<\/p>\n<\/div>\n<p>[\/vc_column_text][\/vc_column_inner][vc_column_inner width=&#8220;1\/3&#8243;][vc_column_text]<\/p>\n<div data-aos=\"fade-up\" data-aos-delay=\"600\">\n<p><img loading=\"lazy\" decoding=\"async\" class=\"size-thumbnail wp-image-445 aligncenter\" src=\"https:\/\/www.iberfruta.es\/wp-content\/uploads\/2022\/01\/comunidad-y-medioambiente-150x150.png\" alt=\"\" width=\"150\" height=\"150\" srcset=\"https:\/\/www.iberfruta.es\/wp-content\/uploads\/2022\/01\/comunidad-y-medioambiente-150x150.png 150w, https:\/\/www.iberfruta.es\/wp-content\/uploads\/2022\/01\/comunidad-y-medioambiente.png 300w\" sizes=\"auto, (max-width: 150px) 100vw, 150px\" \/><\/p>\n<h3 class=\"color-green\">Gemeinschaft und Umwelt<\/h3>\n<p>Iberfruta ist bestrebt, f\u00fcr seine Kunden und die Gesellschaft einen Mehrwert zu schaffen. Daher sind wir der Meinung, dass die Art und Weise, wie wir die Dinge tun, und unser Beitrag zur Gesellschaft als Ganzes von grundlegender Bedeutung sind.<\/p>\n<\/div>\n<p>[\/vc_column_text][\/vc_column_inner][\/vc_row_inner][\/vc_column][\/vc_row][vc_row el_class=&#8220;section-interior-timeline section-gray&#8220;][vc_column][vc_column_text]    <div class=\"section-title main-title centered\">\n      <h2>Geschichte<\/h2>\n          <\/div>\n<p><style><\/style>    <div class=\"timeline\" visible-items=\"5\">\n      <div class=\"timeline__wrap\">\n        <div class=\"timeline__items\" id=\"timeline-wrap\">\n\n\n                      <div class=\"timeline__item timeline__item-1\">\n                \n                <div class=\"timeline__content\">\n                  <div class=\"section-title section-title-sm\">\n                        <h3>1991<\/h3>\n                        <h2>Gr\u00fcndung von Iberfruta <\/h2>      \n                  <\/div>\n                  <img decoding=\"async\" src=\"https:\/\/www.iberfruta.es\/wp-content\/uploads\/2024\/10\/iberfruta-timeline-1-n.jpg \" class='img-fluid'>\n                <\/div>\n\n              <\/div><!-- .timeline__item -->\n              \n                          <div class=\"timeline__item timeline__item-2\">\n                \n                <div class=\"timeline__content\">\n                  <div class=\"section-title section-title-sm\">\n                        <h3>1995<\/h3>\n                        <h2>Er\u00f6ffnung der Fabrik Azagra <\/h2>      \n                  <\/div>\n                  <img decoding=\"async\" src=\"https:\/\/www.iberfruta.es\/wp-content\/uploads\/2022\/01\/azagra.jpg \" class='img-fluid'>\n                <\/div>\n\n              <\/div><!-- .timeline__item -->\n              \n                          <div class=\"timeline__item timeline__item-3\">\n                \n                <div class=\"timeline__content\">\n                  <div class=\"section-title section-title-sm\">\n                        <h3>1997<\/h3>\n                        <h2>Er\u00f6ffnung der Fabrik Huelva <\/h2>      \n                  <\/div>\n                  <img decoding=\"async\" src=\"https:\/\/www.iberfruta.es\/wp-content\/uploads\/2022\/01\/huelva.jpg \" class='img-fluid'>\n                <\/div>\n\n              <\/div><!-- .timeline__item -->\n              \n                          <div class=\"timeline__item timeline__item-4\">\n                \n                <div class=\"timeline__content\">\n                  <div class=\"section-title section-title-sm\">\n                        <h3>1999<\/h3>\n                        <h2>Er\u00f6ffnung der Fabrik Maroc <\/h2>      \n                  <\/div>\n                  <img decoding=\"async\" src=\"https:\/\/www.iberfruta.es\/wp-content\/uploads\/2022\/01\/pures.jpg \" class='img-fluid'>\n                <\/div>\n\n              <\/div><!-- .timeline__item -->\n              \n                          <div class=\"timeline__item timeline__item-5\">\n                \n                <div class=\"timeline__content\">\n                  <div class=\"section-title section-title-sm\">\n                        <h3>2011<\/h3>\n                        <h2>Neue aseptische Produktionslinie f\u00fcr P\u00fcrees in Azagra <\/h2>      \n                  <\/div>\n                  <img decoding=\"async\" src=\"https:\/\/www.iberfruta.es\/wp-content\/uploads\/2022\/01\/maroco.jpg \" class='img-fluid'>\n                <\/div>\n\n              <\/div><!-- .timeline__item -->\n              \n                          <div class=\"timeline__item timeline__item-6\">\n                \n                <div class=\"timeline__content\">\n                  <div class=\"section-title section-title-sm\">\n                        <h3>2014<\/h3>\n                        <h2>Erwerb von 17.000 m2 Land in Azagra <\/h2>      \n                  <\/div>\n                  <img decoding=\"async\" src=\"https:\/\/www.iberfruta.es\/wp-content\/uploads\/2022\/01\/17-azagra.jpg \" class='img-fluid'>\n                <\/div>\n\n              <\/div><!-- .timeline__item -->\n              \n                          <div class=\"timeline__item timeline__item-7\">\n                \n                <div class=\"timeline__content\">\n                  <div class=\"section-title section-title-sm\">\n                        <h3>2020<\/h3>\n                        <h2>Installation von Sonnenkollektoren in Azagra und Huelva <\/h2>      \n                  <\/div>\n                  <img decoding=\"async\" src=\"https:\/\/www.iberfruta.es\/wp-content\/uploads\/2022\/01\/paneles-solares.jpg \" class='img-fluid'>\n                <\/div>\n\n              <\/div><!-- .timeline__item -->\n              \n                    \n\n\n        <\/div>\n      <\/div>\n    <\/div>\n\n    <script>\n      jQuery(function($){\n        $('.timeline').timeline({\n          mode: 'horizontal',\n        });\n\n\n        var myElement = document.getElementById('timeline-wrap');\n\n        var mc = new Hammer(myElement);\n\n        mc.get('pan').set({ direction: Hammer.DIRECTION_ALL });\n\n        mc.on(\"panleft panright\", function(ev) {\n\n          if(ev.type===\"panright\"){\n            $(\".timeline-nav-button.timeline-nav-button--prev\").click();\n          }\n\n          if(ev.type===\"panleft\"){\n            $(\".timeline-nav-button.timeline-nav-button--next\").click();\n          }\n\n        });\n\n\n      });\n    <\/script>\n[\/vc_column_text][\/vc_column][\/vc_row][vc_row el_class=&#8220;section-interior-quienes section-lista section-interior-texto&#8220;][vc_column el_class=&#8220;container&#8220;][vc_column_text]    <div class=\"section-title main-title centered\">\n      <h2>Einrichtungen und Kapazit\u00e4ten<\/h2>\n          <\/div>\n[\/vc_column_text][vc_column_text el_class=&#8220;big-text&#8220;]Iberfruta verf\u00fcgt \u00fcber leistungsstarke und moderne Anlagen, die strategisch so nah wie <strong>m\u00f6glich an den Anbaufeldern liegen<\/strong>. Um auf diese Weise Rohstoffe von h\u00f6chster Qualit\u00e4t zu gewinnen.<br \/>\nUnsere Produktionsst\u00e4tten befinden sich derzeit in Azagra (Navarra), La Palma del Condado (Huelva) und Kenitra (Marokko) (KARTE):[\/vc_column_text][\/vc_column][\/vc_row][vc_row el_class=&#8220;section-texto section-texto-left pt-0&#8243;][vc_column el_class=&#8220;container&#8220;][vc_row_inner el_class=&#8220;row-image-space&#8220;][vc_column_inner el_class=&#8220;col-texto&#8220; width=&#8220;5\/12&#8243;][vc_column_text]<\/p>\n<h2><strong>Azagra<\/strong><\/h2>\n<p>Ein Werk mit einer Produktionskapazit\u00e4t von 90.000 Tonnen, das auf aseptische P\u00fcrees, Pulpen und Portionen spezialisiert ist. Zu den wichtigsten Rohstoffen geh\u00f6ren: Steinobst, Zitrusfr\u00fcchte und Gem\u00fcse.[\/vc_column_text][\/vc_column_inner][vc_column_inner el_class=&#8220;col-imagen&#8220; width=&#8220;7\/12&#8243;][vc_column_text]<img loading=\"lazy\" decoding=\"async\" class=\"alignnone size-full wp-image-1044\" src=\"https:\/\/www.iberfruta.es\/wp-content\/uploads\/2022\/01\/azagra.jpg\" alt=\"\" width=\"1490\" height=\"900\" srcset=\"https:\/\/www.iberfruta.es\/wp-content\/uploads\/2022\/01\/azagra.jpg 1490w, https:\/\/www.iberfruta.es\/wp-content\/uploads\/2022\/01\/azagra-300x181.jpg 300w, https:\/\/www.iberfruta.es\/wp-content\/uploads\/2022\/01\/azagra-1024x619.jpg 1024w, https:\/\/www.iberfruta.es\/wp-content\/uploads\/2022\/01\/azagra-768x464.jpg 768w\" sizes=\"auto, (max-width: 1490px) 100vw, 1490px\" \/>[\/vc_column_text][\/vc_column_inner][\/vc_row_inner][\/vc_column][\/vc_row][vc_row el_class=&#8220;section-texto section-texto-right pt-0&#8243;][vc_column el_class=&#8220;container&#8220;][vc_row_inner el_class=&#8220;row-image-space&#8220;][vc_column_inner el_class=&#8220;col-imagen&#8220; width=&#8220;7\/12&#8243;][vc_column_text]<img loading=\"lazy\" decoding=\"async\" class=\"alignnone size-full wp-image-1049\" src=\"https:\/\/www.iberfruta.es\/wp-content\/uploads\/2022\/01\/huelva.jpg\" alt=\"\" width=\"1490\" height=\"900\" srcset=\"https:\/\/www.iberfruta.es\/wp-content\/uploads\/2022\/01\/huelva.jpg 1490w, https:\/\/www.iberfruta.es\/wp-content\/uploads\/2022\/01\/huelva-300x181.jpg 300w, https:\/\/www.iberfruta.es\/wp-content\/uploads\/2022\/01\/huelva-1024x619.jpg 1024w, https:\/\/www.iberfruta.es\/wp-content\/uploads\/2022\/01\/huelva-768x464.jpg 768w\" sizes=\"auto, (max-width: 1490px) 100vw, 1490px\" \/>[\/vc_column_text][\/vc_column_inner][vc_column_inner el_class=&#8220;col-texto&#8220; width=&#8220;5\/12&#8243;][vc_column_text]<\/p>\n<h2>Huelva<\/h2>\n<p>Mit einer Verarbeitungskapazit\u00e4t von 14.000 Tonnen ist diese Fabrik auf Tiefk\u00fchlprodukte spezialisiert, sowohl in p\u00fcrierter als auch in portionieter Form. Vor allem rote Fr\u00fcchte, Zitrone und Feigen, unter anderem.[\/vc_column_text][\/vc_column_inner][\/vc_row_inner][\/vc_column][\/vc_row][vc_row el_class=&#8220;section-texto section-texto-left pt-0&#8243;][vc_column el_class=&#8220;container&#8220;][vc_row_inner el_class=&#8220;row-image-space&#8220;][vc_column_inner el_class=&#8220;col-texto&#8220; width=&#8220;5\/12&#8243;][vc_column_text]<\/p>\n<h2>Kenitra (Marokko)<\/h2>\n<p>Hier k\u00f6nnen mehr als 5.000 Tonnen Fertigprodukte verarbeitet werden, die haupts\u00e4chlich tiefgefroren und auf Beerenfr\u00fcchte spezialisiert sind.[\/vc_column_text][\/vc_column_inner][vc_column_inner el_class=&#8220;col-imagen&#8220; width=&#8220;7\/12&#8243;][vc_column_text]<img loading=\"lazy\" decoding=\"async\" class=\"alignnone size-full wp-image-1054\" src=\"https:\/\/www.iberfruta.es\/wp-content\/uploads\/2022\/01\/maroco.jpg\" alt=\"\" width=\"1490\" height=\"900\" srcset=\"https:\/\/www.iberfruta.es\/wp-content\/uploads\/2022\/01\/maroco.jpg 1490w, https:\/\/www.iberfruta.es\/wp-content\/uploads\/2022\/01\/maroco-300x181.jpg 300w, https:\/\/www.iberfruta.es\/wp-content\/uploads\/2022\/01\/maroco-1024x619.jpg 1024w, https:\/\/www.iberfruta.es\/wp-content\/uploads\/2022\/01\/maroco-768x464.jpg 768w\" sizes=\"auto, (max-width: 1490px) 100vw, 1490px\" \/>[\/vc_column_text][\/vc_column_inner][\/vc_row_inner][\/vc_column][\/vc_row]<\/p>\n<\/div>","protected":false},"excerpt":{"rendered":"<p>[vc_row el_class=&#8220;section-interior-texto section-first&#8220;][vc_column el_class=&#8220;container&#8220;][vc_column_text el_class=&#8220;big-text&#8220;] Wir sind einer der f\u00fchrenden europ\u00e4ischen Hersteller von Halbfertigprodukten aus Obst und Gem\u00fcse f\u00fcr die Lebensmittelindustrie: Kindernahrung, Marmeladen, S\u00fc\u00dfwaren, Fruchts\u00e4fte, Fruchtzubereitungen f\u00fcr Joghurts, Fruchteis und vieles mehr! Mit einer Erfolgsgeschichte von mehr als 25 Jahren sind wir in fast 80 L\u00e4ndern vertreten, was dem Erfolg unserer Arbeitsweise zu verdanken ist, [&hellip;]<\/p>\n","protected":false},"author":1,"featured_media":0,"parent":0,"menu_order":0,"comment_status":"closed","ping_status":"closed","template":"page-timeline.php","meta":{"_acf_changed":false,"footnotes":""},"class_list":["post-1465","page","type-page","status-publish","hentry"],"acf":[],"yoast_head":"<!-- This site is optimized with the Yoast SEO plugin v27.2 - https:\/\/yoast.com\/product\/yoast-seo-wordpress\/ -->\n<title>Unternehmen - Iberfruta<\/title>\n<meta name=\"robots\" content=\"index, follow, max-snippet:-1, max-image-preview:large, max-video-preview:-1\" \/>\n<link rel=\"canonical\" href=\"https:\/\/www.iberfruta.es\/de\/unternehmen\/\" \/>\n<meta property=\"og:locale\" content=\"de_DE\" \/>\n<meta property=\"og:type\" content=\"article\" \/>\n<meta property=\"og:title\" content=\"Unternehmen - Iberfruta\" \/>\n<meta property=\"og:description\" content=\"[vc_row el_class=&#8220;section-interior-texto section-first&#8220;][vc_column el_class=&#8220;container&#8220;][vc_column_text el_class=&#8220;big-text&#8220;] Wir sind einer der f\u00fchrenden europ\u00e4ischen Hersteller von Halbfertigprodukten aus Obst und Gem\u00fcse f\u00fcr die Lebensmittelindustrie: Kindernahrung, Marmeladen, S\u00fc\u00dfwaren, Fruchts\u00e4fte, Fruchtzubereitungen f\u00fcr Joghurts, Fruchteis und vieles mehr! Mit einer Erfolgsgeschichte von mehr als 25 Jahren sind wir in fast 80 L\u00e4ndern vertreten, was dem Erfolg unserer Arbeitsweise zu verdanken ist, [&hellip;]\" \/>\n<meta property=\"og:url\" content=\"https:\/\/www.iberfruta.es\/de\/unternehmen\/\" \/>\n<meta property=\"og:site_name\" content=\"Iberfruta\" \/>\n<meta property=\"article:modified_time\" content=\"2024-10-07T12:43:51+00:00\" \/>\n<meta property=\"og:image\" content=\"https:\/\/www.iberfruta.es\/wp-content\/uploads\/2022\/01\/trabajo-en-equipo-150x150.png\" \/>\n<meta name=\"twitter:card\" content=\"summary_large_image\" \/>\n<meta name=\"twitter:label1\" content=\"Gesch\u00e4tzte Lesezeit\" \/>\n\t<meta name=\"twitter:data1\" content=\"3\u00a0Minuten\" \/>\n<script type=\"application\/ld+json\" class=\"yoast-schema-graph\">{\"@context\":\"https:\/\/schema.org\",\"@graph\":[{\"@type\":\"WebPage\",\"@id\":\"https:\/\/www.iberfruta.es\/de\/unternehmen\/\",\"url\":\"https:\/\/www.iberfruta.es\/de\/unternehmen\/\",\"name\":\"Unternehmen - Iberfruta\",\"isPartOf\":{\"@id\":\"https:\/\/www.iberfruta.es\/#website\"},\"primaryImageOfPage\":{\"@id\":\"https:\/\/www.iberfruta.es\/de\/unternehmen\/#primaryimage\"},\"image\":{\"@id\":\"https:\/\/www.iberfruta.es\/de\/unternehmen\/#primaryimage\"},\"thumbnailUrl\":\"https:\/\/www.iberfruta.es\/wp-content\/uploads\/2022\/01\/trabajo-en-equipo-150x150.png\",\"datePublished\":\"2021-10-13T12:27:04+00:00\",\"dateModified\":\"2024-10-07T12:43:51+00:00\",\"inLanguage\":\"de\",\"potentialAction\":[{\"@type\":\"ReadAction\",\"target\":[\"https:\/\/www.iberfruta.es\/de\/unternehmen\/\"]}]},{\"@type\":\"ImageObject\",\"inLanguage\":\"de\",\"@id\":\"https:\/\/www.iberfruta.es\/de\/unternehmen\/#primaryimage\",\"url\":\"https:\/\/www.iberfruta.es\/wp-content\/uploads\/2022\/01\/trabajo-en-equipo-150x150.png\",\"contentUrl\":\"https:\/\/www.iberfruta.es\/wp-content\/uploads\/2022\/01\/trabajo-en-equipo-150x150.png\"},{\"@type\":\"WebSite\",\"@id\":\"https:\/\/www.iberfruta.es\/#website\",\"url\":\"https:\/\/www.iberfruta.es\/\",\"name\":\"Iberfruta\",\"description\":\"\",\"potentialAction\":[{\"@type\":\"SearchAction\",\"target\":{\"@type\":\"EntryPoint\",\"urlTemplate\":\"https:\/\/www.iberfruta.es\/?s={search_term_string}\"},\"query-input\":{\"@type\":\"PropertyValueSpecification\",\"valueRequired\":true,\"valueName\":\"search_term_string\"}}],\"inLanguage\":\"de\"}]}<\/script>\n<!-- \/ Yoast SEO plugin. -->","yoast_head_json":{"title":"Unternehmen - Iberfruta","robots":{"index":"index","follow":"follow","max-snippet":"max-snippet:-1","max-image-preview":"max-image-preview:large","max-video-preview":"max-video-preview:-1"},"canonical":"https:\/\/www.iberfruta.es\/de\/unternehmen\/","og_locale":"de_DE","og_type":"article","og_title":"Unternehmen - Iberfruta","og_description":"[vc_row el_class=&#8220;section-interior-texto section-first&#8220;][vc_column el_class=&#8220;container&#8220;][vc_column_text el_class=&#8220;big-text&#8220;] Wir sind einer der f\u00fchrenden europ\u00e4ischen Hersteller von Halbfertigprodukten aus Obst und Gem\u00fcse f\u00fcr die Lebensmittelindustrie: Kindernahrung, Marmeladen, S\u00fc\u00dfwaren, Fruchts\u00e4fte, Fruchtzubereitungen f\u00fcr Joghurts, Fruchteis und vieles mehr! Mit einer Erfolgsgeschichte von mehr als 25 Jahren sind wir in fast 80 L\u00e4ndern vertreten, was dem Erfolg unserer Arbeitsweise zu verdanken ist, [&hellip;]","og_url":"https:\/\/www.iberfruta.es\/de\/unternehmen\/","og_site_name":"Iberfruta","article_modified_time":"2024-10-07T12:43:51+00:00","og_image":[{"url":"https:\/\/www.iberfruta.es\/wp-content\/uploads\/2022\/01\/trabajo-en-equipo-150x150.png","type":"","width":"","height":""}],"twitter_card":"summary_large_image","twitter_misc":{"Gesch\u00e4tzte Lesezeit":"3\u00a0Minuten"},"schema":{"@context":"https:\/\/schema.org","@graph":[{"@type":"WebPage","@id":"https:\/\/www.iberfruta.es\/de\/unternehmen\/","url":"https:\/\/www.iberfruta.es\/de\/unternehmen\/","name":"Unternehmen - Iberfruta","isPartOf":{"@id":"https:\/\/www.iberfruta.es\/#website"},"primaryImageOfPage":{"@id":"https:\/\/www.iberfruta.es\/de\/unternehmen\/#primaryimage"},"image":{"@id":"https:\/\/www.iberfruta.es\/de\/unternehmen\/#primaryimage"},"thumbnailUrl":"https:\/\/www.iberfruta.es\/wp-content\/uploads\/2022\/01\/trabajo-en-equipo-150x150.png","datePublished":"2021-10-13T12:27:04+00:00","dateModified":"2024-10-07T12:43:51+00:00","inLanguage":"de","potentialAction":[{"@type":"ReadAction","target":["https:\/\/www.iberfruta.es\/de\/unternehmen\/"]}]},{"@type":"ImageObject","inLanguage":"de","@id":"https:\/\/www.iberfruta.es\/de\/unternehmen\/#primaryimage","url":"https:\/\/www.iberfruta.es\/wp-content\/uploads\/2022\/01\/trabajo-en-equipo-150x150.png","contentUrl":"https:\/\/www.iberfruta.es\/wp-content\/uploads\/2022\/01\/trabajo-en-equipo-150x150.png"},{"@type":"WebSite","@id":"https:\/\/www.iberfruta.es\/#website","url":"https:\/\/www.iberfruta.es\/","name":"Iberfruta","description":"","potentialAction":[{"@type":"SearchAction","target":{"@type":"EntryPoint","urlTemplate":"https:\/\/www.iberfruta.es\/?s={search_term_string}"},"query-input":{"@type":"PropertyValueSpecification","valueRequired":true,"valueName":"search_term_string"}}],"inLanguage":"de"}]}},"_links":{"self":[{"href":"https:\/\/www.iberfruta.es\/de\/wp-json\/wp\/v2\/pages\/1465","targetHints":{"allow":["GET"]}}],"collection":[{"href":"https:\/\/www.iberfruta.es\/de\/wp-json\/wp\/v2\/pages"}],"about":[{"href":"https:\/\/www.iberfruta.es\/de\/wp-json\/wp\/v2\/types\/page"}],"author":[{"embeddable":true,"href":"https:\/\/www.iberfruta.es\/de\/wp-json\/wp\/v2\/users\/1"}],"replies":[{"embeddable":true,"href":"https:\/\/www.iberfruta.es\/de\/wp-json\/wp\/v2\/comments?post=1465"}],"version-history":[{"count":4,"href":"https:\/\/www.iberfruta.es\/de\/wp-json\/wp\/v2\/pages\/1465\/revisions"}],"predecessor-version":[{"id":2091,"href":"https:\/\/www.iberfruta.es\/de\/wp-json\/wp\/v2\/pages\/1465\/revisions\/2091"}],"wp:attachment":[{"href":"https:\/\/www.iberfruta.es\/de\/wp-json\/wp\/v2\/media?parent=1465"}],"curies":[{"name":"wp","href":"https:\/\/api.w.org\/{rel}","templated":true}]}}