{"id":1462,"date":"2022-01-25T12:38:07","date_gmt":"2022-01-25T11:38:07","guid":{"rendered":"https:\/\/www.iberfruta.es\/politica-de-privacidad\/"},"modified":"2022-03-11T00:28:34","modified_gmt":"2022-03-10T23:28:34","slug":"datenschutzbestimmungen","status":"publish","type":"page","link":"https:\/\/www.iberfruta.es\/de\/datenschutzbestimmungen\/","title":{"rendered":"Datenschutzbestimmungen"},"content":{"rendered":"<div class=\"wpb-content-wrapper\"><p>[vc_row el_class=&#8220;section-first section-interior-texto&#8220;][vc_column el_class=&#8220;container&#8220;][vc_column_text]Die Datenschutzbestimmungen sind zusammen mit der Cookie-Richtlinie und dem rechtlichen Hinweis Teil der Allgemeinen Gesch\u00e4ftsbedingungen, die f\u00fcr die Webseite www.iberfruta.es gelten.<br \/>\nIBERFRUTA-MUERZA S.A. beh\u00e4lt sich das Recht vor, die vorliegenden Datenschutzbestimmungen jederzeit zu \u00e4ndern oder anzupassen. Wir empfehlen Ihnen daher, sie bei jedem Zugriff auf die Webseite zu \u00fcberpr\u00fcfen. Wenn der Nutzer sich auf der Webseite registriert hat und auf sein Konto oder Profil zugreift, wird er dar\u00fcber informiert, dass wesentliche \u00c4nderungen in Bezug auf die Verarbeitung seiner personenbezogenen Daten vorgenommen wurden.<br \/>\nIn \u00dcbereinstimmung mit den Bestimmungen der aktuellen Vorschriften zum Schutz personenbezogener Daten, der Verordnung (EU) 2016\/679 vom 27. April 2016 (DSGVO) und dem spanischen Datenschutzgesetz und seinen Durchf\u00fchrungsbestimmungen, informieren wir Sie \u00fcber:<\/p>\n<p><strong>Wer ist der f\u00fcr die Verarbeitung Ihrer personenbezogenen Daten verantwortlich?<\/strong><\/p>\n<p>Die Daten, die gesammelt werden oder die Sie uns freiwillig \u00fcber die Webseite zur Verf\u00fcgung stellen, sei es durch Navigation oder durch Daten, die Sie uns \u00fcber die Kontaktformulare, per E-Mail oder telefonisch mitteilen, werden von dem f\u00fcr die Verarbeitung Verantwortlichen, dessen Daten unten angegeben sind, gesammelt und verarbeitet:<\/p>\n<p>IBERFRUTA-MUERZA S.A.<br \/>\nPol. Ind., Parcela A, 31560 Azagra, Navarra<br \/>\n<a href=\"http:\/\/www.iberfruta.es\/\"><strong>www.iberfruta.es<\/strong><\/a><br \/>\nemail:\u00a0<a href=\"mailto:info@iberfruta.es\"><strong>info@iberfruta.es<\/strong><\/a><\/p>\n<p><strong>Zu welchen Zwecken verarbeiten wir Ihre personenbezogenen Daten?<\/strong><br \/>\n\u2022 Beantwortung Ihrer Anfragen, Antr\u00e4ge oder Anliegen.<br \/>\n\u2022 Verwaltung des angeforderten Dienstes, Beantwortung Ihrer Anfrage oder Bearbeitung Ihres Anliegens.<br \/>\n\u2022 Informationen auf elektronischem Wege, die sich auf Ihren Antrag beziehen.<br \/>\n\u2022 Gewerbliche oder veranstaltungsbezogene Informationen auf elektronischem Wege, sofern eine ausdr\u00fcckliche Genehmigung vorliegt.<br \/>\n\u2022 Durchf\u00fchrung von Analysen und Verbesserungen unserer Webseite, unserer Produkte und Dienstleistungen. Verbesserung unserer kommerziellen Strategie.<\/p>\n<p><strong><em>&#8211; Kandidaten: (falls zutreffend)<\/em><\/strong><br \/>\nBitte beachten Sie, dass die Lebensl\u00e4ufe von potenziellen Bewerbern nur \u00fcber die folgende E-Mail-Adresse entgegengenommen und bearbeitet werden k\u00f6nnen: <a href=\"mailto:info@iberfruta.es\"><strong>info@iberfruta.es<\/strong><\/a><\/p>\n<p>Auf anderen E-Mail-Konten der Einrichtung eingehende Bewerbungen werden nicht entgegengenommen, nicht bearbeitet und gel\u00f6scht.<\/p>\n<p>F\u00fcr den Fall, dass Sie uns Ihren Lebenslauf geschickt haben, ist der Zweck der Verarbeitung Ihrer Daten:<\/p>\n<p>Um Sie in die von IBERFRUTA-MUERZA S.A. durchgef\u00fchrten Personalauswahlverfahren einzubeziehen.<\/p>\n<p><strong>Wodurch wird die Verarbeitung Ihrer Daten legitimiert?<\/strong><br \/>\nAkzeptanz und Zustimmung der betroffenen Person: In den F\u00e4llen, in denen es f\u00fcr eine Anfrage erforderlich ist, ein Formular auszuf\u00fcllen und auf die Schaltfl\u00e4che \u201eSenden\u201c zu klicken, bedeutet das Ausf\u00fcllen desselben zwangsl\u00e4ufig, dass Sie \u00fcber den Inhalt der Klausel, die dem besagten Formular beigef\u00fcgt ist, informiert wurden und ausdr\u00fccklich Ihr Einverst\u00e4ndnis gegeben haben, oder dass Sie die Datenschutzbestimmungen akzeptieren.<\/p>\n<p><strongAn wen werden wir Ihre Daten weitergeben?<\/strong><br \/>\nIhre Daten werden nicht an Dritte weitergegeben, es sei denn, wir sind dazu gesetzlich verpflichtet.<br \/>\n<strong><em><br \/>\n&#8211; Kandidaten: (falls zutreffend)<\/em><\/strong><br \/>\nDie Daten werden nicht an Dritte weitergegeben, es sei denn, es handelt sich um eine gesetzliche Verpflichtung oder um ein Outsourcing des Personalvermittlungsdienstes. In diesem Fall werden die Daten ausschlie\u00dflich f\u00fcr das Auswahlverfahren f\u00fcr eine Stelle bei IBERFRUTA-MUERZA S.A. verwendet.<\/p>\n<p><strong>Wie lange werden wir Ihre Daten speichern?<\/strong><br \/>\nPersonenbezogene Daten werden so lange aufbewahrt, wie die Beziehung mit dem f\u00fcr die Verarbeitung Verantwortlichen besteht. Danach werden die f\u00fcr die genannten Zwecke verarbeiteten personenbezogenen Daten f\u00fcr die gesetzlich festgelegten Fristen oder f\u00fcr den Zeitraum aufbewahrt, f\u00fcr den ein Richter oder ein Gericht sie unter Ber\u00fccksichtigung der Verj\u00e4hrungsfristen f\u00fcr Klagen verlangen kann. Die verarbeiteten Daten werden bis zum Ablauf der vorgenannten gesetzlichen Fristen aufbewahrt, sofern eine gesetzliche Aufbewahrungspflicht besteht, oder, sofern keine solche gesetzliche Frist besteht, bis die betroffene Person ihre L\u00f6schung beantragt oder die erteilte Einwilligung widerruft.<br \/>\n<strong><em><br \/>\n&#8211; Kandidaten: (falls zutreffend)<\/em><\/strong><br \/>\nDie Lebenslaufdaten werden f\u00fcr einen Zeitraum von einem (1) Jahr aufbewahrt, wenn der Bewerber, nachdem er seinen Lebenslauf zur Verf\u00fcgung gestellt hat, nicht zur Teilnahme an einem Auswahlverfahren ausgew\u00e4hlt wurde oder wenn seine Bewerbung abgelehnt wurde.<\/p>\n<p><strong>Soziale Netzwerke<\/strong><br \/>\n\u00dcber unsere Webseite steht dem Nutzer ein Link zu unserem Profil in den sozialen Netzwerken bereit. Indem der Nutzer unserer Social-Media-Seite beitritt, erkl\u00e4rt er sich mit der Verarbeitung der in seinem Profil ver\u00f6ffentlichten personenbezogenen Daten einverstanden. Die Nutzer k\u00f6nnen jederzeit ihre Verbindungen kontrollieren, Inhalte l\u00f6schen, an denen sie nicht mehr interessiert sind, und einschr\u00e4nken, mit wem sie ihre Verbindungen teilen, indem sie ihre Privatsph\u00e4re-Einstellungen in dem betreffenden sozialen Netzwerk aufrufen.<\/p>\n<p>Was die Nutzung sozialer Netzwerke betrifft, ist es m\u00f6glich, dass diese ihre Server nicht in Spanien oder der Europ\u00e4ischen Union unterhalten. Daher empfehlen wir Ihnen, die Datenschutzbestimmungen zu lesen und die Regeln und Richtlinien des Eigent\u00fcmers des sozialen Netzwerks unter den folgenden Links zu konsultieren:<\/p>\n<p><strong>\u2022\u00a0<\/strong><a href=\"http:\/\/www.twitterenespanol.net\/privacy_policy.php\"><strong>Twitter<\/strong><\/a><strong><br \/>\n\u2022\u00a0<\/strong><a href=\"https:\/\/es-es.facebook.com\/privacy\/explanation\"><strong>Facebook<\/strong><\/a><strong><br \/>\n\u2022\u00a0<\/strong><a href=\"https:\/\/es-la.facebook.com\/help\/instagram\/155833707900388\"><strong>Instagram<\/strong><\/a><strong><br \/>\n\u2022\u00a0<\/strong><a href=\"https:\/\/www.youtube.com\/yt\/policyandsafety\/es\/policy.html\"><strong>YouTube<\/strong><\/a><\/p>\n<p><strong>Welche Rechte haben Sie?<\/strong><br \/>\n\u2022 Zu erfahren, ob wir Ihre Daten verarbeiten oder nicht.<br \/>\n\u2022 Auf Ihre personenbezogenen Daten zuzugreifen.<br \/>\n\u2022 Die Berichtigung ihrer Daten zu verlangen, wenn diese unrichtig sind.<br \/>\n\u2022 Die L\u00f6schung Ihrer Daten zu verlangen, wenn sie f\u00fcr die Zwecke, f\u00fcr die sie erhoben wurden, nicht mehr erforderlich sind oder wenn Sie Ihre Einwilligung widerrufenD<br \/>\n\u2022 Die Einschr\u00e4nkung der Verarbeitung ihrer Daten in bestimmten F\u00e4llen zu verlangen; in diesem Fall werden die Daten nur im Einklang mit den geltenden Vorschriften gespeichert.<br \/>\n\u2022 Ihre Daten zu erhalten, die Ihnen in einem strukturierten, allgemein gebr\u00e4uchlichen oder maschinenlesbaren Format zur Verf\u00fcgung gestellt werden.<br \/>\n\u2022 Eine Beschwerde beim Datenschutzbeauftragten (sofern zutreffend) oder bei der spanischen Datenschutzbeh\u00f6rde oder der zust\u00e4ndigen Aufsichtsbeh\u00f6rde einzureichen, wenn Sie der Meinung sind, dass wir Sie nicht korrekt betreut haben.<br \/>\n\u2022 Die Einwilligung f\u00fcr jeden einzelnen Zweck zu widerrufen, ohne dass dadurch die Rechtm\u00e4\u00dfigkeit der auf der ausdr\u00fccklichen Einwilligung beruhenden Verarbeitung ber\u00fchrt wird.<\/p>\n<p><strong>Wie k\u00f6nnen Sie Ihre Rechte wahrnehmen?<\/strong><br \/>\n\u2022 Wir informieren Sie dar\u00fcber, dass Sie Ihr Recht auf Auskunft, Berichtigung, L\u00f6schung und Widerspruch aus\u00fcben k\u00f6nnen, indem Sie sich schriftlich an die folgende Adresse wenden und eine Kopie Ihres Personalausweises beif\u00fcgen:<br \/>\n\u2022 Pol. Ind., Parcela A, 31560 Azagra, Navarra<br \/>\n\u2022 In bestimmten F\u00e4llen kann die betroffene Person verlangen, dass wir die Verarbeitung ihrer Daten einschr\u00e4nken; in diesem Fall werden wir die Daten nur im Einklang mit den geltenden Vorschriften aufbewahren.<br \/>\n\u2022 In bestimmten F\u00e4llen k\u00f6nnen Sie von Ihrem Recht auf Daten\u00fcbertragbarkeit Gebrauch machen. Die Daten werden Ihnen oder dem von Ihnen benannten neuen f\u00fcr die Verarbeitung Verantwortlichen in einem strukturierten, allgemein verwendeten oder maschinenlesbaren Format zur Verf\u00fcgung gestellt.<br \/>\n\u2022 Sie haben das Recht, Ihre Einwilligung jederzeit f\u00fcr alle Verarbeitungsvorg\u00e4nge zu widerrufen, f\u00fcr die Sie Ihre Einwilligung erteilt haben.<br \/>\n\u2022 Die betroffene Person wird dar\u00fcber informiert, dass sie sich bei der spanischen Datenschutzbeh\u00f6rde beschweren kann, wenn sie der Ansicht ist, dass die Aus\u00fcbung ihrer Rechte nicht ordnungsgem\u00e4\u00df wahrgenommen wurde.<\/p>\n<p>Weitere Informationen unter \u00a0<a href=\"http:\/\/www.iberfruta.es\/\"><strong>www.iberfruta.es<\/strong><\/a>[\/vc_column_text][\/vc_column][\/vc_row]<\/p>\n<\/div>","protected":false},"excerpt":{"rendered":"<p>[vc_row el_class=&#8220;section-first section-interior-texto&#8220;][vc_column el_class=&#8220;container&#8220;][vc_column_text]Die Datenschutzbestimmungen sind zusammen mit der Cookie-Richtlinie und dem rechtlichen Hinweis Teil der Allgemeinen Gesch\u00e4ftsbedingungen, die f\u00fcr die Webseite www.iberfruta.es gelten. IBERFRUTA-MUERZA S.A. beh\u00e4lt sich das Recht vor, die vorliegenden Datenschutzbestimmungen jederzeit zu \u00e4ndern oder anzupassen. Wir empfehlen Ihnen daher, sie bei jedem Zugriff auf die Webseite zu \u00fcberpr\u00fcfen. Wenn der Nutzer [&hellip;]<\/p>\n","protected":false},"author":1,"featured_media":0,"parent":0,"menu_order":0,"comment_status":"closed","ping_status":"closed","template":"","meta":{"_acf_changed":false,"footnotes":""},"class_list":["post-1462","page","type-page","status-publish","hentry"],"acf":[],"yoast_head":"<!-- This site is optimized with the Yoast SEO plugin v27.2 - https:\/\/yoast.com\/product\/yoast-seo-wordpress\/ -->\n<title>Datenschutzbestimmungen - Iberfruta<\/title>\n<meta name=\"robots\" content=\"index, follow, max-snippet:-1, max-image-preview:large, max-video-preview:-1\" \/>\n<link rel=\"canonical\" href=\"https:\/\/www.iberfruta.es\/de\/datenschutzbestimmungen\/\" \/>\n<meta property=\"og:locale\" content=\"de_DE\" \/>\n<meta property=\"og:type\" content=\"article\" \/>\n<meta property=\"og:title\" content=\"Datenschutzbestimmungen - Iberfruta\" \/>\n<meta property=\"og:description\" content=\"[vc_row el_class=&#8220;section-first section-interior-texto&#8220;][vc_column el_class=&#8220;container&#8220;][vc_column_text]Die Datenschutzbestimmungen sind zusammen mit der Cookie-Richtlinie und dem rechtlichen Hinweis Teil der Allgemeinen Gesch\u00e4ftsbedingungen, die f\u00fcr die Webseite www.iberfruta.es gelten. IBERFRUTA-MUERZA S.A. beh\u00e4lt sich das Recht vor, die vorliegenden Datenschutzbestimmungen jederzeit zu \u00e4ndern oder anzupassen. Wir empfehlen Ihnen daher, sie bei jedem Zugriff auf die Webseite zu \u00fcberpr\u00fcfen. Wenn der Nutzer [&hellip;]\" \/>\n<meta property=\"og:url\" content=\"https:\/\/www.iberfruta.es\/de\/datenschutzbestimmungen\/\" \/>\n<meta property=\"og:site_name\" content=\"Iberfruta\" \/>\n<meta property=\"article:modified_time\" content=\"2022-03-10T23:28:34+00:00\" \/>\n<meta property=\"og:image\" content=\"https:\/\/www.iberfruta.es\/wp-content\/uploads\/2022\/03\/fb-share.png\" \/>\n\t<meta property=\"og:image:width\" content=\"1200\" \/>\n\t<meta property=\"og:image:height\" content=\"630\" \/>\n\t<meta property=\"og:image:type\" content=\"image\/png\" \/>\n<meta name=\"twitter:card\" content=\"summary_large_image\" \/>\n<meta name=\"twitter:label1\" content=\"Gesch\u00e4tzte Lesezeit\" \/>\n\t<meta name=\"twitter:data1\" content=\"5\u00a0Minuten\" \/>\n<script type=\"application\/ld+json\" class=\"yoast-schema-graph\">{\"@context\":\"https:\/\/schema.org\",\"@graph\":[{\"@type\":\"WebPage\",\"@id\":\"https:\/\/www.iberfruta.es\/de\/datenschutzbestimmungen\/\",\"url\":\"https:\/\/www.iberfruta.es\/de\/datenschutzbestimmungen\/\",\"name\":\"Datenschutzbestimmungen - Iberfruta\",\"isPartOf\":{\"@id\":\"https:\/\/www.iberfruta.es\/#website\"},\"datePublished\":\"2022-01-25T11:38:07+00:00\",\"dateModified\":\"2022-03-10T23:28:34+00:00\",\"inLanguage\":\"de\",\"potentialAction\":[{\"@type\":\"ReadAction\",\"target\":[\"https:\/\/www.iberfruta.es\/de\/datenschutzbestimmungen\/\"]}]},{\"@type\":\"WebSite\",\"@id\":\"https:\/\/www.iberfruta.es\/#website\",\"url\":\"https:\/\/www.iberfruta.es\/\",\"name\":\"Iberfruta\",\"description\":\"\",\"potentialAction\":[{\"@type\":\"SearchAction\",\"target\":{\"@type\":\"EntryPoint\",\"urlTemplate\":\"https:\/\/www.iberfruta.es\/?s={search_term_string}\"},\"query-input\":{\"@type\":\"PropertyValueSpecification\",\"valueRequired\":true,\"valueName\":\"search_term_string\"}}],\"inLanguage\":\"de\"}]}<\/script>\n<!-- \/ Yoast SEO plugin. -->","yoast_head_json":{"title":"Datenschutzbestimmungen - Iberfruta","robots":{"index":"index","follow":"follow","max-snippet":"max-snippet:-1","max-image-preview":"max-image-preview:large","max-video-preview":"max-video-preview:-1"},"canonical":"https:\/\/www.iberfruta.es\/de\/datenschutzbestimmungen\/","og_locale":"de_DE","og_type":"article","og_title":"Datenschutzbestimmungen - Iberfruta","og_description":"[vc_row el_class=&#8220;section-first section-interior-texto&#8220;][vc_column el_class=&#8220;container&#8220;][vc_column_text]Die Datenschutzbestimmungen sind zusammen mit der Cookie-Richtlinie und dem rechtlichen Hinweis Teil der Allgemeinen Gesch\u00e4ftsbedingungen, die f\u00fcr die Webseite www.iberfruta.es gelten. IBERFRUTA-MUERZA S.A. beh\u00e4lt sich das Recht vor, die vorliegenden Datenschutzbestimmungen jederzeit zu \u00e4ndern oder anzupassen. Wir empfehlen Ihnen daher, sie bei jedem Zugriff auf die Webseite zu \u00fcberpr\u00fcfen. Wenn der Nutzer [&hellip;]","og_url":"https:\/\/www.iberfruta.es\/de\/datenschutzbestimmungen\/","og_site_name":"Iberfruta","article_modified_time":"2022-03-10T23:28:34+00:00","og_image":[{"width":1200,"height":630,"url":"https:\/\/www.iberfruta.es\/wp-content\/uploads\/2022\/03\/fb-share.png","type":"image\/png"}],"twitter_card":"summary_large_image","twitter_misc":{"Gesch\u00e4tzte Lesezeit":"5\u00a0Minuten"},"schema":{"@context":"https:\/\/schema.org","@graph":[{"@type":"WebPage","@id":"https:\/\/www.iberfruta.es\/de\/datenschutzbestimmungen\/","url":"https:\/\/www.iberfruta.es\/de\/datenschutzbestimmungen\/","name":"Datenschutzbestimmungen - Iberfruta","isPartOf":{"@id":"https:\/\/www.iberfruta.es\/#website"},"datePublished":"2022-01-25T11:38:07+00:00","dateModified":"2022-03-10T23:28:34+00:00","inLanguage":"de","potentialAction":[{"@type":"ReadAction","target":["https:\/\/www.iberfruta.es\/de\/datenschutzbestimmungen\/"]}]},{"@type":"WebSite","@id":"https:\/\/www.iberfruta.es\/#website","url":"https:\/\/www.iberfruta.es\/","name":"Iberfruta","description":"","potentialAction":[{"@type":"SearchAction","target":{"@type":"EntryPoint","urlTemplate":"https:\/\/www.iberfruta.es\/?s={search_term_string}"},"query-input":{"@type":"PropertyValueSpecification","valueRequired":true,"valueName":"search_term_string"}}],"inLanguage":"de"}]}},"_links":{"self":[{"href":"https:\/\/www.iberfruta.es\/de\/wp-json\/wp\/v2\/pages\/1462","targetHints":{"allow":["GET"]}}],"collection":[{"href":"https:\/\/www.iberfruta.es\/de\/wp-json\/wp\/v2\/pages"}],"about":[{"href":"https:\/\/www.iberfruta.es\/de\/wp-json\/wp\/v2\/types\/page"}],"author":[{"embeddable":true,"href":"https:\/\/www.iberfruta.es\/de\/wp-json\/wp\/v2\/users\/1"}],"replies":[{"embeddable":true,"href":"https:\/\/www.iberfruta.es\/de\/wp-json\/wp\/v2\/comments?post=1462"}],"version-history":[{"count":2,"href":"https:\/\/www.iberfruta.es\/de\/wp-json\/wp\/v2\/pages\/1462\/revisions"}],"predecessor-version":[{"id":1696,"href":"https:\/\/www.iberfruta.es\/de\/wp-json\/wp\/v2\/pages\/1462\/revisions\/1696"}],"wp:attachment":[{"href":"https:\/\/www.iberfruta.es\/de\/wp-json\/wp\/v2\/media?parent=1462"}],"curies":[{"name":"wp","href":"https:\/\/api.w.org\/{rel}","templated":true}]}}