{"id":1461,"date":"2021-10-13T11:19:20","date_gmt":"2021-10-13T11:19:20","guid":{"rendered":"https:\/\/www.iberfruta.es\/politica-de-cookies\/"},"modified":"2022-03-11T00:24:09","modified_gmt":"2022-03-10T23:24:09","slug":"cookie-richtlinie","status":"publish","type":"page","link":"https:\/\/www.iberfruta.es\/de\/cookie-richtlinie\/","title":{"rendered":"Cookie-Richtlinie"},"content":{"rendered":"<div class=\"wpb-content-wrapper\"><p>[vc_row el_class=&#8220;section-interior-texto section-first&#8220;][vc_column el_class=&#8220;container&#8220;][vc_column_text]Ein Cookie ist eine Datei, die auf Ihren Computer heruntergeladen wird, wenn Sie bestimmte Webseiten aufrufen. Cookies erm\u00f6glichen es einer Webseite unter anderem, Informationen \u00fcber die Browser-Gewohnheiten eines Nutzers oder seines Ger\u00e4ts zu speichern und abzurufen, und je nach den enthaltenen Informationen und der Art und Weise, wie er sein Ger\u00e4t benutzt, k\u00f6nnen sie zur Wiedererkennung des Nutzers verwendet werden. Der Browser des Nutzers speichert Cookies nur w\u00e4hrend der aktuellen Sitzung auf der Festplatte, so dass nur minimaler Speicherplatz ben\u00f6tigt wird und der Computer nicht besch\u00e4digt wird. Cookies enthalten keine spezifischen pers\u00f6nlichen Informationen, und die meisten Cookies werden am Ende der Browser-Sitzung von der Festplatte gel\u00f6scht (so genannte Session-Cookies).<\/p>\n<p>Die meisten Browser akzeptieren Cookies standardm\u00e4\u00dfig und erlauben oder verhindern unabh\u00e4ngig davon in den Sicherheitseinstellungen tempor\u00e4re oder gespeicherte Cookies.<\/p>\n<p>Ohne Ihre ausdr\u00fcckliche Zustimmung \u2013 durch die Aktivierung von Cookies in Ihrem Browser \u2013 wird Iberfruta die in den Cookies gespeicherten Daten nicht mit Ihren pers\u00f6nlichen Daten, die Sie bei der Registrierung oder beim Kauf angegeben haben, verkn\u00fcpfen.<\/p>\n<p><strong>Welche Arten von Cookies werden auf dieser Webseite verwendet?\/strong&gt;<\/strong><\/p>\n<ul>\n<li><strong>Technische Cookies<\/strong>:\u00a0Diese erm\u00f6glichen es dem Nutzer, auf einer Webseite, einer Plattform oder einer Anwendung zu surfen und die verschiedenen dort vorhandenen Optionen oder Dienste zu nutzen, wie z. B. die Steuerung des Datenverkehrs und der Datenkommunikation, die Identifizierung der Sitzung, den Zugang zu Bereichen mit eingeschr\u00e4nktem Zugang, die Erinnerung an die Elemente, aus denen eine Bestellung besteht, die Durchf\u00fchrung des Kaufvorgangs einer Bestellung, die Beantragung der Registrierung oder der Teilnahme an einer Veranstaltung, die Verwendung von Sicherheitselementen bei der Navigation, die Speicherung von Inhalten f\u00fcr die \u00dcbertragung von Videos oder Ton oder die gemeinsame Nutzung von Inhalten \u00fcber soziale Netzwerke.<\/li>\n<li><strong> Personalisierungs-Cookies:\u00a0<\/strong>Diese erm\u00f6glichen es dem Nutzer, auf den Dienst mit einigen allgemeinen Merkmalen zuzugreifen, die nach einer Reihe von Kriterien im Endger\u00e4t des Benutzers vordefiniert sind, wie z. B. die Sprache, die Art des Browsers, der f\u00fcr den Zugriff auf den Dienst verwendet wird, die regionale Konfiguration, von der aus auf den Dienst zugegriffen wird, usw.<\/li>\n<li><strong> Analyse-Cookies:<\/strong>Es handelt sich um Cookies, die entweder von uns oder von Dritten verarbeitet werden und die es uns erm\u00f6glichen, die Anzahl der Nutzer zu quantifizieren und somit die Messung und statistische Analyse der Nutzung des angebotenen Dienstes durch die Nutzer durchzuf\u00fchren. Zu diesem Zweck wird Ihr Browserverhalten auf unserer Webseite analysiert, um das Angebot an Produkten und Dienstleistungen f\u00fcr Sie zu verbessern.<\/li>\n<li><strong> Werbe-Cookies:<\/strong> Dies sind Cookies, die entweder von uns oder von Dritten verarbeitet werden und die es uns erm\u00f6glichen, die Bereitstellung von Werbefl\u00e4chen auf der Webseite so effizient wie m\u00f6glich zu verwalten, indem der Inhalt der Werbung an den Inhalt der angeforderten Dienstleistung oder an die Nutzung unserer Webseite durch Sie angepasst wird. Zu diesem Zweck k\u00f6nnen wir Ihre Internet-Browsing-Gewohnheiten analysieren und Ihnen Werbung zeigen, die sich auf Ihr Browsing-Profil bezieht.<\/li>\n<li><strong> Cookies f\u00fcr verhaltensbezogene Werbung: <\/strong>Diese Cookies erm\u00f6glichen eine m\u00f6glichst effiziente Verwaltung der Werbefl\u00e4chen, die der Herausgeber gegebenenfalls auf einer Webseite, einer Anwendung oder einer Plattform, von der aus der angeforderte Dienst bereitgestellt wird, eingef\u00fcgt hat. In diesen Cookies werden Informationen \u00fcber das Verhalten der Nutzer gespeichert, die durch die kontinuierliche Beobachtung ihrer Surfgewohnheiten gewonnen werden und die es erm\u00f6glichen, ein spezifisches Profil zu erstellen, um darauf basierende Werbung anzuzeigen.<\/li>\n<li><strong> Cookies von Drittanbietern:<\/strong> : Die Webseite von Iberfruta kann Dienste von Drittanbietern in Anspruch nehmen, die im Namen von Iberfruta Informationen zu statistischen Zwecken, zur Nutzung der Webseite durch den Nutzer und zur Erbringung anderer Dienstleistungen im Zusammenhang mit der Aktivit\u00e4t der Webseite und anderer Internetdienste sammeln.<\/li>\n<\/ul>\n<p>Diese Webseite benutzt insbesondere Google Analytics, einen Webanalysedienst der Google Inc. mit Sitz in den Vereinigten Staaten, 1600 Amphitheatre Parkway, Mountain View, California 94043. Um diese Dienste anbieten zu k\u00f6nnen, verwenden sie Cookies, die Informationen sammeln, einschlie\u00dflich der IP-Adresse des Nutzers, die an Google \u00fcbertragen, verarbeitet und gespeichert werden, und zwar unter den auf der Webseite Google.com festgelegten Bedingungen. Dies gilt auch f\u00fcr die eventuelle \u00dcbermittlung dieser Informationen an Dritte, wenn dies gesetzlich vorgeschrieben ist oder wenn diese Dritten die Informationen im Auftrag von Google verarbeiten.<\/p>\n<p>Durch die Nutzung dieser Webseite erkl\u00e4rt sich der Nutzer ausdr\u00fccklich mit der Verarbeitung der auf diese Weise und zu den oben genannten Zwecken erhobenen Daten einverstanden. Dar\u00fcber hinaus best\u00e4tigt der Nutzer, dass er sich der M\u00f6glichkeit bewusst ist, die Verarbeitung solcher Daten oder Informationen zu verweigern, indem er die Verwendung von Cookies ablehnt, nachdem er die entsprechenden Einstellungen f\u00fcr diesen Zweck in seinem Browser vorgenommen hat. Diese Option der Blockierung von Cookies in seinem Browser erm\u00f6glicht es ihm jedoch m\u00f6glicherweise nicht, alle Funktionen der Webseite in vollem Umfang zu nutzen.<\/p>\n<p>Sie k\u00f6nnen die auf Ihrem Computer installierten Cookies zulassen, blockieren oder l\u00f6schen, indem Sie die auf Ihrem Computer installierten Browseroptionen konfigurieren:<\/p>\n<ul>\n<li><a href=\"https:\/\/support.google.com\/chrome\/answer\/95647?hl=es\">Chrome<\/a><\/li>\n<li><a href=\"https:\/\/support.microsoft.com\/kb\/196955\/es\">Explorer<\/a><\/li>\n<li><a href=\"https:\/\/support.mozilla.org\/es\/kb\/cookies-informacion-que-los-sitios-web-guardan-en-?redirectlocale=en-US&amp;redirectslug=Cookies\">Firefox<\/a><\/li>\n<li><a href=\"https:\/\/support.apple.com\/es-es\/HT201265\">Safari<\/a><\/li>\n<\/ul>\n<p>Bei Fragen zu dieser Cookie-Richtlinie k\u00f6nnen Sie Iberfruta unter <a href=\"mailto:info@iberfruta.es\"><em><strong>info@iberfruta.es<\/strong><\/em><\/a><\/p>\n<p>Nachstehend finden Sie detaillierte Informationen \u00fcber die Cookies, die auf unserer Webseite www.iberfruta.es installiert werden k\u00f6nnen. Je nach Navigation k\u00f6nnen alle oder nur einige davon installiert sein.<\/p>\n<div class=\"table-responsive\">\n<table class=\"table table-striped\">\n<thead>\n<tr>\n<th class=\"destaca-lista\">Domain<\/th>\n<th class=\"destaca-lista\">Cookie-Name<\/th>\n<th class=\"destaca-lista\">Beschreibung<\/th>\n<th class=\"Destaca-lista\">Ablaufzeit<\/th>\n<th class=\"destaca-lista\">Weitere Informationen<\/th>\n<\/tr>\n<\/thead>\n<tbody>\n<tr>\n<td>www.iberfruta.es<\/td>\n<td>PHPSESSID<\/td>\n<td>Cookie, das von der Programmiersprache PHP verwendet wird, um die Speicherung von Sitzungsvariablen auf dem Webserver zu erm\u00f6glichen. Dieser Cookie ist f\u00fcr das Funktionieren der Webseite unerl\u00e4sslich.<\/td>\n<td>Ablaufdatum: Durch Abmelden<\/td>\n<td><a href=\"http:\/\/www.iberfruta.es\/aviso-legal\" target=\"_blank\" rel=\"noopener noreferrer\">Datenschutzbestimmungen<\/a><\/td>\n<\/tr>\n<tr>\n<td>www.iberfruta.es<\/td>\n<td>_ga<\/td>\n<td>Google Analytics ist ein kostenloses Webanalysetool von Google, mit dem Webseitebetreiber in erster Linie nachvollziehen k\u00f6nnen, wie Nutzer mit ihrer Webseite interagieren. Sie erm\u00f6glicht es den Cookies auch, Informationen anonym zu sammeln und Webseite-Trends zu melden, ohne einzelne Nutzer zu identifizieren.<\/td>\n<td>Ablaufdatum: 24 Monate (2 Jahre)<\/td>\n<td><a href=\"https:\/\/policies.google.com\/privacy?hl=es\" target=\"_blank\" rel=\"noopener noreferrer\">Datenschutzbestimmungen<\/a><\/td>\n<\/tr>\n<tr>\n<td>www.iberfruta.es<\/td>\n<td>_gid<\/td>\n<td>Google Analytics ist ein kostenloses Webanalysetool von Google, mit dem Webseitebetreiber in erster Linie nachvollziehen k\u00f6nnen, wie Nutzer mit ihrer Webseite interagieren. Sie erm\u00f6glicht es den Cookies auch, Informationen anonym zu sammeln und Webseite-Trends zu melden, ohne einzelne Nutzer zu identifizieren.<\/td>\n<td>Ablaufdatum: 1 Tag<\/td>\n<td><a href=\"https:\/\/policies.google.com\/privacy?hl=es\" target=\"_blank\" rel=\"noopener noreferrer\">Datenschutzbestimmungen<\/a><\/td>\n<\/tr>\n<tr>\n<td>www.iberfruta.es<\/td>\n<td>_gat<\/td>\n<td>Analytics (Google Analytics-Dienst): Dient zur Begrenzung des Prozentsatzes der Anfragen. Wir verwenden auf unserer Webseite eingebettete Google-Analytics-Cookies, um Informationen dar\u00fcber zu sammeln, wie Besucher auf unserer Webseite navigieren. Wir verwenden die Informationen, um Berichte zu erstellen und die Webseite zu verbessern. Cookies sammeln Informationen in anonymer Form, einschlie\u00dflich der Anzahl der Besucher, woher die Besucher auf unsere Webseite gekommen sind und welche Seiten sie besucht haben.<\/td>\n<td>Ablaufdatum: 10 Minuten<\/td>\n<td><a href=\"https:\/\/policies.google.com\/privacy?hl=es\" target=\"_blank\" rel=\"noopener noreferrer\">Datenschutzbestimmungen<\/a><\/td>\n<\/tr>\n<tr>\n<td>www.iberfruta.es<\/td>\n<td>wp_settings_1, wp_settings_time_1<\/td>\n<td>Sie installieren technische Cookies, die es uns erm\u00f6glichen, Formulare zu versenden und den Nutzer zu identifizieren, wenn er sich bei WordPress registriert.<\/td>\n<td>Ablaufdatum: 1 Jahr ab Anmeldung.<\/td>\n<td><a href=\"http:\/\/www.iberfruta.es\/aviso-legal\" target=\"_blank\" rel=\"noopener noreferrer\">Datenschutzbestimmungen<\/a><\/td>\n<\/tr>\n<tr>\n<td>www.iberfruta.es<\/td>\n<td>wp_test_cookie<\/td>\n<td>Sie installieren technische Cookies, die es uns erm\u00f6glichen, Formulare zu versenden und den Nutzer zu identifizieren, wenn er sich bei WordPress registriert.<\/td>\n<td>Ablaufdatum: Sitzung.<\/td>\n<td><a href=\"http:\/\/www.iberfruta.es\/aviso-legal\" target=\"_blank\" rel=\"noopener noreferrer\">Datenschutzbestimmungen<\/a><\/td>\n<\/tr>\n<tr>\n<td>www.iberfruta.es<\/td>\n<td>gp_cookies_closed<\/td>\n<td>Cookie, das anzeigt, dass der Nutzer das Fenster mit den Cookie-Einstellungen geschlossen hat.<\/td>\n<td>Ablaufdatum: 24 Monate (2 Jahre<\/td>\n<td><a href=\"https:\/\/www.iberfruta.es\/aviso-legal\/\/\" rel=\"noopener noreferrer\">Datenschutzbestimmungen<\/a><\/td>\n<\/tr>\n<tr>\n<td>www.iberfruta.es<\/td>\n<td>gp_cookies_groups<\/td>\n<td>Cookie, das die Gruppen von Cookies sammelt, die der Nutzer akzeptiert und die wir installieren.<\/td>\n<td>Ablaufdatum: 24 Monate (2 Jahre<\/td>\n<td><a href=\"https:\/\/www.iberfruta.es\/aviso-legal\/\/\" rel=\"noopener noreferrer\">Datenschutzbestimmungen<\/a><\/td>\n<\/tr>\n<tr>\n<td>google.com<\/td>\n<td>1P_JAR<\/td>\n<td>Speicherung der Google-Nutzereinstellungen.<\/td>\n<td>Ablaufdatum: 1 Woche<\/td>\n<td><a href=\"http:\/\/www.google.com\/intl\/es_ALL\/privacypolicy.html\" target=\"_blank\" rel=\"noopener noreferrer\">Datenschutzbestimmungen<\/a><\/td>\n<\/tr>\n<tr>\n<td>google.com<\/td>\n<td>NID, AID, ANID, identificador de canal<\/td>\n<td>Nutzungsgewohnheiten der Besucher und die aufgerufenen Seiten.<\/td>\n<td>Ablaufdatum: 6 Monate<\/td>\n<td><a href=\"http:\/\/www.google.com\/intl\/es_ALL\/privacypolicy.html\" target=\"_blank\" rel=\"noopener noreferrer\">Datenschutzbestimmungen<\/a><\/td>\n<\/tr>\n<tr>\n<td>google.com<\/td>\n<td>CONSENT<\/td>\n<td>Werbung. Verbessert die Werbung, wird oft verwendet, um den Nutzer anzusprechen<\/td>\n<td>Ablaufdatum: 6 Monate<\/td>\n<td><a href=\"http:\/\/www.google.com\/intl\/es_ALL\/privacypolicy.html\" target=\"_blank\" rel=\"noopener noreferrer\">Datenschutzbestimmungen<\/a><\/td>\n<\/tr>\n<tr>\n<td>google.com<\/td>\n<td>__Secure-3PAPISID, __Secure-3PSID, __Secure-APISID, __Secure-HSID, __Secure-SSID<\/td>\n<td>Diese Cookies werden verwendet, um Ihnen Werbung zu liefern, die besser auf Sie und Ihre Interessen zugeschnitten ist<\/td>\n<td><a href=\"https:\/\/policies.google.com\/technologies\/ads?hl=es\">Datenschutzbestimmungen<\/a><\/td>\n<\/tr>\n<tr>\n<td>doubleclick.net<\/td>\n<td>DSID, IDE<\/td>\n<td>DoubleClick-Cookie, das von Google AdSense zur Aufzeichnung und Erstellung von Berichten \u00fcber die Aktionen des Nutzers auf der Webseite nach dem Betrachten oder Anklicken einer der Anzeigen des Werbetreibenden verwendet wird, um die Wirksamkeit der Werbung und die Pr\u00e4sentation gezielter Anzeigen f\u00fcr den Nutzer zu messen.<\/td>\n<td>Ablaufdatum: 2 Jahre<\/td>\n<td><a href=\"https:\/\/policies.google.com\/technologies\/ads?hl=es\">Datenschutzbestimmungen<\/a><\/td>\n<\/tr>\n<\/tbody>\n<\/table>\n<\/div>\n<p><strong>Wie kann ich meine Cookie-Einstellungen verwalten?<\/strong><\/p>\n<p>Wenn der Nutzer zum ersten Mal auf unsere Webseite zugreift, wird ein Fenster angezeigt, in dem er dar\u00fcber informiert wird, dass er Cookies akzeptieren, ihre Verarbeitung konfigurieren oder sie ablehnen kann.<\/p>\n<p>In diesem Zusammenhang wird unten ein Konfigurationspanel zur Verf\u00fcgung gestellt, das es Ihnen erm\u00f6glicht, die Installation von Cookies zu akzeptieren oder abzulehnen, mit Ausnahme derjenigen, die unbedingt erforderlich sind und ohne die die Webseite nicht ordnungsgem\u00e4\u00df funktionieren oder den vom Benutzer angeforderten Dienst nicht erbringen k\u00f6nnte.<\/p>\n<p><a class=\"open-gp-cookies\" href=\"#\">Cookies konfigurieren<\/a>[\/vc_column_text][\/vc_column][\/vc_row]<\/p>\n<\/div>","protected":false},"excerpt":{"rendered":"<p>[vc_row el_class=&#8220;section-interior-texto section-first&#8220;][vc_column el_class=&#8220;container&#8220;][vc_column_text]Ein Cookie ist eine Datei, die auf Ihren Computer heruntergeladen wird, wenn Sie bestimmte Webseiten aufrufen. Cookies erm\u00f6glichen es einer Webseite unter anderem, Informationen \u00fcber die Browser-Gewohnheiten eines Nutzers oder seines Ger\u00e4ts zu speichern und abzurufen, und je nach den enthaltenen Informationen und der Art und Weise, wie er sein Ger\u00e4t benutzt, [&hellip;]<\/p>\n","protected":false},"author":1,"featured_media":0,"parent":0,"menu_order":0,"comment_status":"closed","ping_status":"closed","template":"","meta":{"_acf_changed":false,"footnotes":""},"class_list":["post-1461","page","type-page","status-publish","hentry"],"acf":[],"yoast_head":"<!-- This site is optimized with the Yoast SEO plugin v27.2 - https:\/\/yoast.com\/product\/yoast-seo-wordpress\/ -->\n<title>Cookie-Richtlinie - Iberfruta<\/title>\n<meta name=\"robots\" content=\"index, follow, max-snippet:-1, max-image-preview:large, max-video-preview:-1\" \/>\n<link rel=\"canonical\" href=\"https:\/\/www.iberfruta.es\/de\/cookie-richtlinie\/\" \/>\n<meta property=\"og:locale\" content=\"de_DE\" \/>\n<meta property=\"og:type\" content=\"article\" \/>\n<meta property=\"og:title\" content=\"Cookie-Richtlinie - Iberfruta\" \/>\n<meta property=\"og:description\" content=\"[vc_row el_class=&#8220;section-interior-texto section-first&#8220;][vc_column el_class=&#8220;container&#8220;][vc_column_text]Ein Cookie ist eine Datei, die auf Ihren Computer heruntergeladen wird, wenn Sie bestimmte Webseiten aufrufen. Cookies erm\u00f6glichen es einer Webseite unter anderem, Informationen \u00fcber die Browser-Gewohnheiten eines Nutzers oder seines Ger\u00e4ts zu speichern und abzurufen, und je nach den enthaltenen Informationen und der Art und Weise, wie er sein Ger\u00e4t benutzt, [&hellip;]\" \/>\n<meta property=\"og:url\" content=\"https:\/\/www.iberfruta.es\/de\/cookie-richtlinie\/\" \/>\n<meta property=\"og:site_name\" content=\"Iberfruta\" \/>\n<meta property=\"article:modified_time\" content=\"2022-03-10T23:24:09+00:00\" \/>\n<meta property=\"og:image\" content=\"https:\/\/www.iberfruta.es\/wp-content\/uploads\/2022\/03\/fb-share.png\" \/>\n\t<meta property=\"og:image:width\" content=\"1200\" \/>\n\t<meta property=\"og:image:height\" content=\"630\" \/>\n\t<meta property=\"og:image:type\" content=\"image\/png\" \/>\n<meta name=\"twitter:card\" content=\"summary_large_image\" \/>\n<meta name=\"twitter:label1\" content=\"Gesch\u00e4tzte Lesezeit\" \/>\n\t<meta name=\"twitter:data1\" content=\"7\u00a0Minuten\" \/>\n<script type=\"application\/ld+json\" class=\"yoast-schema-graph\">{\"@context\":\"https:\/\/schema.org\",\"@graph\":[{\"@type\":\"WebPage\",\"@id\":\"https:\/\/www.iberfruta.es\/de\/cookie-richtlinie\/\",\"url\":\"https:\/\/www.iberfruta.es\/de\/cookie-richtlinie\/\",\"name\":\"Cookie-Richtlinie - Iberfruta\",\"isPartOf\":{\"@id\":\"https:\/\/www.iberfruta.es\/#website\"},\"datePublished\":\"2021-10-13T11:19:20+00:00\",\"dateModified\":\"2022-03-10T23:24:09+00:00\",\"inLanguage\":\"de\",\"potentialAction\":[{\"@type\":\"ReadAction\",\"target\":[\"https:\/\/www.iberfruta.es\/de\/cookie-richtlinie\/\"]}]},{\"@type\":\"WebSite\",\"@id\":\"https:\/\/www.iberfruta.es\/#website\",\"url\":\"https:\/\/www.iberfruta.es\/\",\"name\":\"Iberfruta\",\"description\":\"\",\"potentialAction\":[{\"@type\":\"SearchAction\",\"target\":{\"@type\":\"EntryPoint\",\"urlTemplate\":\"https:\/\/www.iberfruta.es\/?s={search_term_string}\"},\"query-input\":{\"@type\":\"PropertyValueSpecification\",\"valueRequired\":true,\"valueName\":\"search_term_string\"}}],\"inLanguage\":\"de\"}]}<\/script>\n<!-- \/ Yoast SEO plugin. -->","yoast_head_json":{"title":"Cookie-Richtlinie - Iberfruta","robots":{"index":"index","follow":"follow","max-snippet":"max-snippet:-1","max-image-preview":"max-image-preview:large","max-video-preview":"max-video-preview:-1"},"canonical":"https:\/\/www.iberfruta.es\/de\/cookie-richtlinie\/","og_locale":"de_DE","og_type":"article","og_title":"Cookie-Richtlinie - Iberfruta","og_description":"[vc_row el_class=&#8220;section-interior-texto section-first&#8220;][vc_column el_class=&#8220;container&#8220;][vc_column_text]Ein Cookie ist eine Datei, die auf Ihren Computer heruntergeladen wird, wenn Sie bestimmte Webseiten aufrufen. Cookies erm\u00f6glichen es einer Webseite unter anderem, Informationen \u00fcber die Browser-Gewohnheiten eines Nutzers oder seines Ger\u00e4ts zu speichern und abzurufen, und je nach den enthaltenen Informationen und der Art und Weise, wie er sein Ger\u00e4t benutzt, [&hellip;]","og_url":"https:\/\/www.iberfruta.es\/de\/cookie-richtlinie\/","og_site_name":"Iberfruta","article_modified_time":"2022-03-10T23:24:09+00:00","og_image":[{"width":1200,"height":630,"url":"https:\/\/www.iberfruta.es\/wp-content\/uploads\/2022\/03\/fb-share.png","type":"image\/png"}],"twitter_card":"summary_large_image","twitter_misc":{"Gesch\u00e4tzte Lesezeit":"7\u00a0Minuten"},"schema":{"@context":"https:\/\/schema.org","@graph":[{"@type":"WebPage","@id":"https:\/\/www.iberfruta.es\/de\/cookie-richtlinie\/","url":"https:\/\/www.iberfruta.es\/de\/cookie-richtlinie\/","name":"Cookie-Richtlinie - Iberfruta","isPartOf":{"@id":"https:\/\/www.iberfruta.es\/#website"},"datePublished":"2021-10-13T11:19:20+00:00","dateModified":"2022-03-10T23:24:09+00:00","inLanguage":"de","potentialAction":[{"@type":"ReadAction","target":["https:\/\/www.iberfruta.es\/de\/cookie-richtlinie\/"]}]},{"@type":"WebSite","@id":"https:\/\/www.iberfruta.es\/#website","url":"https:\/\/www.iberfruta.es\/","name":"Iberfruta","description":"","potentialAction":[{"@type":"SearchAction","target":{"@type":"EntryPoint","urlTemplate":"https:\/\/www.iberfruta.es\/?s={search_term_string}"},"query-input":{"@type":"PropertyValueSpecification","valueRequired":true,"valueName":"search_term_string"}}],"inLanguage":"de"}]}},"_links":{"self":[{"href":"https:\/\/www.iberfruta.es\/de\/wp-json\/wp\/v2\/pages\/1461","targetHints":{"allow":["GET"]}}],"collection":[{"href":"https:\/\/www.iberfruta.es\/de\/wp-json\/wp\/v2\/pages"}],"about":[{"href":"https:\/\/www.iberfruta.es\/de\/wp-json\/wp\/v2\/types\/page"}],"author":[{"embeddable":true,"href":"https:\/\/www.iberfruta.es\/de\/wp-json\/wp\/v2\/users\/1"}],"replies":[{"embeddable":true,"href":"https:\/\/www.iberfruta.es\/de\/wp-json\/wp\/v2\/comments?post=1461"}],"version-history":[{"count":3,"href":"https:\/\/www.iberfruta.es\/de\/wp-json\/wp\/v2\/pages\/1461\/revisions"}],"predecessor-version":[{"id":1694,"href":"https:\/\/www.iberfruta.es\/de\/wp-json\/wp\/v2\/pages\/1461\/revisions\/1694"}],"wp:attachment":[{"href":"https:\/\/www.iberfruta.es\/de\/wp-json\/wp\/v2\/media?parent=1461"}],"curies":[{"name":"wp","href":"https:\/\/api.w.org\/{rel}","templated":true}]}}