{"id":1460,"date":"2021-10-13T11:19:41","date_gmt":"2021-10-13T11:19:41","guid":{"rendered":"https:\/\/www.iberfruta.es\/politica-corporativa\/"},"modified":"2022-03-25T10:43:28","modified_gmt":"2022-03-25T09:43:28","slug":"unternehmenspolitik","status":"publish","type":"page","link":"https:\/\/www.iberfruta.es\/de\/unternehmenspolitik\/","title":{"rendered":"Unternehmenspolitik"},"content":{"rendered":"<div class=\"wpb-content-wrapper\"><p>[vc_row el_class=&#8220;section-texto section-lista section-text-legal section-first section-interior-texto&#8220;][vc_column el_class=&#8220;container&#8220;][vc_column_text]<\/p>\n<h2>Unternehmenspolitik<\/h2>\n<p>Die Gesch\u00e4ftsleitung von IBERFRUTA-M., S.A., einem Unternehmen, das sich auf die Herstellung von Fruchtpulpe und -p\u00fcree spezialisiert hat, verfolgt das Ziel, seine T\u00e4tigkeit an die aktuellen Bed\u00fcrfnisse anzupassen und zwar in Bezug auf:<\/p>\n<ul>\n<li>Die Qualit\u00e4t, Rechtm\u00e4\u00dfigkeit und Sicherheit des Produkts<\/li>\n<li>Die Kundenzufriedenheit<\/li>\n<li>Die kontinuierliche Verbesserung<\/li>\n<li>Die kontinuierliche Verbesserung<\/li>\n<li>Die ethische und berufliche Verantwortung<\/li>\n<\/ul>\n<p>Erarbeitet Richtlinien hinsichtlich:<\/p>\n<ul>\n<li>Produktqualit\u00e4t und -sicherheit<\/li>\n<li>Umweltschutz<\/li>\n<li>Gesundheit und Sicherheit am Arbeitsplatz<\/li>\n<\/ul>\n<p>Dar\u00fcber hinaus wird so weit wie m\u00f6glich ber\u00fccksichtigt, welche Anforderungen die Lebensmittelindustrie in Zukunft stellen k\u00f6nnte.<br \/>\nF\u00fcr alle in den verschiedenen Richtlinien beschriebenen Ma\u00dfnahmen geht die Gesch\u00e4ftsleitung davon aus, dass die notwendigen Ressourcen (Finanzen, Personal, Know-how, Technologie) f\u00fcr deren Durchf\u00fchrung zur Verf\u00fcgung stehen.<\/p>\n<h2>QUALIT\u00c4TSPOLITIK<\/h2>\n<p>Das Engagement von IBERFRUTA-M f\u00fcr Qualit\u00e4t, Rechtm\u00e4\u00dfigkeit und Produktsicherheit sowie f\u00fcr Kundenzufriedenheit und kontinuierliche Verbesserung basiert auf den folgenden Pr\u00e4missen:<\/p>\n<ul>\n<li>Umsetzung und Einhaltung des Qualit\u00e4ts- und Lebensmittelsicherheitssystems und das konsequente Engagement der Gesch\u00e4ftsleitung f\u00fcr dessen Weiterentwicklung. Die Grundlage f\u00fcr ein solches System bilden die 7 Grunds\u00e4tze des HACCP-Systems des Codex Alimentarius.<\/li>\n<li>Einhaltung der f\u00fcr die T\u00e4tigkeit des Unternehmens geltenden gesetzlichen Bestimmungen.<\/li>\n<li>Als grundlegende Strategie wird die Kundenzufriedenheit betrachtet, wobei unter anderem die Erwartungen an das hergestellte Produkt, die Optimierung der Produktion auf technischer und wirtschaftlicher Ebene, die Entwicklung von F&amp;E&amp;I-Projekten, die technische Unterst\u00fctzung (sowohl intern als auch extern) f\u00fcr unsere Kunden ber\u00fccksichtigt werden.<\/li>\n<li>Kontinuierliche Verbesserung der Wirksamkeit des Systems f\u00fcr Lebensmittelsicherheit und Qualit\u00e4t. Dieses Ziel wird durch die \u00dcberwachung von Pr\u00e4ventiv- und Abhilfema\u00dfnahmen, die Analyse interner und externer Audits, die Analyse von Indikatoren und Qualit\u00e4tszielen erreicht.<\/li>\n<li>St\u00e4rkung der Kultur der Teamarbeit im Bereich der Lebensmittelqualit\u00e4t und -sicherheit. Das gesamte Personal muss in den f\u00fcr seine T\u00e4tigkeit erforderlichen Aspekten der Lebensmittelqualit\u00e4t und -sicherheit geschult, unterwiesen und sensibilisiert werden.<\/li>\n<\/ul>\n<h2>UMWELTPOLITIK<\/h2>\n<p>Die Grundprinzipien dieser Richtlinie lauten wie folgt:<\/p>\n<ul>\n<li>Anwendung einer Politik der kontinuierlichen Verbesserung in Umweltfragen und Einf\u00fchrung eines wirksamen Management- und Kontrollsystems, um die vorgeschlagenen Ziele zu erreichen.<\/li>\n<li>Einhaltung der f\u00fcr die T\u00e4tigkeit geltenden Rechtsvorschriften sowie aller geltenden regulatorischen Anforderungen der Verwaltungsbeh\u00f6rden.<\/li>\n<li>Durchf\u00fchrung einer ordnungsgem\u00e4\u00dfen Abfallentsorgung zur Vermeidung von Umweltverschmutzung, um eine kontinuierliche Verbesserung unseres Umweltengagements zu gew\u00e4hrleisten.<\/li>\n<li>In den Phasen des Entwurfs und der Entwicklung von Produkten auf industrieller Ebene wird die am besten geeignete Technologie im Hinblick auf die Erzeugung von Abf\u00e4llen, die Gew\u00e4hrleistung ihres Recyclings, die Vermeidung von L\u00e4rmemissionen, Gasen usw. angewandt.<\/li>\n<li>Modernisierung der materiellen Ressourcen zur Vermeidung und Minimierung von Abf\u00e4llen, Emissionen und anderen nachteiligen Auswirkungen.<\/li>\n<li>Festlegung realisierbarer Umweltziele und -vorgaben und deren regelm\u00e4\u00dfige \u00dcberwachung anhand von Indikatoren.<\/li>\n<li>Gew\u00e4hrleistung der Nachhaltigkeit, der Erhaltung und des Schutzes der Umwelt durch die Optimierung des Verbrauchs nat\u00fcrlicher Ressourcen, die Gew\u00e4hrleistung einer optimalen Nutzung der eingesetzten Energie durch Vorbeugung und die weitestgehende Minimierung der Umweltauswirkungen der T\u00e4tigkeit bei gleichzeitiger Erf\u00fcllung der Anforderungen der Kunden in Bezug auf Lebensmittelsicherheit, Qualit\u00e4t und Produktvielfalt.<\/li>\n<\/ul>\n<h2>POLITIK F\u00dcR GESUNDHEIT UND SICHERHEIT AM ARBEITSPLATZ<\/h2>\n<p>Das Unternehmen konzentriert sich auf diese Politik als strategisches Instrument f\u00fcr die Nachhaltigkeit des Unternehmens selbst, unter Beteiligung der Arbeitnehmer und ihrer Vertreter. Ausgehend von dieser Pr\u00e4misse werden die folgenden Verpflichtungen eingegangen:<\/p>\n<ul>\n<li>Vollst\u00e4ndige Integration des Managementsystems zur Verh\u00fctung berufsbedingter Risiken (SGPRL) in die T\u00e4tigkeit des Unternehmens.<\/li>\n<li>Einhaltung der f\u00fcr die T\u00e4tigkeit geltenden Rechtsvorschriften.<\/li>\n<li>F\u00f6rderung und Unterst\u00fctzung der kontinuierlichen Verbesserung der Arbeitsbedingungen, um ein hohes Niveau an Sicherheit, Gesundheit und k\u00f6rperlichem, geistigem und sozialem Wohlbefinden der Arbeitnehmer zu erreichen.<\/li>\n<li>Schulung und Information der Arbeitnehmer durch Lern- und Sensibilisierungsprogramme, die die Anwendung \u201esicherer Praktiken\u201c f\u00f6rdern.<\/li>\n<\/ul>\n<p>Die Gesch\u00e4ftsleitung bittet alle Mitarbeiter der Organisation um ihre Mitarbeit und ihr Engagement, um diese Politik zu unserer eigenen zu machen.<\/p>\n<p>&nbsp;<\/p>\n<p><a href=\"https:\/\/www.iberfruta.es\/wp-content\/uploads\/2022\/03\/politica-corporativa.pdf\" target=\"_blank\" rel=\"noopener\">Unternehmenspolitik<\/a>[\/vc_column_text][\/vc_column][\/vc_row]<\/p>\n<\/div>","protected":false},"excerpt":{"rendered":"<p>[vc_row el_class=&#8220;section-texto section-lista section-text-legal section-first section-interior-texto&#8220;][vc_column el_class=&#8220;container&#8220;][vc_column_text] Unternehmenspolitik Die Gesch\u00e4ftsleitung von IBERFRUTA-M., S.A., einem Unternehmen, das sich auf die Herstellung von Fruchtpulpe und -p\u00fcree spezialisiert hat, verfolgt das Ziel, seine T\u00e4tigkeit an die aktuellen Bed\u00fcrfnisse anzupassen und zwar in Bezug auf: Die Qualit\u00e4t, Rechtm\u00e4\u00dfigkeit und Sicherheit des Produkts Die Kundenzufriedenheit Die kontinuierliche Verbesserung Die kontinuierliche [&hellip;]<\/p>\n","protected":false},"author":1,"featured_media":0,"parent":0,"menu_order":0,"comment_status":"closed","ping_status":"closed","template":"","meta":{"_acf_changed":false,"footnotes":""},"class_list":["post-1460","page","type-page","status-publish","hentry"],"acf":[],"yoast_head":"<!-- This site is optimized with the Yoast SEO plugin v27.2 - https:\/\/yoast.com\/product\/yoast-seo-wordpress\/ -->\n<title>Unternehmenspolitik - Iberfruta<\/title>\n<meta name=\"robots\" content=\"index, follow, max-snippet:-1, max-image-preview:large, max-video-preview:-1\" \/>\n<link rel=\"canonical\" href=\"https:\/\/www.iberfruta.es\/de\/unternehmenspolitik\/\" \/>\n<meta property=\"og:locale\" content=\"de_DE\" \/>\n<meta property=\"og:type\" content=\"article\" \/>\n<meta property=\"og:title\" content=\"Unternehmenspolitik - Iberfruta\" \/>\n<meta property=\"og:description\" content=\"[vc_row el_class=&#8220;section-texto section-lista section-text-legal section-first section-interior-texto&#8220;][vc_column el_class=&#8220;container&#8220;][vc_column_text] Unternehmenspolitik Die Gesch\u00e4ftsleitung von IBERFRUTA-M., S.A., einem Unternehmen, das sich auf die Herstellung von Fruchtpulpe und -p\u00fcree spezialisiert hat, verfolgt das Ziel, seine T\u00e4tigkeit an die aktuellen Bed\u00fcrfnisse anzupassen und zwar in Bezug auf: Die Qualit\u00e4t, Rechtm\u00e4\u00dfigkeit und Sicherheit des Produkts Die Kundenzufriedenheit Die kontinuierliche Verbesserung Die kontinuierliche [&hellip;]\" \/>\n<meta property=\"og:url\" content=\"https:\/\/www.iberfruta.es\/de\/unternehmenspolitik\/\" \/>\n<meta property=\"og:site_name\" content=\"Iberfruta\" \/>\n<meta property=\"article:modified_time\" content=\"2022-03-25T09:43:28+00:00\" \/>\n<meta property=\"og:image\" content=\"https:\/\/www.iberfruta.es\/wp-content\/uploads\/2022\/03\/fb-share.png\" \/>\n\t<meta property=\"og:image:width\" content=\"1200\" \/>\n\t<meta property=\"og:image:height\" content=\"630\" \/>\n\t<meta property=\"og:image:type\" content=\"image\/png\" \/>\n<meta name=\"twitter:card\" content=\"summary_large_image\" \/>\n<meta name=\"twitter:label1\" content=\"Gesch\u00e4tzte Lesezeit\" \/>\n\t<meta name=\"twitter:data1\" content=\"3\u00a0Minuten\" \/>\n<script type=\"application\/ld+json\" class=\"yoast-schema-graph\">{\"@context\":\"https:\/\/schema.org\",\"@graph\":[{\"@type\":\"WebPage\",\"@id\":\"https:\/\/www.iberfruta.es\/de\/unternehmenspolitik\/\",\"url\":\"https:\/\/www.iberfruta.es\/de\/unternehmenspolitik\/\",\"name\":\"Unternehmenspolitik - Iberfruta\",\"isPartOf\":{\"@id\":\"https:\/\/www.iberfruta.es\/#website\"},\"datePublished\":\"2021-10-13T11:19:41+00:00\",\"dateModified\":\"2022-03-25T09:43:28+00:00\",\"inLanguage\":\"de\",\"potentialAction\":[{\"@type\":\"ReadAction\",\"target\":[\"https:\/\/www.iberfruta.es\/de\/unternehmenspolitik\/\"]}]},{\"@type\":\"WebSite\",\"@id\":\"https:\/\/www.iberfruta.es\/#website\",\"url\":\"https:\/\/www.iberfruta.es\/\",\"name\":\"Iberfruta\",\"description\":\"\",\"potentialAction\":[{\"@type\":\"SearchAction\",\"target\":{\"@type\":\"EntryPoint\",\"urlTemplate\":\"https:\/\/www.iberfruta.es\/?s={search_term_string}\"},\"query-input\":{\"@type\":\"PropertyValueSpecification\",\"valueRequired\":true,\"valueName\":\"search_term_string\"}}],\"inLanguage\":\"de\"}]}<\/script>\n<!-- \/ Yoast SEO plugin. -->","yoast_head_json":{"title":"Unternehmenspolitik - Iberfruta","robots":{"index":"index","follow":"follow","max-snippet":"max-snippet:-1","max-image-preview":"max-image-preview:large","max-video-preview":"max-video-preview:-1"},"canonical":"https:\/\/www.iberfruta.es\/de\/unternehmenspolitik\/","og_locale":"de_DE","og_type":"article","og_title":"Unternehmenspolitik - Iberfruta","og_description":"[vc_row el_class=&#8220;section-texto section-lista section-text-legal section-first section-interior-texto&#8220;][vc_column el_class=&#8220;container&#8220;][vc_column_text] Unternehmenspolitik Die Gesch\u00e4ftsleitung von IBERFRUTA-M., S.A., einem Unternehmen, das sich auf die Herstellung von Fruchtpulpe und -p\u00fcree spezialisiert hat, verfolgt das Ziel, seine T\u00e4tigkeit an die aktuellen Bed\u00fcrfnisse anzupassen und zwar in Bezug auf: Die Qualit\u00e4t, Rechtm\u00e4\u00dfigkeit und Sicherheit des Produkts Die Kundenzufriedenheit Die kontinuierliche Verbesserung Die kontinuierliche [&hellip;]","og_url":"https:\/\/www.iberfruta.es\/de\/unternehmenspolitik\/","og_site_name":"Iberfruta","article_modified_time":"2022-03-25T09:43:28+00:00","og_image":[{"width":1200,"height":630,"url":"https:\/\/www.iberfruta.es\/wp-content\/uploads\/2022\/03\/fb-share.png","type":"image\/png"}],"twitter_card":"summary_large_image","twitter_misc":{"Gesch\u00e4tzte Lesezeit":"3\u00a0Minuten"},"schema":{"@context":"https:\/\/schema.org","@graph":[{"@type":"WebPage","@id":"https:\/\/www.iberfruta.es\/de\/unternehmenspolitik\/","url":"https:\/\/www.iberfruta.es\/de\/unternehmenspolitik\/","name":"Unternehmenspolitik - Iberfruta","isPartOf":{"@id":"https:\/\/www.iberfruta.es\/#website"},"datePublished":"2021-10-13T11:19:41+00:00","dateModified":"2022-03-25T09:43:28+00:00","inLanguage":"de","potentialAction":[{"@type":"ReadAction","target":["https:\/\/www.iberfruta.es\/de\/unternehmenspolitik\/"]}]},{"@type":"WebSite","@id":"https:\/\/www.iberfruta.es\/#website","url":"https:\/\/www.iberfruta.es\/","name":"Iberfruta","description":"","potentialAction":[{"@type":"SearchAction","target":{"@type":"EntryPoint","urlTemplate":"https:\/\/www.iberfruta.es\/?s={search_term_string}"},"query-input":{"@type":"PropertyValueSpecification","valueRequired":true,"valueName":"search_term_string"}}],"inLanguage":"de"}]}},"_links":{"self":[{"href":"https:\/\/www.iberfruta.es\/de\/wp-json\/wp\/v2\/pages\/1460","targetHints":{"allow":["GET"]}}],"collection":[{"href":"https:\/\/www.iberfruta.es\/de\/wp-json\/wp\/v2\/pages"}],"about":[{"href":"https:\/\/www.iberfruta.es\/de\/wp-json\/wp\/v2\/types\/page"}],"author":[{"embeddable":true,"href":"https:\/\/www.iberfruta.es\/de\/wp-json\/wp\/v2\/users\/1"}],"replies":[{"embeddable":true,"href":"https:\/\/www.iberfruta.es\/de\/wp-json\/wp\/v2\/comments?post=1460"}],"version-history":[{"count":4,"href":"https:\/\/www.iberfruta.es\/de\/wp-json\/wp\/v2\/pages\/1460\/revisions"}],"predecessor-version":[{"id":1789,"href":"https:\/\/www.iberfruta.es\/de\/wp-json\/wp\/v2\/pages\/1460\/revisions\/1789"}],"wp:attachment":[{"href":"https:\/\/www.iberfruta.es\/de\/wp-json\/wp\/v2\/media?parent=1460"}],"curies":[{"name":"wp","href":"https:\/\/api.w.org\/{rel}","templated":true}]}}