{"id":1458,"date":"2021-10-13T11:19:59","date_gmt":"2021-10-13T11:19:59","guid":{"rendered":"https:\/\/www.iberfruta.es\/inicio\/"},"modified":"2022-03-25T10:17:28","modified_gmt":"2022-03-25T09:17:28","slug":"inicio","status":"publish","type":"page","link":"https:\/\/www.iberfruta.es\/de\/","title":{"rendered":"Startseite"},"content":{"rendered":"<div class=\"wpb-content-wrapper\"><p>[vc_row css_animation=&#8220;none&#8220; el_class=&#8220;section-texto section-texto-right pt-0&#8243;][vc_column el_class=&#8220;container&#8220;][vc_row_inner el_class=&#8220;row-image-space&#8220;][vc_column_inner el_class=&#8220;col-imagen&#8220; width=&#8220;7\/12&#8243;][vc_column_text]<\/p>\n<div data-aos=\"fade-right\"><img loading=\"lazy\" decoding=\"async\" class=\"alignnone size-full wp-image-1000\" src=\"https:\/\/www.iberfruta.es\/wp-content\/uploads\/2022\/01\/home-banner-1.jpg\" alt=\"\" width=\"1490\" height=\"900\" srcset=\"https:\/\/www.iberfruta.es\/wp-content\/uploads\/2022\/01\/home-banner-1.jpg 1490w, https:\/\/www.iberfruta.es\/wp-content\/uploads\/2022\/01\/home-banner-1-300x181.jpg 300w, https:\/\/www.iberfruta.es\/wp-content\/uploads\/2022\/01\/home-banner-1-1024x619.jpg 1024w, https:\/\/www.iberfruta.es\/wp-content\/uploads\/2022\/01\/home-banner-1-768x464.jpg 768w\" sizes=\"auto, (max-width: 1490px) 100vw, 1490px\" \/><\/div>\n<p>[\/vc_column_text][\/vc_column_inner][vc_column_inner el_class=&#8220;col-texto&#8220; width=&#8220;5\/12&#8243;][vc_column_text]<\/p>\n<h2>Unser Unternehmen<\/h2>\n<p>Wir sind einer der f\u00fchrenden europ\u00e4ischen Hersteller von Halbfertigprodukten aus Obst und Gem\u00fcse f\u00fcr die Lebensmittelindustrie: Kindernahrung, Marmeladen, S\u00fc\u00dfwaren, Fruchts\u00e4fte, Fruchtzubereitungen f\u00fcr Joghurts, Fruchteis und vieles mehr!<\/p>\n<p>    <a href=\"https:\/\/www.iberfruta.es\/de\/unternehmen\/\" class=\"btn btn-primary\"    >Mehr erfahren<\/a>\n[\/vc_column_text][\/vc_column_inner][\/vc_row_inner][\/vc_column][\/vc_row][vc_row el_class=&#8220;section-texto section-texto-left pt-0&#8243;][vc_column el_class=&#8220;container&#8220;][vc_row_inner el_class=&#8220;row-image-space&#8220;][vc_column_inner el_class=&#8220;col-texto&#8220; width=&#8220;5\/12&#8243;][vc_column_text]<\/p>\n<h2>Philosophie<\/h2>\n<p>Unsere Strategie und Arbeitsweise st\u00fctzt sich auf drei S\u00e4ulen: Teamwork, Selbstvertrauen und Anpassungsf\u00e4higkeit. Diese erm\u00f6glichen es uns, uns an Ihre Bed\u00fcrfnisse anzupassen, wie es sonst niemand kann: Das ist der besondere Wert von Iberfruta.<\/p>\n<p>    <a href=\"https:\/\/www.iberfruta.es\/de\/philosophie\/\" class=\"btn btn-primary\"    >Mehr erfahren<\/a>\n[\/vc_column_text][\/vc_column_inner][vc_column_inner el_class=&#8220;col-imagen&#8220; width=&#8220;7\/12&#8243;][vc_column_text]<\/p>\n<div data-aos=\"fade-left\"><img loading=\"lazy\" decoding=\"async\" class=\"alignnone size-full wp-image-1005\" src=\"https:\/\/www.iberfruta.es\/wp-content\/uploads\/2022\/01\/home-banner-2.jpg\" alt=\"\" width=\"1490\" height=\"900\" srcset=\"https:\/\/www.iberfruta.es\/wp-content\/uploads\/2022\/01\/home-banner-2.jpg 1490w, https:\/\/www.iberfruta.es\/wp-content\/uploads\/2022\/01\/home-banner-2-300x181.jpg 300w, https:\/\/www.iberfruta.es\/wp-content\/uploads\/2022\/01\/home-banner-2-1024x619.jpg 1024w, https:\/\/www.iberfruta.es\/wp-content\/uploads\/2022\/01\/home-banner-2-768x464.jpg 768w\" sizes=\"auto, (max-width: 1490px) 100vw, 1490px\" \/><\/div>\n<p>[\/vc_column_text][\/vc_column_inner][\/vc_row_inner][\/vc_column][\/vc_row][vc_row parallax=&#8220;content-moving&#8220; parallax_image=&#8220;64&#8243; el_class=&#8220;section-home-banner&#8220;][vc_column el_class=&#8220;container&#8220;][vc_row_inner][vc_column_inner width=&#8220;1\/6&#8243;][\/vc_column_inner][vc_column_inner width=&#8220;2\/3&#8243;][vc_column_text]<\/p>\n<div data-aos=\"fade-down\">\n<h2>Produkte<\/h2>\n<p>Wir sind ein weltweit t\u00e4tiger Lieferant, der haupts\u00e4chlich mit frischen und saisonalen Produkten arbeitet. Entscheidend f\u00fcr unsere Aktivit\u00e4t ist der nat\u00fcrliche Saisonkalender von Obst und Gem\u00fcse. Mit einer Pr\u00e4senz in mehr als achtzig L\u00e4ndern passen wir uns den Bed\u00fcrfnissen eines sich st\u00e4ndig ver\u00e4ndernden Marktes an.<\/p>\n    <a href=\"https:\/\/www.iberfruta.es\/de\/produkte\/\" class=\"btn btn-danger\"    >Mehr erfahren<\/a>\n\n<\/div>\n<p>[\/vc_column_text][\/vc_column_inner][vc_column_inner width=&#8220;1\/6&#8243;][\/vc_column_inner][\/vc_row_inner][\/vc_column][\/vc_row][vc_row el_class=&#8220;section-texto section-texto-left&#8220;][vc_column el_class=&#8220;container&#8220;][vc_row_inner el_class=&#8220;row-image-space&#8220;][vc_column_inner el_class=&#8220;col-texto&#8220; width=&#8220;5\/12&#8243;][vc_column_text]<\/p>\n<h2>Qualit\u00e4t und Innovation<\/h2>\n<p>Bei Iberfruta arbeiten wir ausschlie\u00dflich nach den anspruchsvollsten Qualit\u00e4tsprozessen. Wir verf\u00fcgen \u00fcber hochmoderne F&amp;E&amp;I-Teams, die in der Lage sind, sich an die Bed\u00fcrfnisse unserer Kunden anzupassen: Sagen Sie uns einfach, was Sie ben\u00f6tigen, und wir werden Ihnen eine ma\u00dfgeschneiderte L\u00f6sung vorschlagen.<\/p>\n<p>    <a href=\"https:\/\/www.iberfruta.es\/de\/qualitaet-und-innovation\/\" class=\"btn btn-primary\"    >Mehr erfahren<\/a>\n[\/vc_column_text][\/vc_column_inner][vc_column_inner el_class=&#8220;col-imagen&#8220; width=&#8220;7\/12&#8243;][vc_column_text]<\/p>\n<div data-aos=\"fade-left\"><img loading=\"lazy\" decoding=\"async\" class=\"alignnone size-full wp-image-1010\" src=\"https:\/\/www.iberfruta.es\/wp-content\/uploads\/2022\/01\/home-banner-3.jpg\" alt=\"\" width=\"1490\" height=\"900\" srcset=\"https:\/\/www.iberfruta.es\/wp-content\/uploads\/2022\/01\/home-banner-3.jpg 1490w, https:\/\/www.iberfruta.es\/wp-content\/uploads\/2022\/01\/home-banner-3-300x181.jpg 300w, https:\/\/www.iberfruta.es\/wp-content\/uploads\/2022\/01\/home-banner-3-1024x619.jpg 1024w, https:\/\/www.iberfruta.es\/wp-content\/uploads\/2022\/01\/home-banner-3-768x464.jpg 768w\" sizes=\"auto, (max-width: 1490px) 100vw, 1490px\" \/><\/div>\n<p>[\/vc_column_text][\/vc_column_inner][\/vc_row_inner][\/vc_column][\/vc_row][vc_row el_class=&#8220;section-texto section-texto-right pt-0&#8243;][vc_column el_class=&#8220;container&#8220;][vc_row_inner el_class=&#8220;row-image-space&#8220;][vc_column_inner el_class=&#8220;col-imagen&#8220; width=&#8220;7\/12&#8243;][vc_column_text]<\/p>\n<div data-aos=\"fade-right\"><img loading=\"lazy\" decoding=\"async\" class=\"alignnone size-full wp-image-1015\" src=\"https:\/\/www.iberfruta.es\/wp-content\/uploads\/2022\/01\/home-banner-4.jpg\" alt=\"\" width=\"1490\" height=\"900\" srcset=\"https:\/\/www.iberfruta.es\/wp-content\/uploads\/2022\/01\/home-banner-4.jpg 1490w, https:\/\/www.iberfruta.es\/wp-content\/uploads\/2022\/01\/home-banner-4-300x181.jpg 300w, https:\/\/www.iberfruta.es\/wp-content\/uploads\/2022\/01\/home-banner-4-1024x619.jpg 1024w, https:\/\/www.iberfruta.es\/wp-content\/uploads\/2022\/01\/home-banner-4-768x464.jpg 768w\" sizes=\"auto, (max-width: 1490px) 100vw, 1490px\" \/><\/div>\n<p>[\/vc_column_text][\/vc_column_inner][vc_column_inner el_class=&#8220;col-texto&#8220; width=&#8220;5\/12&#8243;][vc_column_text]<\/p>\n<h2>Nachhaltigkeit<\/h2>\n<p>Iberfruta nimmt in jeder Phase der Lebensmittelproduktion R\u00fccksicht auf die Umwelt: beim Anbau, bei der Verarbeitung und beim Transport. Im Rahmen unseres Engagements sind wir an verschiedenen nachhaltigen Projekten beteiligt und setzen in unseren Einrichtungen die neuesten Technologien ein.<\/p>\n<p>    <a href=\"https:\/\/www.iberfruta.es\/de\/nachhaltigkeit\/\" class=\"btn btn-primary\"    >Mehr erfahren<\/a>\n[\/vc_column_text][\/vc_column_inner][\/vc_row_inner][\/vc_column][\/vc_row]<\/p>\n<\/div>","protected":false},"excerpt":{"rendered":"<p>[vc_row css_animation=&#8220;none&#8220; el_class=&#8220;section-texto section-texto-right pt-0&#8243;][vc_column el_class=&#8220;container&#8220;][vc_row_inner el_class=&#8220;row-image-space&#8220;][vc_column_inner el_class=&#8220;col-imagen&#8220; width=&#8220;7\/12&#8243;][vc_column_text] [\/vc_column_text][\/vc_column_inner][vc_column_inner el_class=&#8220;col-texto&#8220; width=&#8220;5\/12&#8243;][vc_column_text] Unser Unternehmen Wir sind einer der f\u00fchrenden europ\u00e4ischen Hersteller von Halbfertigprodukten aus Obst und Gem\u00fcse f\u00fcr die Lebensmittelindustrie: Kindernahrung, Marmeladen, S\u00fc\u00dfwaren, Fruchts\u00e4fte, Fruchtzubereitungen f\u00fcr Joghurts, Fruchteis und vieles mehr! [\/vc_column_text][\/vc_column_inner][\/vc_row_inner][\/vc_column][\/vc_row][vc_row el_class=&#8220;section-texto section-texto-left pt-0&#8243;][vc_column el_class=&#8220;container&#8220;][vc_row_inner el_class=&#8220;row-image-space&#8220;][vc_column_inner el_class=&#8220;col-texto&#8220; width=&#8220;5\/12&#8243;][vc_column_text] Philosophie Unsere Strategie und Arbeitsweise st\u00fctzt [&hellip;]<\/p>\n","protected":false},"author":1,"featured_media":0,"parent":0,"menu_order":0,"comment_status":"closed","ping_status":"closed","template":"","meta":{"_acf_changed":false,"footnotes":""},"class_list":["post-1458","page","type-page","status-publish","hentry"],"acf":[],"yoast_head":"<!-- This site is optimized with the Yoast SEO plugin v27.2 - https:\/\/yoast.com\/product\/yoast-seo-wordpress\/ -->\n<title>Iberfruta | Halbfertige Obst- und Gem\u00fcseprodukte<\/title>\n<meta name=\"description\" content=\"Wir sind einer der f\u00fchrenden europ\u00e4ischen Hersteller von halbfertigen Obst- und Gem\u00fcseprodukten f\u00fcr die Lebensmittelindustrie.\" \/>\n<meta name=\"robots\" content=\"index, follow, max-snippet:-1, max-image-preview:large, max-video-preview:-1\" \/>\n<link rel=\"canonical\" href=\"https:\/\/www.iberfruta.es\/de\/\" \/>\n<meta property=\"og:locale\" content=\"de_DE\" \/>\n<meta property=\"og:type\" content=\"article\" \/>\n<meta property=\"og:title\" content=\"Iberfruta | Halbfertige Obst- und Gem\u00fcseprodukte\" \/>\n<meta property=\"og:description\" content=\"Wir sind einer der f\u00fchrenden europ\u00e4ischen Hersteller von halbfertigen Obst- und Gem\u00fcseprodukten f\u00fcr die Lebensmittelindustrie.\" \/>\n<meta property=\"og:url\" content=\"https:\/\/www.iberfruta.es\/de\/\" \/>\n<meta property=\"og:site_name\" content=\"Iberfruta\" \/>\n<meta property=\"article:modified_time\" content=\"2022-03-25T09:17:28+00:00\" \/>\n<meta property=\"og:image\" content=\"https:\/\/www.iberfruta.es\/wp-content\/uploads\/2022\/01\/home-banner-1.jpg\" \/>\n<meta name=\"twitter:card\" content=\"summary_large_image\" \/>\n<meta name=\"twitter:label1\" content=\"Gesch\u00e4tzte Lesezeit\" \/>\n\t<meta name=\"twitter:data1\" content=\"3\u00a0Minuten\" \/>\n<script type=\"application\/ld+json\" class=\"yoast-schema-graph\">{\"@context\":\"https:\/\/schema.org\",\"@graph\":[{\"@type\":\"WebPage\",\"@id\":\"https:\/\/www.iberfruta.es\/de\/\",\"url\":\"https:\/\/www.iberfruta.es\/de\/\",\"name\":\"Iberfruta | Halbfertige Obst- und Gem\u00fcseprodukte\",\"isPartOf\":{\"@id\":\"https:\/\/www.iberfruta.es\/#website\"},\"primaryImageOfPage\":{\"@id\":\"https:\/\/www.iberfruta.es\/de\/#primaryimage\"},\"image\":{\"@id\":\"https:\/\/www.iberfruta.es\/de\/#primaryimage\"},\"thumbnailUrl\":\"https:\/\/www.iberfruta.es\/wp-content\/uploads\/2022\/01\/home-banner-1.jpg\",\"datePublished\":\"2021-10-13T11:19:59+00:00\",\"dateModified\":\"2022-03-25T09:17:28+00:00\",\"description\":\"Wir sind einer der f\u00fchrenden europ\u00e4ischen Hersteller von halbfertigen Obst- und Gem\u00fcseprodukten f\u00fcr die Lebensmittelindustrie.\",\"inLanguage\":\"de\",\"potentialAction\":[{\"@type\":\"ReadAction\",\"target\":[\"https:\/\/www.iberfruta.es\/de\/\"]}]},{\"@type\":\"ImageObject\",\"inLanguage\":\"de\",\"@id\":\"https:\/\/www.iberfruta.es\/de\/#primaryimage\",\"url\":\"https:\/\/www.iberfruta.es\/wp-content\/uploads\/2022\/01\/home-banner-1.jpg\",\"contentUrl\":\"https:\/\/www.iberfruta.es\/wp-content\/uploads\/2022\/01\/home-banner-1.jpg\"},{\"@type\":\"WebSite\",\"@id\":\"https:\/\/www.iberfruta.es\/#website\",\"url\":\"https:\/\/www.iberfruta.es\/\",\"name\":\"Iberfruta\",\"description\":\"\",\"potentialAction\":[{\"@type\":\"SearchAction\",\"target\":{\"@type\":\"EntryPoint\",\"urlTemplate\":\"https:\/\/www.iberfruta.es\/?s={search_term_string}\"},\"query-input\":{\"@type\":\"PropertyValueSpecification\",\"valueRequired\":true,\"valueName\":\"search_term_string\"}}],\"inLanguage\":\"de\"}]}<\/script>\n<!-- \/ Yoast SEO plugin. -->","yoast_head_json":{"title":"Iberfruta | Halbfertige Obst- und Gem\u00fcseprodukte","description":"Wir sind einer der f\u00fchrenden europ\u00e4ischen Hersteller von halbfertigen Obst- und Gem\u00fcseprodukten f\u00fcr die Lebensmittelindustrie.","robots":{"index":"index","follow":"follow","max-snippet":"max-snippet:-1","max-image-preview":"max-image-preview:large","max-video-preview":"max-video-preview:-1"},"canonical":"https:\/\/www.iberfruta.es\/de\/","og_locale":"de_DE","og_type":"article","og_title":"Iberfruta | Halbfertige Obst- und Gem\u00fcseprodukte","og_description":"Wir sind einer der f\u00fchrenden europ\u00e4ischen Hersteller von halbfertigen Obst- und Gem\u00fcseprodukten f\u00fcr die Lebensmittelindustrie.","og_url":"https:\/\/www.iberfruta.es\/de\/","og_site_name":"Iberfruta","article_modified_time":"2022-03-25T09:17:28+00:00","og_image":[{"url":"https:\/\/www.iberfruta.es\/wp-content\/uploads\/2022\/01\/home-banner-1.jpg","type":"","width":"","height":""}],"twitter_card":"summary_large_image","twitter_misc":{"Gesch\u00e4tzte Lesezeit":"3\u00a0Minuten"},"schema":{"@context":"https:\/\/schema.org","@graph":[{"@type":"WebPage","@id":"https:\/\/www.iberfruta.es\/de\/","url":"https:\/\/www.iberfruta.es\/de\/","name":"Iberfruta | Halbfertige Obst- und Gem\u00fcseprodukte","isPartOf":{"@id":"https:\/\/www.iberfruta.es\/#website"},"primaryImageOfPage":{"@id":"https:\/\/www.iberfruta.es\/de\/#primaryimage"},"image":{"@id":"https:\/\/www.iberfruta.es\/de\/#primaryimage"},"thumbnailUrl":"https:\/\/www.iberfruta.es\/wp-content\/uploads\/2022\/01\/home-banner-1.jpg","datePublished":"2021-10-13T11:19:59+00:00","dateModified":"2022-03-25T09:17:28+00:00","description":"Wir sind einer der f\u00fchrenden europ\u00e4ischen Hersteller von halbfertigen Obst- und Gem\u00fcseprodukten f\u00fcr die Lebensmittelindustrie.","inLanguage":"de","potentialAction":[{"@type":"ReadAction","target":["https:\/\/www.iberfruta.es\/de\/"]}]},{"@type":"ImageObject","inLanguage":"de","@id":"https:\/\/www.iberfruta.es\/de\/#primaryimage","url":"https:\/\/www.iberfruta.es\/wp-content\/uploads\/2022\/01\/home-banner-1.jpg","contentUrl":"https:\/\/www.iberfruta.es\/wp-content\/uploads\/2022\/01\/home-banner-1.jpg"},{"@type":"WebSite","@id":"https:\/\/www.iberfruta.es\/#website","url":"https:\/\/www.iberfruta.es\/","name":"Iberfruta","description":"","potentialAction":[{"@type":"SearchAction","target":{"@type":"EntryPoint","urlTemplate":"https:\/\/www.iberfruta.es\/?s={search_term_string}"},"query-input":{"@type":"PropertyValueSpecification","valueRequired":true,"valueName":"search_term_string"}}],"inLanguage":"de"}]}},"_links":{"self":[{"href":"https:\/\/www.iberfruta.es\/de\/wp-json\/wp\/v2\/pages\/1458","targetHints":{"allow":["GET"]}}],"collection":[{"href":"https:\/\/www.iberfruta.es\/de\/wp-json\/wp\/v2\/pages"}],"about":[{"href":"https:\/\/www.iberfruta.es\/de\/wp-json\/wp\/v2\/types\/page"}],"author":[{"embeddable":true,"href":"https:\/\/www.iberfruta.es\/de\/wp-json\/wp\/v2\/users\/1"}],"replies":[{"embeddable":true,"href":"https:\/\/www.iberfruta.es\/de\/wp-json\/wp\/v2\/comments?post=1458"}],"version-history":[{"count":6,"href":"https:\/\/www.iberfruta.es\/de\/wp-json\/wp\/v2\/pages\/1458\/revisions"}],"predecessor-version":[{"id":1769,"href":"https:\/\/www.iberfruta.es\/de\/wp-json\/wp\/v2\/pages\/1458\/revisions\/1769"}],"wp:attachment":[{"href":"https:\/\/www.iberfruta.es\/de\/wp-json\/wp\/v2\/media?parent=1458"}],"curies":[{"name":"wp","href":"https:\/\/api.w.org\/{rel}","templated":true}]}}