{"id":1457,"date":"2021-10-13T12:27:12","date_gmt":"2021-10-13T12:27:12","guid":{"rendered":"https:\/\/www.iberfruta.es\/filosofia\/"},"modified":"2022-03-08T15:56:11","modified_gmt":"2022-03-08T14:56:11","slug":"philosophie","status":"publish","type":"page","link":"https:\/\/www.iberfruta.es\/de\/philosophie\/","title":{"rendered":"Philosophie"},"content":{"rendered":"<div class=\"wpb-content-wrapper\"><p>[vc_row el_class=&#8220;section-lista section-filosofia section-interior-texto section-first&#8220;][vc_column el_class=&#8220;container&#8220;][vc_column_text el_class=&#8220;big-text&#8220;]    <div class=\"section-title main-title centered\">\n      <h2>\u201cTell us what you need and we will do it\u201d<\/h2>\n          <\/div>\n<p style=\"text-align: center;\">Was uns <strong>einzigartig und anders macht<\/strong>, ist eindeutig unsere Arbeitsphilosophie.<\/p>\n<p style=\"text-align: center;\">Diese Philosophie wird dank der engen <strong>Zusammenarbeit und Koordination zwischen allen Iberfruta-Teams<\/strong> erreicht, die in einem gemeinsamen Arbeitsbereich angesiedelt sind, um den bestm\u00f6glichen Informationsfluss und eine agile und effiziente Entscheidungsfindung zu gew\u00e4hrleisten.<\/p>\n<p style=\"text-align: center;\">Ein Vektor, dessen oberstes Ziel immer die totale Kundenzufriedenheit ist. Sie l\u00e4sst sich in drei <strong>S\u00e4ulen zusammenfassen:<\/strong><\/p>\n<p>[\/vc_column_text][\/vc_column][\/vc_row][vc_row el_class=&#8220;section-texto section-texto-left section-icons pt-0&#8243;][vc_column el_class=&#8220;container&#8220;][vc_row_inner][vc_column_inner el_class=&#8220;col-texto&#8220; width=&#8220;1\/2&#8243;][vc_column_text]<\/p>\n<h4 class=\"color-red\">Wir passen uns an jeden Kunden und jeden Bedarf an<\/h4>\n<p>Der entscheidende Vorteil von Iberfruta ist, dass wir uns wie keine anderen Anbieter auf Ihre Bed\u00fcrfnisse einstellen. Sagen Sie uns einfach, was Sie ben\u00f6tigen, und wir machen es m\u00f6glich.[\/vc_column_text][\/vc_column_inner][vc_column_inner el_class=&#8220;col-imagen&#8220; width=&#8220;1\/2&#8243;][vc_column_text]<\/p>\n<div data-aos=\"fade-left\"><img loading=\"lazy\" decoding=\"async\" class=\"alignnone wp-image-453 size-full\" src=\"https:\/\/www.iberfruta.es\/wp-content\/uploads\/2022\/01\/adaptabilidad.png\" alt=\"\" width=\"300\" height=\"300\" srcset=\"https:\/\/www.iberfruta.es\/wp-content\/uploads\/2022\/01\/adaptabilidad.png 300w, https:\/\/www.iberfruta.es\/wp-content\/uploads\/2022\/01\/adaptabilidad-150x150.png 150w\" sizes=\"auto, (max-width: 300px) 100vw, 300px\" \/><\/div>\n<p>[\/vc_column_text][\/vc_column_inner][\/vc_row_inner][\/vc_column][\/vc_row][vc_row el_class=&#8220;section-texto section-texto-right section-icons pt-0&#8243;][vc_column el_class=&#8220;container&#8220;][vc_row_inner][vc_column_inner el_class=&#8220;col-imagen&#8220; width=&#8220;1\/2&#8243;][vc_column_text]<\/p>\n<div data-aos=\"fade-right\"><img loading=\"lazy\" decoding=\"async\" class=\"alignnone wp-image-458 size-full\" src=\"https:\/\/www.iberfruta.es\/wp-content\/uploads\/2022\/01\/productos-frescos.png\" alt=\"\" width=\"300\" height=\"300\" srcset=\"https:\/\/www.iberfruta.es\/wp-content\/uploads\/2022\/01\/productos-frescos.png 300w, https:\/\/www.iberfruta.es\/wp-content\/uploads\/2022\/01\/productos-frescos-150x150.png 150w\" sizes=\"auto, (max-width: 300px) 100vw, 300px\" \/><\/div>\n<p>[\/vc_column_text][\/vc_column_inner][vc_column_inner el_class=&#8220;col-texto&#8220; width=&#8220;1\/2&#8243;][vc_column_text]<\/p>\n<h4 class=\"color-green\">Wir arbeiten haupts\u00e4chlich mit frischen und saisonalen Produkten.<\/h4>\n<p>Der nat\u00fcrliche Saisonkalender von Obst und Gem\u00fcse pr\u00e4gt unsere T\u00e4tigkeit. Zur richtigen Jahreszeit konzentrieren wir uns auf die einzelnen Rohstoffe. So zollen wir den B\u00f6den Respekt und gew\u00e4hrleisten, dass die Qualit\u00e4t, die Frische und der Geschmack der Lebensmittel stets auf h\u00f6chstem Niveau sind.[\/vc_column_text][\/vc_column_inner][\/vc_row_inner][\/vc_column][\/vc_row][vc_row el_class=&#8220;section-texto section-texto-left section-icons pt-0&#8243;][vc_column el_class=&#8220;container&#8220;][vc_row_inner][vc_column_inner el_class=&#8220;col-texto&#8220; width=&#8220;1\/2&#8243;][vc_column_text]<\/p>\n<h4 class=\"color-blue\">Wir sind ein globaler Anbieter<\/h4>\n<p>Der Markt von Iberfruta ist die ganze Welt, wie unsere Pr\u00e4senz in mehr als 80 L\u00e4ndern beweist. F\u00fcr uns gibt es keine Grenzen, wenn es darum geht, die besten L\u00f6sungen und Produkte durch unsere starke Exportkapazit\u00e4t anzubieten. Die kontinuierliche und erfolgreiche Anpassung an die Bed\u00fcrfnisse eines sich st\u00e4ndig ver\u00e4ndernden globalen Marktes liegt in unserer DNA.[\/vc_column_text][\/vc_column_inner][vc_column_inner el_class=&#8220;col-imagen&#8220; width=&#8220;1\/2&#8243;][vc_column_text]<\/p>\n<div data-aos=\"fade-left\"><img loading=\"lazy\" decoding=\"async\" class=\"alignnone wp-image-463 size-full\" src=\"https:\/\/www.iberfruta.es\/wp-content\/uploads\/2022\/01\/proveedor-global.png\" alt=\"\" width=\"300\" height=\"300\" srcset=\"https:\/\/www.iberfruta.es\/wp-content\/uploads\/2022\/01\/proveedor-global.png 300w, https:\/\/www.iberfruta.es\/wp-content\/uploads\/2022\/01\/proveedor-global-150x150.png 150w\" sizes=\"auto, (max-width: 300px) 100vw, 300px\" \/><\/div>\n<p>[\/vc_column_text][\/vc_column_inner][\/vc_row_inner][\/vc_column][\/vc_row]<\/p>\n<\/div>","protected":false},"excerpt":{"rendered":"<p>[vc_row el_class=&#8220;section-lista section-filosofia section-interior-texto section-first&#8220;][vc_column el_class=&#8220;container&#8220;][vc_column_text el_class=&#8220;big-text&#8220;] Was uns einzigartig und anders macht, ist eindeutig unsere Arbeitsphilosophie. Diese Philosophie wird dank der engen Zusammenarbeit und Koordination zwischen allen Iberfruta-Teams erreicht, die in einem gemeinsamen Arbeitsbereich angesiedelt sind, um den bestm\u00f6glichen Informationsfluss und eine agile und effiziente Entscheidungsfindung zu gew\u00e4hrleisten. Ein Vektor, dessen oberstes Ziel immer [&hellip;]<\/p>\n","protected":false},"author":1,"featured_media":0,"parent":0,"menu_order":0,"comment_status":"closed","ping_status":"closed","template":"","meta":{"_acf_changed":false,"footnotes":""},"class_list":["post-1457","page","type-page","status-publish","hentry"],"acf":[],"yoast_head":"<!-- This site is optimized with the Yoast SEO plugin v27.2 - https:\/\/yoast.com\/product\/yoast-seo-wordpress\/ -->\n<title>Philosophie - Iberfruta<\/title>\n<meta name=\"robots\" content=\"index, follow, max-snippet:-1, max-image-preview:large, max-video-preview:-1\" \/>\n<link rel=\"canonical\" href=\"https:\/\/www.iberfruta.es\/de\/philosophie\/\" \/>\n<meta property=\"og:locale\" content=\"de_DE\" \/>\n<meta property=\"og:type\" content=\"article\" \/>\n<meta property=\"og:title\" content=\"Philosophie - Iberfruta\" \/>\n<meta property=\"og:description\" content=\"[vc_row el_class=&#8220;section-lista section-filosofia section-interior-texto section-first&#8220;][vc_column el_class=&#8220;container&#8220;][vc_column_text el_class=&#8220;big-text&#8220;] Was uns einzigartig und anders macht, ist eindeutig unsere Arbeitsphilosophie. Diese Philosophie wird dank der engen Zusammenarbeit und Koordination zwischen allen Iberfruta-Teams erreicht, die in einem gemeinsamen Arbeitsbereich angesiedelt sind, um den bestm\u00f6glichen Informationsfluss und eine agile und effiziente Entscheidungsfindung zu gew\u00e4hrleisten. Ein Vektor, dessen oberstes Ziel immer [&hellip;]\" \/>\n<meta property=\"og:url\" content=\"https:\/\/www.iberfruta.es\/de\/philosophie\/\" \/>\n<meta property=\"og:site_name\" content=\"Iberfruta\" \/>\n<meta property=\"article:modified_time\" content=\"2022-03-08T14:56:11+00:00\" \/>\n<meta property=\"og:image\" content=\"https:\/\/www.iberfruta.es\/wp-content\/uploads\/2022\/01\/adaptabilidad.png\" \/>\n<meta name=\"twitter:card\" content=\"summary_large_image\" \/>\n<meta name=\"twitter:label1\" content=\"Gesch\u00e4tzte Lesezeit\" \/>\n\t<meta name=\"twitter:data1\" content=\"2\u00a0Minuten\" \/>\n<script type=\"application\/ld+json\" class=\"yoast-schema-graph\">{\"@context\":\"https:\/\/schema.org\",\"@graph\":[{\"@type\":\"WebPage\",\"@id\":\"https:\/\/www.iberfruta.es\/de\/philosophie\/\",\"url\":\"https:\/\/www.iberfruta.es\/de\/philosophie\/\",\"name\":\"Philosophie - Iberfruta\",\"isPartOf\":{\"@id\":\"https:\/\/www.iberfruta.es\/#website\"},\"primaryImageOfPage\":{\"@id\":\"https:\/\/www.iberfruta.es\/de\/philosophie\/#primaryimage\"},\"image\":{\"@id\":\"https:\/\/www.iberfruta.es\/de\/philosophie\/#primaryimage\"},\"thumbnailUrl\":\"https:\/\/www.iberfruta.es\/wp-content\/uploads\/2022\/01\/adaptabilidad.png\",\"datePublished\":\"2021-10-13T12:27:12+00:00\",\"dateModified\":\"2022-03-08T14:56:11+00:00\",\"inLanguage\":\"de\",\"potentialAction\":[{\"@type\":\"ReadAction\",\"target\":[\"https:\/\/www.iberfruta.es\/de\/philosophie\/\"]}]},{\"@type\":\"ImageObject\",\"inLanguage\":\"de\",\"@id\":\"https:\/\/www.iberfruta.es\/de\/philosophie\/#primaryimage\",\"url\":\"https:\/\/www.iberfruta.es\/wp-content\/uploads\/2022\/01\/adaptabilidad.png\",\"contentUrl\":\"https:\/\/www.iberfruta.es\/wp-content\/uploads\/2022\/01\/adaptabilidad.png\"},{\"@type\":\"WebSite\",\"@id\":\"https:\/\/www.iberfruta.es\/#website\",\"url\":\"https:\/\/www.iberfruta.es\/\",\"name\":\"Iberfruta\",\"description\":\"\",\"potentialAction\":[{\"@type\":\"SearchAction\",\"target\":{\"@type\":\"EntryPoint\",\"urlTemplate\":\"https:\/\/www.iberfruta.es\/?s={search_term_string}\"},\"query-input\":{\"@type\":\"PropertyValueSpecification\",\"valueRequired\":true,\"valueName\":\"search_term_string\"}}],\"inLanguage\":\"de\"}]}<\/script>\n<!-- \/ Yoast SEO plugin. -->","yoast_head_json":{"title":"Philosophie - Iberfruta","robots":{"index":"index","follow":"follow","max-snippet":"max-snippet:-1","max-image-preview":"max-image-preview:large","max-video-preview":"max-video-preview:-1"},"canonical":"https:\/\/www.iberfruta.es\/de\/philosophie\/","og_locale":"de_DE","og_type":"article","og_title":"Philosophie - Iberfruta","og_description":"[vc_row el_class=&#8220;section-lista section-filosofia section-interior-texto section-first&#8220;][vc_column el_class=&#8220;container&#8220;][vc_column_text el_class=&#8220;big-text&#8220;] Was uns einzigartig und anders macht, ist eindeutig unsere Arbeitsphilosophie. Diese Philosophie wird dank der engen Zusammenarbeit und Koordination zwischen allen Iberfruta-Teams erreicht, die in einem gemeinsamen Arbeitsbereich angesiedelt sind, um den bestm\u00f6glichen Informationsfluss und eine agile und effiziente Entscheidungsfindung zu gew\u00e4hrleisten. Ein Vektor, dessen oberstes Ziel immer [&hellip;]","og_url":"https:\/\/www.iberfruta.es\/de\/philosophie\/","og_site_name":"Iberfruta","article_modified_time":"2022-03-08T14:56:11+00:00","og_image":[{"url":"https:\/\/www.iberfruta.es\/wp-content\/uploads\/2022\/01\/adaptabilidad.png","type":"","width":"","height":""}],"twitter_card":"summary_large_image","twitter_misc":{"Gesch\u00e4tzte Lesezeit":"2\u00a0Minuten"},"schema":{"@context":"https:\/\/schema.org","@graph":[{"@type":"WebPage","@id":"https:\/\/www.iberfruta.es\/de\/philosophie\/","url":"https:\/\/www.iberfruta.es\/de\/philosophie\/","name":"Philosophie - Iberfruta","isPartOf":{"@id":"https:\/\/www.iberfruta.es\/#website"},"primaryImageOfPage":{"@id":"https:\/\/www.iberfruta.es\/de\/philosophie\/#primaryimage"},"image":{"@id":"https:\/\/www.iberfruta.es\/de\/philosophie\/#primaryimage"},"thumbnailUrl":"https:\/\/www.iberfruta.es\/wp-content\/uploads\/2022\/01\/adaptabilidad.png","datePublished":"2021-10-13T12:27:12+00:00","dateModified":"2022-03-08T14:56:11+00:00","inLanguage":"de","potentialAction":[{"@type":"ReadAction","target":["https:\/\/www.iberfruta.es\/de\/philosophie\/"]}]},{"@type":"ImageObject","inLanguage":"de","@id":"https:\/\/www.iberfruta.es\/de\/philosophie\/#primaryimage","url":"https:\/\/www.iberfruta.es\/wp-content\/uploads\/2022\/01\/adaptabilidad.png","contentUrl":"https:\/\/www.iberfruta.es\/wp-content\/uploads\/2022\/01\/adaptabilidad.png"},{"@type":"WebSite","@id":"https:\/\/www.iberfruta.es\/#website","url":"https:\/\/www.iberfruta.es\/","name":"Iberfruta","description":"","potentialAction":[{"@type":"SearchAction","target":{"@type":"EntryPoint","urlTemplate":"https:\/\/www.iberfruta.es\/?s={search_term_string}"},"query-input":{"@type":"PropertyValueSpecification","valueRequired":true,"valueName":"search_term_string"}}],"inLanguage":"de"}]}},"_links":{"self":[{"href":"https:\/\/www.iberfruta.es\/de\/wp-json\/wp\/v2\/pages\/1457","targetHints":{"allow":["GET"]}}],"collection":[{"href":"https:\/\/www.iberfruta.es\/de\/wp-json\/wp\/v2\/pages"}],"about":[{"href":"https:\/\/www.iberfruta.es\/de\/wp-json\/wp\/v2\/types\/page"}],"author":[{"embeddable":true,"href":"https:\/\/www.iberfruta.es\/de\/wp-json\/wp\/v2\/users\/1"}],"replies":[{"embeddable":true,"href":"https:\/\/www.iberfruta.es\/de\/wp-json\/wp\/v2\/comments?post=1457"}],"version-history":[{"count":3,"href":"https:\/\/www.iberfruta.es\/de\/wp-json\/wp\/v2\/pages\/1457\/revisions"}],"predecessor-version":[{"id":1618,"href":"https:\/\/www.iberfruta.es\/de\/wp-json\/wp\/v2\/pages\/1457\/revisions\/1618"}],"wp:attachment":[{"href":"https:\/\/www.iberfruta.es\/de\/wp-json\/wp\/v2\/media?parent=1457"}],"curies":[{"name":"wp","href":"https:\/\/api.w.org\/{rel}","templated":true}]}}