{"id":1454,"date":"2021-10-13T12:27:29","date_gmt":"2021-10-13T12:27:29","guid":{"rendered":"https:\/\/www.iberfruta.es\/calidad-e-innovacion\/"},"modified":"2022-06-20T15:10:46","modified_gmt":"2022-06-20T13:10:46","slug":"qualitaet-und-innovation","status":"publish","type":"page","link":"https:\/\/www.iberfruta.es\/de\/qualitaet-und-innovation\/","title":{"rendered":"Qualit\u00e4t und Innovation"},"content":{"rendered":"<div class=\"wpb-content-wrapper\"><p>[vc_row el_class=&#8220;section-lista section-interior-texto section-first section-interior-inovacion&#8220;][vc_column el_class=&#8220;container&#8220;][vc_column_text]    <div class=\"section-title main-title\">\n      <h2>Qualit\u00e4t<\/h2>\n          <\/div>\n<p>Bei Iberfruta arbeiten wir ausschlie\u00dflich nach den anspruchsvollsten Qualit\u00e4tsprozessen. Dies wird durch die verschiedenen Zertifizierungen unserer Einrichtungen sowohl in Bezug auf Qualit\u00e4t als auch auf Nachhaltigkeit best\u00e4tigt.<\/p>\n<p><img decoding=\"async\" class=\"certificados-calidad\" src=\"https:\/\/www.iberfruta.es\/wp-content\/uploads\/2022\/06\/certificados.jpg\" alt=\"\" \/><\/p>\n<p>Dar\u00fcber hinaus verf\u00fcgen wir \u00fcber Verfahren und Technologien, die es uns erm\u00f6glichen, unsere Produkte f\u00fcr jeden Bedarf unserer Kunden zu zertifizieren, was wiederum unseren Wert der Anpassungsf\u00e4higkeit steigert:<\/p>\n<p><img decoding=\"async\" class=\"certificados-calidad\" src=\"https:\/\/www.iberfruta.es\/wp-content\/uploads\/2022\/03\/certificados-b1-v2.jpg\" alt=\"\" \/>[\/vc_column_text][\/vc_column][\/vc_row][vc_row el_class=&#8220;section-interior-texto pagina-interior-innovacion section-gray section-interior-innovacion&#8220;][vc_column el_class=&#8220;container&#8220;][vc_column_text el_class=&#8220;big-text&#8220;]    <div class=\"section-title main-title\">\n      <h2>Innovation<\/h2>\n          <\/div>\n<p>Iberfruta verf\u00fcgt \u00fcber f\u00fchrende, hochmoderne F&amp;E&amp;I-Teams, die in der Lage sind, sich an die Bed\u00fcrfnisse unserer Kunden anzupassen. Sagen Sie uns daher einfach, <a href=\"https:\/\/www.iberfruta.es\/de\/contacto\/\"><strong>was Sie ben\u00f6tigen, und wir werden eine L\u00f6sung finden.<\/strong><\/a><\/p>\n<p>Zudem verf\u00fcgen wir \u00fcber die besten technischen F\u00e4higkeiten, die alle auf ein einziges Ziel ausgerichtet sind: <strong>dass jedes Kundenbed\u00fcrfnis mit unseren L\u00f6sungen vollst\u00e4ndig bedient wird.<\/strong>[\/vc_column_text][vc_row_inner el_class=&#8220;fila-innovacion&#8220;][vc_column_inner width=&#8220;1\/4&#8243;][vc_column_text]<\/p>\n<div data-aos=\"fade-up\" data-aos-delay=\"0\">\n<p><img loading=\"lazy\" decoding=\"async\" class=\"alignnone size-full wp-image-816\" src=\"https:\/\/www.iberfruta.es\/wp-content\/uploads\/2022\/02\/cubos-10x10-melocoton.jpg\" alt=\"\" width=\"300\" height=\"300\" \/><\/p>\n<h3>W\u00fcrfel\/Portionen<\/h3>\n<p class=\"mb-0\">Fruchtst\u00fccke in perfekt definierten Formen, die auf die Anforderungen des Kunden zugeschnitten sind.<\/p>\n<\/div>\n<p>[\/vc_column_text][\/vc_column_inner][vc_column_inner width=&#8220;1\/4&#8243;][vc_column_text]<\/p>\n<div data-aos=\"fade-up\" data-aos-delay=\"300\">\n<p><img loading=\"lazy\" decoding=\"async\" class=\"alignnone size-full wp-image-792\" src=\"https:\/\/www.iberfruta.es\/wp-content\/uploads\/2022\/01\/icono_icegen_iberfrutaweb.png\" alt=\"\" width=\"300\" height=\"300\" srcset=\"https:\/\/www.iberfruta.es\/wp-content\/uploads\/2022\/01\/icono_icegen_iberfrutaweb.png 300w, https:\/\/www.iberfruta.es\/wp-content\/uploads\/2022\/01\/icono_icegen_iberfrutaweb-150x150.png 150w\" sizes=\"auto, (max-width: 300px) 100vw, 300px\" \/><\/p>\n<h3>ICE Gen<\/h3>\n<p class=\"mb-0\">Diese Technologie erm\u00f6glicht die Herstellung von P\u00fcrees, <strong>bei denen der nat\u00fcrliche Geschmack<\/strong> und die Farbe des Originalprodukts dank der kurzen Verarbeitungszeit und des geringeren Energieverbrauchs vollst\u00e4ndig erhalten bleiben.<\/p>\n<\/div>\n<p>[\/vc_column_text][\/vc_column_inner][vc_column_inner width=&#8220;1\/4&#8243;][vc_column_text]<\/p>\n<div data-aos=\"fade-up\" data-aos-delay=\"600\">\n<p><img loading=\"lazy\" decoding=\"async\" class=\"alignnone size-full wp-image-809\" src=\"https:\/\/www.iberfruta.es\/wp-content\/uploads\/2022\/01\/img_20220114_132038.jpg\" alt=\"\" width=\"300\" height=\"300\" \/><\/p>\n<h3>IQF-Obst<\/h3>\n<p class=\"mb-0\">IQF steht f\u00fcr, <em>\u00ab<\/em><em>Individually Quick Frozen\u00bb<\/em>.\u00a0 Jedes St\u00fcck Obst wird einzeln in einem Zeitraum von 10 bis 15 Minuten tiefgefroren, wodurch alle N\u00e4hrstoffe und Vitamine des frischen Obstes erhalten bleiben, und gleichzeitig ist es einfach zu verarbeiten, da keine Klumpenbildung auftritt.<\/p>\n<\/div>\n<p>[\/vc_column_text][\/vc_column_inner][vc_column_inner width=&#8220;1\/4&#8243;][vc_column_text]<\/p>\n<div data-aos=\"fade-up\" data-aos-delay=\"900\">\n<p><img loading=\"lazy\" decoding=\"async\" class=\"alignnone size-full wp-image-804\" src=\"https:\/\/www.iberfruta.es\/wp-content\/uploads\/2022\/01\/comparativa-kiwi.jpg\" alt=\"\" width=\"476\" height=\"300\" \/><\/p>\n<h3>Unpasteurisiertes P\u00fcree<\/h3>\n<p>P\u00fcrees ohne Zusatzstoffe und ohne Pasteurisierungsverfahren, um den spezifischen Anforderungen unserer Kunden gerecht zu werden<\/p>\n<p class=\"mb-0\"><small><em>Die Abbildung links zeigt die Beschaffenheit von hitzebehandeltem Kiwi-P\u00fcree, w\u00e4hrend die Abbildung rechts unbehandelt ist.<\/em><\/small><\/p>\n<\/div>\n<p>[\/vc_column_text][\/vc_column_inner][\/vc_row_inner][\/vc_column][\/vc_row]<\/p>\n<\/div>","protected":false},"excerpt":{"rendered":"<p>[vc_row el_class=&#8220;section-lista section-interior-texto section-first section-interior-inovacion&#8220;][vc_column el_class=&#8220;container&#8220;][vc_column_text] Bei Iberfruta arbeiten wir ausschlie\u00dflich nach den anspruchsvollsten Qualit\u00e4tsprozessen. Dies wird durch die verschiedenen Zertifizierungen unserer Einrichtungen sowohl in Bezug auf Qualit\u00e4t als auch auf Nachhaltigkeit best\u00e4tigt. Dar\u00fcber hinaus verf\u00fcgen wir \u00fcber Verfahren und Technologien, die es uns erm\u00f6glichen, unsere Produkte f\u00fcr jeden Bedarf unserer Kunden zu zertifizieren, was [&hellip;]<\/p>\n","protected":false},"author":1,"featured_media":0,"parent":0,"menu_order":0,"comment_status":"closed","ping_status":"closed","template":"","meta":{"_acf_changed":false,"footnotes":""},"class_list":["post-1454","page","type-page","status-publish","hentry"],"acf":[],"yoast_head":"<!-- This site is optimized with the Yoast SEO plugin v27.2 - https:\/\/yoast.com\/product\/yoast-seo-wordpress\/ -->\n<title>Qualit\u00e4t und Innovation - Iberfruta<\/title>\n<meta name=\"robots\" content=\"index, follow, max-snippet:-1, max-image-preview:large, max-video-preview:-1\" \/>\n<link rel=\"canonical\" href=\"https:\/\/www.iberfruta.es\/de\/qualitaet-und-innovation\/\" \/>\n<meta property=\"og:locale\" content=\"de_DE\" \/>\n<meta property=\"og:type\" content=\"article\" \/>\n<meta property=\"og:title\" content=\"Qualit\u00e4t und Innovation - Iberfruta\" \/>\n<meta property=\"og:description\" content=\"[vc_row el_class=&#8220;section-lista section-interior-texto section-first section-interior-inovacion&#8220;][vc_column el_class=&#8220;container&#8220;][vc_column_text] Bei Iberfruta arbeiten wir ausschlie\u00dflich nach den anspruchsvollsten Qualit\u00e4tsprozessen. Dies wird durch die verschiedenen Zertifizierungen unserer Einrichtungen sowohl in Bezug auf Qualit\u00e4t als auch auf Nachhaltigkeit best\u00e4tigt. Dar\u00fcber hinaus verf\u00fcgen wir \u00fcber Verfahren und Technologien, die es uns erm\u00f6glichen, unsere Produkte f\u00fcr jeden Bedarf unserer Kunden zu zertifizieren, was [&hellip;]\" \/>\n<meta property=\"og:url\" content=\"https:\/\/www.iberfruta.es\/de\/qualitaet-und-innovation\/\" \/>\n<meta property=\"og:site_name\" content=\"Iberfruta\" \/>\n<meta property=\"article:modified_time\" content=\"2022-06-20T13:10:46+00:00\" \/>\n<meta property=\"og:image\" content=\"https:\/\/www.iberfruta.es\/wp-content\/uploads\/2022\/06\/certificados.jpg\" \/>\n<meta name=\"twitter:card\" content=\"summary_large_image\" \/>\n<meta name=\"twitter:label1\" content=\"Gesch\u00e4tzte Lesezeit\" \/>\n\t<meta name=\"twitter:data1\" content=\"3\u00a0Minuten\" \/>\n<script type=\"application\/ld+json\" class=\"yoast-schema-graph\">{\"@context\":\"https:\/\/schema.org\",\"@graph\":[{\"@type\":\"WebPage\",\"@id\":\"https:\/\/www.iberfruta.es\/de\/qualitaet-und-innovation\/\",\"url\":\"https:\/\/www.iberfruta.es\/de\/qualitaet-und-innovation\/\",\"name\":\"Qualit\u00e4t und Innovation - Iberfruta\",\"isPartOf\":{\"@id\":\"https:\/\/www.iberfruta.es\/#website\"},\"primaryImageOfPage\":{\"@id\":\"https:\/\/www.iberfruta.es\/de\/qualitaet-und-innovation\/#primaryimage\"},\"image\":{\"@id\":\"https:\/\/www.iberfruta.es\/de\/qualitaet-und-innovation\/#primaryimage\"},\"thumbnailUrl\":\"https:\/\/www.iberfruta.es\/wp-content\/uploads\/2022\/06\/certificados.jpg\",\"datePublished\":\"2021-10-13T12:27:29+00:00\",\"dateModified\":\"2022-06-20T13:10:46+00:00\",\"inLanguage\":\"de\",\"potentialAction\":[{\"@type\":\"ReadAction\",\"target\":[\"https:\/\/www.iberfruta.es\/de\/qualitaet-und-innovation\/\"]}]},{\"@type\":\"ImageObject\",\"inLanguage\":\"de\",\"@id\":\"https:\/\/www.iberfruta.es\/de\/qualitaet-und-innovation\/#primaryimage\",\"url\":\"https:\/\/www.iberfruta.es\/wp-content\/uploads\/2022\/06\/certificados.jpg\",\"contentUrl\":\"https:\/\/www.iberfruta.es\/wp-content\/uploads\/2022\/06\/certificados.jpg\"},{\"@type\":\"WebSite\",\"@id\":\"https:\/\/www.iberfruta.es\/#website\",\"url\":\"https:\/\/www.iberfruta.es\/\",\"name\":\"Iberfruta\",\"description\":\"\",\"potentialAction\":[{\"@type\":\"SearchAction\",\"target\":{\"@type\":\"EntryPoint\",\"urlTemplate\":\"https:\/\/www.iberfruta.es\/?s={search_term_string}\"},\"query-input\":{\"@type\":\"PropertyValueSpecification\",\"valueRequired\":true,\"valueName\":\"search_term_string\"}}],\"inLanguage\":\"de\"}]}<\/script>\n<!-- \/ Yoast SEO plugin. -->","yoast_head_json":{"title":"Qualit\u00e4t und Innovation - Iberfruta","robots":{"index":"index","follow":"follow","max-snippet":"max-snippet:-1","max-image-preview":"max-image-preview:large","max-video-preview":"max-video-preview:-1"},"canonical":"https:\/\/www.iberfruta.es\/de\/qualitaet-und-innovation\/","og_locale":"de_DE","og_type":"article","og_title":"Qualit\u00e4t und Innovation - Iberfruta","og_description":"[vc_row el_class=&#8220;section-lista section-interior-texto section-first section-interior-inovacion&#8220;][vc_column el_class=&#8220;container&#8220;][vc_column_text] Bei Iberfruta arbeiten wir ausschlie\u00dflich nach den anspruchsvollsten Qualit\u00e4tsprozessen. Dies wird durch die verschiedenen Zertifizierungen unserer Einrichtungen sowohl in Bezug auf Qualit\u00e4t als auch auf Nachhaltigkeit best\u00e4tigt. Dar\u00fcber hinaus verf\u00fcgen wir \u00fcber Verfahren und Technologien, die es uns erm\u00f6glichen, unsere Produkte f\u00fcr jeden Bedarf unserer Kunden zu zertifizieren, was [&hellip;]","og_url":"https:\/\/www.iberfruta.es\/de\/qualitaet-und-innovation\/","og_site_name":"Iberfruta","article_modified_time":"2022-06-20T13:10:46+00:00","og_image":[{"url":"https:\/\/www.iberfruta.es\/wp-content\/uploads\/2022\/06\/certificados.jpg","type":"","width":"","height":""}],"twitter_card":"summary_large_image","twitter_misc":{"Gesch\u00e4tzte Lesezeit":"3\u00a0Minuten"},"schema":{"@context":"https:\/\/schema.org","@graph":[{"@type":"WebPage","@id":"https:\/\/www.iberfruta.es\/de\/qualitaet-und-innovation\/","url":"https:\/\/www.iberfruta.es\/de\/qualitaet-und-innovation\/","name":"Qualit\u00e4t und Innovation - Iberfruta","isPartOf":{"@id":"https:\/\/www.iberfruta.es\/#website"},"primaryImageOfPage":{"@id":"https:\/\/www.iberfruta.es\/de\/qualitaet-und-innovation\/#primaryimage"},"image":{"@id":"https:\/\/www.iberfruta.es\/de\/qualitaet-und-innovation\/#primaryimage"},"thumbnailUrl":"https:\/\/www.iberfruta.es\/wp-content\/uploads\/2022\/06\/certificados.jpg","datePublished":"2021-10-13T12:27:29+00:00","dateModified":"2022-06-20T13:10:46+00:00","inLanguage":"de","potentialAction":[{"@type":"ReadAction","target":["https:\/\/www.iberfruta.es\/de\/qualitaet-und-innovation\/"]}]},{"@type":"ImageObject","inLanguage":"de","@id":"https:\/\/www.iberfruta.es\/de\/qualitaet-und-innovation\/#primaryimage","url":"https:\/\/www.iberfruta.es\/wp-content\/uploads\/2022\/06\/certificados.jpg","contentUrl":"https:\/\/www.iberfruta.es\/wp-content\/uploads\/2022\/06\/certificados.jpg"},{"@type":"WebSite","@id":"https:\/\/www.iberfruta.es\/#website","url":"https:\/\/www.iberfruta.es\/","name":"Iberfruta","description":"","potentialAction":[{"@type":"SearchAction","target":{"@type":"EntryPoint","urlTemplate":"https:\/\/www.iberfruta.es\/?s={search_term_string}"},"query-input":{"@type":"PropertyValueSpecification","valueRequired":true,"valueName":"search_term_string"}}],"inLanguage":"de"}]}},"_links":{"self":[{"href":"https:\/\/www.iberfruta.es\/de\/wp-json\/wp\/v2\/pages\/1454","targetHints":{"allow":["GET"]}}],"collection":[{"href":"https:\/\/www.iberfruta.es\/de\/wp-json\/wp\/v2\/pages"}],"about":[{"href":"https:\/\/www.iberfruta.es\/de\/wp-json\/wp\/v2\/types\/page"}],"author":[{"embeddable":true,"href":"https:\/\/www.iberfruta.es\/de\/wp-json\/wp\/v2\/users\/1"}],"replies":[{"embeddable":true,"href":"https:\/\/www.iberfruta.es\/de\/wp-json\/wp\/v2\/comments?post=1454"}],"version-history":[{"count":7,"href":"https:\/\/www.iberfruta.es\/de\/wp-json\/wp\/v2\/pages\/1454\/revisions"}],"predecessor-version":[{"id":1859,"href":"https:\/\/www.iberfruta.es\/de\/wp-json\/wp\/v2\/pages\/1454\/revisions\/1859"}],"wp:attachment":[{"href":"https:\/\/www.iberfruta.es\/de\/wp-json\/wp\/v2\/media?parent=1454"}],"curies":[{"name":"wp","href":"https:\/\/api.w.org\/{rel}","templated":true}]}}