{"id":1453,"date":"2021-10-13T11:18:42","date_gmt":"2021-10-13T11:18:42","guid":{"rendered":"https:\/\/www.iberfruta.es\/aviso-legal\/"},"modified":"2022-03-11T00:29:47","modified_gmt":"2022-03-10T23:29:47","slug":"rechtlicher-hinweis","status":"publish","type":"page","link":"https:\/\/www.iberfruta.es\/de\/rechtlicher-hinweis\/","title":{"rendered":"Rechtlicher Hinweis"},"content":{"rendered":"<div class=\"wpb-content-wrapper\"><p>[vc_row el_class=&#8220;section-first section-interior-texto&#8220;][vc_column el_class=&#8220;container&#8220;][vc_column_text]IBERFRUTA-MUERZA S.A., Inhaber der Domain www.iberfruta.es, in \u00dcbereinstimmung mit den Bestimmungen des Gesetzes 34\/2002 vom 11. Juli \u00fcber die Dienstleistungen der Informationsgesellschaft und den elektronischen Handel (LSSICE) und in \u00dcbereinstimmung mit den Bestimmungen der geltenden Vorschriften zum Schutz personenbezogener Daten, der Verordnung (EU) 2016\/679 vom 27. April 2016 (DSGVO) und dem spanischen Datenschutzgesetz und seinen Durchf\u00fchrungsbestimmungen, werden im Folgenden die folgenden Daten wiedergegeben:<\/p>\n<p><strong>HINWEIS AUF GEWERBLICHES UND GEISTIGES EIGENTUM<\/strong><br \/>\nEsta entidad se encuentra Inscrita en el registro mercantil de Navarra. Hoja NA-1174 Tomo 63 Folio 213. Los contenidos de Dieses Unternehmen ist im Handelsregister von Navarra eingetragen. Seite NA-1174 Band 63 Blatt 213. Die Inhalte jeglicher Art auf der Webseite, die \u00fcber die URL www.iberfruta.es zug\u00e4nglich sind, einschlie\u00dflich, aber nicht beschr\u00e4nkt auf Bilder. Illustrationen, Fotos, Texte, Marken, Logos oder Designs sind Eigentum von IBERFRUTA-MUERZA S.A. und\/oder anderer legitimer Partner, die IBERFRUTA-MUERZA S.A. die entsprechenden Nutzungsrechte erteilt haben. Das gewerbliche und geistige Eigentum aller oben genannten Inhalte ist durch das spanische Recht gesch\u00fctzt.<\/p>\n<p>Jegliche vollst\u00e4ndige oder teilweise Nutzung des Inhalts der Webseite, die in der Vervielf\u00e4ltigung, Verbreitung, \u00f6ffentlichen Kommunikation in jeglicher Form und mit jeglichen Mitteln besteht, ist strengstens untersagt, au\u00dfer mit ausdr\u00fccklicher schriftlicher Genehmigung von IBERFRUTA-MUERZA S.A.<\/p>\n<p><strong>RECHTLICHER HINWEIS RECHNUNGEN\/AUFTR\u00c4GE<\/strong><br \/>\nDer Verantwortliche f\u00fcr die Verarbeitung Ihrer Daten ist IBERFRUTA-MUERZA S.A. Ihre Daten werden zum Zweck der Verwaltung der administrativen und logistischen Dienstleistungen des Verantwortlichen sowie f\u00fcr Mitteilungen per E-Mail \u00fcber die angebotenen Dienstleistungen, kommerzielle Informationen, Kostenvoranschl\u00e4ge oder Aktivit\u00e4ten des Verantwortlichen verarbeitet. Die Rechtm\u00e4\u00dfigkeit der Verwendung Ihrer Daten beruht auf der Erf\u00fcllung eines Vertrags oder der Erbringung von Dienstleistungen. Es werden keine Daten an Dritte weitergegeben, es sei denn, wir sind gesetzlich dazu verpflichtet. Die Daten werden vernichtet, sobald Sie Ihren Widerruf mitteilen und\/oder die gesetzlichen Aufbewahrungsfristen abgelaufen sind. Die betroffenen Personen k\u00f6nnen ihre Rechte auf Auskunft, Berichtigung, L\u00f6schung, Vergessenwerden, \u00dcbertragbarkeit und Einschr\u00e4nkung der Verarbeitung aus\u00fcben, indem sie sich schriftlich an die Adresse des Rechnungsausstellers wenden. Sie k\u00f6nnen auch eine Beschwerde bei der spanischen Datenschutzbeh\u00f6rde einreichen, wenn Sie der Meinung sind, dass Ihre Rechte verletzt wurden.<\/p>\n<p><strong>RECHTLICHER HINWEIS E-MAIL<\/strong><br \/>\nDer Inhalt dieser E-Mail und gegebenenfalls die angeh\u00e4ngten Dateien sind PRIVAT und VERTRAULICH und ausschlie\u00dflich f\u00fcr den Adressaten bestimmt. Wenn Sie nicht der richtige Empf\u00e4nger, der f\u00fcr die Zustellung der Nachricht an den Empf\u00e4nger verantwortliche Mitarbeiter oder Bevollm\u00e4chtigte sind oder die Nachricht irrt\u00fcmlich erhalten haben, weisen wir Sie darauf hin, dass es nach geltendem Recht strengstens verboten ist, die Nachricht weiterzugeben, zu verbreiten oder zu vervielf\u00e4ltigen, und wir bitten Sie, uns unverz\u00fcglich zu benachrichtigen, indem Sie sie vernichten. In \u00dcbereinstimmung mit den geltenden Bestimmungen zum Schutz personenbezogener Daten, der Verordnung (EU) 2016\/679 vom 27. April 2016 (DSGVO) und dem spanischen Datenschutzgesetz und seinen Durchf\u00fchrungsbestimmungen, informieren wir Sie, dass IBERFRUTA-MUERZA S.A. f\u00fcr die Verarbeitung Ihrer Daten verantwortlich ist. Ihre Daten werden zum Zweck der Verwaltung der Kommunikation per E-Mail der angebotenen Dienstleistungen, kommerziellen Informationen oder Aktivit\u00e4ten, die vom Datenverantwortlichen durchgef\u00fchrt werden, verarbeitet. Die Rechtm\u00e4\u00dfigkeit der Verwendung Ihrer Daten beruht auf der Erf\u00fcllung eines Vertrags oder der Erbringung von Dienstleistungen. Es werden keine Daten an Dritte weitergegeben, es sei denn, wir sind gesetzlich dazu verpflichtet. Die Daten werden vernichtet, sobald Sie Ihren Widerruf mitteilen und\/oder die gesetzlichen Aufbewahrungsfristen abgelaufen sind. Die betroffenen Personen k\u00f6nnen ihre Rechte auf Auskunft, Berichtigung, L\u00f6schung, Vergessenwerden, \u00dcbertragbarkeit und Einschr\u00e4nkung der Verarbeitung durch schriftliche Mitteilung an die Adresse aus\u00fcben: IBERFRUTA-MUERZA S.A. Pol. Ind., Parcela A, 31560 Azagra, Navarra.[\/vc_column_text][\/vc_column][\/vc_row]<\/p>\n<\/div>","protected":false},"excerpt":{"rendered":"<p>[vc_row el_class=&#8220;section-first section-interior-texto&#8220;][vc_column el_class=&#8220;container&#8220;][vc_column_text]IBERFRUTA-MUERZA S.A., Inhaber der Domain www.iberfruta.es, in \u00dcbereinstimmung mit den Bestimmungen des Gesetzes 34\/2002 vom 11. Juli \u00fcber die Dienstleistungen der Informationsgesellschaft und den elektronischen Handel (LSSICE) und in \u00dcbereinstimmung mit den Bestimmungen der geltenden Vorschriften zum Schutz personenbezogener Daten, der Verordnung (EU) 2016\/679 vom 27. April 2016 (DSGVO) und dem spanischen [&hellip;]<\/p>\n","protected":false},"author":1,"featured_media":0,"parent":0,"menu_order":0,"comment_status":"closed","ping_status":"closed","template":"","meta":{"_acf_changed":false,"footnotes":""},"class_list":["post-1453","page","type-page","status-publish","hentry"],"acf":[],"yoast_head":"<!-- This site is optimized with the Yoast SEO plugin v27.2 - https:\/\/yoast.com\/product\/yoast-seo-wordpress\/ -->\n<title>Rechtlicher Hinweis - Iberfruta<\/title>\n<meta name=\"robots\" content=\"index, follow, max-snippet:-1, max-image-preview:large, max-video-preview:-1\" \/>\n<link rel=\"canonical\" href=\"https:\/\/www.iberfruta.es\/de\/rechtlicher-hinweis\/\" \/>\n<meta property=\"og:locale\" content=\"de_DE\" \/>\n<meta property=\"og:type\" content=\"article\" \/>\n<meta property=\"og:title\" content=\"Rechtlicher Hinweis - Iberfruta\" \/>\n<meta property=\"og:description\" content=\"[vc_row el_class=&#8220;section-first section-interior-texto&#8220;][vc_column el_class=&#8220;container&#8220;][vc_column_text]IBERFRUTA-MUERZA S.A., Inhaber der Domain www.iberfruta.es, in \u00dcbereinstimmung mit den Bestimmungen des Gesetzes 34\/2002 vom 11. Juli \u00fcber die Dienstleistungen der Informationsgesellschaft und den elektronischen Handel (LSSICE) und in \u00dcbereinstimmung mit den Bestimmungen der geltenden Vorschriften zum Schutz personenbezogener Daten, der Verordnung (EU) 2016\/679 vom 27. April 2016 (DSGVO) und dem spanischen [&hellip;]\" \/>\n<meta property=\"og:url\" content=\"https:\/\/www.iberfruta.es\/de\/rechtlicher-hinweis\/\" \/>\n<meta property=\"og:site_name\" content=\"Iberfruta\" \/>\n<meta property=\"article:modified_time\" content=\"2022-03-10T23:29:47+00:00\" \/>\n<meta property=\"og:image\" content=\"https:\/\/www.iberfruta.es\/wp-content\/uploads\/2022\/03\/fb-share.png\" \/>\n\t<meta property=\"og:image:width\" content=\"1200\" \/>\n\t<meta property=\"og:image:height\" content=\"630\" \/>\n\t<meta property=\"og:image:type\" content=\"image\/png\" \/>\n<meta name=\"twitter:card\" content=\"summary_large_image\" \/>\n<meta name=\"twitter:label1\" content=\"Gesch\u00e4tzte Lesezeit\" \/>\n\t<meta name=\"twitter:data1\" content=\"3\u00a0Minuten\" \/>\n<script type=\"application\/ld+json\" class=\"yoast-schema-graph\">{\"@context\":\"https:\/\/schema.org\",\"@graph\":[{\"@type\":\"WebPage\",\"@id\":\"https:\/\/www.iberfruta.es\/de\/rechtlicher-hinweis\/\",\"url\":\"https:\/\/www.iberfruta.es\/de\/rechtlicher-hinweis\/\",\"name\":\"Rechtlicher Hinweis - Iberfruta\",\"isPartOf\":{\"@id\":\"https:\/\/www.iberfruta.es\/#website\"},\"datePublished\":\"2021-10-13T11:18:42+00:00\",\"dateModified\":\"2022-03-10T23:29:47+00:00\",\"inLanguage\":\"de\",\"potentialAction\":[{\"@type\":\"ReadAction\",\"target\":[\"https:\/\/www.iberfruta.es\/de\/rechtlicher-hinweis\/\"]}]},{\"@type\":\"WebSite\",\"@id\":\"https:\/\/www.iberfruta.es\/#website\",\"url\":\"https:\/\/www.iberfruta.es\/\",\"name\":\"Iberfruta\",\"description\":\"\",\"potentialAction\":[{\"@type\":\"SearchAction\",\"target\":{\"@type\":\"EntryPoint\",\"urlTemplate\":\"https:\/\/www.iberfruta.es\/?s={search_term_string}\"},\"query-input\":{\"@type\":\"PropertyValueSpecification\",\"valueRequired\":true,\"valueName\":\"search_term_string\"}}],\"inLanguage\":\"de\"}]}<\/script>\n<!-- \/ Yoast SEO plugin. -->","yoast_head_json":{"title":"Rechtlicher Hinweis - Iberfruta","robots":{"index":"index","follow":"follow","max-snippet":"max-snippet:-1","max-image-preview":"max-image-preview:large","max-video-preview":"max-video-preview:-1"},"canonical":"https:\/\/www.iberfruta.es\/de\/rechtlicher-hinweis\/","og_locale":"de_DE","og_type":"article","og_title":"Rechtlicher Hinweis - Iberfruta","og_description":"[vc_row el_class=&#8220;section-first section-interior-texto&#8220;][vc_column el_class=&#8220;container&#8220;][vc_column_text]IBERFRUTA-MUERZA S.A., Inhaber der Domain www.iberfruta.es, in \u00dcbereinstimmung mit den Bestimmungen des Gesetzes 34\/2002 vom 11. Juli \u00fcber die Dienstleistungen der Informationsgesellschaft und den elektronischen Handel (LSSICE) und in \u00dcbereinstimmung mit den Bestimmungen der geltenden Vorschriften zum Schutz personenbezogener Daten, der Verordnung (EU) 2016\/679 vom 27. April 2016 (DSGVO) und dem spanischen [&hellip;]","og_url":"https:\/\/www.iberfruta.es\/de\/rechtlicher-hinweis\/","og_site_name":"Iberfruta","article_modified_time":"2022-03-10T23:29:47+00:00","og_image":[{"width":1200,"height":630,"url":"https:\/\/www.iberfruta.es\/wp-content\/uploads\/2022\/03\/fb-share.png","type":"image\/png"}],"twitter_card":"summary_large_image","twitter_misc":{"Gesch\u00e4tzte Lesezeit":"3\u00a0Minuten"},"schema":{"@context":"https:\/\/schema.org","@graph":[{"@type":"WebPage","@id":"https:\/\/www.iberfruta.es\/de\/rechtlicher-hinweis\/","url":"https:\/\/www.iberfruta.es\/de\/rechtlicher-hinweis\/","name":"Rechtlicher Hinweis - Iberfruta","isPartOf":{"@id":"https:\/\/www.iberfruta.es\/#website"},"datePublished":"2021-10-13T11:18:42+00:00","dateModified":"2022-03-10T23:29:47+00:00","inLanguage":"de","potentialAction":[{"@type":"ReadAction","target":["https:\/\/www.iberfruta.es\/de\/rechtlicher-hinweis\/"]}]},{"@type":"WebSite","@id":"https:\/\/www.iberfruta.es\/#website","url":"https:\/\/www.iberfruta.es\/","name":"Iberfruta","description":"","potentialAction":[{"@type":"SearchAction","target":{"@type":"EntryPoint","urlTemplate":"https:\/\/www.iberfruta.es\/?s={search_term_string}"},"query-input":{"@type":"PropertyValueSpecification","valueRequired":true,"valueName":"search_term_string"}}],"inLanguage":"de"}]}},"_links":{"self":[{"href":"https:\/\/www.iberfruta.es\/de\/wp-json\/wp\/v2\/pages\/1453","targetHints":{"allow":["GET"]}}],"collection":[{"href":"https:\/\/www.iberfruta.es\/de\/wp-json\/wp\/v2\/pages"}],"about":[{"href":"https:\/\/www.iberfruta.es\/de\/wp-json\/wp\/v2\/types\/page"}],"author":[{"embeddable":true,"href":"https:\/\/www.iberfruta.es\/de\/wp-json\/wp\/v2\/users\/1"}],"replies":[{"embeddable":true,"href":"https:\/\/www.iberfruta.es\/de\/wp-json\/wp\/v2\/comments?post=1453"}],"version-history":[{"count":1,"href":"https:\/\/www.iberfruta.es\/de\/wp-json\/wp\/v2\/pages\/1453\/revisions"}],"predecessor-version":[{"id":1697,"href":"https:\/\/www.iberfruta.es\/de\/wp-json\/wp\/v2\/pages\/1453\/revisions\/1697"}],"wp:attachment":[{"href":"https:\/\/www.iberfruta.es\/de\/wp-json\/wp\/v2\/media?parent=1453"}],"curies":[{"name":"wp","href":"https:\/\/api.w.org\/{rel}","templated":true}]}}